{"id":33815,"date":"2025-09-18T18:52:04","date_gmt":"2025-09-18T15:52:04","guid":{"rendered":"https:\/\/keluvo.com\/se\/product\/pannband-3\/"},"modified":"2025-09-18T18:52:47","modified_gmt":"2025-09-18T15:52:47","slug":"pannband-3","status":"publish","type":"product","link":"https:\/\/keluvo.com\/se\/product\/pannband-3\/","title":{"rendered":"Pannband"},"content":{"rendered":"<p style=\"text-align: center\" data-start=\"67\" data-end=\"218\"><strong>Enkel Stil P\u00e5 N\u00e5gra Sekunder \ud83d\udc81\u200d\u2640\ufe0f\u2728<\/strong><\/p>\n<p style=\"text-align: center\" data-start=\"67\" data-end=\"218\">Pannbandet \u00e4r ditt hemliga vapen f\u00f6r en snabb, s\u00f6t och bekv\u00e4m frisyr &#8211; inga knappn\u00e5lar, ingen press, inget kr\u00e5ngel! Dess unika fyrkantiga form lyfter ditt h\u00e5r naturligt utan att trycka p\u00e5 h\u00e5rbotten eller st\u00f6ra dina glas\u00f6gon. Den \u00e4r tillverkad av h\u00e5llbar plast och \u00e4r utformad f\u00f6r att h\u00e5lla sig p\u00e5 plats hela dagen samtidigt som den ger omedelbar volym och k\u00e4nsla.<\/p>\n<p data-start=\"67\" data-end=\"218\"><img decoding=\"async\" class=\"size-full wp-image-25449 aligncenter\" src=\"https:\/\/keluvo.com\/template\/wp-content\/uploads\/sites\/5\/2025\/06\/06273-ezgif.com-video-to-webp-converter.webp\" alt=\"\" \/><\/p>\n<h2 style=\"text-align: center\" data-start=\"437\" data-end=\"459\"><strong>Huvudf\u00f6rdelar<\/strong><\/h2>\n<p data-start=\"462\" data-end=\"511\">\ud83c\udf80 Skapar omedelbart en snygg, volumin\u00f6s look<\/p>\n<p data-start=\"514\" data-end=\"561\">\ud83d\ude0c Inget tryck p\u00e5 huvudet, superbekv\u00e4mt<\/p>\n<p data-start=\"564\" data-end=\"599\">\ud83d\udc53 St\u00f6r inte glas\u00f6gonen<\/p>\n<p data-start=\"602\" data-end=\"643\">\ud83d\udcaa Tillverkad av stark, l\u00e5ngvarig plast<\/p>\n<p data-start=\"646\" data-end=\"685\">\ud83d\ude4b\u200d\u2642\ufe0f L\u00e4mplig f\u00f6r b\u00e5de m\u00e4n och kvinnor<\/p>\n<p data-start=\"646\" data-end=\"685\"><img decoding=\"async\" class=\"size-full wp-image-25448 aligncenter\" src=\"https:\/\/keluvo.com\/template\/wp-content\/uploads\/sites\/5\/2025\/06\/468ef44610c31b5b50b747b4f9f5ee49_fdc8f3c9-15c2-473a-a6ad-e06dd83399be_480x480.webp\" alt=\"\" \/><\/p>\n<h2 style=\"text-align: center\" data-start=\"687\" data-end=\"708\"><strong>Hur Man Anv\u00e4nder<\/strong><\/h2>\n<ol data-start=\"709\" data-end=\"853\">\n<li data-start=\"709\" data-end=\"766\">\n<p data-start=\"712\" data-end=\"766\">Glid bandet \u00f6ver huvudet som ett vanligt pannband<\/p>\n<\/li>\n<li data-start=\"767\" data-end=\"821\">\n<p data-start=\"770\" data-end=\"821\">Dra tillbaka det n\u00e5got f\u00f6r att lyfta och forma h\u00e5ret<\/p>\n<\/li>\n<li data-start=\"822\" data-end=\"853\">\n<p data-start=\"825\" data-end=\"853\">Klart &#8211; du \u00e4r redo att g\u00e5!<\/p>\n<\/li>\n<\/ol>\n<h2 style=\"text-align: center\" data-start=\"855\" data-end=\"880\"><strong>Produktdetaljer<\/strong><\/h2>\n<ul data-start=\"881\" data-end=\"1018\">\n<li data-start=\"881\" data-end=\"915\">\n<p data-start=\"883\" data-end=\"915\">Material: h\u00f6gkvalitativ plast<\/p>\n<\/li>\n<li data-start=\"916\" data-end=\"947\">\n<p data-start=\"918\" data-end=\"947\">Dimensioner: 155 mm x 140 mm<\/p>\n<\/li>\n<\/ul>\n<h2 style=\"text-align: center\" data-start=\"1020\" data-end=\"1046\"><strong>Paketet Inneh\u00e5ller<\/strong><\/h2>\n<ul data-start=\"1047\" data-end=\"1091\">\n<li data-start=\"1047\" data-end=\"1091\">\n<p data-start=\"1049\" data-end=\"1091\">1, 2x pannband.<\/p>\n<\/li>\n<\/ul>\n","protected":false},"excerpt":{"rendered":"<p>Enkel Stil P\u00e5 N\u00e5gra Sekunder \ud83d\udc81\u200d\u2640\ufe0f\u2728 Pannbandet \u00e4r ditt hemliga vapen f\u00f6r en snabb, s\u00f6t och bekv\u00e4m frisyr &#8211; inga [&hellip;]<\/p>\n","protected":false},"featured_media":33811,"comment_status":"open","ping_status":"closed","template":"","meta":{"site-sidebar-layout":"default","site-content-layout":"","ast-site-content-layout":"default","site-content-style":"default","site-sidebar-style":"default","ast-global-header-display":"","ast-banner-title-visibility":"","ast-main-header-display":"","ast-hfb-above-header-display":"","ast-hfb-below-header-display":"","ast-hfb-mobile-header-display":"","site-post-title":"","ast-breadcrumbs-content":"","ast-featured-img":"","footer-sml-layout":"","theme-transparent-header-meta":"default","adv-header-id-meta":"","stick-header-meta":"","header-above-stick-meta":"","header-main-stick-meta":"","header-below-stick-meta":"","astra-migrate-meta-layouts":"set","ast-page-background-enabled":"default","ast-page-background-meta":{"desktop":{"background-color":"var(--ast-global-color-4)","background-image":"","background-repeat":"repeat","background-position":"center center","background-size":"auto","background-attachment":"scroll","background-type":"","background-media":"","overlay-type":"","overlay-color":"","overlay-opacity":"","overlay-gradient":""},"tablet":{"background-color":"","background-image":"","background-repeat":"repeat","background-position":"center center","background-size":"auto","background-attachment":"scroll","background-type":"","background-media":"","overlay-type":"","overlay-color":"","overlay-opacity":"","overlay-gradient":""},"mobile":{"background-color":"","background-image":"","background-repeat":"repeat","background-position":"center center","background-size":"auto","background-attachment":"scroll","background-type":"","background-media":"","overlay-type":"","overlay-color":"","overlay-opacity":"","overlay-gradient":""}},"ast-content-background-meta":{"desktop":{"background-color":"var(--ast-global-color-5)","background-image":"","background-repeat":"repeat","background-position":"center center","background-size":"auto","background-attachment":"scroll","background-type":"","background-media":"","overlay-type":"","overlay-color":"","overlay-opacity":"","overlay-gradient":""},"tablet":{"background-color":"var(--ast-global-color-5)","background-image":"","background-repeat":"repeat","background-position":"center center","background-size":"auto","background-attachment":"scroll","background-type":"","background-media":"","overlay-type":"","overlay-color":"","overlay-opacity":"","overlay-gradient":""},"mobile":{"background-color":"var(--ast-global-color-5)","background-image":"","background-repeat":"repeat","background-position":"center center","background-size":"auto","background-attachment":"scroll","background-type":"","background-media":"","overlay-type":"","overlay-color":"","overlay-opacity":"","overlay-gradient":""}}},"product_brand":[],"product_cat":[993],"product_tag":[],"class_list":{"0":"post-33815","1":"product","2":"type-product","3":"status-publish","4":"has-post-thumbnail","6":"product_cat-footwear-accessories","7":"pa_21883_61ius8bu-bla","8":"pa_21883_61ius8bu-champagne","9":"pa_21883_61ius8bu-gron","10":"pa_21883_61ius8bu-gul","11":"pa_21883_61ius8bu-rod","12":"pa_21883_61ius8bu-silver-gra","13":"pa_21883_61ius8bu-svart","14":"pa_21883_61ius8bu-vit","15":"pa_21883_v1e77eo9-1-st","16":"pa_21883_v1e77eo9-2-st","17":"desktop-align-left","18":"tablet-align-left","19":"mobile-align-left","21":"first","22":"instock","23":"shipping-taxable","24":"purchasable","25":"product-type-variable","26":"has-default-attributes"},"_links":{"self":[{"href":"https:\/\/keluvo.com\/se\/wp-json\/wp\/v2\/product\/33815","targetHints":{"allow":["GET"]}}],"collection":[{"href":"https:\/\/keluvo.com\/se\/wp-json\/wp\/v2\/product"}],"about":[{"href":"https:\/\/keluvo.com\/se\/wp-json\/wp\/v2\/types\/product"}],"replies":[{"embeddable":true,"href":"https:\/\/keluvo.com\/se\/wp-json\/wp\/v2\/comments?post=33815"}],"wp:featuredmedia":[{"embeddable":true,"href":"https:\/\/keluvo.com\/se\/wp-json\/wp\/v2\/media\/33811"}],"wp:attachment":[{"href":"https:\/\/keluvo.com\/se\/wp-json\/wp\/v2\/media?parent=33815"}],"wp:term":[{"taxonomy":"product_brand","embeddable":true,"href":"https:\/\/keluvo.com\/se\/wp-json\/wp\/v2\/product_brand?post=33815"},{"taxonomy":"product_cat","embeddable":true,"href":"https:\/\/keluvo.com\/se\/wp-json\/wp\/v2\/product_cat?post=33815"},{"taxonomy":"product_tag","embeddable":true,"href":"https:\/\/keluvo.com\/se\/wp-json\/wp\/v2\/product_tag?post=33815"}],"curies":[{"name":"wp","href":"https:\/\/api.w.org\/{rel}","templated":true}]}}