{"id":33746,"date":"2025-09-18T18:49:12","date_gmt":"2025-09-18T15:49:12","guid":{"rendered":"https:\/\/keluvo.com\/se\/product\/pussel-2\/"},"modified":"2025-09-19T16:40:39","modified_gmt":"2025-09-19T13:40:39","slug":"pussel-2","status":"publish","type":"product","link":"https:\/\/keluvo.com\/se\/product\/pussel-2\/","title":{"rendered":"Pussel"},"content":{"rendered":"<p style=\"text-align: center\" data-start=\"58\" data-end=\"258\"><strong>Varva Ner Med En F\u00e4rgstark Utmaning \ud83e\udde9\ud83e\udd89<\/strong><\/p>\n<p style=\"text-align: center\" data-start=\"58\" data-end=\"258\">Dessa tr\u00e4pussel \u00e4r den perfekta blandningen av konst, avkoppling och skoj. Med levande f\u00e4rger och djurformade bitar \u00e4r det en gl\u00e4dje att montera och visa. Oavsett om du \u00e4r en pussel\u00e4lskare eller letar efter en kreativ g\u00e5va \u00e4r det h\u00e4r pusslet b\u00e5de underh\u00e5llande och lugnande. V\u00e4lj mellan flera storlekar och djur f\u00f6r att f\u00e5 r\u00e4tt niv\u00e5 av utmaning.<\/p>\n<p data-start=\"58\" data-end=\"258\"><img decoding=\"async\" class=\"size-full wp-image-25404 aligncenter\" src=\"https:\/\/keluvo.com\/template\/wp-content\/uploads\/sites\/5\/2025\/06\/06272-ezgif.com-video-to-webp-converter.webp\" alt=\"\" \/><\/p>\n<h2 style=\"text-align: center\" data-start=\"434\" data-end=\"456\">Huvudf\u00f6rdelar<\/h2>\n<p data-start=\"459\" data-end=\"495\">\ud83c\udf08 Ljus, i\u00f6gonfallande uggledesign<\/p>\n<p data-start=\"498\" data-end=\"544\">\ud83c\udf3f Tillverkad av milj\u00f6v\u00e4nligt, h\u00f6gkvalitativt tr\u00e4<\/p>\n<p data-start=\"547\" data-end=\"602\">\ud83e\udde0 \u00d6kar fokus, t\u00e5lamod och probleml\u00f6sningsf\u00f6rm\u00e5ga<\/p>\n<p data-start=\"605\" data-end=\"648\">\ud83c\udf81 Bra present till barn, ton\u00e5ringar och vuxna<\/p>\n<p data-start=\"651\" data-end=\"701\">\ud83e\udde9 Djur- och naturformade bitar f\u00f6r extra fun<\/p>\n<h2 style=\"text-align: center\" data-start=\"703\" data-end=\"724\">Hur Man Anv\u00e4nder<\/h2>\n<ol data-start=\"725\" data-end=\"837\">\n<li data-start=\"725\" data-end=\"751\">\n<p data-start=\"728\" data-end=\"751\">V\u00e4lj din pusselstorlek.<\/p>\n<\/li>\n<li data-start=\"752\" data-end=\"785\">\n<p data-start=\"755\" data-end=\"785\">Sprid ut tr\u00e4bitarna.<\/p>\n<\/li>\n<li data-start=\"786\" data-end=\"837\">\n<p data-start=\"789\" data-end=\"837\">Njut av att pussla ihop din livfulla v\u00e4n.<\/p>\n<\/li>\n<\/ol>\n<h2 style=\"text-align: center\" data-start=\"839\" data-end=\"864\">Produktdetaljer<\/h2>\n<ul data-start=\"865\" data-end=\"1034\">\n<li data-start=\"865\" data-end=\"902\">\n<p data-start=\"867\" data-end=\"902\">Tillg\u00e4ngliga storlekar: S, M, L<\/p>\n<\/li>\n<li data-start=\"903\" data-end=\"967\">\n<p data-start=\"905\" data-end=\"967\">Inneh\u00e5ller 70\u2013210 unikt formade bitar (beroende p\u00e5 storlek)<\/p>\n<\/li>\n<li data-start=\"968\" data-end=\"1005\">\n<p data-start=\"970\" data-end=\"1005\">F\u00f6rpackning: presentf\u00f6rpackning i tr\u00e4<\/p>\n<\/li>\n<li data-start=\"1006\" data-end=\"1034\">\n<p data-start=\"1008\" data-end=\"1034\">Monteringstid: 1\u20136 timmar<\/p>\n<\/li>\n<\/ul>\n<h2 style=\"text-align: center\" data-start=\"1036\" data-end=\"1062\">F\u00f6rpackningen Inneh\u00e5ller<\/h2>\n<ul data-start=\"1063\" data-end=\"1157\">\n<li data-start=\"1063\" data-end=\"1111\">\n<p data-start=\"1065\" data-end=\"1111\">1x tr\u00e4pussel<\/p>\n<\/li>\n<li data-start=\"1112\" data-end=\"1157\">\n<p data-start=\"1114\" data-end=\"1157\">F\u00f6rvaringsl\u00e5da.<\/p>\n<\/li>\n<\/ul>\n","protected":false},"excerpt":{"rendered":"<p>Varva Ner Med En F\u00e4rgstark Utmaning \ud83e\udde9\ud83e\udd89 Dessa tr\u00e4pussel \u00e4r den perfekta blandningen av konst, avkoppling och skoj. Med levande [&hellip;]<\/p>\n","protected":false},"featured_media":33742,"comment_status":"open","ping_status":"closed","template":"","meta":{"site-sidebar-layout":"default","site-content-layout":"","ast-site-content-layout":"default","site-content-style":"default","site-sidebar-style":"default","ast-global-header-display":"","ast-banner-title-visibility":"","ast-main-header-display":"","ast-hfb-above-header-display":"","ast-hfb-below-header-display":"","ast-hfb-mobile-header-display":"","site-post-title":"","ast-breadcrumbs-content":"","ast-featured-img":"","footer-sml-layout":"","theme-transparent-header-meta":"default","adv-header-id-meta":"","stick-header-meta":"","header-above-stick-meta":"","header-main-stick-meta":"","header-below-stick-meta":"","astra-migrate-meta-layouts":"set","ast-page-background-enabled":"default","ast-page-background-meta":{"desktop":{"background-color":"var(--ast-global-color-4)","background-image":"","background-repeat":"repeat","background-position":"center center","background-size":"auto","background-attachment":"scroll","background-type":"","background-media":"","overlay-type":"","overlay-color":"","overlay-opacity":"","overlay-gradient":""},"tablet":{"background-color":"","background-image":"","background-repeat":"repeat","background-position":"center center","background-size":"auto","background-attachment":"scroll","background-type":"","background-media":"","overlay-type":"","overlay-color":"","overlay-opacity":"","overlay-gradient":""},"mobile":{"background-color":"","background-image":"","background-repeat":"repeat","background-position":"center center","background-size":"auto","background-attachment":"scroll","background-type":"","background-media":"","overlay-type":"","overlay-color":"","overlay-opacity":"","overlay-gradient":""}},"ast-content-background-meta":{"desktop":{"background-color":"var(--ast-global-color-5)","background-image":"","background-repeat":"repeat","background-position":"center center","background-size":"auto","background-attachment":"scroll","background-type":"","background-media":"","overlay-type":"","overlay-color":"","overlay-opacity":"","overlay-gradient":""},"tablet":{"background-color":"var(--ast-global-color-5)","background-image":"","background-repeat":"repeat","background-position":"center center","background-size":"auto","background-attachment":"scroll","background-type":"","background-media":"","overlay-type":"","overlay-color":"","overlay-opacity":"","overlay-gradient":""},"mobile":{"background-color":"var(--ast-global-color-5)","background-image":"","background-repeat":"repeat","background-position":"center center","background-size":"auto","background-attachment":"scroll","background-type":"","background-media":"","overlay-type":"","overlay-color":"","overlay-opacity":"","overlay-gradient":""}}},"product_brand":[],"product_cat":[990],"product_tag":[],"class_list":{"0":"post-33746","1":"product","2":"type-product","3":"status-publish","4":"has-post-thumbnail","6":"product_cat-toys-childrens-and-baby-products","7":"pa_24670_rnw7h9dl-s","8":"pa_24670_rnw7h9dl-m","9":"pa_24670_rnw7h9dl-l","10":"pa_24670_z8z3qw78-bjorn","11":"pa_24670_z8z3qw78-elefant","12":"pa_24670_z8z3qw78-fjaril","13":"pa_24670_z8z3qw78-fox","14":"pa_24670_z8z3qw78-havsskoldpadda","15":"pa_24670_z8z3qw78-katt","16":"pa_24670_z8z3qw78-lejon","17":"pa_24670_z8z3qw78-ornen","18":"pa_24670_z8z3qw78-pafagel","19":"pa_24670_z8z3qw78-uggla","20":"desktop-align-left","21":"tablet-align-left","22":"mobile-align-left","24":"first","25":"instock","26":"shipping-taxable","27":"purchasable","28":"product-type-variable","29":"has-default-attributes"},"_links":{"self":[{"href":"https:\/\/keluvo.com\/se\/wp-json\/wp\/v2\/product\/33746","targetHints":{"allow":["GET"]}}],"collection":[{"href":"https:\/\/keluvo.com\/se\/wp-json\/wp\/v2\/product"}],"about":[{"href":"https:\/\/keluvo.com\/se\/wp-json\/wp\/v2\/types\/product"}],"replies":[{"embeddable":true,"href":"https:\/\/keluvo.com\/se\/wp-json\/wp\/v2\/comments?post=33746"}],"wp:featuredmedia":[{"embeddable":true,"href":"https:\/\/keluvo.com\/se\/wp-json\/wp\/v2\/media\/33742"}],"wp:attachment":[{"href":"https:\/\/keluvo.com\/se\/wp-json\/wp\/v2\/media?parent=33746"}],"wp:term":[{"taxonomy":"product_brand","embeddable":true,"href":"https:\/\/keluvo.com\/se\/wp-json\/wp\/v2\/product_brand?post=33746"},{"taxonomy":"product_cat","embeddable":true,"href":"https:\/\/keluvo.com\/se\/wp-json\/wp\/v2\/product_cat?post=33746"},{"taxonomy":"product_tag","embeddable":true,"href":"https:\/\/keluvo.com\/se\/wp-json\/wp\/v2\/product_tag?post=33746"}],"curies":[{"name":"wp","href":"https:\/\/api.w.org\/{rel}","templated":true}]}}