{"id":33728,"date":"2025-09-18T18:47:33","date_gmt":"2025-09-18T15:47:33","guid":{"rendered":"https:\/\/keluvo.com\/se\/product\/solskydd-for-bil-2\/"},"modified":"2025-09-19T16:33:56","modified_gmt":"2025-09-19T13:33:56","slug":"solskydd-for-bil-2","status":"publish","type":"product","link":"https:\/\/keluvo.com\/se\/product\/solskydd-for-bil-2\/","title":{"rendered":"Solskydd f\u00f6r bil"},"content":{"rendered":"<p style=\"text-align: center\" data-start=\"0\" data-end=\"80\"><strong data-start=\"0\" data-end=\"80\">\ud83d\ude97H\u00e5ll din bil sval och skyddad med detta l\u00e4ttanv\u00e4nda inf\u00e4llbara solskydd!<\/strong><\/p>\n<p style=\"text-align: center\" data-start=\"82\" data-end=\"373\">S\u00e4g adj\u00f6 till br\u00e4nnande s\u00e4ten och inst\u00e4ngd luft n\u00e4r du s\u00e4tter dig i bilen. Det h\u00e4r solskyddet \u00e4r utformat f\u00f6r att blockera v\u00e4rme och solljus, vilket h\u00e5ller din interi\u00f6r svalare under varma dagar. Den \u00e4r tillverkad av h\u00e5llbara material och har en smart inf\u00e4llbar design som g\u00f6r den enkel att installera, ta bort och f\u00f6rvara p\u00e5 n\u00e5gra sekunder.<\/p>\n<p data-start=\"82\" data-end=\"373\"><img decoding=\"async\" class=\"size-full wp-image-25386 aligncenter\" src=\"https:\/\/keluvo.com\/template\/wp-content\/uploads\/sites\/5\/2025\/06\/06271-ezgif.com-video-to-webp-converter.webp\" alt=\"\" \/><\/p>\n<h2 style=\"text-align: center\" data-start=\"380\" data-end=\"402\">\ud83c\udf1f Huvudf\u00f6rdelar<\/h2>\n<p data-start=\"405\" data-end=\"460\">\ud83c\udf1e Blockerar v\u00e4rme och solljus f\u00f6r att h\u00e5lla din bil cool<\/p>\n<p data-start=\"463\" data-end=\"510\">\ud83d\udee0\ufe0f Snabb montering med hj\u00e4lp av starka sugkoppar<\/p>\n<p data-start=\"513\" data-end=\"565\">\ud83d\udd04 Inf\u00e4llbar design f\u00f6r enkel anv\u00e4ndning och f\u00f6rvaring<\/p>\n<p data-start=\"568\" data-end=\"619\">\ud83d\ude98 Passar de flesta fordon &#8211; fr\u00e5n kompakta till SUVs<\/p>\n<p data-start=\"622\" data-end=\"680\">\u2702\ufe0f Trim- ochf\u00f6r perfekt anpassning till vindrutan<\/p>\n<p data-start=\"683\" data-end=\"742\">\ud83e\uddca Aluminiumfilm ger extra v\u00e4rmeskydd<\/p>\n<p data-start=\"683\" data-end=\"742\"><img decoding=\"async\" class=\"size-full wp-image-25387 aligncenter\" src=\"https:\/\/keluvo.com\/template\/wp-content\/uploads\/sites\/5\/2025\/06\/3e126455-c20d-4047-9a54-ba7b94c3d892.webp\" alt=\"\" \/><\/p>\n<h2 style=\"text-align: center\" data-start=\"749\" data-end=\"768\">\ud83e\udded Anv\u00e4ndning<\/h2>\n<ol data-start=\"769\" data-end=\"1028\">\n<li data-start=\"769\" data-end=\"847\">\n<p data-start=\"772\" data-end=\"847\">F\u00e4st ena \u00e4nden av solskyddet p\u00e5 vindrutan med hj\u00e4lp av sugkopparna.<\/p>\n<\/li>\n<li data-start=\"848\" data-end=\"908\">\n<p data-start=\"851\" data-end=\"908\">F\u00e4ll ut och str\u00e4ck ut solskyddet \u00f6ver vindrutan.<\/p>\n<\/li>\n<li data-start=\"909\" data-end=\"965\">\n<p data-start=\"912\" data-end=\"965\">F\u00e4st den andra sidan med den andra sugkoppen.<\/p>\n<\/li>\n<li data-start=\"966\" data-end=\"1028\">\n<p data-start=\"969\" data-end=\"1028\">N\u00e4r det inte anv\u00e4nds kan det enkelt dras in och f\u00f6rvaras i bagageutrymmet.<\/p>\n<\/li>\n<\/ol>\n<h2 style=\"text-align: center\" data-start=\"1035\" data-end=\"1059\">\ud83d\udccf Produktdetaljer<\/h2>\n<ul data-start=\"1060\" data-end=\"1301\">\n<li data-start=\"1060\" data-end=\"1116\">\n<p data-start=\"1062\" data-end=\"1116\">Material: Krypterat polyestertyg + aluminiumfilm<\/p>\n<\/li>\n<li data-start=\"1117\" data-end=\"1142\">\n<p data-start=\"1119\" data-end=\"1142\">Ram: Aluminiumlegering<\/p>\n<\/li>\n<li data-start=\"1143\" data-end=\"1189\">\n<p data-start=\"1145\" data-end=\"1189\">L\u00e4ngd: 46 cm, 65 cm, 70 cm och 80 cm.<\/p>\n<\/li>\n<li data-start=\"1190\" data-end=\"1254\">\n<p data-start=\"1192\" data-end=\"1254\">Passform: L\u00e4mplig f\u00f6r de flesta biltyper (kompakt, sedan, SUV, etc.)<\/p>\n<\/li>\n<li data-start=\"1255\" data-end=\"1301\">\n<p data-start=\"1257\" data-end=\"1301\">Anm\u00e4rkningar: Kan kr\u00e4va trimning f\u00f6r anpassad passform<\/p>\n<\/li>\n<\/ul>\n<h2 style=\"text-align: center\" data-start=\"1308\" data-end=\"1333\">\ud83d\udce6 Paketet inneh\u00e5ller<\/h2>\n<ul data-start=\"1334\" data-end=\"1371\">\n<li data-start=\"1334\" data-end=\"1371\">\n<p data-start=\"1336\" data-end=\"1371\">1x bilsolskydd.<\/p>\n<\/li>\n<\/ul>\n","protected":false},"excerpt":{"rendered":"<p>\ud83d\ude97H\u00e5ll din bil sval och skyddad med detta l\u00e4ttanv\u00e4nda inf\u00e4llbara solskydd! S\u00e4g adj\u00f6 till br\u00e4nnande s\u00e4ten och inst\u00e4ngd luft n\u00e4r [&hellip;]<\/p>\n","protected":false},"featured_media":33724,"comment_status":"open","ping_status":"closed","template":"","meta":{"site-sidebar-layout":"default","site-content-layout":"","ast-site-content-layout":"default","site-content-style":"default","site-sidebar-style":"default","ast-global-header-display":"","ast-banner-title-visibility":"","ast-main-header-display":"","ast-hfb-above-header-display":"","ast-hfb-below-header-display":"","ast-hfb-mobile-header-display":"","site-post-title":"","ast-breadcrumbs-content":"","ast-featured-img":"","footer-sml-layout":"","theme-transparent-header-meta":"default","adv-header-id-meta":"","stick-header-meta":"","header-above-stick-meta":"","header-main-stick-meta":"","header-below-stick-meta":"","astra-migrate-meta-layouts":"set","ast-page-background-enabled":"default","ast-page-background-meta":{"desktop":{"background-color":"var(--ast-global-color-4)","background-image":"","background-repeat":"repeat","background-position":"center center","background-size":"auto","background-attachment":"scroll","background-type":"","background-media":"","overlay-type":"","overlay-color":"","overlay-opacity":"","overlay-gradient":""},"tablet":{"background-color":"","background-image":"","background-repeat":"repeat","background-position":"center center","background-size":"auto","background-attachment":"scroll","background-type":"","background-media":"","overlay-type":"","overlay-color":"","overlay-opacity":"","overlay-gradient":""},"mobile":{"background-color":"","background-image":"","background-repeat":"repeat","background-position":"center center","background-size":"auto","background-attachment":"scroll","background-type":"","background-media":"","overlay-type":"","overlay-color":"","overlay-opacity":"","overlay-gradient":""}},"ast-content-background-meta":{"desktop":{"background-color":"var(--ast-global-color-5)","background-image":"","background-repeat":"repeat","background-position":"center center","background-size":"auto","background-attachment":"scroll","background-type":"","background-media":"","overlay-type":"","overlay-color":"","overlay-opacity":"","overlay-gradient":""},"tablet":{"background-color":"var(--ast-global-color-5)","background-image":"","background-repeat":"repeat","background-position":"center center","background-size":"auto","background-attachment":"scroll","background-type":"","background-media":"","overlay-type":"","overlay-color":"","overlay-opacity":"","overlay-gradient":""},"mobile":{"background-color":"var(--ast-global-color-5)","background-image":"","background-repeat":"repeat","background-position":"center center","background-size":"auto","background-attachment":"scroll","background-type":"","background-media":"","overlay-type":"","overlay-color":"","overlay-opacity":"","overlay-gradient":""}}},"product_brand":[],"product_cat":[998],"product_tag":[],"class_list":{"0":"post-33728","1":"product","2":"type-product","3":"status-publish","4":"has-post-thumbnail","6":"product_cat-automotive-products","7":"pa_32206_ib1111a0-46-cm","8":"pa_32206_ib1111a0-65-cm","9":"pa_32206_ib1111a0-70-cm","10":"pa_32206_ib1111a0-80-cm","11":"desktop-align-left","12":"tablet-align-left","13":"mobile-align-left","15":"first","16":"instock","17":"shipping-taxable","18":"purchasable","19":"product-type-variable"},"_links":{"self":[{"href":"https:\/\/keluvo.com\/se\/wp-json\/wp\/v2\/product\/33728","targetHints":{"allow":["GET"]}}],"collection":[{"href":"https:\/\/keluvo.com\/se\/wp-json\/wp\/v2\/product"}],"about":[{"href":"https:\/\/keluvo.com\/se\/wp-json\/wp\/v2\/types\/product"}],"replies":[{"embeddable":true,"href":"https:\/\/keluvo.com\/se\/wp-json\/wp\/v2\/comments?post=33728"}],"wp:featuredmedia":[{"embeddable":true,"href":"https:\/\/keluvo.com\/se\/wp-json\/wp\/v2\/media\/33724"}],"wp:attachment":[{"href":"https:\/\/keluvo.com\/se\/wp-json\/wp\/v2\/media?parent=33728"}],"wp:term":[{"taxonomy":"product_brand","embeddable":true,"href":"https:\/\/keluvo.com\/se\/wp-json\/wp\/v2\/product_brand?post=33728"},{"taxonomy":"product_cat","embeddable":true,"href":"https:\/\/keluvo.com\/se\/wp-json\/wp\/v2\/product_cat?post=33728"},{"taxonomy":"product_tag","embeddable":true,"href":"https:\/\/keluvo.com\/se\/wp-json\/wp\/v2\/product_tag?post=33728"}],"curies":[{"name":"wp","href":"https:\/\/api.w.org\/{rel}","templated":true}]}}