{"id":33459,"date":"2025-09-18T10:44:49","date_gmt":"2025-09-18T07:44:49","guid":{"rendered":"https:\/\/keluvo.com\/se\/product\/glassmaskin\/"},"modified":"2025-09-18T10:44:49","modified_gmt":"2025-09-18T07:44:49","slug":"glassmaskin","status":"publish","type":"product","link":"https:\/\/keluvo.com\/se\/product\/glassmaskin\/","title":{"rendered":"Glassmaskin"},"content":{"rendered":"<p style=\"text-align: center\" data-start=\"132\" data-end=\"178\"><strong>\ud83c\udf68Njut Av F\u00e4rsk, H\u00e4lsosam Glass P\u00e5 N\u00e5gra Sekunder!<\/strong><\/p>\n<p style=\"text-align: center\" data-start=\"180\" data-end=\"396\">Denna l\u00e4ttanv\u00e4nda glassmaskin f\u00f6rvandlar dina favoritfrukter till kr\u00e4miga, l\u00e4ckra frysta godisar &#8211; utan tillsatt socker, gr\u00e4dde eller konserveringsmedel. Perfekt f\u00f6r h\u00e4lsosamma mellanm\u00e5l, barnv\u00e4nliga desserter eller skuldfri njutning.med en kompakt design och enkel anv\u00e4ndning \u00e4r den idealisk f\u00f6r upptagna familjer, h\u00e4lso\u00e4lskare och kreativa dessertmakare. Anpassa smakerna med frukt, n\u00f6tter eller choklad och g\u00f6r f\u00e4rsk glass n\u00e4r du vill!<\/p>\n<p data-start=\"180\" data-end=\"396\"><img decoding=\"async\" class=\"size-full wp-image-24856 aligncenter\" src=\"https:\/\/keluvo.com\/template\/wp-content\/uploads\/sites\/5\/2025\/06\/06241-ezgif.com-video-to-webp-converter.webp\" alt=\"\" \/><\/p>\n<h2 style=\"text-align: center\" data-start=\"616\" data-end=\"638\">\ud83c\udf1f Huvudf\u00f6rdelar<\/h2>\n<p data-start=\"641\" data-end=\"717\">\ud83c\udf53 <strong data-start=\"644\" data-end=\"672\">100 % Naturliga Ingredienser<\/strong> &#8211; ingen gr\u00e4dde, l\u00e5g fetthalt och inga konserveringsmedel.<\/p>\n<p data-start=\"720\" data-end=\"775\">\u26a1 <strong data-start=\"722\" data-end=\"738\">Snabbt Och Enkelt<\/strong> &#8211; g\u00f6r fruktglass p\u00e5 n\u00e5gra sekunder.<\/p>\n<p data-start=\"778\" data-end=\"859\">\ud83c\udf4c <strong data-start=\"781\" data-end=\"799\">Anpassade Smaker<\/strong> &#8211; blanda alla frukter och l\u00e4gg till toppings som n\u00f6tter eller choklad.<\/p>\n<p data-start=\"862\" data-end=\"917\">\ud83e\uddfc <strong data-start=\"865\" data-end=\"882\">L\u00e4tt Att Reng\u00f6ra<\/strong> &#8211; Enkla delar f\u00f6r snabb reng\u00f6ring.<\/p>\n<p data-start=\"920\" data-end=\"996\">\ud83c\udfe0 <strong data-start=\"923\" data-end=\"951\">Perfekt F\u00f6r Alla Tillf\u00e4llen<\/strong> &#8211; Perfekt f\u00f6r hemmet, fester eller h\u00e4lsosamma presenter.<\/p>\n<p data-start=\"920\" data-end=\"996\"><img decoding=\"async\" class=\"size-full wp-image-24855 aligncenter\" src=\"https:\/\/keluvo.com\/template\/wp-content\/uploads\/sites\/5\/2025\/06\/5f0ebbd2-a34e-45d5-9ff8-505e96fd9c6e.webp\" alt=\"\" \/><\/p>\n<h2 style=\"text-align: center\" data-start=\"1003\" data-end=\"1022\">\ud83d\udd27 Hur Man Anv\u00e4nder<\/h2>\n<ol data-start=\"1023\" data-end=\"1204\">\n<li data-start=\"1023\" data-end=\"1065\">\n<p data-start=\"1026\" data-end=\"1065\">Sk\u00e4l och frys dina favoritfrukter.<\/p>\n<\/li>\n<li data-start=\"1066\" data-end=\"1107\">\n<p data-start=\"1069\" data-end=\"1107\">L\u00e4gg den frysta frukten i maskinen.<\/p>\n<\/li>\n<li data-start=\"1108\" data-end=\"1152\">\n<p data-start=\"1111\" data-end=\"1152\">Sl\u00e5 p\u00e5 maskinen och tryck p\u00e5 f\u00f6r att blanda.<\/p>\n<\/li>\n<li data-start=\"1153\" data-end=\"1204\">\n<p data-start=\"1156\" data-end=\"1204\">Servera omedelbart eller l\u00e4gg till dina favorit toppings.<\/p>\n<\/li>\n<\/ol>\n<h2 style=\"text-align: center\" data-start=\"1211\" data-end=\"1235\">\ud83d\udccf Produktdetaljer<\/h2>\n<ul data-start=\"1236\" data-end=\"1538\">\n<li data-start=\"1272\" data-end=\"1337\">\n<p data-start=\"1274\" data-end=\"1337\"><strong data-start=\"1274\" data-end=\"1287\">Funktion:<\/strong> F\u00f6rvandlar fryst frukt till sl\u00e4ta, kr\u00e4miga desserter<\/p>\n<\/li>\n<li data-start=\"1338\" data-end=\"1391\">\n<p data-start=\"1340\" data-end=\"1391\"><strong data-start=\"1340\" data-end=\"1348\">Anv\u00e4ndning:<\/strong> Glass, smoothies, frysta fruktsk\u00e5lar<\/p>\n<\/li>\n<li data-start=\"1392\" data-end=\"1448\">\n<p data-start=\"1394\" data-end=\"1448\"><strong data-start=\"1394\" data-end=\"1408\">Material:<\/strong> H\u00e5llbart, livsmedelss\u00e4kert och l\u00e4tt att reng\u00f6ra<\/p>\n<\/li>\n<li data-start=\"1449\" data-end=\"1538\">\n<p data-start=\"1451\" data-end=\"1538\"><strong data-start=\"1451\" data-end=\"1479\">Rekommenderade Ingredienser:<\/strong> Bananer, b\u00e4r, mango, kiwi, choklad, n\u00f6tter med mera<\/p>\n<\/li>\n<\/ul>\n<h2 style=\"text-align: center\" data-start=\"1545\" data-end=\"1570\">\ud83d\udce6 I Paketet Ing\u00e5r<\/h2>\n<ul data-start=\"1571\" data-end=\"1610\">\n<li data-start=\"1571\" data-end=\"1593\">\n<p data-start=\"1573\" data-end=\"1593\">1x glassmaskin<\/p>\n<\/li>\n<li data-start=\"1594\" data-end=\"1610\">\n<p data-start=\"1596\" data-end=\"1610\">1x bruksanvisning.<\/p>\n<\/li>\n<\/ul>\n","protected":false},"excerpt":{"rendered":"<p>\ud83c\udf68Njut Av F\u00e4rsk, H\u00e4lsosam Glass P\u00e5 N\u00e5gra Sekunder! Denna l\u00e4ttanv\u00e4nda glassmaskin f\u00f6rvandlar dina favoritfrukter till kr\u00e4miga, l\u00e4ckra frysta godisar &#8211; [&hellip;]<\/p>\n","protected":false},"featured_media":33455,"comment_status":"open","ping_status":"closed","template":"","meta":{"site-sidebar-layout":"default","site-content-layout":"","ast-site-content-layout":"default","site-content-style":"default","site-sidebar-style":"default","ast-global-header-display":"","ast-banner-title-visibility":"","ast-main-header-display":"","ast-hfb-above-header-display":"","ast-hfb-below-header-display":"","ast-hfb-mobile-header-display":"","site-post-title":"","ast-breadcrumbs-content":"","ast-featured-img":"","footer-sml-layout":"","theme-transparent-header-meta":"default","adv-header-id-meta":"","stick-header-meta":"","header-above-stick-meta":"","header-main-stick-meta":"","header-below-stick-meta":"","astra-migrate-meta-layouts":"set","ast-page-background-enabled":"default","ast-page-background-meta":{"desktop":{"background-color":"var(--ast-global-color-4)","background-image":"","background-repeat":"repeat","background-position":"center center","background-size":"auto","background-attachment":"scroll","background-type":"","background-media":"","overlay-type":"","overlay-color":"","overlay-opacity":"","overlay-gradient":""},"tablet":{"background-color":"","background-image":"","background-repeat":"repeat","background-position":"center center","background-size":"auto","background-attachment":"scroll","background-type":"","background-media":"","overlay-type":"","overlay-color":"","overlay-opacity":"","overlay-gradient":""},"mobile":{"background-color":"","background-image":"","background-repeat":"repeat","background-position":"center center","background-size":"auto","background-attachment":"scroll","background-type":"","background-media":"","overlay-type":"","overlay-color":"","overlay-opacity":"","overlay-gradient":""}},"ast-content-background-meta":{"desktop":{"background-color":"var(--ast-global-color-5)","background-image":"","background-repeat":"repeat","background-position":"center center","background-size":"auto","background-attachment":"scroll","background-type":"","background-media":"","overlay-type":"","overlay-color":"","overlay-opacity":"","overlay-gradient":""},"tablet":{"background-color":"var(--ast-global-color-5)","background-image":"","background-repeat":"repeat","background-position":"center center","background-size":"auto","background-attachment":"scroll","background-type":"","background-media":"","overlay-type":"","overlay-color":"","overlay-opacity":"","overlay-gradient":""},"mobile":{"background-color":"var(--ast-global-color-5)","background-image":"","background-repeat":"repeat","background-position":"center center","background-size":"auto","background-attachment":"scroll","background-type":"","background-media":"","overlay-type":"","overlay-color":"","overlay-opacity":"","overlay-gradient":""}}},"product_brand":[],"product_cat":[1001],"product_tag":[],"class_list":{"0":"post-33459","1":"product","2":"type-product","3":"status-publish","4":"has-post-thumbnail","6":"product_cat-household-goods","7":"desktop-align-left","8":"tablet-align-left","9":"mobile-align-left","11":"first","12":"instock","13":"shipping-taxable","14":"purchasable","15":"product-type-simple"},"_links":{"self":[{"href":"https:\/\/keluvo.com\/se\/wp-json\/wp\/v2\/product\/33459","targetHints":{"allow":["GET"]}}],"collection":[{"href":"https:\/\/keluvo.com\/se\/wp-json\/wp\/v2\/product"}],"about":[{"href":"https:\/\/keluvo.com\/se\/wp-json\/wp\/v2\/types\/product"}],"replies":[{"embeddable":true,"href":"https:\/\/keluvo.com\/se\/wp-json\/wp\/v2\/comments?post=33459"}],"wp:featuredmedia":[{"embeddable":true,"href":"https:\/\/keluvo.com\/se\/wp-json\/wp\/v2\/media\/33455"}],"wp:attachment":[{"href":"https:\/\/keluvo.com\/se\/wp-json\/wp\/v2\/media?parent=33459"}],"wp:term":[{"taxonomy":"product_brand","embeddable":true,"href":"https:\/\/keluvo.com\/se\/wp-json\/wp\/v2\/product_brand?post=33459"},{"taxonomy":"product_cat","embeddable":true,"href":"https:\/\/keluvo.com\/se\/wp-json\/wp\/v2\/product_cat?post=33459"},{"taxonomy":"product_tag","embeddable":true,"href":"https:\/\/keluvo.com\/se\/wp-json\/wp\/v2\/product_tag?post=33459"}],"curies":[{"name":"wp","href":"https:\/\/api.w.org\/{rel}","templated":true}]}}