{"id":33444,"date":"2025-09-18T10:43:51","date_gmt":"2025-09-18T07:43:51","guid":{"rendered":"https:\/\/keluvo.com\/se\/product\/harspray-2\/"},"modified":"2025-09-18T10:43:59","modified_gmt":"2025-09-18T07:43:59","slug":"harspray-2","status":"publish","type":"product","link":"https:\/\/keluvo.com\/se\/product\/harspray-2\/","title":{"rendered":"H\u00e5rspray"},"content":{"rendered":"<p style=\"text-align: center\" data-start=\"144\" data-end=\"442\"><strong data-start=\"144\" data-end=\"199\">Styla Ditt H\u00e5r P\u00e5 N\u00e5gra Sekunder &#8211; Ingen R\u00f6ra, Inget Kr\u00e5ngel! \ud83d\udc87\u200d\u2642\ufe0f\u2728<\/strong><\/p>\n<p style=\"text-align: center\" data-start=\"144\" data-end=\"442\">Den h\u00e4r h\u00e5rsprayen f\u00f6r m\u00e4n med inbyggd kam g\u00f6r det enklare \u00e4n n\u00e5gonsin att skapa rena, skarpa looker utan att anv\u00e4nda h\u00e4nderna. Den inneh\u00e5ller 100% ren arganolja och vitamin E och ger n\u00e4ring samtidigt som den ger ditt h\u00e5r en snygg, ungdomlig stil.<\/p>\n<p data-start=\"144\" data-end=\"442\"><img decoding=\"async\" class=\"size-full wp-image-24834 aligncenter\" src=\"https:\/\/keluvo.com\/template\/wp-content\/uploads\/sites\/5\/2025\/06\/gif1_f480d9d5-4971-49d8-8a76-58b29d4b14ac.webp\" alt=\"\" \/><\/p>\n<h2 style=\"text-align: center\" data-start=\"449\" data-end=\"471\">Huvudf\u00f6rdelar \ud83d\udd25<\/h2>\n<p data-start=\"474\" data-end=\"521\">\ud83e\uddf4 Inbyggd kam f\u00f6r enkel, handsfree styling<\/p>\n<p data-start=\"524\" data-end=\"586\">\ud83d\udca7 Berikad med ren arganolja &amp; Vitamin E f\u00f6r h\u00e4lsosamt h\u00e5r<\/p>\n<p data-start=\"589\" data-end=\"641\">\ud83d\udcaa L\u00e5ngvarig stadga utan flagning eller fettighet<\/p>\n<p data-start=\"644\" data-end=\"702\">\ud83d\udd52 Styla ditt h\u00e5r p\u00e5 n\u00e5gra sekunder &#8211; perfekt f\u00f6r hektiska morgnar<\/p>\n<p data-start=\"705\" data-end=\"735\">\ud83d\udcbc Kompakt och resev\u00e4nlig<\/p>\n<p data-start=\"705\" data-end=\"735\"><img decoding=\"async\" class=\"size-full wp-image-24835 aligncenter\" src=\"https:\/\/keluvo.com\/template\/wp-content\/uploads\/sites\/5\/2025\/06\/abe09139-8dac-443e-abe7-30592585c971.webp\" alt=\"\" \/><\/p>\n<h2 style=\"text-align: center\" data-start=\"742\" data-end=\"761\">Hur Man Anv\u00e4nder \ud83d\udc47<\/h2>\n<ol data-start=\"762\" data-end=\"910\">\n<li data-start=\"762\" data-end=\"812\">\n<p data-start=\"765\" data-end=\"812\">Vrid f\u00f6r att l\u00e5sa upp och kl\u00e4m f\u00f6rsiktigt p\u00e5 flaskan.<\/p>\n<\/li>\n<li data-start=\"813\" data-end=\"870\">\n<p data-start=\"816\" data-end=\"870\">Kamma igenom h\u00e5ret med hj\u00e4lp av den inbyggda applikatorn.<\/p>\n<\/li>\n<li data-start=\"871\" data-end=\"910\">\n<p data-start=\"874\" data-end=\"910\">Styla och k\u00f6r &#8211; ingen handkontakt beh\u00f6vs!<\/p>\n<\/li>\n<\/ol>\n<h2 style=\"text-align: center\" data-start=\"917\" data-end=\"941\">Produktdetaljer \ud83d\udccb<\/h2>\n<ul data-start=\"942\" data-end=\"1083\">\n<li data-start=\"942\" data-end=\"991\">\n<p data-start=\"944\" data-end=\"991\">100 ml flaska med kamapplikator<\/p>\n<\/li>\n<li data-start=\"992\" data-end=\"1041\">\n<p data-start=\"994\" data-end=\"1041\">Naturlig, v\u00e5rdande formula utan uppbyggnad<\/p>\n<\/li>\n<li data-start=\"1042\" data-end=\"1083\">\n<p data-start=\"1044\" data-end=\"1083\">L\u00e4mplig f\u00f6r alla h\u00e5rtyper och l\u00e4ngder<\/p>\n<\/li>\n<\/ul>\n<h2 style=\"text-align: center\" data-start=\"1090\" data-end=\"1115\">Paketet Inneh\u00e5ller \ud83d\udce6<\/h2>\n<ul data-start=\"1116\" data-end=\"1160\">\n<li data-start=\"1116\" data-end=\"1160\">\n<p data-start=\"1118\" data-end=\"1160\">1x h\u00e5rspray med inbyggd kam.<\/p>\n<\/li>\n<\/ul>\n","protected":false},"excerpt":{"rendered":"<p>Styla Ditt H\u00e5r P\u00e5 N\u00e5gra Sekunder &#8211; Ingen R\u00f6ra, Inget Kr\u00e5ngel! \ud83d\udc87\u200d\u2642\ufe0f\u2728 Den h\u00e4r h\u00e5rsprayen f\u00f6r m\u00e4n med inbyggd kam [&hellip;]<\/p>\n","protected":false},"featured_media":33440,"comment_status":"open","ping_status":"closed","template":"","meta":{"site-sidebar-layout":"default","site-content-layout":"","ast-site-content-layout":"default","site-content-style":"default","site-sidebar-style":"default","ast-global-header-display":"","ast-banner-title-visibility":"","ast-main-header-display":"","ast-hfb-above-header-display":"","ast-hfb-below-header-display":"","ast-hfb-mobile-header-display":"","site-post-title":"","ast-breadcrumbs-content":"","ast-featured-img":"","footer-sml-layout":"","theme-transparent-header-meta":"default","adv-header-id-meta":"","stick-header-meta":"","header-above-stick-meta":"","header-main-stick-meta":"","header-below-stick-meta":"","astra-migrate-meta-layouts":"set","ast-page-background-enabled":"default","ast-page-background-meta":{"desktop":{"background-color":"var(--ast-global-color-4)","background-image":"","background-repeat":"repeat","background-position":"center center","background-size":"auto","background-attachment":"scroll","background-type":"","background-media":"","overlay-type":"","overlay-color":"","overlay-opacity":"","overlay-gradient":""},"tablet":{"background-color":"","background-image":"","background-repeat":"repeat","background-position":"center center","background-size":"auto","background-attachment":"scroll","background-type":"","background-media":"","overlay-type":"","overlay-color":"","overlay-opacity":"","overlay-gradient":""},"mobile":{"background-color":"","background-image":"","background-repeat":"repeat","background-position":"center center","background-size":"auto","background-attachment":"scroll","background-type":"","background-media":"","overlay-type":"","overlay-color":"","overlay-opacity":"","overlay-gradient":""}},"ast-content-background-meta":{"desktop":{"background-color":"var(--ast-global-color-5)","background-image":"","background-repeat":"repeat","background-position":"center center","background-size":"auto","background-attachment":"scroll","background-type":"","background-media":"","overlay-type":"","overlay-color":"","overlay-opacity":"","overlay-gradient":""},"tablet":{"background-color":"var(--ast-global-color-5)","background-image":"","background-repeat":"repeat","background-position":"center center","background-size":"auto","background-attachment":"scroll","background-type":"","background-media":"","overlay-type":"","overlay-color":"","overlay-opacity":"","overlay-gradient":""},"mobile":{"background-color":"var(--ast-global-color-5)","background-image":"","background-repeat":"repeat","background-position":"center center","background-size":"auto","background-attachment":"scroll","background-type":"","background-media":"","overlay-type":"","overlay-color":"","overlay-opacity":"","overlay-gradient":""}}},"product_brand":[],"product_cat":[992],"product_tag":[],"class_list":{"0":"post-33444","1":"product","2":"type-product","3":"status-publish","4":"has-post-thumbnail","6":"product_cat-beauty-and-hygiene-products","7":"pa_30729_mu6lnfnl-1-st","8":"pa_30729_mu6lnfnl-2-st","9":"pa_30729_mu6lnfnl-3-st","10":"desktop-align-left","11":"tablet-align-left","12":"mobile-align-left","14":"first","15":"instock","16":"shipping-taxable","17":"purchasable","18":"product-type-variable"},"_links":{"self":[{"href":"https:\/\/keluvo.com\/se\/wp-json\/wp\/v2\/product\/33444","targetHints":{"allow":["GET"]}}],"collection":[{"href":"https:\/\/keluvo.com\/se\/wp-json\/wp\/v2\/product"}],"about":[{"href":"https:\/\/keluvo.com\/se\/wp-json\/wp\/v2\/types\/product"}],"replies":[{"embeddable":true,"href":"https:\/\/keluvo.com\/se\/wp-json\/wp\/v2\/comments?post=33444"}],"wp:featuredmedia":[{"embeddable":true,"href":"https:\/\/keluvo.com\/se\/wp-json\/wp\/v2\/media\/33440"}],"wp:attachment":[{"href":"https:\/\/keluvo.com\/se\/wp-json\/wp\/v2\/media?parent=33444"}],"wp:term":[{"taxonomy":"product_brand","embeddable":true,"href":"https:\/\/keluvo.com\/se\/wp-json\/wp\/v2\/product_brand?post=33444"},{"taxonomy":"product_cat","embeddable":true,"href":"https:\/\/keluvo.com\/se\/wp-json\/wp\/v2\/product_cat?post=33444"},{"taxonomy":"product_tag","embeddable":true,"href":"https:\/\/keluvo.com\/se\/wp-json\/wp\/v2\/product_tag?post=33444"}],"curies":[{"name":"wp","href":"https:\/\/api.w.org\/{rel}","templated":true}]}}