{"id":33431,"date":"2025-09-18T10:43:03","date_gmt":"2025-09-18T07:43:03","guid":{"rendered":"https:\/\/keluvo.com\/se\/product\/hanglas-med-fingeravtryck\/"},"modified":"2025-09-18T10:43:08","modified_gmt":"2025-09-18T07:43:08","slug":"hanglas-med-fingeravtryck","status":"publish","type":"product","link":"https:\/\/keluvo.com\/se\/product\/hanglas-med-fingeravtryck\/","title":{"rendered":"H\u00e4ngl\u00e5s med fingeravtryck"},"content":{"rendered":"<p style=\"text-align: center\" data-start=\"128\" data-end=\"378\"><strong data-start=\"128\" data-end=\"173\">L\u00e5s Upp I En Handv\u00e4ndning &#8211; Inga Nycklar, Inga Koder! \ud83d\udd13\ud83d\udc46<\/strong><\/p>\n<p style=\"text-align: center\" data-start=\"128\" data-end=\"378\">Det h\u00e4r smarta h\u00e4ngl\u00e5set med fingeravtryck ger dig omedelbar \u00e5tkomst med bara en ber\u00f6ring. Inga nycklar att tappa bort, inga l\u00f6senord att gl\u00f6mma &#8211; bara skanna och k\u00f6r! Det \u00e4r kompakt, s\u00e4kert och perfekt f\u00f6r sk\u00e5p, v\u00e4skor, grindar och mycket mer.<\/p>\n<p data-start=\"128\" data-end=\"378\"><img decoding=\"async\" class=\"size-full wp-image-24826 aligncenter\" src=\"https:\/\/keluvo.com\/template\/wp-content\/uploads\/sites\/5\/2025\/06\/1bc019cf-0c77-459b-90d1-9c8eb7c720d7.webp\" alt=\"\" \/><\/p>\n<h2 style=\"text-align: center\" data-start=\"385\" data-end=\"407\">Huvudf\u00f6rdelar \ud83d\ude80<\/h2>\n<p data-start=\"410\" data-end=\"464\">\ud83d\udc46 L\u00e5ses upp med ditt fingeravtryck p\u00e5 bara 0.3 sekunder<\/p>\n<p data-start=\"467\" data-end=\"503\">\ud83e\udde0 Kommer ih\u00e5g upp till 10 fingeravtryck<\/p>\n<p data-start=\"506\" data-end=\"549\">\ud83d\udd10 Schweizisk FRO-teknik f\u00f6r h\u00f6gklassig s\u00e4kerhet<\/p>\n<p data-start=\"552\" data-end=\"603\">\ud83d\udd0b L\u00e5ng batteritid &#8211; \u00f6ver 3000 uppl\u00e5sningar per laddning<\/p>\n<p data-start=\"606\" data-end=\"661\">\ud83d\udcaa V\u00e4derbest\u00e4ndigt och h\u00e5llbart f\u00f6r anv\u00e4ndning inomhus eller utomhus<\/p>\n<p data-start=\"606\" data-end=\"661\">\ud83c\udf92 Perfekt f\u00f6r gymsk\u00e5p, resv\u00e4skor, ryggs\u00e4ckar, d\u00f6rrar och mycket mer<\/p>\n<p data-start=\"606\" data-end=\"661\"><img decoding=\"async\" class=\"size-full wp-image-24825 aligncenter\" src=\"https:\/\/keluvo.com\/template\/wp-content\/uploads\/sites\/5\/2025\/06\/10x.jpg\" alt=\"\" \/><\/p>\n<h2 style=\"text-align: center\" data-start=\"736\" data-end=\"755\">Hur Man Anv\u00e4nder \ud83d\udcf2<\/h2>\n<ol data-start=\"756\" data-end=\"905\">\n<li data-start=\"756\" data-end=\"804\">\n<p data-start=\"759\" data-end=\"804\">Ladda l\u00e5set med den medf\u00f6ljande USB-kabeln.<\/p>\n<\/li>\n<li data-start=\"805\" data-end=\"857\">\n<p data-start=\"808\" data-end=\"857\">Registrera ditt fingeravtryck genom att h\u00e5lla i sensorn.<\/p>\n<\/li>\n<li data-start=\"858\" data-end=\"905\">\n<p data-start=\"861\" data-end=\"905\">Placera fingret f\u00f6r att l\u00e5sa upp &#8211; klart p\u00e5 n\u00e5gra sekunder!<\/p>\n<\/li>\n<\/ol>\n<h2 style=\"text-align: center\" data-start=\"912\" data-end=\"936\">Produktdetaljer \ud83d\udccb<\/h2>\n<ul data-start=\"937\" data-end=\"1084\">\n<li data-start=\"937\" data-end=\"961\">\n<p data-start=\"939\" data-end=\"961\">Material: zinklegering<\/p>\n<\/li>\n<li data-start=\"996\" data-end=\"1024\">\n<p data-start=\"998\" data-end=\"1024\">L\u00e5sningstid: 0,3 sekunder<\/p>\n<\/li>\n<li data-start=\"1025\" data-end=\"1049\">\n<p data-start=\"1027\" data-end=\"1049\">Laddningsbart via USB<\/p>\n<\/li>\n<li data-start=\"1050\" data-end=\"1084\">\n<p data-start=\"1052\" data-end=\"1084\">Vatten- och dammt\u00e5lig design<\/p>\n<\/li>\n<\/ul>\n<h2 style=\"text-align: center\" data-start=\"1091\" data-end=\"1116\">Paketet Inneh\u00e5ller \ud83d\udce6<\/h2>\n<ul data-start=\"1117\" data-end=\"1186\">\n<li data-start=\"1117\" data-end=\"1143\">\n<p data-start=\"1119\" data-end=\"1143\">1x fingeravtrycks h\u00e4ngl\u00e5s<\/p>\n<\/li>\n<li data-start=\"1144\" data-end=\"1169\">\n<p data-start=\"1146\" data-end=\"1169\">1x USB-laddningskabel<\/p>\n<\/li>\n<li data-start=\"1170\" data-end=\"1186\">\n<p data-start=\"1172\" data-end=\"1186\">1x anv\u00e4ndarmanual.<\/p>\n<\/li>\n<\/ul>\n","protected":false},"excerpt":{"rendered":"<p>L\u00e5s Upp I En Handv\u00e4ndning &#8211; Inga Nycklar, Inga Koder! \ud83d\udd13\ud83d\udc46 Det h\u00e4r smarta h\u00e4ngl\u00e5set med fingeravtryck ger dig omedelbar [&hellip;]<\/p>\n","protected":false},"featured_media":33427,"comment_status":"open","ping_status":"closed","template":"","meta":{"site-sidebar-layout":"default","site-content-layout":"","ast-site-content-layout":"default","site-content-style":"default","site-sidebar-style":"default","ast-global-header-display":"","ast-banner-title-visibility":"","ast-main-header-display":"","ast-hfb-above-header-display":"","ast-hfb-below-header-display":"","ast-hfb-mobile-header-display":"","site-post-title":"","ast-breadcrumbs-content":"","ast-featured-img":"","footer-sml-layout":"","theme-transparent-header-meta":"default","adv-header-id-meta":"","stick-header-meta":"","header-above-stick-meta":"","header-main-stick-meta":"","header-below-stick-meta":"","astra-migrate-meta-layouts":"set","ast-page-background-enabled":"default","ast-page-background-meta":{"desktop":{"background-color":"var(--ast-global-color-4)","background-image":"","background-repeat":"repeat","background-position":"center center","background-size":"auto","background-attachment":"scroll","background-type":"","background-media":"","overlay-type":"","overlay-color":"","overlay-opacity":"","overlay-gradient":""},"tablet":{"background-color":"","background-image":"","background-repeat":"repeat","background-position":"center center","background-size":"auto","background-attachment":"scroll","background-type":"","background-media":"","overlay-type":"","overlay-color":"","overlay-opacity":"","overlay-gradient":""},"mobile":{"background-color":"","background-image":"","background-repeat":"repeat","background-position":"center center","background-size":"auto","background-attachment":"scroll","background-type":"","background-media":"","overlay-type":"","overlay-color":"","overlay-opacity":"","overlay-gradient":""}},"ast-content-background-meta":{"desktop":{"background-color":"var(--ast-global-color-5)","background-image":"","background-repeat":"repeat","background-position":"center center","background-size":"auto","background-attachment":"scroll","background-type":"","background-media":"","overlay-type":"","overlay-color":"","overlay-opacity":"","overlay-gradient":""},"tablet":{"background-color":"var(--ast-global-color-5)","background-image":"","background-repeat":"repeat","background-position":"center center","background-size":"auto","background-attachment":"scroll","background-type":"","background-media":"","overlay-type":"","overlay-color":"","overlay-opacity":"","overlay-gradient":""},"mobile":{"background-color":"var(--ast-global-color-5)","background-image":"","background-repeat":"repeat","background-position":"center center","background-size":"auto","background-attachment":"scroll","background-type":"","background-media":"","overlay-type":"","overlay-color":"","overlay-opacity":"","overlay-gradient":""}}},"product_brand":[],"product_cat":[993],"product_tag":[],"class_list":{"0":"post-33431","1":"product","2":"type-product","3":"status-publish","4":"has-post-thumbnail","6":"product_cat-footwear-accessories","7":"pa_33516_xcxn8u8q-rod","8":"pa_33516_xcxn8u8q-svart","9":"desktop-align-left","10":"tablet-align-left","11":"mobile-align-left","13":"first","14":"instock","15":"shipping-taxable","16":"purchasable","17":"product-type-variable"},"_links":{"self":[{"href":"https:\/\/keluvo.com\/se\/wp-json\/wp\/v2\/product\/33431","targetHints":{"allow":["GET"]}}],"collection":[{"href":"https:\/\/keluvo.com\/se\/wp-json\/wp\/v2\/product"}],"about":[{"href":"https:\/\/keluvo.com\/se\/wp-json\/wp\/v2\/types\/product"}],"replies":[{"embeddable":true,"href":"https:\/\/keluvo.com\/se\/wp-json\/wp\/v2\/comments?post=33431"}],"wp:featuredmedia":[{"embeddable":true,"href":"https:\/\/keluvo.com\/se\/wp-json\/wp\/v2\/media\/33427"}],"wp:attachment":[{"href":"https:\/\/keluvo.com\/se\/wp-json\/wp\/v2\/media?parent=33431"}],"wp:term":[{"taxonomy":"product_brand","embeddable":true,"href":"https:\/\/keluvo.com\/se\/wp-json\/wp\/v2\/product_brand?post=33431"},{"taxonomy":"product_cat","embeddable":true,"href":"https:\/\/keluvo.com\/se\/wp-json\/wp\/v2\/product_cat?post=33431"},{"taxonomy":"product_tag","embeddable":true,"href":"https:\/\/keluvo.com\/se\/wp-json\/wp\/v2\/product_tag?post=33431"}],"curies":[{"name":"wp","href":"https:\/\/api.w.org\/{rel}","templated":true}]}}