{"id":33384,"date":"2025-09-18T10:40:40","date_gmt":"2025-09-18T07:40:40","guid":{"rendered":"https:\/\/keluvo.com\/se\/product\/skohorn\/"},"modified":"2025-09-18T13:44:13","modified_gmt":"2025-09-18T10:44:13","slug":"skohorn","status":"publish","type":"product","link":"https:\/\/keluvo.com\/se\/product\/skohorn\/","title":{"rendered":"Skohorn"},"content":{"rendered":"<p style=\"text-align: center\"><strong>Glid in i skorna utan anstr\u00e4ngning! \ud83d\udc5f\ud83d\ude4c<\/strong><\/p>\n<p style=\"text-align: center\">Den h\u00e4r praktiska skohj\u00e4lparen g\u00f6r det snabbare, enklare och sm\u00e4rtfritt att ta p\u00e5 sig skorna &#8211; inga b\u00f6jningar, dragningar eller anstr\u00e4ngningar kr\u00e4vs. Den \u00e4r perfekt f\u00f6r barn, seniorer, gravida kvinnor eller alla med begr\u00e4nsad r\u00f6rlighet.<\/p>\n<p><img fetchpriority=\"high\" decoding=\"async\" class=\"alignnone size-full wp-image-24792 aligncenter\" src=\"https:\/\/keluvo.com\/template\/wp-content\/uploads\/sites\/5\/2025\/06\/922a3bd6-2cf7-42ed-9eb3-5b796ebb2e3a.webp\" alt=\"\" width=\"800\" height=\"800\" \/><\/p>\n<h2 style=\"text-align: center\">Huvudf\u00f6rdelar \ud83d\udc4d<\/h2>\n<p>\ud83d\udc63 Hj\u00e4lper dig att ta p\u00e5 dig skorna utan att b\u00f6ja dig<\/p>\n<p>\ud83e\uddd2 Perfekt f\u00f6r barn, \u00e4ldre och personer med rygg- eller benproblem<\/p>\n<p>\ud83d\udd27 En storlek som passar alla och fungerar med alla skotyper<\/p>\n<p>\ud83e\uddfc Enkel att anv\u00e4nda, reng\u00f6ra och f\u00f6rvara<\/p>\n<p>\ud83c\udfa8 Finns i roliga f\u00e4rger f\u00f6r hela familjen<\/p>\n<p><img decoding=\"async\" class=\"alignnone size-full wp-image-24791 aligncenter\" src=\"https:\/\/keluvo.com\/template\/wp-content\/uploads\/sites\/5\/2025\/06\/edc14fe3-eb28-4b42-a184-0b3bfd6b951b.webp\" alt=\"\" width=\"800\" height=\"800\" \/><\/p>\n<h2 style=\"text-align: center\">S\u00e5 h\u00e4r anv\u00e4nder du den \ud83e\ude9b<\/h2>\n<ol>\n<li>Placera skohj\u00e4lparen l\u00e4ngst bak p\u00e5 skon.<\/li>\n<li>Skjut in foten medan hj\u00e4lpen h\u00e5ller skon \u00f6ppen.<\/li>\n<li>Klart! Din sko \u00e4r p\u00e5 plats p\u00e5 n\u00e5gra sekunder!<\/li>\n<\/ol>\n<p><img decoding=\"async\" class=\"alignnone size-full wp-image-24790 aligncenter\" src=\"https:\/\/keluvo.com\/template\/wp-content\/uploads\/sites\/5\/2025\/06\/6d9009f9-5f05-4ba3-9f01-5a1f8a73429b.webp\" alt=\"\" width=\"800\" height=\"800\" \/><\/p>\n<h2 style=\"text-align: center\">Produktdetaljer \ud83d\udccb<\/h2>\n<ul>\n<li>Material: h\u00e5llbar PP-plast<\/li>\n<li>Storlek: 17 \u00d7 5 \u00d7 2,5 cm<\/li>\n<li>L\u00e4tt och enkel att b\u00e4ra<\/li>\n<\/ul>\n<h2 style=\"text-align: center\">Paketet inneh\u00e5ller \ud83d\udce6<\/h2>\n<ul>\n<li>1, 3x par skohj\u00e4lpare.<\/li>\n<\/ul>\n","protected":false},"excerpt":{"rendered":"<p>Glid in i skorna utan anstr\u00e4ngning! \ud83d\udc5f\ud83d\ude4c Den h\u00e4r praktiska skohj\u00e4lparen g\u00f6r det snabbare, enklare och sm\u00e4rtfritt att ta p\u00e5 [&hellip;]<\/p>\n","protected":false},"featured_media":33380,"comment_status":"open","ping_status":"closed","template":"","meta":{"site-sidebar-layout":"default","site-content-layout":"","ast-site-content-layout":"default","site-content-style":"default","site-sidebar-style":"default","ast-global-header-display":"","ast-banner-title-visibility":"","ast-main-header-display":"","ast-hfb-above-header-display":"","ast-hfb-below-header-display":"","ast-hfb-mobile-header-display":"","site-post-title":"","ast-breadcrumbs-content":"","ast-featured-img":"","footer-sml-layout":"","theme-transparent-header-meta":"default","adv-header-id-meta":"","stick-header-meta":"","header-above-stick-meta":"","header-main-stick-meta":"","header-below-stick-meta":"","astra-migrate-meta-layouts":"set","ast-page-background-enabled":"default","ast-page-background-meta":{"desktop":{"background-color":"var(--ast-global-color-4)","background-image":"","background-repeat":"repeat","background-position":"center center","background-size":"auto","background-attachment":"scroll","background-type":"","background-media":"","overlay-type":"","overlay-color":"","overlay-opacity":"","overlay-gradient":""},"tablet":{"background-color":"","background-image":"","background-repeat":"repeat","background-position":"center center","background-size":"auto","background-attachment":"scroll","background-type":"","background-media":"","overlay-type":"","overlay-color":"","overlay-opacity":"","overlay-gradient":""},"mobile":{"background-color":"","background-image":"","background-repeat":"repeat","background-position":"center center","background-size":"auto","background-attachment":"scroll","background-type":"","background-media":"","overlay-type":"","overlay-color":"","overlay-opacity":"","overlay-gradient":""}},"ast-content-background-meta":{"desktop":{"background-color":"var(--ast-global-color-5)","background-image":"","background-repeat":"repeat","background-position":"center center","background-size":"auto","background-attachment":"scroll","background-type":"","background-media":"","overlay-type":"","overlay-color":"","overlay-opacity":"","overlay-gradient":""},"tablet":{"background-color":"var(--ast-global-color-5)","background-image":"","background-repeat":"repeat","background-position":"center center","background-size":"auto","background-attachment":"scroll","background-type":"","background-media":"","overlay-type":"","overlay-color":"","overlay-opacity":"","overlay-gradient":""},"mobile":{"background-color":"var(--ast-global-color-5)","background-image":"","background-repeat":"repeat","background-position":"center center","background-size":"auto","background-attachment":"scroll","background-type":"","background-media":"","overlay-type":"","overlay-color":"","overlay-opacity":"","overlay-gradient":""}}},"product_brand":[],"product_cat":[1001],"product_tag":[],"class_list":{"0":"post-33384","1":"product","2":"type-product","3":"status-publish","4":"has-post-thumbnail","6":"product_cat-household-goods","7":"pa_18800_jc2eozco-1-par","8":"pa_18800_jc2eozco-3-par","9":"pa_18800_y740g7an-bla","10":"pa_18800_y740g7an-gra","11":"pa_18800_y740g7an-rod","12":"pa_18800_y740g7an-vit","13":"desktop-align-left","14":"tablet-align-left","15":"mobile-align-left","17":"first","18":"instock","19":"shipping-taxable","20":"purchasable","21":"product-type-variable","22":"has-default-attributes"},"_links":{"self":[{"href":"https:\/\/keluvo.com\/se\/wp-json\/wp\/v2\/product\/33384","targetHints":{"allow":["GET"]}}],"collection":[{"href":"https:\/\/keluvo.com\/se\/wp-json\/wp\/v2\/product"}],"about":[{"href":"https:\/\/keluvo.com\/se\/wp-json\/wp\/v2\/types\/product"}],"replies":[{"embeddable":true,"href":"https:\/\/keluvo.com\/se\/wp-json\/wp\/v2\/comments?post=33384"}],"wp:featuredmedia":[{"embeddable":true,"href":"https:\/\/keluvo.com\/se\/wp-json\/wp\/v2\/media\/33380"}],"wp:attachment":[{"href":"https:\/\/keluvo.com\/se\/wp-json\/wp\/v2\/media?parent=33384"}],"wp:term":[{"taxonomy":"product_brand","embeddable":true,"href":"https:\/\/keluvo.com\/se\/wp-json\/wp\/v2\/product_brand?post=33384"},{"taxonomy":"product_cat","embeddable":true,"href":"https:\/\/keluvo.com\/se\/wp-json\/wp\/v2\/product_cat?post=33384"},{"taxonomy":"product_tag","embeddable":true,"href":"https:\/\/keluvo.com\/se\/wp-json\/wp\/v2\/product_tag?post=33384"}],"curies":[{"name":"wp","href":"https:\/\/api.w.org\/{rel}","templated":true}]}}