{"id":33346,"date":"2025-09-18T10:38:50","date_gmt":"2025-09-18T07:38:50","guid":{"rendered":"https:\/\/keluvo.com\/se\/product\/glasogon\/"},"modified":"2025-09-18T13:40:39","modified_gmt":"2025-09-18T10:40:39","slug":"glasogon","status":"publish","type":"product","link":"https:\/\/keluvo.com\/se\/product\/glasogon\/","title":{"rendered":"Glas\u00f6gon"},"content":{"rendered":"<p style=\"text-align: center\"><strong>Skydda dina \u00f6gon och se klart &#8211; n\u00e4r som helst, var som helst! \ud83d\udc53<\/strong><\/p>\n<p style=\"text-align: center\">Dessa glas\u00f6gon mot bl\u00e5tt ljus \u00e4r utformade f\u00f6r att minska \u00f6gonbelastningen, f\u00f6rb\u00e4ttra fokus och h\u00e5lla din syn klar oavsett om du k\u00f6r, l\u00e4ser eller anv\u00e4nder din telefon. De \u00e4r tillverkade med importerade linser och smart zoomteknik och \u00e4r perfekta f\u00f6r alla som tillbringar timmar p\u00e5 sk\u00e4rmar eller bakom ratten.<\/p>\n<p><img fetchpriority=\"high\" decoding=\"async\" class=\"alignnone wp-image-24751 aligncenter\" src=\"https:\/\/keluvo.com\/template\/wp-content\/uploads\/sites\/5\/2025\/06\/4e8724fb-74d0-431f-aad0-9bccd3e59144.gif\" alt=\"\" width=\"498\" height=\"332\" \/><\/p>\n<h2 style=\"text-align: center\">Huvudf\u00f6rdelar \ud83c\udf1f<\/h2>\n<p>\ud83d\udc41\ufe0f\u200d\ud83d\udde8\ufe0f Filtrerar skadligt bl\u00e5tt ljus<\/p>\n<p>\ud83d\ude98 F\u00f6rb\u00e4ttrar k\u00f6rklarheten, s\u00e4rskilt p\u00e5 natten<\/p>\n<p>\ud83d\udcf1 Minskar sk\u00e4rmtr\u00f6tthet vid anv\u00e4ndning av telefon och surfplatta<\/p>\n<p>\ud83d\udcda Perfekt f\u00f6r l\u00e4sning utan att kisa<\/p>\n<p>\ud83d\udcaa Splitterfri och ultra-durable<\/p>\n<p>\ud83c\udde9\ud83c\uddea Tysk ramdesign + japanska linser<\/p>\n<p><img decoding=\"async\" class=\" wp-image-24752 aligncenter\" src=\"https:\/\/keluvo.com\/template\/wp-content\/uploads\/sites\/5\/2025\/06\/44ccd234-2e7b-4d56-89d3-2b06f2789af5.gif\" alt=\"\" width=\"500\" height=\"281\" \/><\/p>\n<h2 style=\"text-align: center\">S\u00e5 H\u00e4r Anv\u00e4nder Du \ud83d\udee0\ufe0f<\/h2>\n<ol>\n<li>S\u00e4tt p\u00e5 dem precis som vanliga glas\u00f6gon.<\/li>\n<li>Anv\u00e4nd dem n\u00e4r du k\u00f6r, l\u00e4ser eller anv\u00e4nder enheter.<\/li>\n<li>Njut av klarare syn och mindre anstr\u00e4ngda \u00f6gon direkt.<\/li>\n<\/ol>\n<p><img decoding=\"async\" class=\"alignnone wp-image-24753 aligncenter\" src=\"https:\/\/keluvo.com\/template\/wp-content\/uploads\/sites\/5\/2025\/06\/997816d5-e9f4-45fe-b2ba-66b319d58cdf.gif\" alt=\"\" width=\"500\" height=\"500\" \/><\/p>\n<h2 style=\"text-align: center\">Produktdetaljer \ud83d\udce6<\/h2>\n<ul>\n<li>Stomme: L\u00e4tt, flexibel och snygg<\/li>\n<li>Linser: Anti-bl\u00e5tt ljus-bel\u00e4ggning, zoomfunktionalitet<\/li>\n<li>Unisexdesign f\u00f6r m\u00e4n och kvinnor<\/li>\n<li>Krossbest\u00e4ndiga och byggda f\u00f6r att h\u00e5lla<\/li>\n<\/ul>\n<h2 style=\"text-align: center\">Paketet Inneh\u00e5ller \ud83c\udf81<\/h2>\n<ul>\n<li>1 x anti-bl\u00e5tt ljus l\u00e4sglas\u00f6gon<\/li>\n<li>Skyddsfodral.<\/li>\n<\/ul>\n","protected":false},"excerpt":{"rendered":"<p>Skydda dina \u00f6gon och se klart &#8211; n\u00e4r som helst, var som helst! \ud83d\udc53 Dessa glas\u00f6gon mot bl\u00e5tt ljus \u00e4r [&hellip;]<\/p>\n","protected":false},"featured_media":33343,"comment_status":"open","ping_status":"closed","template":"","meta":{"site-sidebar-layout":"default","site-content-layout":"","ast-site-content-layout":"default","site-content-style":"default","site-sidebar-style":"default","ast-global-header-display":"","ast-banner-title-visibility":"","ast-main-header-display":"","ast-hfb-above-header-display":"","ast-hfb-below-header-display":"","ast-hfb-mobile-header-display":"","site-post-title":"","ast-breadcrumbs-content":"","ast-featured-img":"","footer-sml-layout":"","theme-transparent-header-meta":"default","adv-header-id-meta":"","stick-header-meta":"","header-above-stick-meta":"","header-main-stick-meta":"","header-below-stick-meta":"","astra-migrate-meta-layouts":"set","ast-page-background-enabled":"default","ast-page-background-meta":{"desktop":{"background-color":"var(--ast-global-color-4)","background-image":"","background-repeat":"repeat","background-position":"center center","background-size":"auto","background-attachment":"scroll","background-type":"","background-media":"","overlay-type":"","overlay-color":"","overlay-opacity":"","overlay-gradient":""},"tablet":{"background-color":"","background-image":"","background-repeat":"repeat","background-position":"center center","background-size":"auto","background-attachment":"scroll","background-type":"","background-media":"","overlay-type":"","overlay-color":"","overlay-opacity":"","overlay-gradient":""},"mobile":{"background-color":"","background-image":"","background-repeat":"repeat","background-position":"center center","background-size":"auto","background-attachment":"scroll","background-type":"","background-media":"","overlay-type":"","overlay-color":"","overlay-opacity":"","overlay-gradient":""}},"ast-content-background-meta":{"desktop":{"background-color":"var(--ast-global-color-5)","background-image":"","background-repeat":"repeat","background-position":"center center","background-size":"auto","background-attachment":"scroll","background-type":"","background-media":"","overlay-type":"","overlay-color":"","overlay-opacity":"","overlay-gradient":""},"tablet":{"background-color":"var(--ast-global-color-5)","background-image":"","background-repeat":"repeat","background-position":"center center","background-size":"auto","background-attachment":"scroll","background-type":"","background-media":"","overlay-type":"","overlay-color":"","overlay-opacity":"","overlay-gradient":""},"mobile":{"background-color":"var(--ast-global-color-5)","background-image":"","background-repeat":"repeat","background-position":"center center","background-size":"auto","background-attachment":"scroll","background-type":"","background-media":"","overlay-type":"","overlay-color":"","overlay-opacity":"","overlay-gradient":""}}},"product_brand":[],"product_cat":[993],"product_tag":[],"class_list":{"0":"post-33346","1":"product","2":"type-product","3":"status-publish","4":"has-post-thumbnail","6":"product_cat-footwear-accessories","7":"pa_29747_kdarcbdn-5568","8":"pa_29747_kdarcbdn-5569","9":"pa_29747_kdarcbdn-5570","10":"pa_29747_kdarcbdn-5571","11":"pa_29747_kdarcbdn-5572","12":"pa_29747_kdarcbdn-5573","13":"pa_29747_kdarcbdn-5574","14":"desktop-align-left","15":"tablet-align-left","16":"mobile-align-left","18":"first","19":"instock","20":"shipping-taxable","21":"purchasable","22":"product-type-variable"},"_links":{"self":[{"href":"https:\/\/keluvo.com\/se\/wp-json\/wp\/v2\/product\/33346","targetHints":{"allow":["GET"]}}],"collection":[{"href":"https:\/\/keluvo.com\/se\/wp-json\/wp\/v2\/product"}],"about":[{"href":"https:\/\/keluvo.com\/se\/wp-json\/wp\/v2\/types\/product"}],"replies":[{"embeddable":true,"href":"https:\/\/keluvo.com\/se\/wp-json\/wp\/v2\/comments?post=33346"}],"wp:featuredmedia":[{"embeddable":true,"href":"https:\/\/keluvo.com\/se\/wp-json\/wp\/v2\/media\/33343"}],"wp:attachment":[{"href":"https:\/\/keluvo.com\/se\/wp-json\/wp\/v2\/media?parent=33346"}],"wp:term":[{"taxonomy":"product_brand","embeddable":true,"href":"https:\/\/keluvo.com\/se\/wp-json\/wp\/v2\/product_brand?post=33346"},{"taxonomy":"product_cat","embeddable":true,"href":"https:\/\/keluvo.com\/se\/wp-json\/wp\/v2\/product_cat?post=33346"},{"taxonomy":"product_tag","embeddable":true,"href":"https:\/\/keluvo.com\/se\/wp-json\/wp\/v2\/product_tag?post=33346"}],"curies":[{"name":"wp","href":"https:\/\/api.w.org\/{rel}","templated":true}]}}