{"id":33321,"date":"2025-09-18T10:37:19","date_gmt":"2025-09-18T07:37:19","guid":{"rendered":"https:\/\/keluvo.com\/se\/product\/ai-fiskedrag\/"},"modified":"2025-09-18T10:37:19","modified_gmt":"2025-09-18T07:37:19","slug":"ai-fiskedrag","status":"publish","type":"product","link":"https:\/\/keluvo.com\/se\/product\/ai-fiskedrag\/","title":{"rendered":"AI fiskedrag"},"content":{"rendered":"<p style=\"text-align: center\"><strong>\ud83c\udfa3 F\u00e5nga Smartare, Inte H\u00e5rdare\u2014Med Det AI-Drivna Fiskedraget!<\/strong><\/p>\n<p style=\"text-align: center\">Detta uppladdningsbara bete efterliknar verkliga fiskr\u00f6relser och lockar till hugg som aldrig f\u00f6rr. Det \u00e4r utformat f\u00f6r att r\u00f6ra sig naturligt och flasha under vattnet och \u00e4r det ultimata verktyget f\u00f6r att landa st\u00f6rre fiskar med mindre anstr\u00e4ngning. Oavsett om du \u00e4r en helgfiskare eller ett erfaret proffs uppgraderar det h\u00e4r betet din tacklingsl\u00e5da direkt.<\/p>\n<p><img decoding=\"async\" class=\"alignnone size-full wp-image-24727 aligncenter\" src=\"https:\/\/keluvo.com\/template\/wp-content\/uploads\/sites\/5\/2025\/06\/ezgif-2-4121499ab8.gif\" alt=\"\" \/><\/p>\n<h2 style=\"text-align: center\">\ud83c\udf1f Huvudf\u00f6rdelar<\/h2>\n<p>\ud83d\udc1f Realistisk simning f\u00f6r oemotst\u00e5ndligt bete<\/p>\n<p>\ud83d\udca1 Inbyggt blinkande ljus f\u00f6r att locka fisk i alla vatten<\/p>\n<p>\ud83d\udd01 R\u00f6r sig automatiskt &#8211; ingen konstant rullning beh\u00f6vs<\/p>\n<p>\ud83d\udd0b USB-laddningsbar (laddare ing\u00e5r)<\/p>\n<p>\ud83d\udee0\ufe0f L\u00e4tt att anv\u00e4nda &#8211; bara binda och kasta<\/p>\n<p><img decoding=\"async\" class=\"alignnone size-full wp-image-24730 aligncenter\" src=\"https:\/\/keluvo.com\/template\/wp-content\/uploads\/sites\/5\/2025\/06\/7f3a9559-7d52-4fe1-b22b-3b4dd2a08411.jpg\" alt=\"\" \/><\/p>\n<h2 style=\"text-align: center\">\u2705 Hur Man Anv\u00e4nder<\/h2>\n<ol>\n<li>Ladda betet helt med den medf\u00f6ljande kabeln.<\/li>\n<li>Knyt fast det p\u00e5 din fiskelina och kasta ut det i vattnet.<\/li>\n<li>Se hur det simmar av sig sj\u00e4lvt och v\u00e4nta p\u00e5 hugg!<\/li>\n<\/ol>\n<p><img decoding=\"async\" class=\"alignnone size-full wp-image-24731 aligncenter\" src=\"https:\/\/keluvo.com\/template\/wp-content\/uploads\/sites\/5\/2025\/06\/lure-Robotic-Swimming-Lure-USB-Rechargeable-LED-Light-Multi-Jointed-Swimbait-Inteli-Self-Propelling-Electric-Fishing.jpg_-1024x1024-1.jpg\" alt=\"\" \/><\/p>\n<h2 style=\"text-align: center\">\ud83d\udce6 Produktdetaljer<\/h2>\n<ul>\n<li>L\u00e4ngd: 12,5 cm<\/li>\n<li>Djup: dyker ca 2,5 m<\/li>\n<li>Inneh\u00e5ller: AI-bete, USB-laddningskabel och extra tillbeh\u00f6r<\/li>\n<\/ul>\n<h2 style=\"text-align: center\">\ud83d\udcec Paketet Inneh\u00e5ller<\/h2>\n<ul>\n<li>1x fiskedrag<\/li>\n<li>1x USB-laddare<\/li>\n<li>1x krok + spinner-set.<\/li>\n<\/ul>\n","protected":false},"excerpt":{"rendered":"<p>\ud83c\udfa3 F\u00e5nga Smartare, Inte H\u00e5rdare\u2014Med Det AI-Drivna Fiskedraget! Detta uppladdningsbara bete efterliknar verkliga fiskr\u00f6relser och lockar till hugg som aldrig [&hellip;]<\/p>\n","protected":false},"featured_media":33317,"comment_status":"open","ping_status":"closed","template":"","meta":{"site-sidebar-layout":"default","site-content-layout":"","ast-site-content-layout":"default","site-content-style":"default","site-sidebar-style":"default","ast-global-header-display":"","ast-banner-title-visibility":"","ast-main-header-display":"","ast-hfb-above-header-display":"","ast-hfb-below-header-display":"","ast-hfb-mobile-header-display":"","site-post-title":"","ast-breadcrumbs-content":"","ast-featured-img":"","footer-sml-layout":"","theme-transparent-header-meta":"default","adv-header-id-meta":"","stick-header-meta":"","header-above-stick-meta":"","header-main-stick-meta":"","header-below-stick-meta":"","astra-migrate-meta-layouts":"set","ast-page-background-enabled":"default","ast-page-background-meta":{"desktop":{"background-color":"var(--ast-global-color-4)","background-image":"","background-repeat":"repeat","background-position":"center center","background-size":"auto","background-attachment":"scroll","background-type":"","background-media":"","overlay-type":"","overlay-color":"","overlay-opacity":"","overlay-gradient":""},"tablet":{"background-color":"","background-image":"","background-repeat":"repeat","background-position":"center center","background-size":"auto","background-attachment":"scroll","background-type":"","background-media":"","overlay-type":"","overlay-color":"","overlay-opacity":"","overlay-gradient":""},"mobile":{"background-color":"","background-image":"","background-repeat":"repeat","background-position":"center center","background-size":"auto","background-attachment":"scroll","background-type":"","background-media":"","overlay-type":"","overlay-color":"","overlay-opacity":"","overlay-gradient":""}},"ast-content-background-meta":{"desktop":{"background-color":"var(--ast-global-color-5)","background-image":"","background-repeat":"repeat","background-position":"center center","background-size":"auto","background-attachment":"scroll","background-type":"","background-media":"","overlay-type":"","overlay-color":"","overlay-opacity":"","overlay-gradient":""},"tablet":{"background-color":"var(--ast-global-color-5)","background-image":"","background-repeat":"repeat","background-position":"center center","background-size":"auto","background-attachment":"scroll","background-type":"","background-media":"","overlay-type":"","overlay-color":"","overlay-opacity":"","overlay-gradient":""},"mobile":{"background-color":"var(--ast-global-color-5)","background-image":"","background-repeat":"repeat","background-position":"center center","background-size":"auto","background-attachment":"scroll","background-type":"","background-media":"","overlay-type":"","overlay-color":"","overlay-opacity":"","overlay-gradient":""}}},"product_brand":[],"product_cat":[1000],"product_tag":[],"class_list":{"0":"post-33321","1":"product","2":"type-product","3":"status-publish","4":"has-post-thumbnail","6":"product_cat-hiking-camping-and-leisure-goods","7":"desktop-align-left","8":"tablet-align-left","9":"mobile-align-left","11":"first","12":"instock","13":"shipping-taxable","14":"purchasable","15":"product-type-simple"},"_links":{"self":[{"href":"https:\/\/keluvo.com\/se\/wp-json\/wp\/v2\/product\/33321","targetHints":{"allow":["GET"]}}],"collection":[{"href":"https:\/\/keluvo.com\/se\/wp-json\/wp\/v2\/product"}],"about":[{"href":"https:\/\/keluvo.com\/se\/wp-json\/wp\/v2\/types\/product"}],"replies":[{"embeddable":true,"href":"https:\/\/keluvo.com\/se\/wp-json\/wp\/v2\/comments?post=33321"}],"wp:featuredmedia":[{"embeddable":true,"href":"https:\/\/keluvo.com\/se\/wp-json\/wp\/v2\/media\/33317"}],"wp:attachment":[{"href":"https:\/\/keluvo.com\/se\/wp-json\/wp\/v2\/media?parent=33321"}],"wp:term":[{"taxonomy":"product_brand","embeddable":true,"href":"https:\/\/keluvo.com\/se\/wp-json\/wp\/v2\/product_brand?post=33321"},{"taxonomy":"product_cat","embeddable":true,"href":"https:\/\/keluvo.com\/se\/wp-json\/wp\/v2\/product_cat?post=33321"},{"taxonomy":"product_tag","embeddable":true,"href":"https:\/\/keluvo.com\/se\/wp-json\/wp\/v2\/product_tag?post=33321"}],"curies":[{"name":"wp","href":"https:\/\/api.w.org\/{rel}","templated":true}]}}