{"id":33297,"date":"2025-09-18T10:36:28","date_gmt":"2025-09-18T07:36:28","guid":{"rendered":"https:\/\/keluvo.com\/se\/product\/borr-for-fyrkantigt-hal\/"},"modified":"2025-09-18T13:37:54","modified_gmt":"2025-09-18T10:37:54","slug":"borr-for-fyrkantigt-hal","status":"publish","type":"product","link":"https:\/\/keluvo.com\/se\/product\/borr-for-fyrkantigt-hal\/","title":{"rendered":"Borr f\u00f6r fyrkantigt h\u00e5l"},"content":{"rendered":"<p style=\"text-align: center\"><strong>\ud83e\udeb5 Skapa Perfekta Fyrkantiga H\u00e5l\u2014Snabbt, Rent Och Exakt!<\/strong><\/p>\n<p style=\"text-align: center\">Den h\u00e4r innovativa fyrkantiga tr\u00e4mejseln \u00e4r det perfekta verktyget f\u00f6r professionella tr\u00e4arbetare och g\u00f6r-det-sj\u00e4lvare. Det f\u00f6rvandlar din vanliga borrmaskin till en kraftfull h\u00e5ltagningsmaskin och hj\u00e4lper dig att g\u00f6ra rena, fyrkantiga h\u00e5l utan problem.<\/p>\n<p><img decoding=\"async\" class=\"alignnone size-full wp-image-24721 aligncenter\" src=\"https:\/\/keluvo.com\/template\/wp-content\/uploads\/sites\/5\/2025\/06\/4-14.jpg\" alt=\"\" \/><\/p>\n<h2 style=\"text-align: center\">\ud83c\udf1f Huvudsakliga F\u00f6rdelar<\/h2>\n<p>\ud83e\uddf0 Borrar exakta fyrkantiga h\u00e5l i tr\u00e4, plast och mycket mer<\/p>\n<p>\ud83e\ude9a \u00d6kar noggrannheten och hantverksskickligheten i varje projekt<\/p>\n<p>\ud83c\udf00 Fyrastegs sk\u00e4rsystem f\u00f6r j\u00e4mna, rena resultat<\/p>\n<p>\ud83d\udd29 Passar de flesta standardborrmaskiner<\/p>\n<p>\ud83e\udeb5 Perfekt f\u00f6r snickeri-, m\u00f6bel- och snickeriarbeten<\/p>\n<p><img decoding=\"async\" class=\"aligncenter wp-image-24724 size-full\" src=\"https:\/\/keluvo.com\/template\/wp-content\/uploads\/sites\/5\/2025\/06\/55c54054-57c6-48da-b575-c06760672944-e1750755139692.webp\" alt=\"\" \/><\/p>\n<h2 style=\"text-align: center\">\u2705 Hur Man Anv\u00e4nder<\/h2>\n<ol>\n<li>Installera mejseln i din borrmaskin.<\/li>\n<li>Rikta in den \u00f6ver den markerade punkten p\u00e5 arbetsstycket.<\/li>\n<li>Borra l\u00e5ngsamt ner f\u00f6r att skapa ett perfekt fyrkantigt h\u00e5l.<\/li>\n<li>Upprepa f\u00f6r ytterligare fogar eller m\u00f6nster.<\/li>\n<\/ol>\n<p><img decoding=\"async\" class=\"alignnone size-full wp-image-24723 aligncenter\" src=\"https:\/\/keluvo.com\/template\/wp-content\/uploads\/sites\/5\/2025\/06\/d74b13c7-743b-4e6f-826d-0ce7a1271a4a.jpg\" alt=\"\" \/><\/p>\n<h2 style=\"text-align: center\">\ud83d\udce6 Produktdetaljer<\/h2>\n<ul>\n<li>Tillg\u00e4ngliga storlekar: 6.4 mm, 8 mm, 9.5 mm, 12.7 mm<\/li>\n<li>Material: h\u00f6gh\u00e5llfast legerat st\u00e5l<\/li>\n<li>L\u00e4mplig f\u00f6r: tr\u00e4, PVC, plast med mera<\/li>\n<\/ul>\n<h2 style=\"text-align: center\">\ud83d\udcec Paketet Inneh\u00e5ller<\/h2>\n<ul>\n<li>1x fyrkantig tr\u00e4mejsel i vald storlek.<\/li>\n<\/ul>\n","protected":false},"excerpt":{"rendered":"<p>\ud83e\udeb5 Skapa Perfekta Fyrkantiga H\u00e5l\u2014Snabbt, Rent Och Exakt! Den h\u00e4r innovativa fyrkantiga tr\u00e4mejseln \u00e4r det perfekta verktyget f\u00f6r professionella tr\u00e4arbetare [&hellip;]<\/p>\n","protected":false},"featured_media":33293,"comment_status":"open","ping_status":"closed","template":"","meta":{"site-sidebar-layout":"default","site-content-layout":"","ast-site-content-layout":"default","site-content-style":"default","site-sidebar-style":"default","ast-global-header-display":"","ast-banner-title-visibility":"","ast-main-header-display":"","ast-hfb-above-header-display":"","ast-hfb-below-header-display":"","ast-hfb-mobile-header-display":"","site-post-title":"","ast-breadcrumbs-content":"","ast-featured-img":"","footer-sml-layout":"","theme-transparent-header-meta":"default","adv-header-id-meta":"","stick-header-meta":"","header-above-stick-meta":"","header-main-stick-meta":"","header-below-stick-meta":"","astra-migrate-meta-layouts":"set","ast-page-background-enabled":"default","ast-page-background-meta":{"desktop":{"background-color":"var(--ast-global-color-4)","background-image":"","background-repeat":"repeat","background-position":"center center","background-size":"auto","background-attachment":"scroll","background-type":"","background-media":"","overlay-type":"","overlay-color":"","overlay-opacity":"","overlay-gradient":""},"tablet":{"background-color":"","background-image":"","background-repeat":"repeat","background-position":"center center","background-size":"auto","background-attachment":"scroll","background-type":"","background-media":"","overlay-type":"","overlay-color":"","overlay-opacity":"","overlay-gradient":""},"mobile":{"background-color":"","background-image":"","background-repeat":"repeat","background-position":"center center","background-size":"auto","background-attachment":"scroll","background-type":"","background-media":"","overlay-type":"","overlay-color":"","overlay-opacity":"","overlay-gradient":""}},"ast-content-background-meta":{"desktop":{"background-color":"var(--ast-global-color-5)","background-image":"","background-repeat":"repeat","background-position":"center center","background-size":"auto","background-attachment":"scroll","background-type":"","background-media":"","overlay-type":"","overlay-color":"","overlay-opacity":"","overlay-gradient":""},"tablet":{"background-color":"var(--ast-global-color-5)","background-image":"","background-repeat":"repeat","background-position":"center center","background-size":"auto","background-attachment":"scroll","background-type":"","background-media":"","overlay-type":"","overlay-color":"","overlay-opacity":"","overlay-gradient":""},"mobile":{"background-color":"var(--ast-global-color-5)","background-image":"","background-repeat":"repeat","background-position":"center center","background-size":"auto","background-attachment":"scroll","background-type":"","background-media":"","overlay-type":"","overlay-color":"","overlay-opacity":"","overlay-gradient":""}}},"product_brand":[],"product_cat":[996],"product_tag":[],"class_list":{"0":"post-33297","1":"product","2":"type-product","3":"status-publish","4":"has-post-thumbnail","6":"product_cat-tools","7":"pa_32333_x7z9v1zx-64-mm","8":"pa_32333_x7z9v1zx-8-mm","9":"pa_32333_x7z9v1zx-95-mm","10":"pa_32333_x7z9v1zx-10-mm","11":"pa_32333_x7z9v1zx-127-mm","12":"pa_32333_x7z9v1zx-full-uppsattning","13":"desktop-align-left","14":"tablet-align-left","15":"mobile-align-left","17":"first","18":"instock","19":"shipping-taxable","20":"purchasable","21":"product-type-variable"},"_links":{"self":[{"href":"https:\/\/keluvo.com\/se\/wp-json\/wp\/v2\/product\/33297","targetHints":{"allow":["GET"]}}],"collection":[{"href":"https:\/\/keluvo.com\/se\/wp-json\/wp\/v2\/product"}],"about":[{"href":"https:\/\/keluvo.com\/se\/wp-json\/wp\/v2\/types\/product"}],"replies":[{"embeddable":true,"href":"https:\/\/keluvo.com\/se\/wp-json\/wp\/v2\/comments?post=33297"}],"wp:featuredmedia":[{"embeddable":true,"href":"https:\/\/keluvo.com\/se\/wp-json\/wp\/v2\/media\/33293"}],"wp:attachment":[{"href":"https:\/\/keluvo.com\/se\/wp-json\/wp\/v2\/media?parent=33297"}],"wp:term":[{"taxonomy":"product_brand","embeddable":true,"href":"https:\/\/keluvo.com\/se\/wp-json\/wp\/v2\/product_brand?post=33297"},{"taxonomy":"product_cat","embeddable":true,"href":"https:\/\/keluvo.com\/se\/wp-json\/wp\/v2\/product_cat?post=33297"},{"taxonomy":"product_tag","embeddable":true,"href":"https:\/\/keluvo.com\/se\/wp-json\/wp\/v2\/product_tag?post=33297"}],"curies":[{"name":"wp","href":"https:\/\/api.w.org\/{rel}","templated":true}]}}