{"id":33253,"date":"2025-09-18T10:34:22","date_gmt":"2025-09-18T07:34:22","guid":{"rendered":"https:\/\/keluvo.com\/se\/product\/mask-for-utomjordingar\/"},"modified":"2025-09-18T13:27:22","modified_gmt":"2025-09-18T10:27:22","slug":"mask-for-utomjordingar","status":"publish","type":"product","link":"https:\/\/keluvo.com\/se\/product\/mask-for-utomjordingar\/","title":{"rendered":"Mask f\u00f6r utomjordingar"},"content":{"rendered":"<p style=\"text-align: center\" data-start=\"67\" data-end=\"129\"><strong>\ud83d\udc7d Bli Utomjordingen &#8211; Skr\u00e4mma Dina V\u00e4nner Och Stj\u00e4l Showen!<\/strong><\/p>\n<p style=\"text-align: center\" data-start=\"131\" data-end=\"358\">Denna realistiska utomjordingsmask \u00e4r det perfekta s\u00e4ttet att g\u00f6ra fester, uppt\u00e5g eller Halloween lite roligare. Tillverkad av mjuk latex och designad med kusliga detaljer \u00e4r den l\u00e4skig, bekv\u00e4m och s\u00e4ker p\u00e5 att v\u00e4nda huvuden vart du \u00e4n g\u00e5r.<\/p>\n<p data-start=\"131\" data-end=\"358\"><img fetchpriority=\"high\" decoding=\"async\" class=\" wp-image-24641 aligncenter\" src=\"https:\/\/keluvo.com\/template\/wp-content\/uploads\/sites\/5\/2025\/06\/24e48f49301e26c9153651a1ecb19cf4.webp\" alt=\"\" width=\"491\" height=\"491\" \/><\/p>\n<h2 style=\"text-align: center\" data-start=\"360\" data-end=\"381\">\ud83c\udf1f Huvudf\u00f6rdelar<\/h2>\n<p data-start=\"384\" data-end=\"442\">\ud83d\udef8 Ultrarealistisk alien-design f\u00f6r maximal chockfaktor<\/p>\n<p data-start=\"445\" data-end=\"502\">\ud83d\ude02 Perfekt f\u00f6r kostymer, sk\u00e4mt, fester och virala uppt\u00e5g<\/p>\n<p data-start=\"505\" data-end=\"554\">\ud83e\udde0 Passar de flesta huvudstorlekar &#8211; l\u00e4tt att b\u00e4ra och ta av<\/p>\n<p data-start=\"557\" data-end=\"612\">\ud83e\uddfd Mjukt latexmaterial som \u00e4r flexibelt och andas<\/p>\n<p data-start=\"615\" data-end=\"661\">\ud83c\udf83 Ett m\u00e5ste f\u00f6r Halloween- eller cosplayfans<\/p>\n<p data-start=\"615\" data-end=\"661\"><img decoding=\"async\" class=\" wp-image-24640 aligncenter\" src=\"https:\/\/keluvo.com\/template\/wp-content\/uploads\/sites\/5\/2025\/06\/5f84caa1b1e22e25d8ca10723e373f771e3db0c875890eee413ffdef3f2858d1.webp\" alt=\"\" width=\"500\" height=\"281\" \/><\/p>\n<h2 style=\"text-align: center\">\u2705 Hur Man Anv\u00e4nder<\/h2>\n<ol data-start=\"681\" data-end=\"807\">\n<li data-start=\"681\" data-end=\"723\">\n<p data-start=\"684\" data-end=\"723\">Tryck bara masken \u00f6ver huvudet.<\/p>\n<\/li>\n<li data-start=\"724\" data-end=\"763\">\n<p data-start=\"727\" data-end=\"763\">Justera f\u00f6r komfort och synlighet.<\/p>\n<\/li>\n<li data-start=\"764\" data-end=\"807\">\n<p data-start=\"767\" data-end=\"807\">Skr\u00e4mma, \u00f6verraska eller roa din publik!<\/p>\n<\/li>\n<\/ol>\n<h2 style=\"text-align: center\" data-start=\"809\" data-end=\"832\">\ud83d\udce6 Produktdetaljer<\/h2>\n<ul data-start=\"833\" data-end=\"964\">\n<li data-start=\"833\" data-end=\"865\">\n<p data-start=\"835\" data-end=\"865\">Material: mjuk naturlatex<\/p>\n<\/li>\n<li data-start=\"925\" data-end=\"964\">\n<p data-start=\"927\" data-end=\"964\">En storlek passar de flesta ton\u00e5ringar och vuxna<\/p>\n<\/li>\n<\/ul>\n<h2 style=\"text-align: center\" data-start=\"966\" data-end=\"990\">\ud83d\udcec Paketet Inneh\u00e5ller<\/h2>\n<ul data-start=\"991\" data-end=\"1014\">\n<li data-start=\"991\" data-end=\"1014\">\n<p data-start=\"993\" data-end=\"1014\">1 alien-mask.<\/p>\n<\/li>\n<\/ul>\n","protected":false},"excerpt":{"rendered":"<p>\ud83d\udc7d Bli Utomjordingen &#8211; Skr\u00e4mma Dina V\u00e4nner Och Stj\u00e4l Showen! Denna realistiska utomjordingsmask \u00e4r det perfekta s\u00e4ttet att g\u00f6ra fester, [&hellip;]<\/p>\n","protected":false},"featured_media":33249,"comment_status":"open","ping_status":"closed","template":"","meta":{"site-sidebar-layout":"default","site-content-layout":"","ast-site-content-layout":"default","site-content-style":"default","site-sidebar-style":"default","ast-global-header-display":"","ast-banner-title-visibility":"","ast-main-header-display":"","ast-hfb-above-header-display":"","ast-hfb-below-header-display":"","ast-hfb-mobile-header-display":"","site-post-title":"","ast-breadcrumbs-content":"","ast-featured-img":"","footer-sml-layout":"","theme-transparent-header-meta":"default","adv-header-id-meta":"","stick-header-meta":"","header-above-stick-meta":"","header-main-stick-meta":"","header-below-stick-meta":"","astra-migrate-meta-layouts":"set","ast-page-background-enabled":"default","ast-page-background-meta":{"desktop":{"background-color":"var(--ast-global-color-4)","background-image":"","background-repeat":"repeat","background-position":"center center","background-size":"auto","background-attachment":"scroll","background-type":"","background-media":"","overlay-type":"","overlay-color":"","overlay-opacity":"","overlay-gradient":""},"tablet":{"background-color":"","background-image":"","background-repeat":"repeat","background-position":"center center","background-size":"auto","background-attachment":"scroll","background-type":"","background-media":"","overlay-type":"","overlay-color":"","overlay-opacity":"","overlay-gradient":""},"mobile":{"background-color":"","background-image":"","background-repeat":"repeat","background-position":"center center","background-size":"auto","background-attachment":"scroll","background-type":"","background-media":"","overlay-type":"","overlay-color":"","overlay-opacity":"","overlay-gradient":""}},"ast-content-background-meta":{"desktop":{"background-color":"var(--ast-global-color-5)","background-image":"","background-repeat":"repeat","background-position":"center center","background-size":"auto","background-attachment":"scroll","background-type":"","background-media":"","overlay-type":"","overlay-color":"","overlay-opacity":"","overlay-gradient":""},"tablet":{"background-color":"var(--ast-global-color-5)","background-image":"","background-repeat":"repeat","background-position":"center center","background-size":"auto","background-attachment":"scroll","background-type":"","background-media":"","overlay-type":"","overlay-color":"","overlay-opacity":"","overlay-gradient":""},"mobile":{"background-color":"var(--ast-global-color-5)","background-image":"","background-repeat":"repeat","background-position":"center center","background-size":"auto","background-attachment":"scroll","background-type":"","background-media":"","overlay-type":"","overlay-color":"","overlay-opacity":"","overlay-gradient":""}}},"product_brand":[],"product_cat":[990],"product_tag":[],"class_list":{"0":"post-33253","1":"product","2":"type-product","3":"status-publish","4":"has-post-thumbnail","6":"product_cat-toys-childrens-and-baby-products","7":"pa_30995_ogqp1vic-a","8":"pa_30995_ogqp1vic-b","9":"pa_30995_ogqp1vic-c","10":"pa_30995_ogqp1vic-d","11":"pa_30995_ogqp1vic-e","12":"desktop-align-left","13":"tablet-align-left","14":"mobile-align-left","16":"first","17":"instock","18":"shipping-taxable","19":"purchasable","20":"product-type-variable"},"_links":{"self":[{"href":"https:\/\/keluvo.com\/se\/wp-json\/wp\/v2\/product\/33253","targetHints":{"allow":["GET"]}}],"collection":[{"href":"https:\/\/keluvo.com\/se\/wp-json\/wp\/v2\/product"}],"about":[{"href":"https:\/\/keluvo.com\/se\/wp-json\/wp\/v2\/types\/product"}],"replies":[{"embeddable":true,"href":"https:\/\/keluvo.com\/se\/wp-json\/wp\/v2\/comments?post=33253"}],"wp:featuredmedia":[{"embeddable":true,"href":"https:\/\/keluvo.com\/se\/wp-json\/wp\/v2\/media\/33249"}],"wp:attachment":[{"href":"https:\/\/keluvo.com\/se\/wp-json\/wp\/v2\/media?parent=33253"}],"wp:term":[{"taxonomy":"product_brand","embeddable":true,"href":"https:\/\/keluvo.com\/se\/wp-json\/wp\/v2\/product_brand?post=33253"},{"taxonomy":"product_cat","embeddable":true,"href":"https:\/\/keluvo.com\/se\/wp-json\/wp\/v2\/product_cat?post=33253"},{"taxonomy":"product_tag","embeddable":true,"href":"https:\/\/keluvo.com\/se\/wp-json\/wp\/v2\/product_tag?post=33253"}],"curies":[{"name":"wp","href":"https:\/\/api.w.org\/{rel}","templated":true}]}}