{"id":33181,"date":"2025-09-18T10:30:21","date_gmt":"2025-09-18T07:30:21","guid":{"rendered":"https:\/\/keluvo.com\/se\/product\/duscharrangor\/"},"modified":"2025-09-18T13:21:46","modified_gmt":"2025-09-18T10:21:46","slug":"duscharrangor","status":"publish","type":"product","link":"https:\/\/keluvo.com\/se\/product\/duscharrangor\/","title":{"rendered":"Duscharrang\u00f6r"},"content":{"rendered":"<p style=\"text-align: center\" data-start=\"84\" data-end=\"149\"><strong>\ud83d\udebf Njut Av Handsfree-Duschar Med Den H\u00e4r Enkla Duscharrang\u00f6ren!<\/strong><\/p>\n<p style=\"text-align: center\" data-start=\"151\" data-end=\"382\">Inga verktyg, ingen borrning &#8211; bara tryck och k\u00f6r! Den h\u00e4r duscharrang\u00f6ren f\u00e4sts p\u00e5 v\u00e4ggen och justeras till perfekt h\u00f6jd och vinkel. Perfekt f\u00f6r barn, husdjur eller alla som vill ha mer komfort och flexibilitet i duschen.<\/p>\n<p data-start=\"151\" data-end=\"382\"><img decoding=\"async\" class=\"size-full wp-image-24582 aligncenter\" src=\"https:\/\/keluvo.com\/template\/wp-content\/uploads\/sites\/5\/2025\/06\/06234-ezgif.com-video-to-webp-converter.webp\" alt=\"\" \/><\/p>\n<h2 style=\"text-align: center\" data-start=\"384\" data-end=\"405\">\ud83c\udf1f Huvudf\u00f6rdelar<\/h2>\n<p data-start=\"408\" data-end=\"458\">\ud83e\uddf2 Stark sugkraft h\u00e5ller t\u00e4tt &#8211; inga skador p\u00e5 v\u00e4ggarna<\/p>\n<p data-start=\"461\" data-end=\"509\">\ud83d\udd04 Justerbar vinkel och h\u00f6jd f\u00f6r maximal komfort<\/p>\n<p data-start=\"512\" data-end=\"568\">\ud83d\udd27 Ingen installation beh\u00f6vs &#8211; bara tryck, f\u00e4st och vrid<\/p>\n<p data-start=\"571\" data-end=\"617\">\ud83e\uddfc Vattent\u00e5lig och h\u00e5llbar f\u00f6r daglig anv\u00e4ndning<\/p>\n<p data-start=\"620\" data-end=\"674\">\ud83e\ude9d Bonuskrok f\u00f6r sm\u00e5 f\u00f6rem\u00e5l som handdukar eller loofahs<\/p>\n<p data-start=\"620\" data-end=\"674\"><img decoding=\"async\" class=\"size-full wp-image-24581 aligncenter\" src=\"https:\/\/keluvo.com\/template\/wp-content\/uploads\/sites\/5\/2025\/06\/5f5f31de807d0b41900c86fdf72e14e9.webp\" alt=\"\" \/><\/p>\n<h2 style=\"text-align: center\" data-start=\"676\" data-end=\"693\">\u2705 Hur Man Anv\u00e4nder<\/h2>\n<ol data-start=\"694\" data-end=\"877\">\n<li data-start=\"694\" data-end=\"743\">\n<p data-start=\"697\" data-end=\"743\">St\u00e4da v\u00e4ggen och dra av skyddsfilmen.<\/p>\n<\/li>\n<li data-start=\"744\" data-end=\"795\">\n<p data-start=\"747\" data-end=\"795\">Tryck fast sugkoppen ordentligt p\u00e5 ytan.<\/p>\n<\/li>\n<li data-start=\"796\" data-end=\"840\">\n<p data-start=\"799\" data-end=\"840\">Dra \u00e5t knappen f\u00f6r att l\u00e5sa den p\u00e5 plats.<\/p>\n<\/li>\n<li data-start=\"841\" data-end=\"877\">\n<p data-start=\"844\" data-end=\"877\">Montera ditt duschhuvud och njut!<\/p>\n<\/li>\n<\/ol>\n<h2 style=\"text-align: center\" data-start=\"879\" data-end=\"902\">\ud83d\udce6 Produktdetaljer<\/h2>\n<ul data-start=\"903\" data-end=\"1010\">\n<li data-start=\"903\" data-end=\"920\">\n<p data-start=\"905\" data-end=\"920\">Material: ABS<\/p>\n<\/li>\n<li data-start=\"921\" data-end=\"937\">\n<p data-start=\"923\" data-end=\"937\">Vikt: 100g<\/p>\n<\/li>\n<li data-start=\"938\" data-end=\"973\">\n<p data-start=\"940\" data-end=\"973\">Passar de flesta standardduschhuvuden<\/p>\n<\/li>\n<li data-start=\"974\" data-end=\"1010\">\n<p data-start=\"976\" data-end=\"1010\">Storlek: ca 85mm x 65mm x 64mm<\/p>\n<\/li>\n<\/ul>\n<h2 style=\"text-align: center\" data-start=\"1012\" data-end=\"1036\">\ud83d\udcec Paketet Inneh\u00e5ller<\/h2>\n<ul data-start=\"1037\" data-end=\"1079\">\n<li data-start=\"1037\" data-end=\"1079\">\n<p data-start=\"1039\" data-end=\"1079\">1x duscharrang\u00f6r.<\/p>\n<\/li>\n<\/ul>\n","protected":false},"excerpt":{"rendered":"<p>\ud83d\udebf Njut Av Handsfree-Duschar Med Den H\u00e4r Enkla Duscharrang\u00f6ren! Inga verktyg, ingen borrning &#8211; bara tryck och k\u00f6r! Den h\u00e4r [&hellip;]<\/p>\n","protected":false},"featured_media":33177,"comment_status":"open","ping_status":"closed","template":"","meta":{"site-sidebar-layout":"default","site-content-layout":"","ast-site-content-layout":"default","site-content-style":"default","site-sidebar-style":"default","ast-global-header-display":"","ast-banner-title-visibility":"","ast-main-header-display":"","ast-hfb-above-header-display":"","ast-hfb-below-header-display":"","ast-hfb-mobile-header-display":"","site-post-title":"","ast-breadcrumbs-content":"","ast-featured-img":"","footer-sml-layout":"","theme-transparent-header-meta":"default","adv-header-id-meta":"","stick-header-meta":"","header-above-stick-meta":"","header-main-stick-meta":"","header-below-stick-meta":"","astra-migrate-meta-layouts":"set","ast-page-background-enabled":"default","ast-page-background-meta":{"desktop":{"background-color":"var(--ast-global-color-4)","background-image":"","background-repeat":"repeat","background-position":"center center","background-size":"auto","background-attachment":"scroll","background-type":"","background-media":"","overlay-type":"","overlay-color":"","overlay-opacity":"","overlay-gradient":""},"tablet":{"background-color":"","background-image":"","background-repeat":"repeat","background-position":"center center","background-size":"auto","background-attachment":"scroll","background-type":"","background-media":"","overlay-type":"","overlay-color":"","overlay-opacity":"","overlay-gradient":""},"mobile":{"background-color":"","background-image":"","background-repeat":"repeat","background-position":"center center","background-size":"auto","background-attachment":"scroll","background-type":"","background-media":"","overlay-type":"","overlay-color":"","overlay-opacity":"","overlay-gradient":""}},"ast-content-background-meta":{"desktop":{"background-color":"var(--ast-global-color-5)","background-image":"","background-repeat":"repeat","background-position":"center center","background-size":"auto","background-attachment":"scroll","background-type":"","background-media":"","overlay-type":"","overlay-color":"","overlay-opacity":"","overlay-gradient":""},"tablet":{"background-color":"var(--ast-global-color-5)","background-image":"","background-repeat":"repeat","background-position":"center center","background-size":"auto","background-attachment":"scroll","background-type":"","background-media":"","overlay-type":"","overlay-color":"","overlay-opacity":"","overlay-gradient":""},"mobile":{"background-color":"var(--ast-global-color-5)","background-image":"","background-repeat":"repeat","background-position":"center center","background-size":"auto","background-attachment":"scroll","background-type":"","background-media":"","overlay-type":"","overlay-color":"","overlay-opacity":"","overlay-gradient":""}}},"product_brand":[],"product_cat":[1001],"product_tag":[],"class_list":{"0":"post-33181","1":"product","2":"type-product","3":"status-publish","4":"has-post-thumbnail","6":"product_cat-household-goods","7":"pa_18350_387jnpu7-svart","8":"pa_18350_387jnpu7-transparent","9":"pa_18350_387jnpu7-vit","10":"desktop-align-left","11":"tablet-align-left","12":"mobile-align-left","14":"first","15":"instock","16":"shipping-taxable","17":"purchasable","18":"product-type-variable"},"_links":{"self":[{"href":"https:\/\/keluvo.com\/se\/wp-json\/wp\/v2\/product\/33181","targetHints":{"allow":["GET"]}}],"collection":[{"href":"https:\/\/keluvo.com\/se\/wp-json\/wp\/v2\/product"}],"about":[{"href":"https:\/\/keluvo.com\/se\/wp-json\/wp\/v2\/types\/product"}],"replies":[{"embeddable":true,"href":"https:\/\/keluvo.com\/se\/wp-json\/wp\/v2\/comments?post=33181"}],"wp:featuredmedia":[{"embeddable":true,"href":"https:\/\/keluvo.com\/se\/wp-json\/wp\/v2\/media\/33177"}],"wp:attachment":[{"href":"https:\/\/keluvo.com\/se\/wp-json\/wp\/v2\/media?parent=33181"}],"wp:term":[{"taxonomy":"product_brand","embeddable":true,"href":"https:\/\/keluvo.com\/se\/wp-json\/wp\/v2\/product_brand?post=33181"},{"taxonomy":"product_cat","embeddable":true,"href":"https:\/\/keluvo.com\/se\/wp-json\/wp\/v2\/product_cat?post=33181"},{"taxonomy":"product_tag","embeddable":true,"href":"https:\/\/keluvo.com\/se\/wp-json\/wp\/v2\/product_tag?post=33181"}],"curies":[{"name":"wp","href":"https:\/\/api.w.org\/{rel}","templated":true}]}}