{"id":33123,"date":"2025-09-18T10:27:52","date_gmt":"2025-09-18T07:27:52","guid":{"rendered":"https:\/\/keluvo.com\/se\/product\/bordslampa-2\/"},"modified":"2025-09-18T10:28:36","modified_gmt":"2025-09-18T07:28:36","slug":"bordslampa-2","status":"publish","type":"product","link":"https:\/\/keluvo.com\/se\/product\/bordslampa-2\/","title":{"rendered":"Bordslampa"},"content":{"rendered":"<p style=\"text-align: center\" data-start=\"129\" data-end=\"404\"><strong data-start=\"129\" data-end=\"191\">S\u00e4tt St\u00e4mningen Med Elegant Belysning &#8211; Var Som Helst, N\u00e4r Som Helst! \ud83c\udf77\ud83d\udca1<\/strong><\/p>\n<p style=\"text-align: center\" data-start=\"129\" data-end=\"404\">Den h\u00e4r sladdl\u00f6sa bordslampan f\u00f6r restaurangbarer ger en touch av sofistikering till alla utrymmen. Dess mjuka, omgivande sken skapar den perfekta st\u00e4mningen f\u00f6r romantiska middagar, mysiga kaf\u00e9er, exklusiva barer eller till och med din egen matsal.<\/p>\n<p data-start=\"129\" data-end=\"404\"><img decoding=\"async\" class=\"size-full wp-image-25106 aligncenter\" src=\"https:\/\/keluvo.com\/template\/wp-content\/uploads\/sites\/5\/2025\/06\/qq1_480x480.webp\" alt=\"\" \/><\/p>\n<h2 style=\"text-align: center\" data-start=\"411\" data-end=\"432\">Huvudf\u00f6rdelar \u2728<\/h2>\n<p data-start=\"435\" data-end=\"486\">\ud83d\udca1 Mjukt, varmt ljus perfekt f\u00f6r intima milj\u00f6er<\/p>\n<p data-start=\"489\" data-end=\"550\">\ud83d\udd0b Sladdl\u00f6s med l\u00e5ngvarigt batteri &#8211; upp till 10 timmar use<\/p>\n<p data-start=\"553\" data-end=\"598\">\ud83c\udf9b\ufe0f Touchkontroll f\u00f6r justering av ljusstyrka<\/p>\n<p data-start=\"601\" data-end=\"639\">\ud83e\uddf3 B\u00e4rbar och uppladdningsbar via USB<\/p>\n<p data-start=\"642\" data-end=\"684\">\ud83c\udfc6 Snygg modern design som passar alla inredningar<\/p>\n<p data-start=\"642\" data-end=\"684\"><img decoding=\"async\" class=\"size-full wp-image-25107 aligncenter\" src=\"https:\/\/keluvo.com\/template\/wp-content\/uploads\/sites\/5\/2025\/06\/s-l1200_480x480.webp\" alt=\"\" \/><\/p>\n<h2 style=\"text-align: center\" data-start=\"691\" data-end=\"710\">Anv\u00e4ndning \ud83d\udc47<\/h2>\n<ol data-start=\"711\" data-end=\"855\">\n<li data-start=\"711\" data-end=\"751\">\n<p data-start=\"714\" data-end=\"751\">Ladda lampan med USB-kabeln.<\/p>\n<\/li>\n<li data-start=\"752\" data-end=\"801\">\n<p data-start=\"755\" data-end=\"801\">Tryck p\u00e5 toppen f\u00f6r att sl\u00e5 p\u00e5 och justera ljusstyrkan.<\/p>\n<\/li>\n<li data-start=\"802\" data-end=\"855\">\n<p data-start=\"805\" data-end=\"855\">Placera den p\u00e5 ditt bord och njut av den varma atmosf\u00e4ren.<\/p>\n<\/li>\n<\/ol>\n<h2 style=\"text-align: center\" data-start=\"862\" data-end=\"886\">Produktinformation \ud83d\udccb<\/h2>\n<ul data-start=\"887\" data-end=\"1098\">\n<li data-start=\"887\" data-end=\"915\">\n<p data-start=\"889\" data-end=\"915\">Material: Aluminiumlegering<\/p>\n<\/li>\n<li data-start=\"916\" data-end=\"936\">\n<p data-start=\"918\" data-end=\"936\">Storlek: 10 x 38 cm<\/p>\n<\/li>\n<li data-start=\"937\" data-end=\"974\">\n<p data-start=\"939\" data-end=\"974\">Batteri: 1800mAh (upp till 10 timmar)<\/p>\n<\/li>\n<li data-start=\"975\" data-end=\"1002\">\n<p data-start=\"977\" data-end=\"1002\">Ljusf\u00e4rg: Varmvit<\/p>\n<\/li>\n<li data-start=\"1003\" data-end=\"1037\">\n<p data-start=\"1005\" data-end=\"1037\">Laddning: USB (kabel ing\u00e5r)<\/p>\n<\/li>\n<\/ul>\n<h2 style=\"text-align: center\" data-start=\"1105\" data-end=\"1130\">Paketet Inneh\u00e5ller \ud83d\udce6<\/h2>\n<ul data-start=\"1131\" data-end=\"1200\">\n<li data-start=\"1131\" data-end=\"1157\">\n<p data-start=\"1133\" data-end=\"1157\">1x sladdl\u00f6s bordslampa<\/p>\n<\/li>\n<li data-start=\"1158\" data-end=\"1183\">\n<p data-start=\"1160\" data-end=\"1183\">1x USB-laddningskabel<\/p>\n<\/li>\n<li data-start=\"1184\" data-end=\"1200\">\n<p data-start=\"1186\" data-end=\"1200\">1x anv\u00e4ndarhandbok.<\/p>\n<\/li>\n<\/ul>\n","protected":false},"excerpt":{"rendered":"<p>S\u00e4tt St\u00e4mningen Med Elegant Belysning &#8211; Var Som Helst, N\u00e4r Som Helst! \ud83c\udf77\ud83d\udca1 Den h\u00e4r sladdl\u00f6sa bordslampan f\u00f6r restaurangbarer ger [&hellip;]<\/p>\n","protected":false},"featured_media":33119,"comment_status":"open","ping_status":"closed","template":"","meta":{"site-sidebar-layout":"default","site-content-layout":"","ast-site-content-layout":"default","site-content-style":"default","site-sidebar-style":"default","ast-global-header-display":"","ast-banner-title-visibility":"","ast-main-header-display":"","ast-hfb-above-header-display":"","ast-hfb-below-header-display":"","ast-hfb-mobile-header-display":"","site-post-title":"","ast-breadcrumbs-content":"","ast-featured-img":"","footer-sml-layout":"","theme-transparent-header-meta":"default","adv-header-id-meta":"","stick-header-meta":"","header-above-stick-meta":"","header-main-stick-meta":"","header-below-stick-meta":"","astra-migrate-meta-layouts":"set","ast-page-background-enabled":"default","ast-page-background-meta":{"desktop":{"background-color":"var(--ast-global-color-4)","background-image":"","background-repeat":"repeat","background-position":"center center","background-size":"auto","background-attachment":"scroll","background-type":"","background-media":"","overlay-type":"","overlay-color":"","overlay-opacity":"","overlay-gradient":""},"tablet":{"background-color":"","background-image":"","background-repeat":"repeat","background-position":"center center","background-size":"auto","background-attachment":"scroll","background-type":"","background-media":"","overlay-type":"","overlay-color":"","overlay-opacity":"","overlay-gradient":""},"mobile":{"background-color":"","background-image":"","background-repeat":"repeat","background-position":"center center","background-size":"auto","background-attachment":"scroll","background-type":"","background-media":"","overlay-type":"","overlay-color":"","overlay-opacity":"","overlay-gradient":""}},"ast-content-background-meta":{"desktop":{"background-color":"var(--ast-global-color-5)","background-image":"","background-repeat":"repeat","background-position":"center center","background-size":"auto","background-attachment":"scroll","background-type":"","background-media":"","overlay-type":"","overlay-color":"","overlay-opacity":"","overlay-gradient":""},"tablet":{"background-color":"var(--ast-global-color-5)","background-image":"","background-repeat":"repeat","background-position":"center center","background-size":"auto","background-attachment":"scroll","background-type":"","background-media":"","overlay-type":"","overlay-color":"","overlay-opacity":"","overlay-gradient":""},"mobile":{"background-color":"var(--ast-global-color-5)","background-image":"","background-repeat":"repeat","background-position":"center center","background-size":"auto","background-attachment":"scroll","background-type":"","background-media":"","overlay-type":"","overlay-color":"","overlay-opacity":"","overlay-gradient":""}}},"product_brand":[],"product_cat":[1001,993],"product_tag":[],"class_list":{"0":"post-33123","1":"product","2":"type-product","3":"status-publish","4":"has-post-thumbnail","6":"product_cat-household-goods","7":"product_cat-footwear-accessories","8":"pa_31391_0a1usyyh-brons","9":"pa_31391_0a1usyyh-guld","10":"pa_31391_0a1usyyh-silver","11":"pa_31391_0a1usyyh-svart","12":"pa_31391_p5qkxit8-cylinder","13":"pa_31391_p5qkxit8-kagla","14":"pa_31391_p5qkxit8-kupol","15":"pa_31391_p5qkxit8-stralande","16":"desktop-align-left","17":"tablet-align-left","18":"mobile-align-left","20":"first","21":"instock","22":"shipping-taxable","23":"purchasable","24":"product-type-variable","25":"has-default-attributes"},"_links":{"self":[{"href":"https:\/\/keluvo.com\/se\/wp-json\/wp\/v2\/product\/33123","targetHints":{"allow":["GET"]}}],"collection":[{"href":"https:\/\/keluvo.com\/se\/wp-json\/wp\/v2\/product"}],"about":[{"href":"https:\/\/keluvo.com\/se\/wp-json\/wp\/v2\/types\/product"}],"replies":[{"embeddable":true,"href":"https:\/\/keluvo.com\/se\/wp-json\/wp\/v2\/comments?post=33123"}],"wp:featuredmedia":[{"embeddable":true,"href":"https:\/\/keluvo.com\/se\/wp-json\/wp\/v2\/media\/33119"}],"wp:attachment":[{"href":"https:\/\/keluvo.com\/se\/wp-json\/wp\/v2\/media?parent=33123"}],"wp:term":[{"taxonomy":"product_brand","embeddable":true,"href":"https:\/\/keluvo.com\/se\/wp-json\/wp\/v2\/product_brand?post=33123"},{"taxonomy":"product_cat","embeddable":true,"href":"https:\/\/keluvo.com\/se\/wp-json\/wp\/v2\/product_cat?post=33123"},{"taxonomy":"product_tag","embeddable":true,"href":"https:\/\/keluvo.com\/se\/wp-json\/wp\/v2\/product_tag?post=33123"}],"curies":[{"name":"wp","href":"https:\/\/api.w.org\/{rel}","templated":true}]}}