{"id":33106,"date":"2025-09-18T10:26:50","date_gmt":"2025-09-18T07:26:50","guid":{"rendered":"https:\/\/keluvo.com\/se\/product\/dammsugare-for-bilar\/"},"modified":"2025-09-30T11:19:10","modified_gmt":"2025-09-30T08:19:10","slug":"dammsugare-for-bilar","status":"publish","type":"product","link":"https:\/\/keluvo.com\/se\/product\/dammsugare-for-bilar\/","title":{"rendered":"Dammsugare f\u00f6r bilar"},"content":{"rendered":"<p style=\"text-align: center\" data-start=\"156\" data-end=\"460\"><strong data-start=\"156\" data-end=\"218\">Den Kompakta Reng\u00f6ringsbj\u00e4ssen Som Din Bil (Och Ditt Hem) Beh\u00f6ver! \ud83d\ude97\ud83d\udca8<\/strong><\/p>\n<p style=\"text-align: center\" data-start=\"156\" data-end=\"460\">Den h\u00e4r sladdl\u00f6sa dammsugaren har kraft p\u00e5 proffsniv\u00e5 i din handflata. Med ett uppladdningsbart batteri p\u00e5 6000 mAh och flera munstycken \u00e4r den perfekt f\u00f6r reng\u00f6ring av damm, smulor och djurh\u00e5r fr\u00e5n tr\u00e5nga h\u00f6rn, bils\u00e4ten, tangentbord och mycket mer.<\/p>\n<p data-start=\"156\" data-end=\"460\"><img fetchpriority=\"high\" decoding=\"async\" class=\" wp-image-25091 aligncenter\" src=\"https:\/\/keluvo.com\/template\/wp-content\/uploads\/sites\/5\/2025\/06\/3.webp\" alt=\"\" width=\"426\" height=\"426\" \/><\/p>\n<h2 style=\"text-align: center\" data-start=\"467\" data-end=\"488\">Huvudf\u00f6rdelar \u26a1<\/h2>\n<p data-start=\"491\" data-end=\"536\">\ud83d\udca8 Stark sugkraft med avancerad motor<\/p>\n<p data-start=\"539\" data-end=\"597\">\ud83d\udd0b L\u00e5ngvarigt 6000 mAh batteri med USB-C snabbladdning<\/p>\n<p data-start=\"600\" data-end=\"655\">\ud83c\udf00 Flera munstycken f\u00f6r alla ytor och tr\u00e5nga utrymmen<\/p>\n<p data-start=\"658\" data-end=\"717\">\ud83e\uddfc Tv\u00e4ttbart, \u00e5teranv\u00e4ndbart filter &#8211; milj\u00f6v\u00e4nligt och kostnadsbesparande<\/p>\n<p data-start=\"720\" data-end=\"780\">\ud83e\uddf3 L\u00e4tt och b\u00e4rbar &#8211; perfekt f\u00f6r hemmet, bilen eller kontoret<\/p>\n<p data-start=\"783\" data-end=\"830\">\ud83d\ude98 Tesla-liknande motorteknik f\u00f6r maximal effektivitet<\/p>\n<p><img decoding=\"async\" class=\" wp-image-25090 aligncenter\" src=\"https:\/\/keluvo.com\/template\/wp-content\/uploads\/sites\/5\/2025\/06\/6-1.webp\" alt=\"\" width=\"428\" height=\"428\" \/><\/p>\n<h2 style=\"text-align: center\" data-start=\"837\" data-end=\"856\">Anv\u00e4ndning \ud83d\udc47<\/h2>\n<ol data-start=\"857\" data-end=\"1014\">\n<li data-start=\"857\" data-end=\"884\">\n<p data-start=\"860\" data-end=\"884\">Ladda helt via USB-C.<\/p>\n<\/li>\n<li data-start=\"885\" data-end=\"911\">\n<p data-start=\"888\" data-end=\"911\">S\u00e4tt p\u00e5 och st\u00e4da upp var som helst &#8211; inga sladdar, inga begr\u00e4nsningar!<\/p>\n<\/li>\n<li data-start=\"912\" data-end=\"974\">\n<p data-start=\"915\" data-end=\"974\">Sk\u00f6lj filtret n\u00e4r du \u00e4r klar och \u00e5teranv\u00e4nd det.<\/p>\n<\/li>\n<\/ol>\n<h2 style=\"text-align: center\" data-start=\"1021\" data-end=\"1045\">Produktdetaljer \ud83d\udccb<\/h2>\n<ul data-start=\"1046\" data-end=\"1202\">\n<li data-start=\"1046\" data-end=\"1071\">\n<p data-start=\"1048\" data-end=\"1071\">R\u00e4knad sp\u00e4nning: DC 12V<\/p>\n<\/li>\n<li data-start=\"1072\" data-end=\"1087\">\n<p data-start=\"1074\" data-end=\"1087\">Effekt: 120W<\/p>\n<\/li>\n<li data-start=\"1088\" data-end=\"1107\">\n<p data-start=\"1090\" data-end=\"1107\">Laddning: USB-C<\/p>\n<\/li>\n<li data-start=\"1158\" data-end=\"1178\">\n<p data-start=\"1160\" data-end=\"1178\">Storlek: 165 \u00d7 65 mm<\/p>\n<\/li>\n<li data-start=\"1179\" data-end=\"1202\">\n<p data-start=\"1181\" data-end=\"1202\">Material: ABS-plast<\/p>\n<\/li>\n<\/ul>\n<h2 style=\"text-align: center\" data-start=\"1209\" data-end=\"1234\">Paketet Inneh\u00e5ller \ud83d\udce6<\/h2>\n<ul data-start=\"1235\" data-end=\"1336\">\n<li data-start=\"1235\" data-end=\"1265\">\n<p data-start=\"1237\" data-end=\"1265\">1x dammsugare f\u00f6r bilar<\/p>\n<\/li>\n<li data-start=\"1266\" data-end=\"1289\">\n<p data-start=\"1268\" data-end=\"1289\">3x reng\u00f6ringsmunstycken<\/p>\n<\/li>\n<li data-start=\"1290\" data-end=\"1315\">\n<p data-start=\"1292\" data-end=\"1315\">1x USB-laddningskabel<\/p>\n<\/li>\n<li data-start=\"1316\" data-end=\"1336\">\n<p data-start=\"1318\" data-end=\"1336\">1x tv\u00e4ttbart filter.<\/p>\n<\/li>\n<\/ul>\n","protected":false},"excerpt":{"rendered":"<p>Den Kompakta Reng\u00f6ringsbj\u00e4ssen Som Din Bil (Och Ditt Hem) Beh\u00f6ver! \ud83d\ude97\ud83d\udca8 Den h\u00e4r sladdl\u00f6sa dammsugaren har kraft p\u00e5 proffsniv\u00e5 i [&hellip;]<\/p>\n","protected":false},"featured_media":33102,"comment_status":"open","ping_status":"closed","template":"","meta":{"site-sidebar-layout":"default","site-content-layout":"","ast-site-content-layout":"default","site-content-style":"default","site-sidebar-style":"default","ast-global-header-display":"","ast-banner-title-visibility":"","ast-main-header-display":"","ast-hfb-above-header-display":"","ast-hfb-below-header-display":"","ast-hfb-mobile-header-display":"","site-post-title":"","ast-breadcrumbs-content":"","ast-featured-img":"","footer-sml-layout":"","theme-transparent-header-meta":"default","adv-header-id-meta":"","stick-header-meta":"","header-above-stick-meta":"","header-main-stick-meta":"","header-below-stick-meta":"","astra-migrate-meta-layouts":"set","ast-page-background-enabled":"default","ast-page-background-meta":{"desktop":{"background-color":"var(--ast-global-color-4)","background-image":"","background-repeat":"repeat","background-position":"center center","background-size":"auto","background-attachment":"scroll","background-type":"","background-media":"","overlay-type":"","overlay-color":"","overlay-opacity":"","overlay-gradient":""},"tablet":{"background-color":"","background-image":"","background-repeat":"repeat","background-position":"center center","background-size":"auto","background-attachment":"scroll","background-type":"","background-media":"","overlay-type":"","overlay-color":"","overlay-opacity":"","overlay-gradient":""},"mobile":{"background-color":"","background-image":"","background-repeat":"repeat","background-position":"center center","background-size":"auto","background-attachment":"scroll","background-type":"","background-media":"","overlay-type":"","overlay-color":"","overlay-opacity":"","overlay-gradient":""}},"ast-content-background-meta":{"desktop":{"background-color":"var(--ast-global-color-5)","background-image":"","background-repeat":"repeat","background-position":"center center","background-size":"auto","background-attachment":"scroll","background-type":"","background-media":"","overlay-type":"","overlay-color":"","overlay-opacity":"","overlay-gradient":""},"tablet":{"background-color":"var(--ast-global-color-5)","background-image":"","background-repeat":"repeat","background-position":"center center","background-size":"auto","background-attachment":"scroll","background-type":"","background-media":"","overlay-type":"","overlay-color":"","overlay-opacity":"","overlay-gradient":""},"mobile":{"background-color":"var(--ast-global-color-5)","background-image":"","background-repeat":"repeat","background-position":"center center","background-size":"auto","background-attachment":"scroll","background-type":"","background-media":"","overlay-type":"","overlay-color":"","overlay-opacity":"","overlay-gradient":""}}},"product_brand":[],"product_cat":[1001],"product_tag":[],"class_list":{"0":"post-33106","1":"product","2":"type-product","3":"status-publish","4":"has-post-thumbnail","6":"product_cat-household-goods","7":"pa_32149_f3r72yfj-gravit","8":"pa_32149_f3r72yfj-morkgron","9":"pa_32149_f3r72yfj-rosa","10":"pa_32149_f3r72yfj-svart","11":"desktop-align-left","12":"tablet-align-left","13":"mobile-align-left","15":"first","16":"instock","17":"shipping-taxable","18":"purchasable","19":"product-type-variable"},"_links":{"self":[{"href":"https:\/\/keluvo.com\/se\/wp-json\/wp\/v2\/product\/33106","targetHints":{"allow":["GET"]}}],"collection":[{"href":"https:\/\/keluvo.com\/se\/wp-json\/wp\/v2\/product"}],"about":[{"href":"https:\/\/keluvo.com\/se\/wp-json\/wp\/v2\/types\/product"}],"replies":[{"embeddable":true,"href":"https:\/\/keluvo.com\/se\/wp-json\/wp\/v2\/comments?post=33106"}],"wp:featuredmedia":[{"embeddable":true,"href":"https:\/\/keluvo.com\/se\/wp-json\/wp\/v2\/media\/33102"}],"wp:attachment":[{"href":"https:\/\/keluvo.com\/se\/wp-json\/wp\/v2\/media?parent=33106"}],"wp:term":[{"taxonomy":"product_brand","embeddable":true,"href":"https:\/\/keluvo.com\/se\/wp-json\/wp\/v2\/product_brand?post=33106"},{"taxonomy":"product_cat","embeddable":true,"href":"https:\/\/keluvo.com\/se\/wp-json\/wp\/v2\/product_cat?post=33106"},{"taxonomy":"product_tag","embeddable":true,"href":"https:\/\/keluvo.com\/se\/wp-json\/wp\/v2\/product_tag?post=33106"}],"curies":[{"name":"wp","href":"https:\/\/api.w.org\/{rel}","templated":true}]}}