{"id":32667,"date":"2025-09-15T16:24:37","date_gmt":"2025-09-15T13:24:37","guid":{"rendered":"https:\/\/keluvo.com\/se\/product\/detoxplaster\/"},"modified":"2025-09-15T16:24:37","modified_gmt":"2025-09-15T13:24:37","slug":"detoxplaster","status":"publish","type":"product","link":"https:\/\/keluvo.com\/se\/product\/detoxplaster\/","title":{"rendered":"Detoxpl\u00e5ster"},"content":{"rendered":"<p style=\"text-align: center\" data-start=\"0\" data-end=\"72\"><strong data-start=\"0\" data-end=\"70\">Detox Fotpl\u00e5ster &#8211; Reng\u00f6r Din Kropp Medan Du Sover \ud83c\udf3f<\/strong><\/p>\n<p style=\"text-align: center\" data-start=\"74\" data-end=\"317\">Vakna upp och k\u00e4nn dig l\u00e4ttare, utvilad och mer energisk med dessa naturliga detox fotpl\u00e5ster. De \u00e4r utformade f\u00f6r att dra ut gifter och f\u00f6roreningar \u00f6ver natten och st\u00f6der b\u00e4ttre s\u00f6mn, f\u00f6rb\u00e4ttrad cirkulation och \u00f6vergripande v\u00e4lbefinnande &#8211; allt medan du vilar.<\/p>\n<p data-start=\"74\" data-end=\"317\"><img decoding=\"async\" class=\"size-full wp-image-31984 aligncenter\" src=\"https:\/\/keluvo.com\/template\/wp-content\/uploads\/sites\/5\/2025\/08\/Patch.gif\" alt=\"\" \/><\/p>\n<h2 style=\"text-align: center\" data-start=\"324\" data-end=\"346\"><strong>Huvudf\u00f6rdelar<\/strong><\/h2>\n<p data-start=\"349\" data-end=\"394\">\ud83c\udf19 Fungerar medan du sover &#8211; ingen anstr\u00e4ngning beh\u00f6vs<\/p>\n<p data-start=\"397\" data-end=\"470\">\ud83c\udf43 Tillverkad med naturliga ingredienser som bambuvin\u00e4ger och ingef\u00e4raextrakt<\/p>\n<p data-start=\"473\" data-end=\"519\">\ud83d\udc86 Hj\u00e4lper till att fr\u00e4mja avslappning och djupare s\u00f6mn<\/p>\n<p data-start=\"522\" data-end=\"574\">\ud83e\ude78 St\u00f6djer cirkulation och naturlig avgiftning<\/p>\n<p data-start=\"577\" data-end=\"615\">\ud83e\uddfc Enkelt, smutsfritt och icke-invasivt<\/p>\n<p data-start=\"577\" data-end=\"615\"><img decoding=\"async\" class=\"size-full wp-image-31981 aligncenter\" src=\"https:\/\/keluvo.com\/template\/wp-content\/uploads\/sites\/5\/2025\/08\/Druga-slika-LT-2-1.jpg\" alt=\"\" \/><\/p>\n<h2 style=\"text-align: center\" data-start=\"622\" data-end=\"641\"><strong>Hur Man Anv\u00e4nder<\/strong><\/h2>\n<ol data-start=\"642\" data-end=\"892\">\n<li data-start=\"642\" data-end=\"686\">\n<p data-start=\"645\" data-end=\"686\">Reng\u00f6r och torka f\u00f6tterna f\u00f6re s\u00e4ngg\u00e5endet.<\/p>\n<\/li>\n<li data-start=\"687\" data-end=\"754\">\n<p data-start=\"690\" data-end=\"754\">Ta ut pl\u00e5stret ur f\u00f6rpackningen och dra bort limmet.<\/p>\n<\/li>\n<li data-start=\"755\" data-end=\"801\">\n<p data-start=\"758\" data-end=\"801\">Placera pl\u00e5stret p\u00e5 fotsulan.<\/p>\n<\/li>\n<li data-start=\"802\" data-end=\"845\">\n<p data-start=\"805\" data-end=\"845\">Sov med pl\u00e5stret p\u00e5 i 6-8 timmar.<\/p>\n<\/li>\n<li data-start=\"846\" data-end=\"892\">\n<p data-start=\"849\" data-end=\"892\">Ta bort p\u00e5 morgonen och tv\u00e4tta f\u00f6tterna.<\/p>\n<\/li>\n<\/ol>\n<h2 style=\"text-align: center\" data-start=\"899\" data-end=\"923\"><strong>Produktdetaljer<\/strong><\/h2>\n<ul data-start=\"924\" data-end=\"1066\">\n<li data-start=\"924\" data-end=\"959\">\n<p data-start=\"926\" data-end=\"959\">Kvantitet: 10 pl\u00e5ster<\/p>\n<\/li>\n<li data-start=\"960\" data-end=\"1040\">\n<p data-start=\"962\" data-end=\"1040\">Ingredienser: bambuvin\u00e4ger, turmalin, ingef\u00e4raextrakt, andra naturliga \u00f6rter<\/p>\n<\/li>\n<li data-start=\"1041\" data-end=\"1066\">\n<p data-start=\"1043\" data-end=\"1066\">Endast f\u00f6r utv\u00e4rtes bruk<\/p>\n<\/li>\n<\/ul>\n<h2 style=\"text-align: center\" data-start=\"1073\" data-end=\"1098\"><strong>F\u00f6rpackningen Inneh\u00e5ller<\/strong><\/h2>\n<ul data-start=\"1099\" data-end=\"1162\">\n<li data-start=\"1099\" data-end=\"1126\">\n<p data-start=\"1101\" data-end=\"1126\">10x detox fotpl\u00e5ster.<\/p>\n<\/li>\n<\/ul>\n","protected":false},"excerpt":{"rendered":"<p>Detox Fotpl\u00e5ster &#8211; Reng\u00f6r Din Kropp Medan Du Sover \ud83c\udf3f Vakna upp och k\u00e4nn dig l\u00e4ttare, utvilad och mer energisk [&hellip;]<\/p>\n","protected":false},"featured_media":32663,"comment_status":"open","ping_status":"closed","template":"","meta":{"site-sidebar-layout":"default","site-content-layout":"","ast-site-content-layout":"default","site-content-style":"default","site-sidebar-style":"default","ast-global-header-display":"","ast-banner-title-visibility":"","ast-main-header-display":"","ast-hfb-above-header-display":"","ast-hfb-below-header-display":"","ast-hfb-mobile-header-display":"","site-post-title":"","ast-breadcrumbs-content":"","ast-featured-img":"","footer-sml-layout":"","theme-transparent-header-meta":"default","adv-header-id-meta":"","stick-header-meta":"","header-above-stick-meta":"","header-main-stick-meta":"","header-below-stick-meta":"","astra-migrate-meta-layouts":"set","ast-page-background-enabled":"default","ast-page-background-meta":{"desktop":{"background-color":"var(--ast-global-color-4)","background-image":"","background-repeat":"repeat","background-position":"center center","background-size":"auto","background-attachment":"scroll","background-type":"","background-media":"","overlay-type":"","overlay-color":"","overlay-opacity":"","overlay-gradient":""},"tablet":{"background-color":"","background-image":"","background-repeat":"repeat","background-position":"center center","background-size":"auto","background-attachment":"scroll","background-type":"","background-media":"","overlay-type":"","overlay-color":"","overlay-opacity":"","overlay-gradient":""},"mobile":{"background-color":"","background-image":"","background-repeat":"repeat","background-position":"center center","background-size":"auto","background-attachment":"scroll","background-type":"","background-media":"","overlay-type":"","overlay-color":"","overlay-opacity":"","overlay-gradient":""}},"ast-content-background-meta":{"desktop":{"background-color":"var(--ast-global-color-5)","background-image":"","background-repeat":"repeat","background-position":"center center","background-size":"auto","background-attachment":"scroll","background-type":"","background-media":"","overlay-type":"","overlay-color":"","overlay-opacity":"","overlay-gradient":""},"tablet":{"background-color":"var(--ast-global-color-5)","background-image":"","background-repeat":"repeat","background-position":"center center","background-size":"auto","background-attachment":"scroll","background-type":"","background-media":"","overlay-type":"","overlay-color":"","overlay-opacity":"","overlay-gradient":""},"mobile":{"background-color":"var(--ast-global-color-5)","background-image":"","background-repeat":"repeat","background-position":"center center","background-size":"auto","background-attachment":"scroll","background-type":"","background-media":"","overlay-type":"","overlay-color":"","overlay-opacity":"","overlay-gradient":""}}},"product_brand":[],"product_cat":[991,992],"product_tag":[],"class_list":{"0":"post-32667","1":"product","2":"type-product","3":"status-publish","4":"has-post-thumbnail","6":"product_cat-health-care-supplies","7":"product_cat-beauty-and-hygiene-products","8":"desktop-align-left","9":"tablet-align-left","10":"mobile-align-left","12":"first","13":"instock","14":"shipping-taxable","15":"purchasable","16":"product-type-simple"},"_links":{"self":[{"href":"https:\/\/keluvo.com\/se\/wp-json\/wp\/v2\/product\/32667","targetHints":{"allow":["GET"]}}],"collection":[{"href":"https:\/\/keluvo.com\/se\/wp-json\/wp\/v2\/product"}],"about":[{"href":"https:\/\/keluvo.com\/se\/wp-json\/wp\/v2\/types\/product"}],"replies":[{"embeddable":true,"href":"https:\/\/keluvo.com\/se\/wp-json\/wp\/v2\/comments?post=32667"}],"wp:featuredmedia":[{"embeddable":true,"href":"https:\/\/keluvo.com\/se\/wp-json\/wp\/v2\/media\/32663"}],"wp:attachment":[{"href":"https:\/\/keluvo.com\/se\/wp-json\/wp\/v2\/media?parent=32667"}],"wp:term":[{"taxonomy":"product_brand","embeddable":true,"href":"https:\/\/keluvo.com\/se\/wp-json\/wp\/v2\/product_brand?post=32667"},{"taxonomy":"product_cat","embeddable":true,"href":"https:\/\/keluvo.com\/se\/wp-json\/wp\/v2\/product_cat?post=32667"},{"taxonomy":"product_tag","embeddable":true,"href":"https:\/\/keluvo.com\/se\/wp-json\/wp\/v2\/product_tag?post=32667"}],"curies":[{"name":"wp","href":"https:\/\/api.w.org\/{rel}","templated":true}]}}