{"id":32610,"date":"2025-09-15T16:22:22","date_gmt":"2025-09-15T13:22:22","guid":{"rendered":"https:\/\/keluvo.com\/se\/product\/penna-for-borttagning-av-repor\/"},"modified":"2025-10-20T16:19:42","modified_gmt":"2025-10-20T13:19:42","slug":"penna-for-borttagning-av-repor","status":"publish","type":"product","link":"https:\/\/keluvo.com\/se\/product\/penna-for-borttagning-av-repor\/","title":{"rendered":"Penna f\u00f6r borttagning av repor"},"content":{"rendered":"<p style=\"text-align: center;\" data-start=\"88\" data-end=\"127\">\ud83d\ude97 S\u00e4g adj\u00f6 till repor p\u00e5 n\u00e5gra sekunder!<\/p>\n<p style=\"text-align: center;\" data-start=\"129\" data-end=\"260\">Denna penna f\u00f6r borttagning av bilrepor hj\u00e4lper dig att snabbt t\u00e4cka \u00f6ver l\u00e4tta repor, repor och f\u00e4rgm\u00e4rken &#8211; utan en resa till bilverkstaden!<\/p>\n<p data-start=\"129\" data-end=\"260\"><img decoding=\"async\" class=\"size-full wp-image-28562 aligncenter\" src=\"https:\/\/keluvo.com\/template\/wp-content\/uploads\/sites\/5\/2025\/07\/da761849630cafdb8566d3da1025336c70e1d297.webp\" alt=\"\" \/><\/p>\n<h2 style=\"text-align: center;\" data-start=\"262\" data-end=\"282\">\u2705 Huvudf\u00f6rdelar<\/h2>\n<p data-start=\"285\" data-end=\"339\">\ud83c\udfa8 Finns i 8 f\u00e4rger f\u00f6r att matcha din billack perfekt<\/p>\n<p data-start=\"342\" data-end=\"398\">\ud83d\udd8a\ufe0f L\u00e4ttanv\u00e4nd penndesign &#8211; bara applicera och l\u00e5t torka<\/p>\n<p data-start=\"401\" data-end=\"464\">\ud83d\udcaa H\u00f6gkvalitativ formula f\u00f6r en l\u00e5ngvarig, vattent\u00e4t reparation<\/p>\n<p data-start=\"467\" data-end=\"523\">\ud83e\uddfd T\u00e4cker lackskador och skadade mindre ytor<\/p>\n<p data-start=\"526\" data-end=\"567\">\ud83d\udee1\ufe0f S\u00e4ker f\u00f6r alla lacker och ytskikt<\/p>\n<p data-start=\"526\" data-end=\"567\"><img decoding=\"async\" class=\"size-full wp-image-28561 aligncenter\" src=\"https:\/\/keluvo.com\/template\/wp-content\/uploads\/sites\/5\/2025\/07\/9_800x_7a9ced30-30d2-49a2-82ea-61d9eec1ac1b.webp\" alt=\"\" \/><\/p>\n<h2 style=\"text-align: center;\" data-start=\"569\" data-end=\"588\">\ud83d\udee0\ufe0f S\u00e5 h\u00e4r g\u00f6r du<\/h2>\n<ol data-start=\"589\" data-end=\"717\">\n<li data-start=\"589\" data-end=\"634\">\n<p data-start=\"592\" data-end=\"634\">Reng\u00f6r det repade omr\u00e5det och l\u00e5t det torka.<\/p>\n<\/li>\n<li data-start=\"635\" data-end=\"684\">\n<p data-start=\"638\" data-end=\"684\">Skaka pennan och applicera l\u00f6sningen j\u00e4mnt.<\/p>\n<\/li>\n<li data-start=\"685\" data-end=\"717\">\n<p data-start=\"688\" data-end=\"717\">L\u00e5t det torka helt &#8211; klart!<\/p>\n<\/li>\n<\/ol>\n<h2 style=\"text-align: center;\" data-start=\"719\" data-end=\"742\">\ud83d\udccf Produktdetaljer<\/h2>\n<ul data-start=\"743\" data-end=\"872\">\n<li data-start=\"743\" data-end=\"760\">\n<p data-start=\"745\" data-end=\"760\">Volym: 12 ml<\/p>\n<\/li>\n<li data-start=\"761\" data-end=\"811\">\n<p data-start=\"763\" data-end=\"811\">Sprayyta: 0,08 m\u00b2 (ungef\u00e4r lika stor som en handflata)<\/p>\n<\/li>\n<li data-start=\"812\" data-end=\"835\">\n<p data-start=\"814\" data-end=\"835\">H\u00e5llbarhet: 3 \u00e5r<\/p>\n<\/li>\n<li data-start=\"836\" data-end=\"872\">\n<p data-start=\"838\" data-end=\"872\">Komposition: F\u00e4rg\u00e4mne + organiskt l\u00f6sningsmedel<\/p>\n<\/li>\n<\/ul>\n<h2 style=\"text-align: center;\" data-start=\"874\" data-end=\"898\">\ud83d\udce6 F\u00f6rpackningen inneh\u00e5ller<\/h2>\n<ul data-start=\"899\" data-end=\"945\">\n<li data-start=\"899\" data-end=\"945\">\n<p data-start=\"901\" data-end=\"945\">1, 2, 4x repborttagningspenna.<\/p>\n<\/li>\n<\/ul>\n","protected":false},"excerpt":{"rendered":"<p>\ud83d\ude97 S\u00e4g adj\u00f6 till repor p\u00e5 n\u00e5gra sekunder! Denna penna f\u00f6r borttagning av bilrepor hj\u00e4lper dig att snabbt t\u00e4cka \u00f6ver [&hellip;]<\/p>\n","protected":false},"featured_media":32606,"comment_status":"open","ping_status":"closed","template":"","meta":{"site-sidebar-layout":"default","site-content-layout":"","ast-site-content-layout":"default","site-content-style":"default","site-sidebar-style":"default","ast-global-header-display":"","ast-banner-title-visibility":"","ast-main-header-display":"","ast-hfb-above-header-display":"","ast-hfb-below-header-display":"","ast-hfb-mobile-header-display":"","site-post-title":"","ast-breadcrumbs-content":"","ast-featured-img":"","footer-sml-layout":"","theme-transparent-header-meta":"default","adv-header-id-meta":"","stick-header-meta":"","header-above-stick-meta":"","header-main-stick-meta":"","header-below-stick-meta":"","astra-migrate-meta-layouts":"set","ast-page-background-enabled":"default","ast-page-background-meta":{"desktop":{"background-color":"var(--ast-global-color-4)","background-image":"","background-repeat":"repeat","background-position":"center center","background-size":"auto","background-attachment":"scroll","background-type":"","background-media":"","overlay-type":"","overlay-color":"","overlay-opacity":"","overlay-gradient":""},"tablet":{"background-color":"","background-image":"","background-repeat":"repeat","background-position":"center center","background-size":"auto","background-attachment":"scroll","background-type":"","background-media":"","overlay-type":"","overlay-color":"","overlay-opacity":"","overlay-gradient":""},"mobile":{"background-color":"","background-image":"","background-repeat":"repeat","background-position":"center center","background-size":"auto","background-attachment":"scroll","background-type":"","background-media":"","overlay-type":"","overlay-color":"","overlay-opacity":"","overlay-gradient":""}},"ast-content-background-meta":{"desktop":{"background-color":"var(--ast-global-color-5)","background-image":"","background-repeat":"repeat","background-position":"center center","background-size":"auto","background-attachment":"scroll","background-type":"","background-media":"","overlay-type":"","overlay-color":"","overlay-opacity":"","overlay-gradient":""},"tablet":{"background-color":"var(--ast-global-color-5)","background-image":"","background-repeat":"repeat","background-position":"center center","background-size":"auto","background-attachment":"scroll","background-type":"","background-media":"","overlay-type":"","overlay-color":"","overlay-opacity":"","overlay-gradient":""},"mobile":{"background-color":"var(--ast-global-color-5)","background-image":"","background-repeat":"repeat","background-position":"center center","background-size":"auto","background-attachment":"scroll","background-type":"","background-media":"","overlay-type":"","overlay-color":"","overlay-opacity":"","overlay-gradient":""}}},"product_brand":[],"product_cat":[998],"product_tag":[],"class_list":{"0":"post-32610","1":"product","2":"type-product","3":"status-publish","4":"has-post-thumbnail","6":"product_cat-automotive-products","7":"pa_40071_6azmozo9-bla","8":"pa_40071_6azmozo9-champagne-guld","9":"pa_40071_6azmozo9-parlvit","10":"pa_40071_6azmozo9-rod","11":"pa_40071_6azmozo9-silver","12":"pa_40071_6azmozo9-silvergra","13":"pa_40071_6azmozo9-svart","14":"pa_40071_6azmozo9-vit","15":"pa_40071_8x294urx-1-st","16":"pa_40071_8x294urx-2-st","17":"pa_40071_8x294urx-4-st","18":"desktop-align-left","19":"tablet-align-left","20":"mobile-align-left","22":"first","23":"instock","24":"shipping-taxable","25":"purchasable","26":"product-type-variable","27":"has-default-attributes"},"_links":{"self":[{"href":"https:\/\/keluvo.com\/se\/wp-json\/wp\/v2\/product\/32610","targetHints":{"allow":["GET"]}}],"collection":[{"href":"https:\/\/keluvo.com\/se\/wp-json\/wp\/v2\/product"}],"about":[{"href":"https:\/\/keluvo.com\/se\/wp-json\/wp\/v2\/types\/product"}],"replies":[{"embeddable":true,"href":"https:\/\/keluvo.com\/se\/wp-json\/wp\/v2\/comments?post=32610"}],"wp:featuredmedia":[{"embeddable":true,"href":"https:\/\/keluvo.com\/se\/wp-json\/wp\/v2\/media\/32606"}],"wp:attachment":[{"href":"https:\/\/keluvo.com\/se\/wp-json\/wp\/v2\/media?parent=32610"}],"wp:term":[{"taxonomy":"product_brand","embeddable":true,"href":"https:\/\/keluvo.com\/se\/wp-json\/wp\/v2\/product_brand?post=32610"},{"taxonomy":"product_cat","embeddable":true,"href":"https:\/\/keluvo.com\/se\/wp-json\/wp\/v2\/product_cat?post=32610"},{"taxonomy":"product_tag","embeddable":true,"href":"https:\/\/keluvo.com\/se\/wp-json\/wp\/v2\/product_tag?post=32610"}],"curies":[{"name":"wp","href":"https:\/\/api.w.org\/{rel}","templated":true}]}}