{"id":32597,"date":"2025-09-15T16:21:10","date_gmt":"2025-09-15T13:21:10","guid":{"rendered":"https:\/\/keluvo.com\/se\/product\/fixeringsanordningar-for-grenar\/"},"modified":"2025-09-15T16:21:16","modified_gmt":"2025-09-15T13:21:16","slug":"fixeringsanordningar-for-grenar","status":"publish","type":"product","link":"https:\/\/keluvo.com\/se\/product\/fixeringsanordningar-for-grenar\/","title":{"rendered":"Fixeringsanordningar f\u00f6r grenar"},"content":{"rendered":"<p style=\"text-align: center\" data-start=\"91\" data-end=\"147\"><strong>\ud83c\udf33 Hj\u00e4lp Dina Tr\u00e4d Att V\u00e4xa Sig Starka, Snygga Och Fulla Av Frukt!<\/strong><\/p>\n<p style=\"text-align: center\" data-start=\"149\" data-end=\"401\">Grenfixatorer separerar f\u00f6rsiktigt sammanfl\u00e4tade grenar f\u00f6r att ge dina v\u00e4xter mer utrymme att andas, blomma och v\u00e4xa produktivt. Oavsett om du arbetar med frukttr\u00e4d, krukv\u00e4xter eller buskar &#8211; dessa kl\u00e4mmor \u00f6kar tillv\u00e4xten och h\u00e5ller allt snyggt.<\/p>\n<p data-start=\"149\" data-end=\"401\"><img decoding=\"async\" class=\"size-full wp-image-28251 aligncenter\" src=\"https:\/\/keluvo.com\/template\/wp-content\/uploads\/sites\/5\/2025\/07\/GIF2_b7bdda47-5aa9-4044-ad9d-6a098b5ca6e8_480x480.webp\" alt=\"\" \/><\/p>\n<h2 style=\"text-align: center\" data-start=\"403\" data-end=\"424\">\ud83c\udf4e Huvudf\u00f6rdelar<\/h2>\n<p data-start=\"427\" data-end=\"483\">\ud83c\udf3f Separerar trassliga grenar f\u00f6r b\u00e4ttre luft och ljus<\/p>\n<p data-start=\"486\" data-end=\"532\">\ud83c\udf51 F\u00f6rb\u00e4ttrar frukt- och blomningspotentialen<\/p>\n<p data-start=\"535\" data-end=\"591\">\ud83e\uddf9 H\u00e5ller tr\u00e4d och v\u00e4xter snygga och symmetriska<\/p>\n<p data-start=\"594\" data-end=\"644\">\ud83e\udeb4 L\u00e4mplig f\u00f6r tr\u00e4d, buskar och krukv\u00e4xter<\/p>\n<p data-start=\"647\" data-end=\"677\">\ud83d\udee0\ufe0f L\u00e4tt att applicera och justera<\/p>\n<p data-start=\"647\" data-end=\"677\"><img decoding=\"async\" class=\"size-full wp-image-28252 aligncenter\" src=\"https:\/\/keluvo.com\/template\/wp-content\/uploads\/sites\/5\/2025\/07\/GIF1_518c5163-04c4-4b8e-8f1e-e2aec572cebb_480x480.webp\" alt=\"\" \/><\/p>\n<h2 style=\"text-align: center\" data-start=\"679\" data-end=\"697\">\ud83d\udccc Hur Man Anv\u00e4nder<\/h2>\n<ol data-start=\"698\" data-end=\"858\">\n<li data-start=\"698\" data-end=\"743\">\n<p data-start=\"701\" data-end=\"743\">Identifiera trassliga eller \u00f6verlappande grenar.<\/p>\n<\/li>\n<li data-start=\"744\" data-end=\"805\">\n<p data-start=\"747\" data-end=\"805\">Kl\u00e4m f\u00f6rsiktigt fast kl\u00e4mman f\u00f6r att separera och h\u00e5lla dem p\u00e5 plats.<\/p>\n<\/li>\n<li data-start=\"806\" data-end=\"858\">\n<p data-start=\"809\" data-end=\"858\">Se dina v\u00e4xter v\u00e4xa j\u00e4mnare och friskare!<\/p>\n<\/li>\n<\/ol>\n<h2 style=\"text-align: center\" data-start=\"860\" data-end=\"883\">\ud83d\udcd0 Produktdetaljer<\/h2>\n<ul data-start=\"884\" data-end=\"970\">\n<li data-start=\"884\" data-end=\"903\">\n<p data-start=\"886\" data-end=\"903\">Material: metall<\/p>\n<\/li>\n<li data-start=\"904\" data-end=\"935\">\n<p data-start=\"906\" data-end=\"935\">Kvantitet: 20 eller 40 <span style=\"font-size: 16px\">stycken<\/span> per upps\u00e4ttning<\/p>\n<\/li>\n<li data-start=\"936\" data-end=\"970\">\n<p data-start=\"938\" data-end=\"970\">\u00c5teranv\u00e4ndbar och v\u00e4derbest\u00e4ndig<\/p>\n<\/li>\n<\/ul>\n<h2 style=\"text-align: center\" data-start=\"972\" data-end=\"996\">\ud83d\udce6 Paketet Inneh\u00e5ller<\/h2>\n<ul data-start=\"997\" data-end=\"1034\">\n<li data-start=\"997\" data-end=\"1034\">\n<p data-start=\"999\" data-end=\"1034\">20, 40x grenfixatorer.<\/p>\n<\/li>\n<\/ul>\n","protected":false},"excerpt":{"rendered":"<p>\ud83c\udf33 Hj\u00e4lp Dina Tr\u00e4d Att V\u00e4xa Sig Starka, Snygga Och Fulla Av Frukt! Grenfixatorer separerar f\u00f6rsiktigt sammanfl\u00e4tade grenar f\u00f6r att [&hellip;]<\/p>\n","protected":false},"featured_media":32593,"comment_status":"open","ping_status":"closed","template":"","meta":{"site-sidebar-layout":"default","site-content-layout":"","ast-site-content-layout":"default","site-content-style":"default","site-sidebar-style":"default","ast-global-header-display":"","ast-banner-title-visibility":"","ast-main-header-display":"","ast-hfb-above-header-display":"","ast-hfb-below-header-display":"","ast-hfb-mobile-header-display":"","site-post-title":"","ast-breadcrumbs-content":"","ast-featured-img":"","footer-sml-layout":"","theme-transparent-header-meta":"default","adv-header-id-meta":"","stick-header-meta":"","header-above-stick-meta":"","header-main-stick-meta":"","header-below-stick-meta":"","astra-migrate-meta-layouts":"set","ast-page-background-enabled":"default","ast-page-background-meta":{"desktop":{"background-color":"var(--ast-global-color-4)","background-image":"","background-repeat":"repeat","background-position":"center center","background-size":"auto","background-attachment":"scroll","background-type":"","background-media":"","overlay-type":"","overlay-color":"","overlay-opacity":"","overlay-gradient":""},"tablet":{"background-color":"","background-image":"","background-repeat":"repeat","background-position":"center center","background-size":"auto","background-attachment":"scroll","background-type":"","background-media":"","overlay-type":"","overlay-color":"","overlay-opacity":"","overlay-gradient":""},"mobile":{"background-color":"","background-image":"","background-repeat":"repeat","background-position":"center center","background-size":"auto","background-attachment":"scroll","background-type":"","background-media":"","overlay-type":"","overlay-color":"","overlay-opacity":"","overlay-gradient":""}},"ast-content-background-meta":{"desktop":{"background-color":"var(--ast-global-color-5)","background-image":"","background-repeat":"repeat","background-position":"center center","background-size":"auto","background-attachment":"scroll","background-type":"","background-media":"","overlay-type":"","overlay-color":"","overlay-opacity":"","overlay-gradient":""},"tablet":{"background-color":"var(--ast-global-color-5)","background-image":"","background-repeat":"repeat","background-position":"center center","background-size":"auto","background-attachment":"scroll","background-type":"","background-media":"","overlay-type":"","overlay-color":"","overlay-opacity":"","overlay-gradient":""},"mobile":{"background-color":"var(--ast-global-color-5)","background-image":"","background-repeat":"repeat","background-position":"center center","background-size":"auto","background-attachment":"scroll","background-type":"","background-media":"","overlay-type":"","overlay-color":"","overlay-opacity":"","overlay-gradient":""}}},"product_brand":[],"product_cat":[1001],"product_tag":[],"class_list":{"0":"post-32597","1":"product","2":"type-product","3":"status-publish","4":"has-post-thumbnail","6":"product_cat-household-goods","7":"pa_19352_2yili5ah-20-st","8":"pa_19352_2yili5ah-40-st","9":"desktop-align-left","10":"tablet-align-left","11":"mobile-align-left","13":"first","14":"instock","15":"shipping-taxable","16":"purchasable","17":"product-type-variable"},"_links":{"self":[{"href":"https:\/\/keluvo.com\/se\/wp-json\/wp\/v2\/product\/32597","targetHints":{"allow":["GET"]}}],"collection":[{"href":"https:\/\/keluvo.com\/se\/wp-json\/wp\/v2\/product"}],"about":[{"href":"https:\/\/keluvo.com\/se\/wp-json\/wp\/v2\/types\/product"}],"replies":[{"embeddable":true,"href":"https:\/\/keluvo.com\/se\/wp-json\/wp\/v2\/comments?post=32597"}],"wp:featuredmedia":[{"embeddable":true,"href":"https:\/\/keluvo.com\/se\/wp-json\/wp\/v2\/media\/32593"}],"wp:attachment":[{"href":"https:\/\/keluvo.com\/se\/wp-json\/wp\/v2\/media?parent=32597"}],"wp:term":[{"taxonomy":"product_brand","embeddable":true,"href":"https:\/\/keluvo.com\/se\/wp-json\/wp\/v2\/product_brand?post=32597"},{"taxonomy":"product_cat","embeddable":true,"href":"https:\/\/keluvo.com\/se\/wp-json\/wp\/v2\/product_cat?post=32597"},{"taxonomy":"product_tag","embeddable":true,"href":"https:\/\/keluvo.com\/se\/wp-json\/wp\/v2\/product_tag?post=32597"}],"curies":[{"name":"wp","href":"https:\/\/api.w.org\/{rel}","templated":true}]}}