{"id":32202,"date":"2025-09-15T10:41:09","date_gmt":"2025-09-15T07:41:09","guid":{"rendered":"https:\/\/keluvo.com\/se\/product\/fagelmatare\/"},"modified":"2025-09-15T10:41:16","modified_gmt":"2025-09-15T07:41:16","slug":"fagelmatare","status":"publish","type":"product","link":"https:\/\/keluvo.com\/se\/product\/fagelmatare\/","title":{"rendered":"F\u00e5gelmatare"},"content":{"rendered":"<p style=\"text-align: center\"><strong>Se f\u00e5glar p\u00e5 n\u00e4ra h\u00e5ll \u2014 direkt fr\u00e5n ditt f\u00f6nster!<\/strong><\/p>\n<p style=\"text-align: center\"><span style=\"font-weight: 400\">Njut av naturens sk\u00f6nhet med denna f\u00f6nstermonterade f\u00e5gelmatare. Den \u00e4r utformad f\u00f6r enkel installation och daglig f\u00e5gelsk\u00e5dning och f\u00e4sts s\u00e4kert i f\u00f6nstret s\u00e5 att du f\u00e5r fri sikt \u00f6ver dina fj\u00e4derbekl\u00e4dda g\u00e4ster. F\u00e5gelmataren \u00e4r tillverkad av klar akryl med starka sugkoppar och en halkfri matta och \u00e4r s\u00e4ker, bekv\u00e4m och l\u00e4tt att reng\u00f6ra. Den \u00e4r perfekt f\u00f6r hem, uteplatser, tr\u00e4dg\u00e5rdar och g\u00e5rdar &#8211; och ger f\u00e5glarnas fridfulla charm direkt till ditt f\u00f6nster.<\/span><\/p>\n<p><img decoding=\"async\" class=\"alignnone size-full wp-image-21889 aligncenter\" src=\"https:\/\/keluvo.com\/template\/wp-content\/uploads\/sites\/5\/2025\/05\/Birdfeeder-ezgif.com-video-to-webp-converter.webp\" alt=\"\" \/><\/p>\n<h2 style=\"text-align: center\"><strong>Huvudf\u00f6rdelar<\/strong><\/h2>\n<p><span style=\"font-weight: 400\">\ud83e\ude9f <\/span><b>F\u00f6nstermonteringsdesign<\/b><span style=\"font-weight: 400\"> \u2013 F\u00e5gelsk\u00e5dning fr\u00e5n bekv\u00e4mligheten i ditt hem.<\/span><\/p>\n<p><span style=\"font-weight: 400\">\ud83e\uddfd <\/span><b>L\u00e4tt att reng\u00f6ra<\/b><span style=\"font-weight: 400\"> \u2013 Torka bara av med en fuktig handduk f\u00f6r snabbt underh\u00e5ll.<\/span><\/p>\n<p><span style=\"font-weight: 400\">\ud83d\udc26 <\/span><b>F\u00e5gels\u00e4kra funktioner<\/b><span style=\"font-weight: 400\"> \u2013 Rymlig med en halkfri matta f\u00f6r s\u00e4ker matning<\/span><\/p>\n<p><span style=\"font-weight: 400\">\ud83d\udd12 <\/span><b>Starka sugkoppar<\/b><span style=\"font-weight: 400\"> \u2013 H\u00e5ller sig ordentligt p\u00e5 plats, regn eller solsken.<\/span><\/p>\n<p><span style=\"font-weight: 400\">\ud83c\udf33 <\/span><b>Passar alla utomhusmilj\u00f6er<\/b><span style=\"font-weight: 400\"> \u2013 Perfekt f\u00f6r tr\u00e4dg\u00e5rdar, uteplatser, g\u00e5rdar och balkonger.<\/span><\/p>\n<p><img decoding=\"async\" class=\"alignnone size-full wp-image-21883 aligncenter\" src=\"https:\/\/keluvo.com\/template\/wp-content\/uploads\/sites\/5\/2025\/05\/c0332804-7707-4690-a43c-8e6625c8bd6e.webp.webp\" alt=\"\" \/><\/p>\n<h2 style=\"text-align: center\"><strong>Hur man anv\u00e4nder<\/strong><\/h2>\n<ol>\n<li style=\"font-weight: 400\"><span style=\"font-weight: 400\">Diskar av f\u00f6nsterytan ordentligt.<\/span><span style=\"font-weight: 400\"><br \/>\n<\/span><\/li>\n<li style=\"font-weight: 400\"><span style=\"font-weight: 400\">Tryck fast sugkopparna ordentligt p\u00e5 glaset.<\/span><span style=\"font-weight: 400\"><br \/>\n<\/span><\/li>\n<li style=\"font-weight: 400\"><span style=\"font-weight: 400\">Fyll mataren med f\u00e5gelfr\u00f6n eller godis.<\/span><span style=\"font-weight: 400\"><br \/>\n<\/span><\/li>\n<li style=\"font-weight: 400\"><span style=\"font-weight: 400\">Luta dig tillbaka och njut av att se f\u00e5glarna komma p\u00e5 bes\u00f6k och mata!<\/span><span style=\"font-weight: 400\"><br \/>\n<\/span><\/li>\n<\/ol>\n<h2 style=\"text-align: center\"><strong>Produktdetaljer<\/strong><\/h2>\n<ul>\n<li style=\"font-weight: 400\"><span style=\"font-weight: 400\">Material: Klar akryl<\/span><span style=\"font-weight: 400\"><br \/>\n<\/span><\/li>\n<li style=\"font-weight: 400\"><span style=\"font-weight: 400\">Funktioner: Halkfri matta, s\u00e4kra sugkoppar, l\u00e4ttrengjord yta<\/span><span style=\"font-weight: 400\"><br \/>\n<\/span><\/li>\n<li style=\"font-weight: 400\"><span style=\"font-weight: 400\">Anv\u00e4ndning: Hem, uteplats, tr\u00e4dg\u00e5rd, utomhus eller g\u00e5rd<\/span><span style=\"font-weight: 400\"><br \/>\n<\/span><\/li>\n<\/ul>\n<h2 style=\"text-align: center\"><strong>Paketet inneh\u00e5ller<\/strong><\/h2>\n<ul>\n<li style=\"font-weight: 400\"><span style=\"font-weight: 400\">1x f\u00e5gelmatare.<\/span><\/li>\n<\/ul>\n","protected":false},"excerpt":{"rendered":"<p>Se f\u00e5glar p\u00e5 n\u00e4ra h\u00e5ll \u2014 direkt fr\u00e5n ditt f\u00f6nster! Njut av naturens sk\u00f6nhet med denna f\u00f6nstermonterade f\u00e5gelmatare. Den \u00e4r [&hellip;]<\/p>\n","protected":false},"featured_media":32198,"comment_status":"open","ping_status":"closed","template":"","meta":{"site-sidebar-layout":"default","site-content-layout":"","ast-site-content-layout":"default","site-content-style":"default","site-sidebar-style":"default","ast-global-header-display":"","ast-banner-title-visibility":"","ast-main-header-display":"","ast-hfb-above-header-display":"","ast-hfb-below-header-display":"","ast-hfb-mobile-header-display":"","site-post-title":"","ast-breadcrumbs-content":"","ast-featured-img":"","footer-sml-layout":"","theme-transparent-header-meta":"default","adv-header-id-meta":"","stick-header-meta":"","header-above-stick-meta":"","header-main-stick-meta":"","header-below-stick-meta":"","astra-migrate-meta-layouts":"set","ast-page-background-enabled":"default","ast-page-background-meta":{"desktop":{"background-color":"var(--ast-global-color-4)","background-image":"","background-repeat":"repeat","background-position":"center center","background-size":"auto","background-attachment":"scroll","background-type":"","background-media":"","overlay-type":"","overlay-color":"","overlay-opacity":"","overlay-gradient":""},"tablet":{"background-color":"","background-image":"","background-repeat":"repeat","background-position":"center center","background-size":"auto","background-attachment":"scroll","background-type":"","background-media":"","overlay-type":"","overlay-color":"","overlay-opacity":"","overlay-gradient":""},"mobile":{"background-color":"","background-image":"","background-repeat":"repeat","background-position":"center center","background-size":"auto","background-attachment":"scroll","background-type":"","background-media":"","overlay-type":"","overlay-color":"","overlay-opacity":"","overlay-gradient":""}},"ast-content-background-meta":{"desktop":{"background-color":"var(--ast-global-color-5)","background-image":"","background-repeat":"repeat","background-position":"center center","background-size":"auto","background-attachment":"scroll","background-type":"","background-media":"","overlay-type":"","overlay-color":"","overlay-opacity":"","overlay-gradient":""},"tablet":{"background-color":"var(--ast-global-color-5)","background-image":"","background-repeat":"repeat","background-position":"center center","background-size":"auto","background-attachment":"scroll","background-type":"","background-media":"","overlay-type":"","overlay-color":"","overlay-opacity":"","overlay-gradient":""},"mobile":{"background-color":"var(--ast-global-color-5)","background-image":"","background-repeat":"repeat","background-position":"center center","background-size":"auto","background-attachment":"scroll","background-type":"","background-media":"","overlay-type":"","overlay-color":"","overlay-opacity":"","overlay-gradient":""}}},"product_brand":[],"product_cat":[1001,1000],"product_tag":[],"class_list":{"0":"post-32202","1":"product","2":"type-product","3":"status-publish","4":"has-post-thumbnail","6":"product_cat-household-goods","7":"product_cat-hiking-camping-and-leisure-goods","8":"pa_18596_twfwl07x-s","9":"pa_18596_twfwl07x-m","10":"pa_18596_twfwl07x-l","11":"desktop-align-left","12":"tablet-align-left","13":"mobile-align-left","15":"first","16":"instock","17":"shipping-taxable","18":"purchasable","19":"product-type-variable"},"_links":{"self":[{"href":"https:\/\/keluvo.com\/se\/wp-json\/wp\/v2\/product\/32202","targetHints":{"allow":["GET"]}}],"collection":[{"href":"https:\/\/keluvo.com\/se\/wp-json\/wp\/v2\/product"}],"about":[{"href":"https:\/\/keluvo.com\/se\/wp-json\/wp\/v2\/types\/product"}],"replies":[{"embeddable":true,"href":"https:\/\/keluvo.com\/se\/wp-json\/wp\/v2\/comments?post=32202"}],"wp:featuredmedia":[{"embeddable":true,"href":"https:\/\/keluvo.com\/se\/wp-json\/wp\/v2\/media\/32198"}],"wp:attachment":[{"href":"https:\/\/keluvo.com\/se\/wp-json\/wp\/v2\/media?parent=32202"}],"wp:term":[{"taxonomy":"product_brand","embeddable":true,"href":"https:\/\/keluvo.com\/se\/wp-json\/wp\/v2\/product_brand?post=32202"},{"taxonomy":"product_cat","embeddable":true,"href":"https:\/\/keluvo.com\/se\/wp-json\/wp\/v2\/product_cat?post=32202"},{"taxonomy":"product_tag","embeddable":true,"href":"https:\/\/keluvo.com\/se\/wp-json\/wp\/v2\/product_tag?post=32202"}],"curies":[{"name":"wp","href":"https:\/\/api.w.org\/{rel}","templated":true}]}}