{"id":32140,"date":"2025-09-15T10:36:28","date_gmt":"2025-09-15T07:36:28","guid":{"rendered":"https:\/\/keluvo.com\/se\/product\/knivbalte\/"},"modified":"2025-09-30T11:19:06","modified_gmt":"2025-09-30T08:19:06","slug":"knivbalte","status":"publish","type":"product","link":"https:\/\/keluvo.com\/se\/product\/knivbalte\/","title":{"rendered":"Knivb\u00e4lte"},"content":{"rendered":"<p style=\"text-align: center\"><strong>\u00a0B\u00e4lte Med Dold Kniv!<\/strong><\/p>\n<p style=\"text-align: center\">Detta b\u00e4lte h\u00e5ller din kniv n\u00e4ra till hands var du \u00e4n \u00e4r!<\/p>\n<p><img decoding=\"async\" class=\"size-full wp-image-22128 aligncenter\" src=\"https:\/\/keluvo.com\/template\/wp-content\/uploads\/sites\/5\/2025\/05\/knifeee-ezgif.com-video-to-webp-converter.webp\" alt=\"\" \/><\/p>\n<p><b>\u2713 Dold kniv \u2013 <\/b><span style=\"font-weight: 400\">Sp\u00e4nnet har en dold kniv, s\u00e5 att du \u00e4r redo f\u00f6r allt som kommer i din v\u00e4g.<\/span><\/p>\n<p><b>\u2713 Slitstarkt blad \u2013 <\/b><span style=\"font-weight: 400\">Tillverkat av rostfritt st\u00e5l, det \u00e4r slitstarkt och h\u00e5ller sig vasst f\u00f6r dagliga uppgifter.<\/span><\/p>\n<p><b>\u2713 Starkt \u2013 <\/b><span style=\"font-weight: 400\">Tillverkat av 100 % \u00e4kta l\u00e4der, detta b\u00e4lte \u00e4r byggt f\u00f6r att h\u00e5lla. Det \u00e4r vattenavvisande och st\u00e5r emot repor och slitage.<\/span><\/p>\n<p><b>\u2713 M\u00e5ngsidigt \u2013 <\/b><span style=\"font-weight: 400\">Perfekt f\u00f6r utomhusaktiviteter, camping eller bara vardagsbruk<\/span><b>.<\/b><\/p>\n<p><b>\u2713 I\u00f6gonfallande \u2013 <\/b><span style=\"font-weight: 400\">Koskalledesignen \u00e4r sl\u00e5ende och representerar styrka och sj\u00e4lvf\u00f6rtroende.<\/span><\/p>\n<p><b>\u2713 Justerbart \u2013 <\/b><span style=\"font-weight: 400\">Med ett sp\u00e4nne p\u00e5 7,6 x 6 cm och en rem p\u00e5 120 cm passar det de flesta bekv\u00e4mt.<\/span><\/p>\n<p><img decoding=\"async\" class=\"size-full wp-image-22129 aligncenter\" src=\"https:\/\/keluvo.com\/template\/wp-content\/uploads\/sites\/5\/2025\/05\/8c21ea35-9710-47bc-8d02-24a5b96ed4cb.webp\" alt=\"\" \/><\/p>\n<h2 style=\"text-align: center\">Perfekt F\u00f6r Utomhusaktiviteter, Lantliv Eller Daglig Anv\u00e4ndning!<\/h2>\n<p style=\"text-align: center\"><span style=\"font-weight: 400\">Att ha en kniv till hands kan vara anv\u00e4ndbart, s\u00e4rskilt ute i naturen. <\/span><span style=\"font-weight: 400\">V\u00e5rt snygga b\u00e4ltessp\u00e4nne inneh\u00e5ller en dold kniv, s\u00e5 att du alltid \u00e4r beredd p\u00e5 \u00f6verraskningar. Det robusta bladet h\u00e5ller sig vasst under l\u00e5ng tid. <\/span><span style=\"font-weight: 400\">Det h\u00e4r b\u00e4ltet \u00e4r tillverkat av \u00e4kta l\u00e4der och \u00e4r t\u00e5ligt och kan hantera v\u00e4der och vind och dagligt slitage. <\/span><span style=\"font-weight: 400\">Oavsett om det \u00e4r f\u00f6r vardagsbruk eller utomhus\u00e4ventyr \u00e4r det h\u00e4r b\u00e4ltet den perfekta f\u00f6ljeslagaren!<\/span><\/p>\n","protected":false},"excerpt":{"rendered":"<p>\u00a0B\u00e4lte Med Dold Kniv! Detta b\u00e4lte h\u00e5ller din kniv n\u00e4ra till hands var du \u00e4n \u00e4r! \u2713 Dold kniv \u2013 [&hellip;]<\/p>\n","protected":false},"featured_media":32136,"comment_status":"open","ping_status":"closed","template":"","meta":{"site-sidebar-layout":"default","site-content-layout":"","ast-site-content-layout":"default","site-content-style":"default","site-sidebar-style":"default","ast-global-header-display":"","ast-banner-title-visibility":"","ast-main-header-display":"","ast-hfb-above-header-display":"","ast-hfb-below-header-display":"","ast-hfb-mobile-header-display":"","site-post-title":"","ast-breadcrumbs-content":"","ast-featured-img":"","footer-sml-layout":"","theme-transparent-header-meta":"default","adv-header-id-meta":"","stick-header-meta":"","header-above-stick-meta":"","header-main-stick-meta":"","header-below-stick-meta":"","astra-migrate-meta-layouts":"set","ast-page-background-enabled":"default","ast-page-background-meta":{"desktop":{"background-color":"var(--ast-global-color-4)","background-image":"","background-repeat":"repeat","background-position":"center center","background-size":"auto","background-attachment":"scroll","background-type":"","background-media":"","overlay-type":"","overlay-color":"","overlay-opacity":"","overlay-gradient":""},"tablet":{"background-color":"","background-image":"","background-repeat":"repeat","background-position":"center center","background-size":"auto","background-attachment":"scroll","background-type":"","background-media":"","overlay-type":"","overlay-color":"","overlay-opacity":"","overlay-gradient":""},"mobile":{"background-color":"","background-image":"","background-repeat":"repeat","background-position":"center center","background-size":"auto","background-attachment":"scroll","background-type":"","background-media":"","overlay-type":"","overlay-color":"","overlay-opacity":"","overlay-gradient":""}},"ast-content-background-meta":{"desktop":{"background-color":"var(--ast-global-color-5)","background-image":"","background-repeat":"repeat","background-position":"center center","background-size":"auto","background-attachment":"scroll","background-type":"","background-media":"","overlay-type":"","overlay-color":"","overlay-opacity":"","overlay-gradient":""},"tablet":{"background-color":"var(--ast-global-color-5)","background-image":"","background-repeat":"repeat","background-position":"center center","background-size":"auto","background-attachment":"scroll","background-type":"","background-media":"","overlay-type":"","overlay-color":"","overlay-opacity":"","overlay-gradient":""},"mobile":{"background-color":"var(--ast-global-color-5)","background-image":"","background-repeat":"repeat","background-position":"center center","background-size":"auto","background-attachment":"scroll","background-type":"","background-media":"","overlay-type":"","overlay-color":"","overlay-opacity":"","overlay-gradient":""}}},"product_brand":[],"product_cat":[995],"product_tag":[],"class_list":{"0":"post-32140","1":"product","2":"type-product","3":"status-publish","4":"has-post-thumbnail","6":"product_cat-clothing-for-men","7":"desktop-align-left","8":"tablet-align-left","9":"mobile-align-left","11":"first","12":"instock","13":"shipping-taxable","14":"purchasable","15":"product-type-simple"},"_links":{"self":[{"href":"https:\/\/keluvo.com\/se\/wp-json\/wp\/v2\/product\/32140","targetHints":{"allow":["GET"]}}],"collection":[{"href":"https:\/\/keluvo.com\/se\/wp-json\/wp\/v2\/product"}],"about":[{"href":"https:\/\/keluvo.com\/se\/wp-json\/wp\/v2\/types\/product"}],"replies":[{"embeddable":true,"href":"https:\/\/keluvo.com\/se\/wp-json\/wp\/v2\/comments?post=32140"}],"wp:featuredmedia":[{"embeddable":true,"href":"https:\/\/keluvo.com\/se\/wp-json\/wp\/v2\/media\/32136"}],"wp:attachment":[{"href":"https:\/\/keluvo.com\/se\/wp-json\/wp\/v2\/media?parent=32140"}],"wp:term":[{"taxonomy":"product_brand","embeddable":true,"href":"https:\/\/keluvo.com\/se\/wp-json\/wp\/v2\/product_brand?post=32140"},{"taxonomy":"product_cat","embeddable":true,"href":"https:\/\/keluvo.com\/se\/wp-json\/wp\/v2\/product_cat?post=32140"},{"taxonomy":"product_tag","embeddable":true,"href":"https:\/\/keluvo.com\/se\/wp-json\/wp\/v2\/product_tag?post=32140"}],"curies":[{"name":"wp","href":"https:\/\/api.w.org\/{rel}","templated":true}]}}