{"id":32107,"date":"2025-09-15T10:35:21","date_gmt":"2025-09-15T07:35:21","guid":{"rendered":"https:\/\/keluvo.com\/se\/product\/bokmarke\/"},"modified":"2025-09-15T10:35:53","modified_gmt":"2025-09-15T07:35:53","slug":"bokmarke","status":"publish","type":"product","link":"https:\/\/keluvo.com\/se\/product\/bokmarke\/","title":{"rendered":"Bokm\u00e4rke"},"content":{"rendered":"<p style=\"text-align: center\"><strong>G\u00f6r L\u00e4sningen Personlig &amp; Snygg \u2014 Med En Handbroderad Touch!<\/strong><\/p>\n<p style=\"text-align: center\"><span style=\"font-weight: 400\">Dessa personliga bokm\u00e4rken kombinerar charm och funktion och hj\u00e4lper dig att markera din plats med en mysig, handbroderad design. Oavsett om det \u00e4r v\u00e5r, sommar, h\u00f6st eller vinter speglar varje bokm\u00e4rke din favorits\u00e4song och ditt favoritbrev. Dessa broderade bokm\u00e4rken i filt \u00e4r perfekta f\u00f6r bok\u00e4lskare och ger v\u00e4rme till din l\u00e4stid. L\u00e4tt, milj\u00f6v\u00e4nlig och vackert utformad, de \u00e4r perfekta f\u00f6r att ge eller njuta av lite l\u00e4sgl\u00e4dje sj\u00e4lv.<\/span><\/p>\n<p><img decoding=\"async\" class=\"alignnone size-full wp-image-21739 aligncenter\" src=\"https:\/\/keluvo.com\/template\/wp-content\/uploads\/sites\/5\/2025\/05\/Sac378e11fc234317ae1cd6682301d3deF.jpg_960x960q75.jpg_.jpeg\" alt=\"\" \/><\/p>\n<h2 style=\"text-align: center\">\u2b50 Huvudf\u00f6rdelar<\/h2>\n<p><span style=\"font-weight: 400\">\ud83e\uddf5 <\/span><b>Handgjord Med K\u00e4rlek<\/b><span style=\"font-weight: 400\"> \u2013 Varje bokm\u00e4rke sys f\u00f6r hand med filt och \u00e5tervunnen kartong<\/span><\/p>\n<p><span style=\"font-weight: 400\">\ud83d\udcda <\/span><b>S\u00e4songsdesign<\/b><span style=\"font-weight: 400\"> \u2013 V\u00e4lj mellan v\u00e5r-, sommar-, h\u00f6st- eller vinterteman<\/span><\/p>\n<p><span style=\"font-weight: 400\">\ud83c\udf31 <\/span><b>Milj\u00f6v\u00e4nlig<\/b><span style=\"font-weight: 400\"> \u2013 Tillverkad av h\u00e5llbara material<\/span><\/p>\n<p><span style=\"font-weight: 400\">\ud83c\udf81 <\/span><b>Perfekt Present<\/b><span style=\"font-weight: 400\"> \u2013 En tankev\u00e4ckande, unik present f\u00f6r bok\u00e4lskare och speciella tillf\u00e4llen<\/span><span style=\"font-weight: 400\"><br \/>\n<\/span><\/p>\n<p><img decoding=\"async\" class=\"alignnone size-full wp-image-21755 aligncenter\" src=\"https:\/\/keluvo.com\/template\/wp-content\/uploads\/sites\/5\/2025\/05\/S6ed0ea04ba3845ba9e9e9da6eae7a975q.jpeg\" alt=\"\" \/><\/p>\n<h2 style=\"text-align: center\">\ud83d\udccc Hur Man Anv\u00e4nder<\/h2>\n<ol>\n<li style=\"font-weight: 400\"><span style=\"font-weight: 400\">V\u00e4lj din favorit s\u00e4songsdesign.<\/span><span style=\"font-weight: 400\"><br \/>\n<\/span><\/li>\n<li style=\"font-weight: 400\"><span style=\"font-weight: 400\">St\u00e4ng boken och njut av att veta att din plats \u00e4r sparad med stil!<\/span><span style=\"font-weight: 400\"><br \/>\n<\/span><\/li>\n<\/ol>\n<h2 style=\"text-align: center\">\ud83d\udcd0 Produktdetaljer<\/h2>\n<ul>\n<li style=\"font-weight: 400\"><span style=\"font-weight: 400\">Storlek: 9,5 cm x 9,5 cm<\/span><span style=\"font-weight: 400\"><br \/>\n<\/span><\/li>\n<li style=\"font-weight: 400\"><span style=\"font-weight: 400\">Material: Filt och \u00e5tervunnen kartong<\/span><span style=\"font-weight: 400\"><br \/>\n<\/span><\/li>\n<li style=\"font-weight: 400\"><span style=\"font-weight: 400\">Handbroderad<\/span><span style=\"font-weight: 400\"><br \/>\n<\/span><\/li>\n<li style=\"font-weight: 400\"><span style=\"font-weight: 400\">S\u00e4songsalternativ: V\u00e5r, sommar, h\u00f6st, vinter<\/span><span style=\"font-weight: 400\"><br \/>\n<\/span><\/li>\n<li style=\"font-weight: 400\"><span style=\"font-weight: 400\">Anv\u00e4ndning: Sidmarkering, bokdekoration, presentid\u00e9<\/span><span style=\"font-weight: 400\"><br \/>\n<\/span><\/li>\n<\/ul>\n<h2 style=\"text-align: center\">\ud83d\udce6 Paketet Inneh\u00e5ller<\/h2>\n<ul>\n<li style=\"font-weight: 400\"><span style=\"font-weight: 400\">1, 2, 4 st bokm\u00e4rken.<\/span><\/li>\n<\/ul>\n","protected":false},"excerpt":{"rendered":"<p>G\u00f6r L\u00e4sningen Personlig &amp; Snygg \u2014 Med En Handbroderad Touch! Dessa personliga bokm\u00e4rken kombinerar charm och funktion och hj\u00e4lper dig [&hellip;]<\/p>\n","protected":false},"featured_media":32103,"comment_status":"open","ping_status":"closed","template":"","meta":{"site-sidebar-layout":"default","site-content-layout":"","ast-site-content-layout":"default","site-content-style":"default","site-sidebar-style":"default","ast-global-header-display":"","ast-banner-title-visibility":"","ast-main-header-display":"","ast-hfb-above-header-display":"","ast-hfb-below-header-display":"","ast-hfb-mobile-header-display":"","site-post-title":"","ast-breadcrumbs-content":"","ast-featured-img":"","footer-sml-layout":"","theme-transparent-header-meta":"default","adv-header-id-meta":"","stick-header-meta":"","header-above-stick-meta":"","header-main-stick-meta":"","header-below-stick-meta":"","astra-migrate-meta-layouts":"set","ast-page-background-enabled":"default","ast-page-background-meta":{"desktop":{"background-color":"var(--ast-global-color-4)","background-image":"","background-repeat":"repeat","background-position":"center center","background-size":"auto","background-attachment":"scroll","background-type":"","background-media":"","overlay-type":"","overlay-color":"","overlay-opacity":"","overlay-gradient":""},"tablet":{"background-color":"","background-image":"","background-repeat":"repeat","background-position":"center center","background-size":"auto","background-attachment":"scroll","background-type":"","background-media":"","overlay-type":"","overlay-color":"","overlay-opacity":"","overlay-gradient":""},"mobile":{"background-color":"","background-image":"","background-repeat":"repeat","background-position":"center center","background-size":"auto","background-attachment":"scroll","background-type":"","background-media":"","overlay-type":"","overlay-color":"","overlay-opacity":"","overlay-gradient":""}},"ast-content-background-meta":{"desktop":{"background-color":"var(--ast-global-color-5)","background-image":"","background-repeat":"repeat","background-position":"center center","background-size":"auto","background-attachment":"scroll","background-type":"","background-media":"","overlay-type":"","overlay-color":"","overlay-opacity":"","overlay-gradient":""},"tablet":{"background-color":"var(--ast-global-color-5)","background-image":"","background-repeat":"repeat","background-position":"center center","background-size":"auto","background-attachment":"scroll","background-type":"","background-media":"","overlay-type":"","overlay-color":"","overlay-opacity":"","overlay-gradient":""},"mobile":{"background-color":"var(--ast-global-color-5)","background-image":"","background-repeat":"repeat","background-position":"center center","background-size":"auto","background-attachment":"scroll","background-type":"","background-media":"","overlay-type":"","overlay-color":"","overlay-opacity":"","overlay-gradient":""}}},"product_brand":[],"product_cat":[993],"product_tag":[],"class_list":{"0":"post-32107","1":"product","2":"type-product","3":"status-publish","4":"has-post-thumbnail","6":"product_cat-footwear-accessories","7":"pa_33488_1e6y1laq-1-st","8":"pa_33488_1e6y1laq-2-st","9":"pa_33488_1e6y1laq-4-st","10":"pa_33488_kz3209xf-hosten","11":"pa_33488_kz3209xf-sommar","12":"pa_33488_kz3209xf-var","13":"pa_33488_kz3209xf-vinter","14":"desktop-align-left","15":"tablet-align-left","16":"mobile-align-left","18":"first","19":"instock","20":"shipping-taxable","21":"purchasable","22":"product-type-variable","23":"has-default-attributes"},"_links":{"self":[{"href":"https:\/\/keluvo.com\/se\/wp-json\/wp\/v2\/product\/32107","targetHints":{"allow":["GET"]}}],"collection":[{"href":"https:\/\/keluvo.com\/se\/wp-json\/wp\/v2\/product"}],"about":[{"href":"https:\/\/keluvo.com\/se\/wp-json\/wp\/v2\/types\/product"}],"replies":[{"embeddable":true,"href":"https:\/\/keluvo.com\/se\/wp-json\/wp\/v2\/comments?post=32107"}],"wp:featuredmedia":[{"embeddable":true,"href":"https:\/\/keluvo.com\/se\/wp-json\/wp\/v2\/media\/32103"}],"wp:attachment":[{"href":"https:\/\/keluvo.com\/se\/wp-json\/wp\/v2\/media?parent=32107"}],"wp:term":[{"taxonomy":"product_brand","embeddable":true,"href":"https:\/\/keluvo.com\/se\/wp-json\/wp\/v2\/product_brand?post=32107"},{"taxonomy":"product_cat","embeddable":true,"href":"https:\/\/keluvo.com\/se\/wp-json\/wp\/v2\/product_cat?post=32107"},{"taxonomy":"product_tag","embeddable":true,"href":"https:\/\/keluvo.com\/se\/wp-json\/wp\/v2\/product_tag?post=32107"}],"curies":[{"name":"wp","href":"https:\/\/api.w.org\/{rel}","templated":true}]}}