{"id":32026,"date":"2025-09-15T09:28:16","date_gmt":"2025-09-15T06:28:16","guid":{"rendered":"https:\/\/keluvo.com\/se\/product\/lattare-2\/"},"modified":"2025-09-15T09:28:25","modified_gmt":"2025-09-15T06:28:25","slug":"lattare-2","status":"publish","type":"product","link":"https:\/\/keluvo.com\/se\/product\/lattare-2\/","title":{"rendered":"L\u00e4ttare"},"content":{"rendered":"<p style=\"text-align: center\"><strong>\ud83d\udd25 T\u00e4nd Direkt Med Den 360\u00b0 Roterande Turbot\u00e4ndaren!<\/strong><\/p>\n<p style=\"text-align: center\"><span style=\"font-weight: 400\">Upplev smidig, snabb t\u00e4ndning med denna innovativa t\u00e4ndare med hjult\u00e4ndning &#8211; byggd f\u00f6r vardagsbruk, bl\u00e5siga f\u00f6rh\u00e5llanden och elegant stil n\u00e4r du \u00e4r p\u00e5 spr\u00e5ng. T\u00e4ndaren har en unik design med rullande hjul och ger omedelbar t\u00e4ndning och en kraftfull, vindt\u00e4t l\u00e5ga. L\u00e4tt och i fickformat \u00e4r den perfekt f\u00f6r resor, utomhusaktiviteter eller som en snygg present. Fyll bara p\u00e5 med butan, s\u00e5 \u00e4r den redo att anv\u00e4ndas n\u00e4r som helst, var som helst.<\/span><\/p>\n<p><img decoding=\"async\" class=\"alignnone size-full wp-image-20823 aligncenter\" src=\"https:\/\/keluvo.com\/template\/wp-content\/uploads\/sites\/5\/2025\/05\/b20195cf-3135-4fd7-ae48-b1ae86f20622.gif-ezgif.com-video-to-webp-converter.webp\" alt=\"\" \/><\/p>\n<h2 style=\"text-align: center\">\ud83c\udf1f Huvudf\u00f6rdelar<\/h2>\n<p><span style=\"font-weight: 400\">\ud83d\udd04 <\/span><b>360\u00b0 rullande t\u00e4ndning<\/b><span style=\"font-weight: 400\"> &#8211; Snurra p\u00e5 hjulet f\u00f6r snabb, enkel t\u00e4ndning.<\/span><\/p>\n<p><span style=\"font-weight: 400\">\ud83c\udf2c\ufe0f <\/span><b>Vindt\u00e4t l\u00e5ga<\/b><span style=\"font-weight: 400\"> &#8211; Fungerar i luftiga f\u00f6rh\u00e5llanden eller utomhus.<\/span><\/p>\n<p><span style=\"font-weight: 400\">\ud83c\udfaf <\/span><b>Precisionst\u00e4ndning<\/b><span style=\"font-weight: 400\"> &#8211; Stark enkel l\u00e5ga f\u00f6r s\u00e4ker och m\u00e5linriktad t\u00e4ndning.<\/span><\/p>\n<p><span style=\"font-weight: 400\">\ud83c\udf81 <\/span><b>Bra presentalternativ<\/b><span style=\"font-weight: 400\"> &#8211; Snygg design g\u00f6r den till en omt\u00e4nksam och snygg present.<\/span><\/p>\n<p><span style=\"font-weight: 400\">\ud83c\udf92 <\/span><b>B\u00e4rbar storlek<\/b><span style=\"font-weight: 400\"> &#8211; Kompakt och l\u00e4tt f\u00f6r enkel transport.<\/span><span style=\"font-weight: 400\"><br \/>\n<\/span><\/p>\n<p><img decoding=\"async\" class=\"alignnone size-full wp-image-20805 aligncenter\" src=\"https:\/\/keluvo.com\/template\/wp-content\/uploads\/sites\/5\/2025\/05\/6ce53f78-1bcd-4ad4-9c0e-69bf26b33c1c.webp.webp\" alt=\"\" \/><\/p>\n<h2 style=\"text-align: center\">\ud83d\udee0\ufe0f Anv\u00e4ndning<\/h2>\n<ol>\n<li style=\"font-weight: 400\"><span style=\"font-weight: 400\">Fyll t\u00e4ndaren med butan med hj\u00e4lp av en beh\u00e5llare med l\u00e5ngt munstycke.<\/span><span style=\"font-weight: 400\"><br \/>\n<\/span><\/li>\n<li style=\"font-weight: 400\"><span style=\"font-weight: 400\">Dra i det rullande t\u00e4ndhjulet f\u00f6r att t\u00e4nda.<\/span><span style=\"font-weight: 400\"><br \/>\n<\/span><\/li>\n<li style=\"font-weight: 400\"><span style=\"font-weight: 400\">Anv\u00e4nd den exakta l\u00e5gan f\u00f6r att t\u00e4nda ditt m\u00e5l p\u00e5 ett s\u00e4kert s\u00e4tt.<\/span><span style=\"font-weight: 400\"><br \/>\n<\/span><\/li>\n<li style=\"font-weight: 400\"><span style=\"font-weight: 400\">F\u00f6rvara i fickan eller v\u00e4skan n\u00e4r du \u00e4r klar.<\/span><span style=\"font-weight: 400\"><br \/>\n<\/span><\/li>\n<\/ol>\n<h2 style=\"text-align: center\">\ud83d\udccf Produktdetaljer<\/h2>\n<ul>\n<li style=\"font-weight: 400\"><span style=\"font-weight: 400\">L\u00e5gtyp: Turbojet (vindt\u00e4t)<\/span><span style=\"font-weight: 400\"><br \/>\n<\/span><\/li>\n<li style=\"font-weight: 400\"><span style=\"font-weight: 400\">T\u00e4ndning: Rullande hjul design<\/span><span style=\"font-weight: 400\"><br \/>\n<\/span><\/li>\n<li style=\"font-weight: 400\"><span style=\"font-weight: 400\">Br\u00e4nsletyp: Butan (ing\u00e5r ej)<\/span><span style=\"font-weight: 400\"><br \/>\n<\/span><\/li>\n<\/ul>\n<h2 style=\"text-align: center\">\ud83d\udce6 I paketet ing\u00e5r<\/h2>\n<ul>\n<li style=\"font-weight: 400\"><span style=\"font-weight: 400\">1 x t\u00e4ndare.<\/span><\/li>\n<\/ul>\n","protected":false},"excerpt":{"rendered":"<p>\ud83d\udd25 T\u00e4nd Direkt Med Den 360\u00b0 Roterande Turbot\u00e4ndaren! Upplev smidig, snabb t\u00e4ndning med denna innovativa t\u00e4ndare med hjult\u00e4ndning &#8211; byggd [&hellip;]<\/p>\n","protected":false},"featured_media":32022,"comment_status":"open","ping_status":"closed","template":"","meta":{"site-sidebar-layout":"default","site-content-layout":"","ast-site-content-layout":"default","site-content-style":"default","site-sidebar-style":"default","ast-global-header-display":"","ast-banner-title-visibility":"","ast-main-header-display":"","ast-hfb-above-header-display":"","ast-hfb-below-header-display":"","ast-hfb-mobile-header-display":"","site-post-title":"","ast-breadcrumbs-content":"","ast-featured-img":"","footer-sml-layout":"","theme-transparent-header-meta":"default","adv-header-id-meta":"","stick-header-meta":"","header-above-stick-meta":"","header-main-stick-meta":"","header-below-stick-meta":"","astra-migrate-meta-layouts":"set","ast-page-background-enabled":"default","ast-page-background-meta":{"desktop":{"background-color":"var(--ast-global-color-4)","background-image":"","background-repeat":"repeat","background-position":"center center","background-size":"auto","background-attachment":"scroll","background-type":"","background-media":"","overlay-type":"","overlay-color":"","overlay-opacity":"","overlay-gradient":""},"tablet":{"background-color":"","background-image":"","background-repeat":"repeat","background-position":"center center","background-size":"auto","background-attachment":"scroll","background-type":"","background-media":"","overlay-type":"","overlay-color":"","overlay-opacity":"","overlay-gradient":""},"mobile":{"background-color":"","background-image":"","background-repeat":"repeat","background-position":"center center","background-size":"auto","background-attachment":"scroll","background-type":"","background-media":"","overlay-type":"","overlay-color":"","overlay-opacity":"","overlay-gradient":""}},"ast-content-background-meta":{"desktop":{"background-color":"var(--ast-global-color-5)","background-image":"","background-repeat":"repeat","background-position":"center center","background-size":"auto","background-attachment":"scroll","background-type":"","background-media":"","overlay-type":"","overlay-color":"","overlay-opacity":"","overlay-gradient":""},"tablet":{"background-color":"var(--ast-global-color-5)","background-image":"","background-repeat":"repeat","background-position":"center center","background-size":"auto","background-attachment":"scroll","background-type":"","background-media":"","overlay-type":"","overlay-color":"","overlay-opacity":"","overlay-gradient":""},"mobile":{"background-color":"var(--ast-global-color-5)","background-image":"","background-repeat":"repeat","background-position":"center center","background-size":"auto","background-attachment":"scroll","background-type":"","background-media":"","overlay-type":"","overlay-color":"","overlay-opacity":"","overlay-gradient":""}}},"product_brand":[],"product_cat":[993],"product_tag":[],"class_list":{"0":"post-32026","1":"product","2":"type-product","3":"status-publish","4":"has-post-thumbnail","6":"product_cat-footwear-accessories","7":"pa_30204_02ganepm-diamant","8":"pa_30204_02ganepm-tang-gras","9":"pa_30204_ryfpko4v-guld","10":"pa_30204_ryfpko4v-silver","11":"desktop-align-left","12":"tablet-align-left","13":"mobile-align-left","15":"first","16":"instock","17":"shipping-taxable","18":"purchasable","19":"product-type-variable","20":"has-default-attributes"},"_links":{"self":[{"href":"https:\/\/keluvo.com\/se\/wp-json\/wp\/v2\/product\/32026","targetHints":{"allow":["GET"]}}],"collection":[{"href":"https:\/\/keluvo.com\/se\/wp-json\/wp\/v2\/product"}],"about":[{"href":"https:\/\/keluvo.com\/se\/wp-json\/wp\/v2\/types\/product"}],"replies":[{"embeddable":true,"href":"https:\/\/keluvo.com\/se\/wp-json\/wp\/v2\/comments?post=32026"}],"wp:featuredmedia":[{"embeddable":true,"href":"https:\/\/keluvo.com\/se\/wp-json\/wp\/v2\/media\/32022"}],"wp:attachment":[{"href":"https:\/\/keluvo.com\/se\/wp-json\/wp\/v2\/media?parent=32026"}],"wp:term":[{"taxonomy":"product_brand","embeddable":true,"href":"https:\/\/keluvo.com\/se\/wp-json\/wp\/v2\/product_brand?post=32026"},{"taxonomy":"product_cat","embeddable":true,"href":"https:\/\/keluvo.com\/se\/wp-json\/wp\/v2\/product_cat?post=32026"},{"taxonomy":"product_tag","embeddable":true,"href":"https:\/\/keluvo.com\/se\/wp-json\/wp\/v2\/product_tag?post=32026"}],"curies":[{"name":"wp","href":"https:\/\/api.w.org\/{rel}","templated":true}]}}