{"id":31971,"date":"2025-09-15T09:25:22","date_gmt":"2025-09-15T06:25:22","guid":{"rendered":"https:\/\/keluvo.com\/se\/product\/rengoringsmedel-for-mobler\/"},"modified":"2025-09-15T09:25:30","modified_gmt":"2025-09-15T06:25:30","slug":"rengoringsmedel-for-mobler","status":"publish","type":"product","link":"https:\/\/keluvo.com\/se\/product\/rengoringsmedel-for-mobler\/","title":{"rendered":"Reng\u00f6ringsmedel f\u00f6r m\u00f6bler"},"content":{"rendered":"<p style=\"text-align: center\"><strong>\ud83e\ude91 Ge dina m\u00f6bler nytt liv med naturlig m\u00f6belreng\u00f6ring!<\/strong><\/p>\n<p style=\"text-align: center\"><span style=\"font-weight: 400\">\u00c5terst\u00e4ll glans, ta bort smuts och skydda dina tr\u00e4m\u00f6bler p\u00e5 bara n\u00e5gra minuter med denna helt naturliga spray. Reng\u00f6ringsmedlet inneh\u00e5ller rent mikromolekyl\u00e4rt bivax som ger n\u00e4ring \u00e5t tr\u00e4et, ger en j\u00e4mn och glansig yta och bildar ett skyddande lager som skyddar mot repor och fukt. Den \u00e4r perfekt f\u00f6r anv\u00e4ndning p\u00e5 sk\u00e5p, bord, stolar och mycket mer &#8211; och f\u00e5r dem att se rena, polerade och v\u00e4lsk\u00f6tta ut.<\/span><\/p>\n<p><img decoding=\"async\" class=\"alignnone size-full wp-image-20643 aligncenter\" src=\"https:\/\/keluvo.com\/template\/wp-content\/uploads\/sites\/5\/2025\/05\/Furniturecleaner-ezgif.com-video-to-webp-converter.webp\" alt=\"\" \/><\/p>\n<h2 style=\"text-align: center\">\ud83c\udf1f Huvudf\u00f6rdelar<\/h2>\n<p><span style=\"font-weight: 400\">\u2728 <\/span><b>\u00c5terst\u00e4ller glansen<\/b><span style=\"font-weight: 400\"> \u2013 ger liv \u00e5t tr\u00e5kiga tr\u00e4ytor<\/span><\/p>\n<p><span style=\"font-weight: 400\">\ud83d\udc1d <\/span><b>Naturlig bivaxformel<\/b><span style=\"font-weight: 400\"> \u2013 s\u00e4ker, milj\u00f6v\u00e4nlig och skonsam mot tr\u00e4<\/span><\/p>\n<p><span style=\"font-weight: 400\">\ud83d\udee1\ufe0f <\/span><b>Skyddar mot skador<\/b><span style=\"font-weight: 400\"> \u2013 skyddar mot fukt, smuts och repor<\/span><\/p>\n<p><span style=\"font-weight: 400\">\ud83e\uddfd <\/span><b>L\u00e4tt att anv\u00e4nda<\/b><span style=\"font-weight: 400\"> \u2013 Bara spraya, torka av och beundra den polerade ytan<\/span><\/p>\n<p><span style=\"font-weight: 400\">\ud83e\udeb5 <\/span><b>Kan anv\u00e4ndas p\u00e5 flera ytor<\/b><span style=\"font-weight: 400\"> \u2013 Idealisk f\u00f6r alla behandlade tr\u00e4m\u00f6bler och sk\u00e5p<\/span><\/p>\n<p><img decoding=\"async\" class=\"alignnone size-full wp-image-20639 aligncenter\" src=\"https:\/\/keluvo.com\/template\/wp-content\/uploads\/sites\/5\/2025\/05\/Sf833b194459348848849e3a87537454ay.jpg_960x960q75.jpg_.jpeg\" alt=\"\" \/><\/p>\n<h2 style=\"text-align: center\">\ud83d\udee0\ufe0f Hur man anv\u00e4nder<\/h2>\n<ol>\n<li style=\"font-weight: 400\"><span style=\"font-weight: 400\">Skaka flaskan v\u00e4l f\u00f6re anv\u00e4ndning.<\/span><span style=\"font-weight: 400\"><br \/>\n<\/span><\/li>\n<li style=\"font-weight: 400\"><span style=\"font-weight: 400\">Spraya en liten m\u00e4ngd direkt p\u00e5 m\u00f6belytan.<\/span><span style=\"font-weight: 400\"><br \/>\n<\/span><\/li>\n<li style=\"font-weight: 400\"><span style=\"font-weight: 400\">Anv\u00e4nd den medf\u00f6ljande svampen eller trasan f\u00f6r att f\u00f6rsiktigt sprida ut och polera.<\/span><span style=\"font-weight: 400\"><br \/>\n<\/span><\/li>\n<li style=\"font-weight: 400\"><span style=\"font-weight: 400\">Polera till glans med den torra sidan av trasan f\u00f6r b\u00e4sta resultat.<\/span><span style=\"font-weight: 400\"><br \/>\n<\/span><\/li>\n<\/ol>\n<h2 style=\"text-align: center\">\ud83d\udccf Produktdetaljer<\/h2>\n<ul>\n<li style=\"font-weight: 400\"><span style=\"font-weight: 400\">Flaskstorlek: 17 x 7 cm<\/span><span style=\"font-weight: 400\"><br \/>\n<\/span><\/li>\n<li style=\"font-weight: 400\"><span style=\"font-weight: 400\">Svampstorlek: 7 cm<\/span><span style=\"font-weight: 400\"><br \/>\n<\/span><\/li>\n<li style=\"font-weight: 400\"><span style=\"font-weight: 400\">Trasstorlek: 19 x 19 cm<\/span><span style=\"font-weight: 400\"><br \/>\n<\/span><\/li>\n<li style=\"font-weight: 400\"><span style=\"font-weight: 400\">Kapacitet: 120 ml<\/span><span style=\"font-weight: 400\"><br \/>\n<\/span><\/li>\n<li style=\"font-weight: 400\"><span style=\"font-weight: 400\">L\u00e4mplig f\u00f6r: M\u00f6bler, sk\u00e5p och annat i behandlat tr\u00e4<\/span><span style=\"font-weight: 400\"><br \/>\n<\/span><\/li>\n<\/ul>\n<h2 style=\"text-align: center\">\ud83d\udce6 F\u00f6rpackningen inneh\u00e5ller<\/h2>\n<ul>\n<li style=\"font-weight: 400\"><span style=\"font-weight: 400\">1, 2, 5 x m\u00f6belpolish bivaxspray (120 ml)<\/span><span style=\"font-weight: 400\"><br \/>\n<\/span><\/li>\n<li style=\"font-weight: 400\"><span style=\"font-weight: 400\">1 x svamp<\/span><span style=\"font-weight: 400\"><br \/>\n<\/span><\/li>\n<li style=\"font-weight: 400\"><span style=\"font-weight: 400\">1 x trasa.<\/span><\/li>\n<\/ul>\n","protected":false},"excerpt":{"rendered":"<p>\ud83e\ude91 Ge dina m\u00f6bler nytt liv med naturlig m\u00f6belreng\u00f6ring! \u00c5terst\u00e4ll glans, ta bort smuts och skydda dina tr\u00e4m\u00f6bler p\u00e5 bara [&hellip;]<\/p>\n","protected":false},"featured_media":31967,"comment_status":"open","ping_status":"closed","template":"","meta":{"site-sidebar-layout":"default","site-content-layout":"","ast-site-content-layout":"default","site-content-style":"default","site-sidebar-style":"default","ast-global-header-display":"","ast-banner-title-visibility":"","ast-main-header-display":"","ast-hfb-above-header-display":"","ast-hfb-below-header-display":"","ast-hfb-mobile-header-display":"","site-post-title":"","ast-breadcrumbs-content":"","ast-featured-img":"","footer-sml-layout":"","theme-transparent-header-meta":"default","adv-header-id-meta":"","stick-header-meta":"","header-above-stick-meta":"","header-main-stick-meta":"","header-below-stick-meta":"","astra-migrate-meta-layouts":"set","ast-page-background-enabled":"default","ast-page-background-meta":{"desktop":{"background-color":"var(--ast-global-color-4)","background-image":"","background-repeat":"repeat","background-position":"center center","background-size":"auto","background-attachment":"scroll","background-type":"","background-media":"","overlay-type":"","overlay-color":"","overlay-opacity":"","overlay-gradient":""},"tablet":{"background-color":"","background-image":"","background-repeat":"repeat","background-position":"center center","background-size":"auto","background-attachment":"scroll","background-type":"","background-media":"","overlay-type":"","overlay-color":"","overlay-opacity":"","overlay-gradient":""},"mobile":{"background-color":"","background-image":"","background-repeat":"repeat","background-position":"center center","background-size":"auto","background-attachment":"scroll","background-type":"","background-media":"","overlay-type":"","overlay-color":"","overlay-opacity":"","overlay-gradient":""}},"ast-content-background-meta":{"desktop":{"background-color":"var(--ast-global-color-5)","background-image":"","background-repeat":"repeat","background-position":"center center","background-size":"auto","background-attachment":"scroll","background-type":"","background-media":"","overlay-type":"","overlay-color":"","overlay-opacity":"","overlay-gradient":""},"tablet":{"background-color":"var(--ast-global-color-5)","background-image":"","background-repeat":"repeat","background-position":"center center","background-size":"auto","background-attachment":"scroll","background-type":"","background-media":"","overlay-type":"","overlay-color":"","overlay-opacity":"","overlay-gradient":""},"mobile":{"background-color":"var(--ast-global-color-5)","background-image":"","background-repeat":"repeat","background-position":"center center","background-size":"auto","background-attachment":"scroll","background-type":"","background-media":"","overlay-type":"","overlay-color":"","overlay-opacity":"","overlay-gradient":""}}},"product_brand":[],"product_cat":[1001],"product_tag":[],"class_list":{"0":"post-31971","1":"product","2":"type-product","3":"status-publish","4":"has-post-thumbnail","6":"product_cat-household-goods","7":"pa_24295_6ybf9o4z-1-st","8":"pa_24295_6ybf9o4z-2-st","9":"pa_24295_6ybf9o4z-5-st","10":"desktop-align-left","11":"tablet-align-left","12":"mobile-align-left","14":"first","15":"instock","16":"shipping-taxable","17":"purchasable","18":"product-type-variable"},"_links":{"self":[{"href":"https:\/\/keluvo.com\/se\/wp-json\/wp\/v2\/product\/31971","targetHints":{"allow":["GET"]}}],"collection":[{"href":"https:\/\/keluvo.com\/se\/wp-json\/wp\/v2\/product"}],"about":[{"href":"https:\/\/keluvo.com\/se\/wp-json\/wp\/v2\/types\/product"}],"replies":[{"embeddable":true,"href":"https:\/\/keluvo.com\/se\/wp-json\/wp\/v2\/comments?post=31971"}],"wp:featuredmedia":[{"embeddable":true,"href":"https:\/\/keluvo.com\/se\/wp-json\/wp\/v2\/media\/31967"}],"wp:attachment":[{"href":"https:\/\/keluvo.com\/se\/wp-json\/wp\/v2\/media?parent=31971"}],"wp:term":[{"taxonomy":"product_brand","embeddable":true,"href":"https:\/\/keluvo.com\/se\/wp-json\/wp\/v2\/product_brand?post=31971"},{"taxonomy":"product_cat","embeddable":true,"href":"https:\/\/keluvo.com\/se\/wp-json\/wp\/v2\/product_cat?post=31971"},{"taxonomy":"product_tag","embeddable":true,"href":"https:\/\/keluvo.com\/se\/wp-json\/wp\/v2\/product_tag?post=31971"}],"curies":[{"name":"wp","href":"https:\/\/api.w.org\/{rel}","templated":true}]}}