{"id":31952,"date":"2025-09-15T09:24:24","date_gmt":"2025-09-15T06:24:24","guid":{"rendered":"https:\/\/keluvo.com\/se\/product\/gradde\/"},"modified":"2025-09-18T00:47:25","modified_gmt":"2025-09-17T21:47:25","slug":"gradde","status":"publish","type":"product","link":"https:\/\/keluvo.com\/se\/product\/gradde\/","title":{"rendered":"Gr\u00e4dde"},"content":{"rendered":"<p style=\"text-align: center\"><strong>\ud83e\uddf4 Lugna torr, sprucken hud omedelbart med denna \u00e5terfuktande kr\u00e4m!<\/strong><\/p>\n<p style=\"text-align: center\"><span style=\"font-weight: 400\">Lindra grova, torra eller spruckna h\u00e4nder och f\u00f6tter med denna n\u00e4rande kr\u00e4m &#8211; perfekt f\u00f6r att \u00e5terst\u00e4lla j\u00e4mnhet och mjukhet i din hud. Kr\u00e4men \u00e4r fylld med fuktgivande ingredienser som glycerin, urea och mineralolja och tr\u00e4nger in p\u00e5 djupet f\u00f6r att reparera och mjuka upp torra omr\u00e5den. Den \u00e4r s\u00e4ker f\u00f6r alla hudtyper och idealisk f\u00f6r h\u00e4nder, f\u00f6tter, ben eller andra delar av kroppen som beh\u00f6ver \u00e5terfuktas. Anv\u00e4nd den dagligen f\u00f6r l\u00e5ngvarig komfort och v\u00e5rd.<\/span><\/p>\n<p><img decoding=\"async\" class=\"alignnone size-full wp-image-20844 aligncenter\" src=\"https:\/\/keluvo.com\/template\/wp-content\/uploads\/sites\/5\/2025\/05\/Cream-ezgif.com-video-to-webp-converter.webp\" alt=\"\" \/><\/p>\n<h2 style=\"text-align: center\">\ud83c\udf1f Huvudf\u00f6rdelar<\/h2>\n<p><span style=\"font-weight: 400\">\ud83d\udca7 <\/span><b>Djup \u00e5terfuktning<\/b><span style=\"font-weight: 400\"> &#8211; \u00c5terfuktar torr, sprucken hud p\u00e5 h\u00e4nder och f\u00f6tter<\/span><\/p>\n<p><span style=\"font-weight: 400\">\ud83e\uddf4 <\/span><b>Mjukg\u00f6r huden<\/b><span style=\"font-weight: 400\"> &#8211; j\u00e4mnar ut fina linjer och oj\u00e4mna fl\u00e4ckar<\/span><\/p>\n<p><span style=\"font-weight: 400\">\ud83c\udf3f <\/span><b>V\u00e5rdande formula<\/b><span style=\"font-weight: 400\"> &#8211; tr\u00e4nger djupt in f\u00f6r att \u00e5terst\u00e4lla och reparera hudlagren<\/span><\/p>\n<p><span style=\"font-weight: 400\">\ud83e\udd32 <\/span><b>Skonsam f\u00f6r alla hudtyper<\/b><span style=\"font-weight: 400\"> &#8211; s\u00e4ker och effektiv f\u00f6r vardagsbruk<\/span><\/p>\n<p><span style=\"font-weight: 400\">\ud83d\udc68\u200d\ud83d\udc69\u200d\ud83d\udc67\u200d\ud83d\udc66 <\/span><b>Perfekt f\u00f6r hela familjen<\/b><span style=\"font-weight: 400\"> &#8211; en perfekt sj\u00e4lvv\u00e5rdspresent till n\u00e4ra och k\u00e4ra<\/span><span style=\"font-weight: 400\"><br \/>\n<\/span><\/p>\n<p style=\"text-align: center\"><img decoding=\"async\" class=\"alignnone size-full wp-image-20841\" src=\"https:\/\/keluvo.com\/template\/wp-content\/uploads\/sites\/5\/2025\/05\/72128a23-e445-42f9-b585-e548163bfc01.webp.webp\" alt=\"\" \/><\/p>\n<h2 style=\"text-align: center\">\ud83d\udee0\ufe0f Anv\u00e4ndning<\/h2>\n<ol>\n<li style=\"font-weight: 400\"><span style=\"font-weight: 400\">Torka h\u00e4nderna eller f\u00f6tterna torra med varmt vatten.<\/span><span style=\"font-weight: 400\"><br \/>\n<\/span><\/li>\n<li style=\"font-weight: 400\"><span style=\"font-weight: 400\">Applicera en liten m\u00e4ngd kr\u00e4m p\u00e5 m\u00e5lomr\u00e5det.<\/span><span style=\"font-weight: 400\"><br \/>\n<\/span><\/li>\n<li style=\"font-weight: 400\"><span style=\"font-weight: 400\">Massera f\u00f6rsiktigt tills den \u00e4r helt absorberad.<\/span><span style=\"font-weight: 400\"><br \/>\n<\/span><\/li>\n<li style=\"font-weight: 400\"><span style=\"font-weight: 400\">Anv\u00e4nd 3 g\u00e5nger dagligen f\u00f6r b\u00e4sta resultat.<\/span><span style=\"font-weight: 400\"><br \/>\n<\/span><\/li>\n<\/ol>\n<h2 style=\"text-align: center\">\ud83d\udccf Produktdetaljer<\/h2>\n<ul>\n<li style=\"font-weight: 400\"><span style=\"font-weight: 400\">Textur: Rik och smidig<\/span><span style=\"font-weight: 400\"><br \/>\n<\/span><\/li>\n<li style=\"font-weight: 400\"><span style=\"font-weight: 400\">H\u00e5llbarhet: 3 \u00e5r<\/span><span style=\"font-weight: 400\"><br \/>\n<\/span><\/li>\n<li style=\"font-weight: 400\"><span style=\"font-weight: 400\">Hudtyp: L\u00e4mplig f\u00f6r alla hudtyper<\/span><span style=\"font-weight: 400\"><br \/>\n<\/span><\/li>\n<li style=\"font-weight: 400\"><span style=\"font-weight: 400\">Nyckelingredienser: Vatten, glycerin, mineralolja, urea<\/span><\/li>\n<\/ul>\n<h2 style=\"text-align: center\">\ud83d\udce6 F\u00f6rpackningen inneh\u00e5ller<\/h2>\n<ul>\n<li style=\"font-weight: 400\"><span style=\"font-weight: 400\">1, 3, 5 x fotkr\u00e4m.<\/span><\/li>\n<\/ul>\n","protected":false},"excerpt":{"rendered":"<p>\ud83e\uddf4 Lugna torr, sprucken hud omedelbart med denna \u00e5terfuktande kr\u00e4m! Lindra grova, torra eller spruckna h\u00e4nder och f\u00f6tter med denna [&hellip;]<\/p>\n","protected":false},"featured_media":31949,"comment_status":"open","ping_status":"closed","template":"","meta":{"site-sidebar-layout":"default","site-content-layout":"","ast-site-content-layout":"default","site-content-style":"default","site-sidebar-style":"default","ast-global-header-display":"","ast-banner-title-visibility":"","ast-main-header-display":"","ast-hfb-above-header-display":"","ast-hfb-below-header-display":"","ast-hfb-mobile-header-display":"","site-post-title":"","ast-breadcrumbs-content":"","ast-featured-img":"","footer-sml-layout":"","theme-transparent-header-meta":"default","adv-header-id-meta":"","stick-header-meta":"","header-above-stick-meta":"","header-main-stick-meta":"","header-below-stick-meta":"","astra-migrate-meta-layouts":"set","ast-page-background-enabled":"default","ast-page-background-meta":{"desktop":{"background-color":"var(--ast-global-color-4)","background-image":"","background-repeat":"repeat","background-position":"center center","background-size":"auto","background-attachment":"scroll","background-type":"","background-media":"","overlay-type":"","overlay-color":"","overlay-opacity":"","overlay-gradient":""},"tablet":{"background-color":"","background-image":"","background-repeat":"repeat","background-position":"center center","background-size":"auto","background-attachment":"scroll","background-type":"","background-media":"","overlay-type":"","overlay-color":"","overlay-opacity":"","overlay-gradient":""},"mobile":{"background-color":"","background-image":"","background-repeat":"repeat","background-position":"center center","background-size":"auto","background-attachment":"scroll","background-type":"","background-media":"","overlay-type":"","overlay-color":"","overlay-opacity":"","overlay-gradient":""}},"ast-content-background-meta":{"desktop":{"background-color":"var(--ast-global-color-5)","background-image":"","background-repeat":"repeat","background-position":"center center","background-size":"auto","background-attachment":"scroll","background-type":"","background-media":"","overlay-type":"","overlay-color":"","overlay-opacity":"","overlay-gradient":""},"tablet":{"background-color":"var(--ast-global-color-5)","background-image":"","background-repeat":"repeat","background-position":"center center","background-size":"auto","background-attachment":"scroll","background-type":"","background-media":"","overlay-type":"","overlay-color":"","overlay-opacity":"","overlay-gradient":""},"mobile":{"background-color":"var(--ast-global-color-5)","background-image":"","background-repeat":"repeat","background-position":"center center","background-size":"auto","background-attachment":"scroll","background-type":"","background-media":"","overlay-type":"","overlay-color":"","overlay-opacity":"","overlay-gradient":""}}},"product_brand":[],"product_cat":[992],"product_tag":[],"class_list":{"0":"post-31952","1":"product","2":"type-product","3":"status-publish","4":"has-post-thumbnail","6":"product_cat-beauty-and-hygiene-products","7":"pa_19412_df0ybu55-1-st","8":"pa_19412_df0ybu55-3-st","9":"pa_19412_df0ybu55-5-st","10":"desktop-align-left","11":"tablet-align-left","12":"mobile-align-left","14":"first","15":"instock","16":"shipping-taxable","17":"purchasable","18":"product-type-variable"},"_links":{"self":[{"href":"https:\/\/keluvo.com\/se\/wp-json\/wp\/v2\/product\/31952","targetHints":{"allow":["GET"]}}],"collection":[{"href":"https:\/\/keluvo.com\/se\/wp-json\/wp\/v2\/product"}],"about":[{"href":"https:\/\/keluvo.com\/se\/wp-json\/wp\/v2\/types\/product"}],"replies":[{"embeddable":true,"href":"https:\/\/keluvo.com\/se\/wp-json\/wp\/v2\/comments?post=31952"}],"wp:featuredmedia":[{"embeddable":true,"href":"https:\/\/keluvo.com\/se\/wp-json\/wp\/v2\/media\/31949"}],"wp:attachment":[{"href":"https:\/\/keluvo.com\/se\/wp-json\/wp\/v2\/media?parent=31952"}],"wp:term":[{"taxonomy":"product_brand","embeddable":true,"href":"https:\/\/keluvo.com\/se\/wp-json\/wp\/v2\/product_brand?post=31952"},{"taxonomy":"product_cat","embeddable":true,"href":"https:\/\/keluvo.com\/se\/wp-json\/wp\/v2\/product_cat?post=31952"},{"taxonomy":"product_tag","embeddable":true,"href":"https:\/\/keluvo.com\/se\/wp-json\/wp\/v2\/product_tag?post=31952"}],"curies":[{"name":"wp","href":"https:\/\/api.w.org\/{rel}","templated":true}]}}