{"id":31887,"date":"2025-09-15T09:21:36","date_gmt":"2025-09-15T06:21:36","guid":{"rendered":"https:\/\/keluvo.com\/se\/product\/avtappningsplugg\/"},"modified":"2025-09-18T00:44:00","modified_gmt":"2025-09-17T21:44:00","slug":"avtappningsplugg","status":"publish","type":"product","link":"https:\/\/keluvo.com\/se\/product\/avtappningsplugg\/","title":{"rendered":"Avtappningsplugg"},"content":{"rendered":"<p style=\"text-align: center\"><strong>\ud83d\udebf S\u00e4g adj\u00f6 till d\u00e5lig lukt och insekter med golvbrunnen bullet.<\/strong><\/p>\n<p style=\"text-align: center\"><span style=\"font-weight: 400\">H\u00e5ll ditt badrum luktande fr\u00e4scht och skadedjursfritt med denna eleganta, l\u00e4ttinstallerade golvbrunn som blockerar lukt och insekter utan anstr\u00e4ngning. Golvbrunnen har en kulformad design som f\u00f6rb\u00e4ttrar dr\u00e4neringen samtidigt som den ger ett snyggt utseende till ditt utrymme. Med sin anti-luktk\u00e4rna och skadedjursblockerande funktioner minskar behovet av frekvent reng\u00f6ring och hj\u00e4lper till att uppr\u00e4tth\u00e5lla en renare och h\u00e4lsosammare milj\u00f6.<\/span><\/p>\n<p><img decoding=\"async\" class=\"alignnone size-full wp-image-20586 aligncenter\" src=\"https:\/\/keluvo.com\/template\/wp-content\/uploads\/sites\/5\/2025\/05\/S983492bbec3447ceb43ab3cd6251867cu.jpg_960x960q75.jpg_.jpeg\" alt=\"\" \/><\/p>\n<h2 style=\"text-align: center\">De viktigaste f\u00f6rdelarna<\/h2>\n<p><span style=\"font-weight: 400\">\ud83c\udf2c\ufe0f <\/span><b>Eliminerar lukt<\/b><span style=\"font-weight: 400\"> \u2013 H\u00e5ller ditt badrum luktande rent och fresh<\/span><\/p>\n<p><span style=\"font-weight: 400\">\ud83d\udee1\ufe0f <\/span><b>Anti-luktk\u00e4rna<\/b><span style=\"font-weight: 400\"> \u2013 L\u00e5ngvarigt skydd utan konstant underh\u00e5ll<\/span><\/p>\n<p><span style=\"font-weight: 400\">\ud83d\udc1c <\/span><b>Blockerar skadedjur<\/b><span style=\"font-weight: 400\"> \u2013 Stoppar insekter fr\u00e5n att komma igenom golvbrunnar<\/span><\/p>\n<p><span style=\"font-weight: 400\">\ud83e\uddf1 <\/span><b>H\u00e5llbar konstruktion<\/b><span style=\"font-weight: 400\"> \u2013 Tillverkad av stark PP och silikon f\u00f6r varaktig use<\/span><\/p>\n<p><span style=\"font-weight: 400\">\ud83d\udee0\ufe0f <\/span><b>L\u00e4tt att installera<\/b><span style=\"font-weight: 400\"> \u2013 Passar standard 6.6 cm golvbrunnar snabbt och enkelt<\/span><\/p>\n<p><span style=\"font-weight: 400\">\ud83c\udf00 <\/span><b>Modern design<\/b><span style=\"font-weight: 400\"> \u2013 Kulformad f\u00f6r effektiv dr\u00e4nering och en snygg touch<\/span><\/p>\n<p><img decoding=\"async\" class=\"alignnone size-full wp-image-20585 aligncenter\" src=\"https:\/\/keluvo.com\/template\/wp-content\/uploads\/sites\/5\/2025\/05\/S9826da18a81e488c90be9d002aa35893Q.jpg_960x960q75.jpg_.jpeg\" alt=\"\" \/><\/p>\n<h2 style=\"text-align: center\"><strong>Hur Man Anv\u00e4nder<\/strong><\/h2>\n<ol>\n<li style=\"font-weight: 400\"><span style=\"font-weight: 400\">Reng\u00f6r golvbrunnsomr\u00e5det.<\/span><span style=\"font-weight: 400\"><br \/>\n<\/span><\/li>\n<li style=\"font-weight: 400\"><span style=\"font-weight: 400\">F\u00f6r in golvbrunnskulan direkt i avlopps\u00f6ppningen.<\/span><span style=\"font-weight: 400\"><br \/>\n<\/span><\/li>\n<li style=\"font-weight: 400\"><span style=\"font-weight: 400\">Tryck ordentligt f\u00f6r att s\u00e4kra den p\u00e5 plats.<\/span><\/li>\n<li style=\"font-weight: 400\"><span style=\"font-weight: 400\">Byt ut vid behov efter l\u00e5ngvarig anv\u00e4ndning eller synligt slitage.<\/span><\/li>\n<\/ol>\n<h2 style=\"text-align: center\"><strong>Produktdetaljer<\/strong><\/h2>\n<ul>\n<li style=\"font-weight: 400\"><span style=\"font-weight: 400\">Storlek: 5,5 x 6,5 x 3,6 cm<\/span><\/li>\n<li style=\"font-weight: 400\"><span style=\"font-weight: 400\">Material: PP + silikon<\/span><span style=\"font-weight: 400\"><br \/>\n<\/span><\/li>\n<li><span style=\"font-weight: 400\">Vikt: 0,033 kg<\/span><\/li>\n<\/ul>\n<h2 style=\"text-align: center\"><strong>I Paketet Ing\u00e5r<\/strong><\/h2>\n<ul>\n<li style=\"font-weight: 400\"><span style=\"font-weight: 400\">1, 2, 4x golvavloppspluggar.<\/span><\/li>\n<\/ul>\n","protected":false},"excerpt":{"rendered":"<p>\ud83d\udebf S\u00e4g adj\u00f6 till d\u00e5lig lukt och insekter med golvbrunnen bullet. H\u00e5ll ditt badrum luktande fr\u00e4scht och skadedjursfritt med denna [&hellip;]<\/p>\n","protected":false},"featured_media":31883,"comment_status":"open","ping_status":"closed","template":"","meta":{"site-sidebar-layout":"default","site-content-layout":"","ast-site-content-layout":"default","site-content-style":"default","site-sidebar-style":"default","ast-global-header-display":"","ast-banner-title-visibility":"","ast-main-header-display":"","ast-hfb-above-header-display":"","ast-hfb-below-header-display":"","ast-hfb-mobile-header-display":"","site-post-title":"","ast-breadcrumbs-content":"","ast-featured-img":"","footer-sml-layout":"","theme-transparent-header-meta":"default","adv-header-id-meta":"","stick-header-meta":"","header-above-stick-meta":"","header-main-stick-meta":"","header-below-stick-meta":"","astra-migrate-meta-layouts":"set","ast-page-background-enabled":"default","ast-page-background-meta":{"desktop":{"background-color":"var(--ast-global-color-4)","background-image":"","background-repeat":"repeat","background-position":"center center","background-size":"auto","background-attachment":"scroll","background-type":"","background-media":"","overlay-type":"","overlay-color":"","overlay-opacity":"","overlay-gradient":""},"tablet":{"background-color":"","background-image":"","background-repeat":"repeat","background-position":"center center","background-size":"auto","background-attachment":"scroll","background-type":"","background-media":"","overlay-type":"","overlay-color":"","overlay-opacity":"","overlay-gradient":""},"mobile":{"background-color":"","background-image":"","background-repeat":"repeat","background-position":"center center","background-size":"auto","background-attachment":"scroll","background-type":"","background-media":"","overlay-type":"","overlay-color":"","overlay-opacity":"","overlay-gradient":""}},"ast-content-background-meta":{"desktop":{"background-color":"var(--ast-global-color-5)","background-image":"","background-repeat":"repeat","background-position":"center center","background-size":"auto","background-attachment":"scroll","background-type":"","background-media":"","overlay-type":"","overlay-color":"","overlay-opacity":"","overlay-gradient":""},"tablet":{"background-color":"var(--ast-global-color-5)","background-image":"","background-repeat":"repeat","background-position":"center center","background-size":"auto","background-attachment":"scroll","background-type":"","background-media":"","overlay-type":"","overlay-color":"","overlay-opacity":"","overlay-gradient":""},"mobile":{"background-color":"var(--ast-global-color-5)","background-image":"","background-repeat":"repeat","background-position":"center center","background-size":"auto","background-attachment":"scroll","background-type":"","background-media":"","overlay-type":"","overlay-color":"","overlay-opacity":"","overlay-gradient":""}}},"product_brand":[],"product_cat":[1001],"product_tag":[],"class_list":{"0":"post-31887","1":"product","2":"type-product","3":"status-publish","4":"has-post-thumbnail","6":"product_cat-household-goods","7":"pa_20103_99hrt7uj-svart","8":"pa_20103_99hrt7uj-vit","9":"pa_20103_uu8ogj1y-1-st","10":"pa_20103_uu8ogj1y-2-st","11":"pa_20103_uu8ogj1y-4-st","12":"desktop-align-left","13":"tablet-align-left","14":"mobile-align-left","16":"first","17":"instock","18":"shipping-taxable","19":"purchasable","20":"product-type-variable","21":"has-default-attributes"},"_links":{"self":[{"href":"https:\/\/keluvo.com\/se\/wp-json\/wp\/v2\/product\/31887","targetHints":{"allow":["GET"]}}],"collection":[{"href":"https:\/\/keluvo.com\/se\/wp-json\/wp\/v2\/product"}],"about":[{"href":"https:\/\/keluvo.com\/se\/wp-json\/wp\/v2\/types\/product"}],"replies":[{"embeddable":true,"href":"https:\/\/keluvo.com\/se\/wp-json\/wp\/v2\/comments?post=31887"}],"wp:featuredmedia":[{"embeddable":true,"href":"https:\/\/keluvo.com\/se\/wp-json\/wp\/v2\/media\/31883"}],"wp:attachment":[{"href":"https:\/\/keluvo.com\/se\/wp-json\/wp\/v2\/media?parent=31887"}],"wp:term":[{"taxonomy":"product_brand","embeddable":true,"href":"https:\/\/keluvo.com\/se\/wp-json\/wp\/v2\/product_brand?post=31887"},{"taxonomy":"product_cat","embeddable":true,"href":"https:\/\/keluvo.com\/se\/wp-json\/wp\/v2\/product_cat?post=31887"},{"taxonomy":"product_tag","embeddable":true,"href":"https:\/\/keluvo.com\/se\/wp-json\/wp\/v2\/product_tag?post=31887"}],"curies":[{"name":"wp","href":"https:\/\/api.w.org\/{rel}","templated":true}]}}