{"id":31344,"date":"2025-09-13T11:29:25","date_gmt":"2025-09-13T08:29:25","guid":{"rendered":"https:\/\/keluvo.com\/se\/product\/leksakspistol\/"},"modified":"2025-09-30T11:18:07","modified_gmt":"2025-09-30T08:18:07","slug":"leksakspistol","status":"publish","type":"product","link":"https:\/\/keluvo.com\/se\/product\/leksakspistol\/","title":{"rendered":"Leksakspistol"},"content":{"rendered":"<p style=\"text-align: center\"><strong><span style=\"font-weight: 400\">\ud83d\udeeb<\/span>Starta, flyg och lek &#8211; inga batterier beh\u00f6vs!<span style=\"font-weight: 400\">\ud83e\uddd2<\/span><\/strong><\/p>\n<p style=\"text-align: center\"><span style=\"font-weight: 400\">Den h\u00e4r leksakspistolen med bubbelkatapult inneh\u00e5ller plan i mjukt skum som \u00e4r l\u00e4tta att starta och roliga att flyga. Det \u00e4r ett s\u00e4kert och sp\u00e4nnande s\u00e4tt att h\u00e5lla barnen aktiva, f\u00f6rb\u00e4ttra koordinationen och njuta av tiden utomhus med familj och v\u00e4nner. Den h\u00e4r leksaken \u00e4r utformad f\u00f6r praktiskt skoj utan batterier och skjuter upp flygplan upp till 6 meter med en enkel avtryckare. Den \u00e4r l\u00e4tt och s\u00e4ker och passar perfekt f\u00f6r parker, bakg\u00e5rdar och som present!<\/span><\/p>\n<p><img decoding=\"async\" class=\"size-full wp-image-19274 aligncenter\" src=\"https:\/\/keluvo.com\/template\/wp-content\/uploads\/sites\/5\/2025\/05\/guns-ezgif.com-video-to-webp-converter.webp\" alt=\"\" \/><\/p>\n<h2 style=\"text-align: center\">\ud83c\udf1f Huvudf\u00f6rdelar<\/h2>\n<p><span style=\"font-weight: 400\">\ud83d\udeeb <\/span><b>L\u00e4tt att anv\u00e4nda<\/b><span style=\"font-weight: 400\"> &#8211; Snabb montering och enkel avfyrning med ett klick<\/span><\/p>\n<p><span style=\"font-weight: 400\">\u26a1 <\/span><b>Batterifritt n\u00f6je<\/b><span style=\"font-weight: 400\"> &#8211; Avfyrar flygplan upp till 20 fot, ingen laddning kr\u00e4vs<\/span><\/p>\n<p><span style=\"font-weight: 400\">\ud83e\uddd2 <\/span><b>Barns\u00e4kert material<\/b><span style=\"font-weight: 400\"> &#8211; Skumflygplan \u00e4r mjuka, s\u00e4kra, och h\u00e5llbara<\/span><\/p>\n<p><span style=\"font-weight: 400\">\ud83e\udde0 <\/span><b>F\u00f6rb\u00e4ttrar f\u00e4rdigheter<\/b><span style=\"font-weight: 400\"> &#8211; uppmuntrar hand-\u00f6ga-koordination och riktningsmedvetenhet<\/span><\/p>\n<p><span style=\"font-weight: 400\">\ud83c\udf81 <\/span><b>Bra presentid\u00e9<\/b><span style=\"font-weight: 400\"> &#8211; perfekt f\u00f6r f\u00f6delsedagar, semestrar och utomhusaktiviteter<\/span><span style=\"font-weight: 400\"><br \/>\n<\/span><\/p>\n<p><img decoding=\"async\" class=\"size-full wp-image-19276 aligncenter\" src=\"https:\/\/keluvo.com\/template\/wp-content\/uploads\/sites\/5\/2025\/05\/de35f333-fcef-42b0-9d5e-7bfc8aafb578.webp\" alt=\"\" \/><\/p>\n<h2 style=\"text-align: center\">\ud83d\udee0\ufe0f Hur man anv\u00e4nder<\/h2>\n<ol>\n<li style=\"font-weight: 400\"><span style=\"font-weight: 400\">S\u00e4tt ihop skumglidaren genom att f\u00e4sta vingarna.<\/span><span style=\"font-weight: 400\"><br \/>\n<\/span><\/li>\n<li style=\"font-weight: 400\"><span style=\"font-weight: 400\">Ladda planet i avfyrningsanordningen.<\/span><span style=\"font-weight: 400\"><br \/>\n<\/span><\/li>\n<li style=\"font-weight: 400\"><span style=\"font-weight: 400\">Tryck p\u00e5 avtryckaren f\u00f6r att skjuta upp planet i luften.<\/span><\/li>\n<li style=\"font-weight: 400\"><span style=\"font-weight: 400\">Lek i stora, \u00f6ppna omr\u00e5den som parker, g\u00e5rdar eller str\u00e4nder.<\/span><\/li>\n<\/ol>\n<h2 style=\"text-align: center\">\ud83d\udccf Produktdetaljer<\/h2>\n<ul>\n<li style=\"font-weight: 400\"><span style=\"font-weight: 400\"><strong>Avfyrningsavst\u00e5nd<\/strong>: Upp till 7 meter<\/span><span style=\"font-weight: 400\"><br \/>\n<\/span><\/li>\n<li style=\"font-weight: 400\"><span style=\"font-weight: 400\"><strong>Material<\/strong>: Robust, l\u00e4ttviktigt skum<\/span><span style=\"font-weight: 400\"><br \/>\n<\/span><\/li>\n<li style=\"font-weight: 400\"><span style=\"font-weight: 400\"><strong>L\u00e4mplig f\u00f6r<\/strong>: Barn i \u00e5ldern 3\u20138 \u00e5r<\/span><\/li>\n<li style=\"font-weight: 400\"><span style=\"font-weight: 400\"><strong>Anv\u00e4ndningsomr\u00e5den<\/strong>: Utomhusomr\u00e5den som parker, gr\u00e4s, str\u00e4nder, bakg\u00e5rdar<\/span><\/li>\n<\/ul>\n<h2 style=\"text-align: center\">\ud83d\udce6 Paketet inneh\u00e5ller<\/h2>\n<ul>\n<li style=\"font-weight: 400\"><span style=\"font-weight: 400\">1 x avfyrningspistol<\/span><span style=\"font-weight: 400\"><br \/>\n<\/span><\/li>\n<li style=\"font-weight: 400\"><span style=\"font-weight: 400\">3 x glidflygplan av skumplast.<\/span><\/li>\n<\/ul>\n","protected":false},"excerpt":{"rendered":"<p>\ud83d\udeebStarta, flyg och lek &#8211; inga batterier beh\u00f6vs!\ud83e\uddd2 Den h\u00e4r leksakspistolen med bubbelkatapult inneh\u00e5ller plan i mjukt skum som \u00e4r [&hellip;]<\/p>\n","protected":false},"featured_media":31340,"comment_status":"open","ping_status":"closed","template":"","meta":{"site-sidebar-layout":"default","site-content-layout":"","ast-site-content-layout":"default","site-content-style":"default","site-sidebar-style":"default","ast-global-header-display":"","ast-banner-title-visibility":"","ast-main-header-display":"","ast-hfb-above-header-display":"","ast-hfb-below-header-display":"","ast-hfb-mobile-header-display":"","site-post-title":"","ast-breadcrumbs-content":"","ast-featured-img":"","footer-sml-layout":"","theme-transparent-header-meta":"default","adv-header-id-meta":"","stick-header-meta":"","header-above-stick-meta":"","header-main-stick-meta":"","header-below-stick-meta":"","astra-migrate-meta-layouts":"set","ast-page-background-enabled":"default","ast-page-background-meta":{"desktop":{"background-color":"var(--ast-global-color-4)","background-image":"","background-repeat":"repeat","background-position":"center center","background-size":"auto","background-attachment":"scroll","background-type":"","background-media":"","overlay-type":"","overlay-color":"","overlay-opacity":"","overlay-gradient":""},"tablet":{"background-color":"","background-image":"","background-repeat":"repeat","background-position":"center center","background-size":"auto","background-attachment":"scroll","background-type":"","background-media":"","overlay-type":"","overlay-color":"","overlay-opacity":"","overlay-gradient":""},"mobile":{"background-color":"","background-image":"","background-repeat":"repeat","background-position":"center center","background-size":"auto","background-attachment":"scroll","background-type":"","background-media":"","overlay-type":"","overlay-color":"","overlay-opacity":"","overlay-gradient":""}},"ast-content-background-meta":{"desktop":{"background-color":"var(--ast-global-color-5)","background-image":"","background-repeat":"repeat","background-position":"center center","background-size":"auto","background-attachment":"scroll","background-type":"","background-media":"","overlay-type":"","overlay-color":"","overlay-opacity":"","overlay-gradient":""},"tablet":{"background-color":"var(--ast-global-color-5)","background-image":"","background-repeat":"repeat","background-position":"center center","background-size":"auto","background-attachment":"scroll","background-type":"","background-media":"","overlay-type":"","overlay-color":"","overlay-opacity":"","overlay-gradient":""},"mobile":{"background-color":"var(--ast-global-color-5)","background-image":"","background-repeat":"repeat","background-position":"center center","background-size":"auto","background-attachment":"scroll","background-type":"","background-media":"","overlay-type":"","overlay-color":"","overlay-opacity":"","overlay-gradient":""}}},"product_brand":[],"product_cat":[990],"product_tag":[],"class_list":{"0":"post-31344","1":"product","2":"type-product","3":"status-publish","4":"has-post-thumbnail","6":"product_cat-toys-childrens-and-baby-products","7":"pa_24194_8rpqepvv-bla","8":"pa_24194_8rpqepvv-orange","9":"desktop-align-left","10":"tablet-align-left","11":"mobile-align-left","13":"first","14":"instock","15":"shipping-taxable","16":"purchasable","17":"product-type-variable"},"_links":{"self":[{"href":"https:\/\/keluvo.com\/se\/wp-json\/wp\/v2\/product\/31344","targetHints":{"allow":["GET"]}}],"collection":[{"href":"https:\/\/keluvo.com\/se\/wp-json\/wp\/v2\/product"}],"about":[{"href":"https:\/\/keluvo.com\/se\/wp-json\/wp\/v2\/types\/product"}],"replies":[{"embeddable":true,"href":"https:\/\/keluvo.com\/se\/wp-json\/wp\/v2\/comments?post=31344"}],"wp:featuredmedia":[{"embeddable":true,"href":"https:\/\/keluvo.com\/se\/wp-json\/wp\/v2\/media\/31340"}],"wp:attachment":[{"href":"https:\/\/keluvo.com\/se\/wp-json\/wp\/v2\/media?parent=31344"}],"wp:term":[{"taxonomy":"product_brand","embeddable":true,"href":"https:\/\/keluvo.com\/se\/wp-json\/wp\/v2\/product_brand?post=31344"},{"taxonomy":"product_cat","embeddable":true,"href":"https:\/\/keluvo.com\/se\/wp-json\/wp\/v2\/product_cat?post=31344"},{"taxonomy":"product_tag","embeddable":true,"href":"https:\/\/keluvo.com\/se\/wp-json\/wp\/v2\/product_tag?post=31344"}],"curies":[{"name":"wp","href":"https:\/\/api.w.org\/{rel}","templated":true}]}}