{"id":31217,"date":"2025-09-13T11:23:40","date_gmt":"2025-09-13T08:23:40","guid":{"rendered":"https:\/\/keluvo.com\/se\/product\/rengoringsmedel-for-sminkborstar\/"},"modified":"2025-09-22T20:05:35","modified_gmt":"2025-09-22T17:05:35","slug":"rengoringsmedel-for-sminkborstar","status":"publish","type":"product","link":"https:\/\/keluvo.com\/se\/product\/rengoringsmedel-for-sminkborstar\/","title":{"rendered":"Reng\u00f6ringsmedel f\u00f6r sminkborstar"},"content":{"rendered":"<p style=\"text-align: center\"><strong><span style=\"font-weight: 400\">\ud83e\uddfc<\/span>Reng\u00f6r dina sminkborstar utan problem &#8211; snabbt, djupt och problemfritt!\ud83d\udc84<\/strong><\/p>\n<p style=\"text-align: center\"><span style=\"font-weight: 400\">H\u00e5ll dina sminkborstar fr\u00e4scha och bakteriefria med den h\u00e4r automatiska reng\u00f6ringen som reng\u00f6r p\u00e5 djupet och torkar borstarna snabbt, s\u00e5 att de \u00e4r redo att anv\u00e4ndas igen p\u00e5 bara n\u00e5gra minuter. Inget mer skrubbande f\u00f6r hand &#8211; tryck bara p\u00e5 en knapp och l\u00e5t den g\u00f6ra jobbet! Den h\u00e4r kompakta, USB-drivna reng\u00f6ringsapparaten \u00e4r perfekt f\u00f6r b\u00e5de hemmabruk och professionell anv\u00e4ndning och \u00e4r l\u00e4tt att f\u00f6rvara, l\u00e4tt att anv\u00e4nda och skonsam mot dina borstar samtidigt som den \u00e4r tuff mot sminkrester.<\/span><\/p>\n<p><img decoding=\"async\" class=\"size-full wp-image-19825 aligncenter\" src=\"https:\/\/keluvo.com\/template\/wp-content\/uploads\/sites\/5\/2025\/05\/brush-ezgif.com-video-to-webp-converter.webp\" alt=\"\" \/><\/p>\n<h2 style=\"text-align: center\">\ud83c\udf1f Huvudf\u00f6rdelar<\/h2>\n<p><span style=\"font-weight: 400\">\ud83e\uddfc <\/span><b>Reng\u00f6ringskraft p\u00e5 djupet<\/b><span style=\"font-weight: 400\"> \u2013 Tar bort smuts, oljor och sminkrester<\/span><\/p>\n<p><span style=\"font-weight: 400\">\u26a1 <\/span><b>Snabbtorkande<\/b><span style=\"font-weight: 400\"> \u2013 Anv\u00e4nd dina borstar igen p\u00e5 n\u00e5gra minuter<\/span><\/p>\n<p><span style=\"font-weight: 400\">\ud83d\udd04 <\/span><b>Automatisk drift<\/b><span style=\"font-weight: 400\"> \u2013 Anv\u00e4ndning med en knapp, inget skrubbande f\u00f6r hand<\/span><\/p>\n<p><span style=\"font-weight: 400\">\ud83d\udcbc <\/span><b>B\u00e4rbar &amp; kompakt<\/b><span style=\"font-weight: 400\"> \u2013 L\u00e4tt att resa med och f\u00f6rvara<\/span><\/p>\n<p><span style=\"font-weight: 400\">\ud83e\uddfd <\/span><b>Borsts\u00e4ker design<\/b><span style=\"font-weight: 400\"> \u2013 Reng\u00f6r noggrant utan att skada borsten<\/span><\/p>\n<p><span style=\"font-weight: 400\">\ud83d\udd0c <\/span><b>USB-driven<\/b><span style=\"font-weight: 400\"> \u2013 Bekv\u00e4m laddning med valfri USB port<\/span><\/p>\n<p><img decoding=\"async\" class=\"size-full wp-image-19828 aligncenter\" src=\"https:\/\/keluvo.com\/template\/wp-content\/uploads\/sites\/5\/2025\/05\/413ad89b-cbc9-4bcc-b8e4-3e3a49938cd2.webp\" alt=\"\" \/><\/p>\n<h2 style=\"text-align: center\">\ud83d\udee0\ufe0f Hur man anv\u00e4nder<\/h2>\n<ol>\n<li style=\"font-weight: 400\"><span style=\"font-weight: 400\">H\u00e4ll en liten m\u00e4ngd sminkborttagningsmedel eller reng\u00f6ringsmedel i sk\u00e5len.<\/span><span style=\"font-weight: 400\"><br \/>\n<\/span><\/li>\n<li style=\"font-weight: 400\"><span style=\"font-weight: 400\">Placera dina borstar p\u00e5 silikonplattan inuti sk\u00e5len.<\/span><span style=\"font-weight: 400\"><br \/>\n<\/span><\/li>\n<li style=\"font-weight: 400\"><span style=\"font-weight: 400\">Dubbelklicka p\u00e5 knappen f\u00f6r att starta reng\u00f6ringscykeln.<\/span><span style=\"font-weight: 400\"><br \/>\n<\/span><\/li>\n<li style=\"font-weight: 400\"><span style=\"font-weight: 400\">Flytta runt borstarna f\u00f6rsiktigt f\u00f6r djupreng\u00f6ring.<\/span><span style=\"font-weight: 400\"><br \/>\n<\/span><\/li>\n<li style=\"font-weight: 400\"><span style=\"font-weight: 400\">Ta bort, sk\u00f6lj om det beh\u00f6vs och l\u00e5t torka\u2014klar p\u00e5 nolltid!<\/span><span style=\"font-weight: 400\"><br \/>\n<\/span><\/li>\n<\/ol>\n<h2 style=\"text-align: center\">\ud83d\udccf Produktdetaljer<\/h2>\n<ul>\n<li style=\"font-weight: 400\"><span style=\"font-weight: 400\">Material: ABS + Silikon<\/span><span style=\"font-weight: 400\"><br \/>\n<\/span><\/li>\n<li style=\"font-weight: 400\"><span style=\"font-weight: 400\">Reng\u00f6ringssk\u00e5l: Mjuka silikonpartiklar f\u00f6r effektiv och skonsam reng\u00f6ring<\/span><span style=\"font-weight: 400\"><br \/>\n<\/span><\/li>\n<li style=\"font-weight: 400\"><span style=\"font-weight: 400\">K\u00e4lla: USB-driven<\/span><span style=\"font-weight: 400\"><br \/>\n<\/span><\/li>\n<li style=\"font-weight: 400\"><span style=\"font-weight: 400\">Storlek: Kompakt och l\u00e4tt f\u00f6r enkel f\u00f6rvaring eller resa<\/span><span style=\"font-weight: 400\"><br \/>\n<\/span><\/li>\n<\/ul>\n<h2 style=\"text-align: center\">\ud83d\udce6 Paketet inneh\u00e5ller<\/h2>\n<ul>\n<li style=\"font-weight: 400\"><span style=\"font-weight: 400\">1 x reng\u00f6ring f\u00f6r sminkborstar.<\/span><\/li>\n<\/ul>\n","protected":false},"excerpt":{"rendered":"<p>\ud83e\uddfcReng\u00f6r dina sminkborstar utan problem &#8211; snabbt, djupt och problemfritt!\ud83d\udc84 H\u00e5ll dina sminkborstar fr\u00e4scha och bakteriefria med den h\u00e4r automatiska [&hellip;]<\/p>\n","protected":false},"featured_media":31213,"comment_status":"open","ping_status":"closed","template":"","meta":{"site-sidebar-layout":"default","site-content-layout":"","ast-site-content-layout":"default","site-content-style":"default","site-sidebar-style":"default","ast-global-header-display":"","ast-banner-title-visibility":"","ast-main-header-display":"","ast-hfb-above-header-display":"","ast-hfb-below-header-display":"","ast-hfb-mobile-header-display":"","site-post-title":"","ast-breadcrumbs-content":"","ast-featured-img":"","footer-sml-layout":"","theme-transparent-header-meta":"default","adv-header-id-meta":"","stick-header-meta":"","header-above-stick-meta":"","header-main-stick-meta":"","header-below-stick-meta":"","astra-migrate-meta-layouts":"set","ast-page-background-enabled":"default","ast-page-background-meta":{"desktop":{"background-color":"var(--ast-global-color-4)","background-image":"","background-repeat":"repeat","background-position":"center center","background-size":"auto","background-attachment":"scroll","background-type":"","background-media":"","overlay-type":"","overlay-color":"","overlay-opacity":"","overlay-gradient":""},"tablet":{"background-color":"","background-image":"","background-repeat":"repeat","background-position":"center center","background-size":"auto","background-attachment":"scroll","background-type":"","background-media":"","overlay-type":"","overlay-color":"","overlay-opacity":"","overlay-gradient":""},"mobile":{"background-color":"","background-image":"","background-repeat":"repeat","background-position":"center center","background-size":"auto","background-attachment":"scroll","background-type":"","background-media":"","overlay-type":"","overlay-color":"","overlay-opacity":"","overlay-gradient":""}},"ast-content-background-meta":{"desktop":{"background-color":"var(--ast-global-color-5)","background-image":"","background-repeat":"repeat","background-position":"center center","background-size":"auto","background-attachment":"scroll","background-type":"","background-media":"","overlay-type":"","overlay-color":"","overlay-opacity":"","overlay-gradient":""},"tablet":{"background-color":"var(--ast-global-color-5)","background-image":"","background-repeat":"repeat","background-position":"center center","background-size":"auto","background-attachment":"scroll","background-type":"","background-media":"","overlay-type":"","overlay-color":"","overlay-opacity":"","overlay-gradient":""},"mobile":{"background-color":"var(--ast-global-color-5)","background-image":"","background-repeat":"repeat","background-position":"center center","background-size":"auto","background-attachment":"scroll","background-type":"","background-media":"","overlay-type":"","overlay-color":"","overlay-opacity":"","overlay-gradient":""}}},"product_brand":[],"product_cat":[992],"product_tag":[],"class_list":{"0":"post-31217","1":"product","2":"type-product","3":"status-publish","4":"has-post-thumbnail","6":"product_cat-beauty-and-hygiene-products","7":"pa_23644_bwswecxe-rosa","8":"pa_23644_bwswecxe-svart","9":"pa_23644_bwswecxe-vit","10":"desktop-align-left","11":"tablet-align-left","12":"mobile-align-left","14":"first","15":"instock","16":"shipping-taxable","17":"purchasable","18":"product-type-variable"},"_links":{"self":[{"href":"https:\/\/keluvo.com\/se\/wp-json\/wp\/v2\/product\/31217","targetHints":{"allow":["GET"]}}],"collection":[{"href":"https:\/\/keluvo.com\/se\/wp-json\/wp\/v2\/product"}],"about":[{"href":"https:\/\/keluvo.com\/se\/wp-json\/wp\/v2\/types\/product"}],"replies":[{"embeddable":true,"href":"https:\/\/keluvo.com\/se\/wp-json\/wp\/v2\/comments?post=31217"}],"wp:featuredmedia":[{"embeddable":true,"href":"https:\/\/keluvo.com\/se\/wp-json\/wp\/v2\/media\/31213"}],"wp:attachment":[{"href":"https:\/\/keluvo.com\/se\/wp-json\/wp\/v2\/media?parent=31217"}],"wp:term":[{"taxonomy":"product_brand","embeddable":true,"href":"https:\/\/keluvo.com\/se\/wp-json\/wp\/v2\/product_brand?post=31217"},{"taxonomy":"product_cat","embeddable":true,"href":"https:\/\/keluvo.com\/se\/wp-json\/wp\/v2\/product_cat?post=31217"},{"taxonomy":"product_tag","embeddable":true,"href":"https:\/\/keluvo.com\/se\/wp-json\/wp\/v2\/product_tag?post=31217"}],"curies":[{"name":"wp","href":"https:\/\/api.w.org\/{rel}","templated":true}]}}