{"id":31133,"date":"2025-09-13T11:19:35","date_gmt":"2025-09-13T08:19:35","guid":{"rendered":"https:\/\/keluvo.com\/se\/product\/flygande-jesus-prydnad\/"},"modified":"2025-09-22T20:04:01","modified_gmt":"2025-09-22T17:04:01","slug":"flygande-jesus-prydnad","status":"publish","type":"product","link":"https:\/\/keluvo.com\/se\/product\/flygande-jesus-prydnad\/","title":{"rendered":"Flygande Jesus prydnad"},"content":{"rendered":"<p style=\"text-align: center\"><strong><span style=\"font-weight: 400\">\u271d\ufe0f <\/span>L\u00e4gg till en touch av tro och kul till din heminredning!<span style=\"font-weight: 400\">\ud83c\udfe1 <\/span><\/strong><\/p>\n<p style=\"text-align: center\"><span style=\"font-weight: 400\">Denna flygande Jesus-prydnad \u00e4r en vacker och meningsfull v\u00e4ggh\u00e4ngning som kombinerar andlig symbolik med konstn\u00e4rlig charm. Designad f\u00f6r att h\u00f6ja ditt utrymme, det \u00e4r perfekt f\u00f6r hem, kontor eller som en unik g\u00e5va f\u00f6r religi\u00f6sa firanden Tillverkad av h\u00e5llbart tr\u00e4, harts och metall, har denna prydnad en sl\u00e5ende bungee-stil korsdesign och \u00e4r l\u00e4mplig f\u00f6r b\u00e5de inomhus- och utomhusvisning. Oavsett om du \u00e4r en samlare eller letar efter en innerlig g\u00e5va, kommer denna prydnad s\u00e4kert att l\u00e4mna ett best\u00e5ende intryck.<\/span><\/p>\n<p><img decoding=\"async\" class=\"size-full wp-image-19245 aligncenter\" src=\"https:\/\/keluvo.com\/template\/wp-content\/uploads\/sites\/5\/2025\/05\/e36fb5fd-9e90-44b4-94b4-95f6add48433.webp\" alt=\"\" \/><\/p>\n<h2 style=\"text-align: center\">\ud83c\udf1f Huvudsakliga f\u00f6rdelar<\/h2>\n<p><span style=\"font-weight: 400\">\u271d\ufe0f <\/span><b>Elegant andlig dekor<\/b><span style=\"font-weight: 400\"> \u2013 L\u00e4gger till charm och n\u00e5d i alla rum eller tr\u00e4dg\u00e5rdar<\/span><\/p>\n<p><span style=\"font-weight: 400\">\ud83c\udf81 <\/span><b>Perfekt present<\/b><span style=\"font-weight: 400\"> \u2013 Perfekt f\u00f6r eukaristiska firanden, f\u00f6delsedagar eller andliga milstolpar<\/span><\/p>\n<p><span style=\"font-weight: 400\">\ud83e\udeb5 <\/span><b>H\u00e5llbara material<\/b><span style=\"font-weight: 400\"> \u2013 Tillverkad av tr\u00e4, harts, och metall f\u00f6r h\u00e5llbar kvalitet<\/span><\/p>\n<p><span style=\"font-weight: 400\">\ud83e\uddf2 <\/span><b>Unik design<\/b><span style=\"font-weight: 400\"> \u2013 &#8221;flygande&#8221; Jesus i bungee-stil ger en rolig, i\u00f6gonfallande twist<\/span><\/p>\n<p><span style=\"font-weight: 400\">\ud83c\udfe1 <\/span><b>M\u00e5ngsidig anv\u00e4ndning<\/b><span style=\"font-weight: 400\"> \u2013 Perfekt f\u00f6r hem, kontor, sovsalar och utomhus settings<\/span><\/p>\n<p><img decoding=\"async\" class=\"size-full wp-image-19246 aligncenter\" src=\"https:\/\/keluvo.com\/template\/wp-content\/uploads\/sites\/5\/2025\/05\/209efc43-9aa2-4031-bd55-924a75264244.webp\" alt=\"\" \/><\/p>\n<h2 style=\"text-align: center\">\ud83d\udee0\ufe0f Hur Man Anv\u00e4nder<\/h2>\n<ol>\n<li style=\"font-weight: 400\"><span style=\"font-weight: 400\">V\u00e4lj en v\u00e4gg eller yta f\u00f6r att h\u00e4nga din prydnad.<\/span><span style=\"font-weight: 400\"><br \/>\n<\/span><\/li>\n<li style=\"font-weight: 400\"><span style=\"font-weight: 400\">Anv\u00e4nd en spik, krok eller sj\u00e4lvh\u00e4ftande h\u00e4ngare f\u00f6r att f\u00e4sta den.<\/span><\/li>\n<li style=\"font-weight: 400\"><span style=\"font-weight: 400\">Justera repet f\u00f6r balans och njut av den andliga och konstn\u00e4rliga k\u00e4nslan.<\/span><\/li>\n<\/ol>\n<h2 style=\"text-align: center\">\ud83d\udccf Produktdetaljer<\/h2>\n<ul>\n<li style=\"font-weight: 400\"><span style=\"font-weight: 400\"><strong>Material<\/strong>: Resin, tr\u00e4, metall<\/span><span style=\"font-weight: 400\"><br \/>\n<\/span><\/li>\n<li style=\"font-weight: 400\"><span style=\"font-weight: 400\"><strong>Storlek<\/strong>: 18cm x 10cm ca.<\/span><\/li>\n<li style=\"font-weight: 400\"><span style=\"font-weight: 400\"><strong>Typ<\/strong>: H\u00e4ngande v\u00e4ggprydnad f\u00f6r inomhus- \/ utomhusbruk.<\/span><\/li>\n<\/ul>\n<h2 style=\"text-align: center\">\ud83d\udce6 Paketet Inneh\u00e5ller<\/h2>\n<ul>\n<li style=\"font-weight: 400\"><span style=\"font-weight: 400\">1 x flygande Jesus-prydnad.<\/span><\/li>\n<\/ul>\n","protected":false},"excerpt":{"rendered":"<p>\u271d\ufe0f L\u00e4gg till en touch av tro och kul till din heminredning!\ud83c\udfe1 Denna flygande Jesus-prydnad \u00e4r en vacker och meningsfull [&hellip;]<\/p>\n","protected":false},"featured_media":31129,"comment_status":"open","ping_status":"closed","template":"","meta":{"site-sidebar-layout":"default","site-content-layout":"","ast-site-content-layout":"default","site-content-style":"default","site-sidebar-style":"default","ast-global-header-display":"","ast-banner-title-visibility":"","ast-main-header-display":"","ast-hfb-above-header-display":"","ast-hfb-below-header-display":"","ast-hfb-mobile-header-display":"","site-post-title":"","ast-breadcrumbs-content":"","ast-featured-img":"","footer-sml-layout":"","theme-transparent-header-meta":"default","adv-header-id-meta":"","stick-header-meta":"","header-above-stick-meta":"","header-main-stick-meta":"","header-below-stick-meta":"","astra-migrate-meta-layouts":"set","ast-page-background-enabled":"default","ast-page-background-meta":{"desktop":{"background-color":"var(--ast-global-color-4)","background-image":"","background-repeat":"repeat","background-position":"center center","background-size":"auto","background-attachment":"scroll","background-type":"","background-media":"","overlay-type":"","overlay-color":"","overlay-opacity":"","overlay-gradient":""},"tablet":{"background-color":"","background-image":"","background-repeat":"repeat","background-position":"center center","background-size":"auto","background-attachment":"scroll","background-type":"","background-media":"","overlay-type":"","overlay-color":"","overlay-opacity":"","overlay-gradient":""},"mobile":{"background-color":"","background-image":"","background-repeat":"repeat","background-position":"center center","background-size":"auto","background-attachment":"scroll","background-type":"","background-media":"","overlay-type":"","overlay-color":"","overlay-opacity":"","overlay-gradient":""}},"ast-content-background-meta":{"desktop":{"background-color":"var(--ast-global-color-5)","background-image":"","background-repeat":"repeat","background-position":"center center","background-size":"auto","background-attachment":"scroll","background-type":"","background-media":"","overlay-type":"","overlay-color":"","overlay-opacity":"","overlay-gradient":""},"tablet":{"background-color":"var(--ast-global-color-5)","background-image":"","background-repeat":"repeat","background-position":"center center","background-size":"auto","background-attachment":"scroll","background-type":"","background-media":"","overlay-type":"","overlay-color":"","overlay-opacity":"","overlay-gradient":""},"mobile":{"background-color":"var(--ast-global-color-5)","background-image":"","background-repeat":"repeat","background-position":"center center","background-size":"auto","background-attachment":"scroll","background-type":"","background-media":"","overlay-type":"","overlay-color":"","overlay-opacity":"","overlay-gradient":""}}},"product_brand":[],"product_cat":[1001],"product_tag":[],"class_list":{"0":"post-31133","1":"product","2":"type-product","3":"status-publish","4":"has-post-thumbnail","6":"product_cat-household-goods","7":"desktop-align-left","8":"tablet-align-left","9":"mobile-align-left","11":"first","12":"instock","13":"shipping-taxable","14":"purchasable","15":"product-type-simple"},"_links":{"self":[{"href":"https:\/\/keluvo.com\/se\/wp-json\/wp\/v2\/product\/31133","targetHints":{"allow":["GET"]}}],"collection":[{"href":"https:\/\/keluvo.com\/se\/wp-json\/wp\/v2\/product"}],"about":[{"href":"https:\/\/keluvo.com\/se\/wp-json\/wp\/v2\/types\/product"}],"replies":[{"embeddable":true,"href":"https:\/\/keluvo.com\/se\/wp-json\/wp\/v2\/comments?post=31133"}],"wp:featuredmedia":[{"embeddable":true,"href":"https:\/\/keluvo.com\/se\/wp-json\/wp\/v2\/media\/31129"}],"wp:attachment":[{"href":"https:\/\/keluvo.com\/se\/wp-json\/wp\/v2\/media?parent=31133"}],"wp:term":[{"taxonomy":"product_brand","embeddable":true,"href":"https:\/\/keluvo.com\/se\/wp-json\/wp\/v2\/product_brand?post=31133"},{"taxonomy":"product_cat","embeddable":true,"href":"https:\/\/keluvo.com\/se\/wp-json\/wp\/v2\/product_cat?post=31133"},{"taxonomy":"product_tag","embeddable":true,"href":"https:\/\/keluvo.com\/se\/wp-json\/wp\/v2\/product_tag?post=31133"}],"curies":[{"name":"wp","href":"https:\/\/api.w.org\/{rel}","templated":true}]}}