{"id":31084,"date":"2025-09-13T11:17:06","date_gmt":"2025-09-13T08:17:06","guid":{"rendered":"https:\/\/keluvo.com\/se\/product\/monokular\/"},"modified":"2025-09-22T20:03:03","modified_gmt":"2025-09-22T17:03:03","slug":"monokular","status":"publish","type":"product","link":"https:\/\/keluvo.com\/se\/product\/monokular\/","title":{"rendered":"Monokul\u00e4r"},"content":{"rendered":"<p style=\"text-align: center\"><strong>Se L\u00e4ngre Och Tydligare Med Den H\u00e4r Praktiska Monokularen!<\/strong><\/p>\n<p style=\"text-align: center\"><span style=\"font-weight: 400\">F\u00e5 n\u00e4rbilder av avl\u00e4gsna scener med den h\u00e4r kompakta, kraftfulla monokularen &#8211; perfekt f\u00f6r \u00e4ventyr och vardagsutforskning. Den h\u00e4r l\u00e4tta monokularen har 16X f\u00f6rstoring och \u00e4r l\u00e4tt att fokusera, vilket g\u00f6r den perfekt f\u00f6r resor, f\u00e5gelsk\u00e5dning, camping, vandring och mycket mer. Dess gummikropp ger ett s\u00e4kert grepp, medan den optiska linsen ger skarpa, ljusa vyer. L\u00e4tt att b\u00e4ra, reng\u00f6ra och anv\u00e4nda!<\/span><\/p>\n<p><img decoding=\"async\" class=\"alignnone size-full wp-image-19664 aligncenter\" src=\"https:\/\/keluvo.com\/template\/wp-content\/uploads\/sites\/5\/2025\/05\/Monocular-ezgif.com-video-to-webp-converter.webp\" alt=\"\" \/><\/p>\n<h2 style=\"text-align: center\">\ud83c\udf1f Huvudf\u00f6rdelar<\/h2>\n<p><span style=\"font-weight: 400\">\ud83d\udd0d <\/span><b>16X f\u00f6rstoring<\/b><span style=\"font-weight: 400\"> \u2013 Se avl\u00e4gsna objekt i tydliga detaljer<\/span><\/p>\n<p><span style=\"font-weight: 400\">\ud83c\udfaf <\/span><b>Justerbart fokus<\/b><span style=\"font-weight: 400\"> \u2013 Enkel rotation g\u00f6r att du kan finjustera din vy<\/span><\/p>\n<p><span style=\"font-weight: 400\">\ud83d\udc5c <\/span><b>B\u00e4rbar &amp; l\u00e4ttvikt<\/b><span style=\"font-weight: 400\"> \u2013 L\u00e4tt att b\u00e4ra med den medf\u00f6ljande remmen<\/span><\/p>\n<p><span style=\"font-weight: 400\">\ud83e\uddfc <\/span><b>Enkelt underh\u00e5ll<\/b><span style=\"font-weight: 400\"> \u2013 Levereras med en reng\u00f6ringsduk f\u00f6r att h\u00e5lla linserna fl\u00e4ckfria<\/span><\/p>\n<p><span style=\"font-weight: 400\">\ud83c\udf32 <\/span><b>Perfekt f\u00f6r utomhusbruk<\/b><span style=\"font-weight: 400\"> \u2013 Perfekt f\u00f6r resor, f\u00e5gelsk\u00e5dning och hiking<\/span><\/p>\n<p><img decoding=\"async\" class=\"alignnone size-full wp-image-19658 aligncenter\" src=\"https:\/\/keluvo.com\/template\/wp-content\/uploads\/sites\/5\/2025\/05\/5d084f4a-3195-45cd-9853-9c6fa4717efe.webp.webp\" alt=\"\" \/><\/p>\n<h2 style=\"text-align: center\">\ud83d\udee0\ufe0f Hur Man Anv\u00e4nder<\/h2>\n<ol>\n<li style=\"font-weight: 400\"><span style=\"font-weight: 400\">H\u00e5ll monokularen s\u00e4kert med en hand.<\/span><span style=\"font-weight: 400\"><br \/>\n<\/span><\/li>\n<li style=\"font-weight: 400\"><span style=\"font-weight: 400\">Titta genom okularet.<\/span><span style=\"font-weight: 400\"><br \/>\n<\/span><\/li>\n<li style=\"font-weight: 400\"><span style=\"font-weight: 400\">Rotera objektivlinsen tills bilden blir tydlig.<\/span><span style=\"font-weight: 400\"><br \/>\n<\/span><\/li>\n<li style=\"font-weight: 400\"><span style=\"font-weight: 400\">Justera fokus f\u00f6r ditt \u00f6ga efter behov.<\/span><\/li>\n<\/ol>\n<h2 style=\"text-align: center\">\ud83d\udccf Produktdetaljer<\/h2>\n<ul>\n<li style=\"font-weight: 400\"><span style=\"font-weight: 400\">Material: Optisk lins och gummikropp<\/span><span style=\"font-weight: 400\"><br \/>\n<\/span><\/li>\n<li style=\"font-weight: 400\"><span style=\"font-weight: 400\">Magnifiering: 16X<\/span><span style=\"font-weight: 400\"><br \/>\n<\/span><\/li>\n<li style=\"font-weight: 400\"><span style=\"font-weight: 400\">Objektivdiameter: 40mm<\/span><span style=\"font-weight: 400\"><br \/>\n<\/span><\/li>\n<li style=\"font-weight: 400\"><span style=\"font-weight: 400\">Okul\u00e4r diameter: 17mm<\/span><span style=\"font-weight: 400\"><br \/>\n<\/span><\/li>\n<li style=\"font-weight: 400\"><span style=\"font-weight: 400\">Synf\u00e4lt: 66m\/8000m<\/span><span style=\"font-weight: 400\"><br \/>\n<\/span><\/li>\n<li style=\"font-weight: 400\"><span style=\"font-weight: 400\">Utg\u00e5ngspupill: 2mm | Utg\u00e5ngsavst\u00e5nd: 20mm<\/span><span style=\"font-weight: 400\"><br \/>\n<\/span><\/li>\n<li style=\"font-weight: 400\"><span style=\"font-weight: 400\">Vikt: 270g<\/span><\/li>\n<\/ul>\n<h2 style=\"text-align: center\">\ud83d\udce6 Paketet Inneh\u00e5ller<\/h2>\n<ul>\n<li style=\"font-weight: 400\"><span style=\"font-weight: 400\">1 x<\/span> <span style=\"font-weight: 400\">monokular.<\/span><span style=\"font-weight: 400\"><br \/>\n<\/span><\/li>\n<li style=\"font-weight: 400\"><span style=\"font-weight: 400\">1 x b\u00e4rrem<\/span><span style=\"font-weight: 400\"><br \/>\n<\/span><\/li>\n<li style=\"font-weight: 400\"><span style=\"font-weight: 400\">1 x reng\u00f6ringsduk.<\/span><\/li>\n<\/ul>\n","protected":false},"excerpt":{"rendered":"<p>Se L\u00e4ngre Och Tydligare Med Den H\u00e4r Praktiska Monokularen! F\u00e5 n\u00e4rbilder av avl\u00e4gsna scener med den h\u00e4r kompakta, kraftfulla monokularen [&hellip;]<\/p>\n","protected":false},"featured_media":31080,"comment_status":"open","ping_status":"closed","template":"","meta":{"site-sidebar-layout":"default","site-content-layout":"","ast-site-content-layout":"default","site-content-style":"default","site-sidebar-style":"default","ast-global-header-display":"","ast-banner-title-visibility":"","ast-main-header-display":"","ast-hfb-above-header-display":"","ast-hfb-below-header-display":"","ast-hfb-mobile-header-display":"","site-post-title":"","ast-breadcrumbs-content":"","ast-featured-img":"","footer-sml-layout":"","theme-transparent-header-meta":"default","adv-header-id-meta":"","stick-header-meta":"","header-above-stick-meta":"","header-main-stick-meta":"","header-below-stick-meta":"","astra-migrate-meta-layouts":"set","ast-page-background-enabled":"default","ast-page-background-meta":{"desktop":{"background-color":"var(--ast-global-color-4)","background-image":"","background-repeat":"repeat","background-position":"center center","background-size":"auto","background-attachment":"scroll","background-type":"","background-media":"","overlay-type":"","overlay-color":"","overlay-opacity":"","overlay-gradient":""},"tablet":{"background-color":"","background-image":"","background-repeat":"repeat","background-position":"center center","background-size":"auto","background-attachment":"scroll","background-type":"","background-media":"","overlay-type":"","overlay-color":"","overlay-opacity":"","overlay-gradient":""},"mobile":{"background-color":"","background-image":"","background-repeat":"repeat","background-position":"center center","background-size":"auto","background-attachment":"scroll","background-type":"","background-media":"","overlay-type":"","overlay-color":"","overlay-opacity":"","overlay-gradient":""}},"ast-content-background-meta":{"desktop":{"background-color":"var(--ast-global-color-5)","background-image":"","background-repeat":"repeat","background-position":"center center","background-size":"auto","background-attachment":"scroll","background-type":"","background-media":"","overlay-type":"","overlay-color":"","overlay-opacity":"","overlay-gradient":""},"tablet":{"background-color":"var(--ast-global-color-5)","background-image":"","background-repeat":"repeat","background-position":"center center","background-size":"auto","background-attachment":"scroll","background-type":"","background-media":"","overlay-type":"","overlay-color":"","overlay-opacity":"","overlay-gradient":""},"mobile":{"background-color":"var(--ast-global-color-5)","background-image":"","background-repeat":"repeat","background-position":"center center","background-size":"auto","background-attachment":"scroll","background-type":"","background-media":"","overlay-type":"","overlay-color":"","overlay-opacity":"","overlay-gradient":""}}},"product_brand":[],"product_cat":[993,1000],"product_tag":[],"class_list":{"0":"post-31084","1":"product","2":"type-product","3":"status-publish","4":"has-post-thumbnail","6":"product_cat-footwear-accessories","7":"product_cat-hiking-camping-and-leisure-goods","8":"desktop-align-left","9":"tablet-align-left","10":"mobile-align-left","12":"first","13":"instock","14":"shipping-taxable","15":"purchasable","16":"product-type-simple"},"_links":{"self":[{"href":"https:\/\/keluvo.com\/se\/wp-json\/wp\/v2\/product\/31084","targetHints":{"allow":["GET"]}}],"collection":[{"href":"https:\/\/keluvo.com\/se\/wp-json\/wp\/v2\/product"}],"about":[{"href":"https:\/\/keluvo.com\/se\/wp-json\/wp\/v2\/types\/product"}],"replies":[{"embeddable":true,"href":"https:\/\/keluvo.com\/se\/wp-json\/wp\/v2\/comments?post=31084"}],"wp:featuredmedia":[{"embeddable":true,"href":"https:\/\/keluvo.com\/se\/wp-json\/wp\/v2\/media\/31080"}],"wp:attachment":[{"href":"https:\/\/keluvo.com\/se\/wp-json\/wp\/v2\/media?parent=31084"}],"wp:term":[{"taxonomy":"product_brand","embeddable":true,"href":"https:\/\/keluvo.com\/se\/wp-json\/wp\/v2\/product_brand?post=31084"},{"taxonomy":"product_cat","embeddable":true,"href":"https:\/\/keluvo.com\/se\/wp-json\/wp\/v2\/product_cat?post=31084"},{"taxonomy":"product_tag","embeddable":true,"href":"https:\/\/keluvo.com\/se\/wp-json\/wp\/v2\/product_tag?post=31084"}],"curies":[{"name":"wp","href":"https:\/\/api.w.org\/{rel}","templated":true}]}}