{"id":30844,"date":"2025-09-13T11:06:38","date_gmt":"2025-09-13T08:06:38","guid":{"rendered":"https:\/\/keluvo.com\/se\/product\/lim\/"},"modified":"2025-09-22T20:05:26","modified_gmt":"2025-09-22T17:05:26","slug":"lim","status":"publish","type":"product","link":"https:\/\/keluvo.com\/se\/product\/lim\/","title":{"rendered":"Lim"},"content":{"rendered":"<p style=\"text-align: center\"><strong>\ud83d\udd27Snabbt, Starkt Och M\u00e5ngsidigt \u2013 Ett Lim F\u00f6r Alla Dina Reparationer!<\/strong><\/p>\n<p style=\"text-align: center\"><span style=\"font-weight: 400\">Det universella svetsoljiga limmet \u00e4r l\u00f6sningen f\u00f6r snabba och h\u00e5llbara reparationer runt om i huset. Det h\u00e4r limmet \u00e4r utformat f\u00f6r anv\u00e4ndning p\u00e5 metall, glas, plast och mycket mer och ger starka, vattent\u00e4ta fogar som h\u00e5ller l\u00e4nge. Dess snabbtorkande formula g\u00f6r det perfekt f\u00f6r att fixa m\u00f6bler, skor, prylar eller hush\u00e5llsartiklar p\u00e5 n\u00e5gra minuter. Oavsett om du t\u00e4tar sprickor eller lagar trasiga delar ger det h\u00e4r limmet ett kraftfullt grepp utan l\u00e5ng v\u00e4ntan &#8211; milj\u00f6v\u00e4nligt och enkelt att anv\u00e4nda.<\/span><\/p>\n<p><img decoding=\"async\" class=\"alignnone size-full wp-image-19413 aligncenter\" src=\"https:\/\/keluvo.com\/template\/wp-content\/uploads\/sites\/5\/2025\/05\/Glue-ezgif.com-video-to-webp-converter.webp\" alt=\"\" \/><\/p>\n<h2 style=\"text-align: center\">\ud83c\udf1f Huvudf\u00f6rdelar<\/h2>\n<p><span style=\"font-weight: 400\">\ud83e\udde9 <\/span><b>Limning p\u00e5 flera ytor<\/b><span style=\"font-weight: 400\"> \u2013 fungerar p\u00e5 metall, glas, plast, tr\u00e4 och mycket mer<\/span><span style=\"font-weight: 400\"><br \/>\n<\/span><\/p>\n<p><span style=\"font-weight: 400\">\u26a1 <\/span><b>Snabbtorkande<\/b><span style=\"font-weight: 400\"> \u2013 h\u00e4rdar snabbt f\u00f6r att spara tid vid reparationer<\/span><span style=\"font-weight: 400\"><br \/>\n<\/span><\/p>\n<p><span style=\"font-weight: 400\">\ud83d\udcaa <\/span><b>\u00d6verl\u00e4gsen styrka<\/b><span style=\"font-weight: 400\"> \u2013 h\u00e5ller \u00e4ven under dagligt slitage<\/span><span style=\"font-weight: 400\"><br \/>\n<\/span><\/p>\n<p><span style=\"font-weight: 400\">\ud83d\udca7 <\/span><b>Vattent\u00e4t formula<\/b><span style=\"font-weight: 400\"> \u2013 perfekt f\u00f6r f\u00f6rem\u00e5l som uts\u00e4tts f\u00f6r fukt<\/span><\/p>\n<p><span style=\"font-weight: 400\">\ud83c\udf31 <b style=\"font-style: inherit\">Milj\u00f6v\u00e4nlig<\/b><span style=\"font-weight: 400\"> \u2013 s\u00e4ker, harts-gummiblandning som \u00e4r t\u00e5lig men \u00e4nd\u00e5 conscious<\/span><\/span><\/p>\n<p><img decoding=\"async\" class=\"alignnone size-full wp-image-19410 aligncenter\" src=\"https:\/\/keluvo.com\/template\/wp-content\/uploads\/sites\/5\/2025\/05\/Se16be6c50a6a4c8fb1857aac99b6f92bM.jpeg\" alt=\"\" \/><\/p>\n<h2 style=\"text-align: center\">\ud83d\udee0\ufe0f Anv\u00e4ndning<\/h2>\n<ol>\n<li style=\"font-weight: 400\"><span style=\"font-weight: 400\">Reng\u00f6r och torka ytorna som ska limmas.<\/span><span style=\"font-weight: 400\"><br \/>\n<\/span><\/li>\n<li style=\"font-weight: 400\"><span style=\"font-weight: 400\">Applicera en liten m\u00e4ngd lim j\u00e4mnt p\u00e5 en yta.<\/span><span style=\"font-weight: 400\"><br \/>\n<\/span><\/li>\n<li style=\"font-weight: 400\"><span style=\"font-weight: 400\">Tryck ihop ytorna ordentligt i n\u00e5gra sekunder.<\/span><span style=\"font-weight: 400\"><br \/>\n<\/span><\/li>\n<li style=\"font-weight: 400\"><span style=\"font-weight: 400\">L\u00e5t det h\u00e4rda en kort stund innan du anv\u00e4nder det reparerade f\u00f6rem\u00e5let.<\/span><\/li>\n<\/ol>\n<h2 style=\"text-align: center\">\ud83d\udccf Produktdetaljer<\/h2>\n<ul>\n<li style=\"font-weight: 400\"><span style=\"font-weight: 400\">Inneh\u00e5ll: 50 g per tub<\/span><span style=\"font-weight: 400\"><br \/>\n<\/span><\/li>\n<li style=\"font-weight: 400\"><span style=\"font-weight: 400\">Material: H\u00e5llbart akrylatlim, hartsgummiformel<\/span><span style=\"font-weight: 400\"><br \/>\n<\/span><\/li>\n<li style=\"font-weight: 400\"><span style=\"font-weight: 400\">Ytor: Metall, plast, glas, tr\u00e4, gummi m.m.<\/span><span style=\"font-weight: 400\"><br \/>\n<\/span><\/li>\n<li style=\"font-weight: 400\"><span style=\"font-weight: 400\">Egenskaper: Snabbtorkande, vattent\u00e4tt, starkt grepp, milj\u00f6medvetet<\/span><\/li>\n<\/ul>\n<h2 style=\"text-align: center\">\ud83d\udce6 Paketet inneh\u00e5ller<\/h2>\n<ul>\n<li><span style=\"font-weight: 400\">1, 2, 4 \u00d7 50g universellt svetsoljigt lim.<\/span><\/li>\n<\/ul>\n","protected":false},"excerpt":{"rendered":"<p>\ud83d\udd27Snabbt, Starkt Och M\u00e5ngsidigt \u2013 Ett Lim F\u00f6r Alla Dina Reparationer! Det universella svetsoljiga limmet \u00e4r l\u00f6sningen f\u00f6r snabba och [&hellip;]<\/p>\n","protected":false},"featured_media":30840,"comment_status":"open","ping_status":"closed","template":"","meta":{"site-sidebar-layout":"default","site-content-layout":"","ast-site-content-layout":"default","site-content-style":"default","site-sidebar-style":"default","ast-global-header-display":"","ast-banner-title-visibility":"","ast-main-header-display":"","ast-hfb-above-header-display":"","ast-hfb-below-header-display":"","ast-hfb-mobile-header-display":"","site-post-title":"","ast-breadcrumbs-content":"","ast-featured-img":"","footer-sml-layout":"","theme-transparent-header-meta":"default","adv-header-id-meta":"","stick-header-meta":"","header-above-stick-meta":"","header-main-stick-meta":"","header-below-stick-meta":"","astra-migrate-meta-layouts":"set","ast-page-background-enabled":"default","ast-page-background-meta":{"desktop":{"background-color":"var(--ast-global-color-4)","background-image":"","background-repeat":"repeat","background-position":"center center","background-size":"auto","background-attachment":"scroll","background-type":"","background-media":"","overlay-type":"","overlay-color":"","overlay-opacity":"","overlay-gradient":""},"tablet":{"background-color":"","background-image":"","background-repeat":"repeat","background-position":"center center","background-size":"auto","background-attachment":"scroll","background-type":"","background-media":"","overlay-type":"","overlay-color":"","overlay-opacity":"","overlay-gradient":""},"mobile":{"background-color":"","background-image":"","background-repeat":"repeat","background-position":"center center","background-size":"auto","background-attachment":"scroll","background-type":"","background-media":"","overlay-type":"","overlay-color":"","overlay-opacity":"","overlay-gradient":""}},"ast-content-background-meta":{"desktop":{"background-color":"var(--ast-global-color-5)","background-image":"","background-repeat":"repeat","background-position":"center center","background-size":"auto","background-attachment":"scroll","background-type":"","background-media":"","overlay-type":"","overlay-color":"","overlay-opacity":"","overlay-gradient":""},"tablet":{"background-color":"var(--ast-global-color-5)","background-image":"","background-repeat":"repeat","background-position":"center center","background-size":"auto","background-attachment":"scroll","background-type":"","background-media":"","overlay-type":"","overlay-color":"","overlay-opacity":"","overlay-gradient":""},"mobile":{"background-color":"var(--ast-global-color-5)","background-image":"","background-repeat":"repeat","background-position":"center center","background-size":"auto","background-attachment":"scroll","background-type":"","background-media":"","overlay-type":"","overlay-color":"","overlay-opacity":"","overlay-gradient":""}}},"product_brand":[],"product_cat":[996],"product_tag":[],"class_list":{"0":"post-30844","1":"product","2":"type-product","3":"status-publish","4":"has-post-thumbnail","6":"product_cat-tools","7":"pa_40429_x8xwe1j7-1-st","8":"pa_40429_x8xwe1j7-2-st","9":"pa_40429_x8xwe1j7-4-st","10":"desktop-align-left","11":"tablet-align-left","12":"mobile-align-left","14":"first","15":"instock","16":"shipping-taxable","17":"purchasable","18":"product-type-variable"},"_links":{"self":[{"href":"https:\/\/keluvo.com\/se\/wp-json\/wp\/v2\/product\/30844","targetHints":{"allow":["GET"]}}],"collection":[{"href":"https:\/\/keluvo.com\/se\/wp-json\/wp\/v2\/product"}],"about":[{"href":"https:\/\/keluvo.com\/se\/wp-json\/wp\/v2\/types\/product"}],"replies":[{"embeddable":true,"href":"https:\/\/keluvo.com\/se\/wp-json\/wp\/v2\/comments?post=30844"}],"wp:featuredmedia":[{"embeddable":true,"href":"https:\/\/keluvo.com\/se\/wp-json\/wp\/v2\/media\/30840"}],"wp:attachment":[{"href":"https:\/\/keluvo.com\/se\/wp-json\/wp\/v2\/media?parent=30844"}],"wp:term":[{"taxonomy":"product_brand","embeddable":true,"href":"https:\/\/keluvo.com\/se\/wp-json\/wp\/v2\/product_brand?post=30844"},{"taxonomy":"product_cat","embeddable":true,"href":"https:\/\/keluvo.com\/se\/wp-json\/wp\/v2\/product_cat?post=30844"},{"taxonomy":"product_tag","embeddable":true,"href":"https:\/\/keluvo.com\/se\/wp-json\/wp\/v2\/product_tag?post=30844"}],"curies":[{"name":"wp","href":"https:\/\/api.w.org\/{rel}","templated":true}]}}