{"id":30781,"date":"2025-09-13T11:03:48","date_gmt":"2025-09-13T08:03:48","guid":{"rendered":"https:\/\/keluvo.com\/se\/product\/solglasogon\/"},"modified":"2025-09-17T16:23:27","modified_gmt":"2025-09-17T13:23:27","slug":"solglasogon","status":"publish","type":"product","link":"https:\/\/keluvo.com\/se\/product\/solglasogon\/","title":{"rendered":"Solglas\u00f6gon"},"content":{"rendered":"<p style=\"text-align: center\"><strong>\ud83d\ude0eStyliskt Solskydd Med En Touch Av Lyx!<\/strong><\/p>\n<p style=\"text-align: center\"><span style=\"font-weight: 400\">Lyft din vardagslook med dessa eleganta cat eye-solglas\u00f6gon med p\u00e4rldekoration &#8211; designade f\u00f6r mode\u00e4lskare som ocks\u00e5 v\u00e4rdes\u00e4tter komfort och \u00f6gons\u00e4kerhet. Med en dj\u00e4rv metallb\u00e5ge och p\u00e4rldekorationer \u00e4r de h\u00e4r solglas\u00f6gonen mer \u00e4n bara ett statement &#8211; de ger dig \u00f6verl\u00e4gset UV-skydd och tidl\u00f6s stil. Med ett brett linsomr\u00e5de och en l\u00e4tt k\u00e4nsla \u00e4r de perfekta f\u00f6r utomhusaktiviteter, bilk\u00f6rning eller f\u00f6r att helt enkelt ge din outfit stil. Njut av komfort, t\u00e4ckning och klass i ett.<\/span><\/p>\n<p><img decoding=\"async\" class=\"alignnone size-full wp-image-19370 aligncenter\" src=\"https:\/\/keluvo.com\/template\/wp-content\/uploads\/sites\/5\/2025\/05\/a7656a1e-02b8-4e5d-8ce7-5fa90a2cfc09.webp.webp\" alt=\"\" \/><\/p>\n<h2 style=\"text-align: center\">\ud83c\udf1f Huvudsakliga f\u00f6rdelar<\/h2>\n<p><span style=\"font-weight: 400\">\ud83d\udd76\ufe0f <strong>Elegant katt\u00f6gon-design<\/strong><\/span><span style=\"font-weight: 400\">\u00a0&#8211; Eleganta p\u00e4rldetaljer ger lyx till alla looks<\/span><span style=\"font-weight: 400\"><br \/>\n<\/span><\/p>\n<p><span style=\"font-weight: 400\">\ud83c\udf1e <\/span><b>UV400-skydd<\/b><span style=\"font-weight: 400\"> &#8211; Skyddar dina \u00f6gon fr\u00e5n 100 % av skadliga UV-str\u00e5lar<\/span><span style=\"font-weight: 400\"><br \/>\n<\/span><\/p>\n<p><span style=\"font-weight: 400\">\ud83c\udf08 <\/span><b>Gradientlinser<\/b><span style=\"font-weight: 400\"> &#8211; Mjuk \u00f6verg\u00e5ng f\u00f6r b\u00e4ttre sikt och minskad bl\u00e4ndning<\/span><span style=\"font-weight: 400\"><br \/>\n<\/span><\/p>\n<p><span style=\"font-weight: 400\">\ud83d\udc8e <\/span><b>H\u00e5llbara &amp; rept\u00e5liga<\/b><span style=\"font-weight: 400\"> &#8211; Plastlinser och aluminiumb\u00e5gar som h\u00e5ller l\u00e4nge<\/span><span style=\"font-weight: 400\"><br \/>\n<\/span><\/p>\n<p><span style=\"font-weight: 400\">\ud83d\udc53 <\/span><b>Unisex-stil<\/b><span style=\"font-weight: 400\"> &#8211; designade f\u00f6r b\u00e5de m\u00e4n och kvinnor med en f\u00f6rk\u00e4rlek f\u00f6r dj\u00e4rvt mode<\/span><\/p>\n<p><span style=\"font-weight: 400\">\ud83e\udeb6 <b style=\"font-style: inherit\">L\u00e4tt komfort<\/b><span style=\"font-weight: 400\"> &#8211; b\u00e4rs hela dagen utan obehag eller slipping<\/span><\/span><\/p>\n<p><img decoding=\"async\" class=\"alignnone size-full wp-image-19378 aligncenter\" src=\"https:\/\/keluvo.com\/template\/wp-content\/uploads\/sites\/5\/2025\/05\/f3935f73-f3a7-459c-bf55-964320977ba8.webp.webp\" alt=\"\" \/><\/p>\n<h2 style=\"text-align: center\">\ud83d\udee0\ufe0f Anv\u00e4ndning<\/h2>\n<ol>\n<li style=\"font-weight: 400\"><span style=\"font-weight: 400\">B\u00e4r under soliga dagar f\u00f6r att skydda \u00f6gonen fr\u00e5n UV-str\u00e5lar.<\/span><span style=\"font-weight: 400\"><br \/>\n<\/span><\/li>\n<li style=\"font-weight: 400\"><span style=\"font-weight: 400\">F\u00f6rvara dem i ett skyddsfodral n\u00e4r de inte anv\u00e4nds f\u00f6r att f\u00f6rhindra repor.<\/span><span style=\"font-weight: 400\"><br \/>\n<\/span><\/li>\n<\/ol>\n<h2 style=\"text-align: center\">\ud83d\udccf Produktdetaljer<\/h2>\n<ul>\n<li style=\"font-weight: 400\"><span style=\"font-weight: 400\"><strong>Linsh\u00f6jd<\/strong>: 55 mm<\/span><span style=\"font-weight: 400\"><br \/>\n<\/span><\/li>\n<li style=\"font-weight: 400\"><span style=\"font-weight: 400\"><strong>Linsbredd<\/strong>: 61 mm<\/span><span style=\"font-weight: 400\"><br \/>\n<\/span><\/li>\n<li style=\"font-weight: 400\"><span style=\"font-weight: 400\"><strong>B\u00e5ge<\/strong>: Metallegering<\/span><span style=\"font-weight: 400\"><br \/>\n<\/span><\/li>\n<li style=\"font-weight: 400\"><span style=\"font-weight: 400\"><strong>Linsens material<\/strong>: Slitstark plast<\/span><span style=\"font-weight: 400\"><br \/>\n<\/span><\/li>\n<li style=\"font-weight: 400\"><span style=\"font-weight: 400\"><strong>UV-skydd<\/strong>: UV400<\/span><span style=\"font-weight: 400\"><br \/>\n<\/span><\/li>\n<li style=\"font-weight: 400\"><span style=\"font-weight: 400\"><strong>Passform<\/strong>: Unisex<\/span><span style=\"font-weight: 400\"><br \/>\n<\/span><\/li>\n<li style=\"font-weight: 400\"><span style=\"font-weight: 400\"><strong>S\u00e4rskilda egenskaper<\/strong>: Gradientlinser, p\u00e4rldetaljer, bra passform med 3 dB bandbredd, v\u00e4rmet\u00e5liga upp till 105\u00b0C<\/span><\/li>\n<\/ul>\n<h2 style=\"text-align: center\">\ud83d\udce6 F\u00f6rpackningen Inneh\u00e5ller<\/h2>\n<ul>\n<li><span style=\"font-weight: 400\">1x par solglas\u00f6gon.<\/span><\/li>\n<\/ul>\n","protected":false},"excerpt":{"rendered":"<p>\ud83d\ude0eStyliskt Solskydd Med En Touch Av Lyx! Lyft din vardagslook med dessa eleganta cat eye-solglas\u00f6gon med p\u00e4rldekoration &#8211; designade f\u00f6r [&hellip;]<\/p>\n","protected":false},"featured_media":30777,"comment_status":"open","ping_status":"closed","template":"","meta":{"site-sidebar-layout":"default","site-content-layout":"","ast-site-content-layout":"default","site-content-style":"default","site-sidebar-style":"default","ast-global-header-display":"","ast-banner-title-visibility":"","ast-main-header-display":"","ast-hfb-above-header-display":"","ast-hfb-below-header-display":"","ast-hfb-mobile-header-display":"","site-post-title":"","ast-breadcrumbs-content":"","ast-featured-img":"","footer-sml-layout":"","theme-transparent-header-meta":"default","adv-header-id-meta":"","stick-header-meta":"","header-above-stick-meta":"","header-main-stick-meta":"","header-below-stick-meta":"","astra-migrate-meta-layouts":"set","ast-page-background-enabled":"default","ast-page-background-meta":{"desktop":{"background-color":"var(--ast-global-color-4)","background-image":"","background-repeat":"repeat","background-position":"center center","background-size":"auto","background-attachment":"scroll","background-type":"","background-media":"","overlay-type":"","overlay-color":"","overlay-opacity":"","overlay-gradient":""},"tablet":{"background-color":"","background-image":"","background-repeat":"repeat","background-position":"center center","background-size":"auto","background-attachment":"scroll","background-type":"","background-media":"","overlay-type":"","overlay-color":"","overlay-opacity":"","overlay-gradient":""},"mobile":{"background-color":"","background-image":"","background-repeat":"repeat","background-position":"center center","background-size":"auto","background-attachment":"scroll","background-type":"","background-media":"","overlay-type":"","overlay-color":"","overlay-opacity":"","overlay-gradient":""}},"ast-content-background-meta":{"desktop":{"background-color":"var(--ast-global-color-5)","background-image":"","background-repeat":"repeat","background-position":"center center","background-size":"auto","background-attachment":"scroll","background-type":"","background-media":"","overlay-type":"","overlay-color":"","overlay-opacity":"","overlay-gradient":""},"tablet":{"background-color":"var(--ast-global-color-5)","background-image":"","background-repeat":"repeat","background-position":"center center","background-size":"auto","background-attachment":"scroll","background-type":"","background-media":"","overlay-type":"","overlay-color":"","overlay-opacity":"","overlay-gradient":""},"mobile":{"background-color":"var(--ast-global-color-5)","background-image":"","background-repeat":"repeat","background-position":"center center","background-size":"auto","background-attachment":"scroll","background-type":"","background-media":"","overlay-type":"","overlay-color":"","overlay-opacity":"","overlay-gradient":""}}},"product_brand":[],"product_cat":[993],"product_tag":[],"class_list":{"0":"post-30781","1":"product","2":"type-product","3":"status-publish","4":"has-post-thumbnail","6":"product_cat-footwear-accessories","7":"pa_41365_nuxvdc3d-bla","8":"pa_41365_nuxvdc3d-brun","9":"pa_41365_nuxvdc3d-gra","10":"pa_41365_nuxvdc3d-gron","11":"pa_41365_nuxvdc3d-lila","12":"pa_41365_nuxvdc3d-rosa","13":"desktop-align-left","14":"tablet-align-left","15":"mobile-align-left","17":"first","18":"instock","19":"shipping-taxable","20":"purchasable","21":"product-type-variable"},"_links":{"self":[{"href":"https:\/\/keluvo.com\/se\/wp-json\/wp\/v2\/product\/30781","targetHints":{"allow":["GET"]}}],"collection":[{"href":"https:\/\/keluvo.com\/se\/wp-json\/wp\/v2\/product"}],"about":[{"href":"https:\/\/keluvo.com\/se\/wp-json\/wp\/v2\/types\/product"}],"replies":[{"embeddable":true,"href":"https:\/\/keluvo.com\/se\/wp-json\/wp\/v2\/comments?post=30781"}],"wp:featuredmedia":[{"embeddable":true,"href":"https:\/\/keluvo.com\/se\/wp-json\/wp\/v2\/media\/30777"}],"wp:attachment":[{"href":"https:\/\/keluvo.com\/se\/wp-json\/wp\/v2\/media?parent=30781"}],"wp:term":[{"taxonomy":"product_brand","embeddable":true,"href":"https:\/\/keluvo.com\/se\/wp-json\/wp\/v2\/product_brand?post=30781"},{"taxonomy":"product_cat","embeddable":true,"href":"https:\/\/keluvo.com\/se\/wp-json\/wp\/v2\/product_cat?post=30781"},{"taxonomy":"product_tag","embeddable":true,"href":"https:\/\/keluvo.com\/se\/wp-json\/wp\/v2\/product_tag?post=30781"}],"curies":[{"name":"wp","href":"https:\/\/api.w.org\/{rel}","templated":true}]}}