{"id":30721,"date":"2025-09-13T11:00:53","date_gmt":"2025-09-13T08:00:53","guid":{"rendered":"https:\/\/keluvo.com\/se\/product\/pillerdosa\/"},"modified":"2025-09-22T20:05:04","modified_gmt":"2025-09-22T17:05:04","slug":"pillerdosa","status":"publish","type":"product","link":"https:\/\/keluvo.com\/se\/product\/pillerdosa\/","title":{"rendered":"Pillerdosa"},"content":{"rendered":"<p style=\"text-align: center\"><strong>\ud83d\udc8a Smidig Pillerf\u00f6rvaring Var Som Helst \u2013 Kompakt, Enkel Och P\u00e5litlig!<\/strong><\/p>\n<p style=\"text-align: center\"><span style=\"font-weight: 400\">Den b\u00e4rbara pillerburken \u00e4r den perfekta l\u00f6sningen f\u00f6r alla som beh\u00f6ver ett snabbt och enkelt s\u00e4tt att h\u00e4mta och f\u00f6rvara mediciner n\u00e4r de \u00e4r p\u00e5 spr\u00e5ng. Den h\u00e4r pillerburken \u00e4r utformad med bekv\u00e4mlighet i \u00e5tanke och g\u00f6r det enkelt att ta ut piller med ett tryck. Med ett inbyggt f\u00f6rvaringsfack och en h\u00e5llbar design hj\u00e4lper den dig att hantera dina mediciner utan besv\u00e4ret med sv\u00e5r\u00f6ppnade f\u00f6rpackningar &#8211; perfekt f\u00f6r resor, arbete eller daglig anv\u00e4ndning hemma.<\/span><\/p>\n<p><img decoding=\"async\" class=\"alignnone size-full wp-image-19321 aligncenter\" src=\"https:\/\/keluvo.com\/template\/wp-content\/uploads\/sites\/5\/2025\/05\/PillBox-ezgif.com-video-to-webp-converter.webp\" alt=\"\" \/><\/p>\n<h2 style=\"text-align: center\">\ud83c\udf1f Huvudf\u00f6rdelar<\/h2>\n<p><span style=\"font-weight: 400\">\ud83d\udce6 <\/span><b>Inbyggd f\u00f6rvaring<\/b><span style=\"font-weight: 400\"> \u2013 H\u00e5ller piller s\u00e4kra och organiserade n\u00e4r du \u00e4r p\u00e5 spr\u00e5ng<\/span><span style=\"font-weight: 400\"><br \/>\n<\/span><\/p>\n<p><span style=\"font-weight: 400\">\ud83d\udc46 <\/span><b>Enkel att anv\u00e4nda<\/b><span style=\"font-weight: 400\"> \u2013 Tryckknappsdesign g\u00f6r pillerh\u00e4mtning enkel<\/span><span style=\"font-weight: 400\"><br \/>\n<\/span><\/p>\n<p><span style=\"font-weight: 400\">\ud83e\uddf3 <\/span><b>Kompakt &amp; b\u00e4rbar<\/b><span style=\"font-weight: 400\"> \u2013 Tillr\u00e4ckligt liten f\u00f6r att passa i fickor, v\u00e4skor eller portf\u00f6ljer<\/span><span style=\"font-weight: 400\"><br \/>\n<\/span><\/p>\n<p><span style=\"font-weight: 400\">\ud83d\udd52 <\/span><b>Tidsbesparande design<\/b><span style=\"font-weight: 400\"> \u2013 Inget mer kr\u00e5ngel med f\u00f6rpackningen &#8211; f\u00e5 dina piller snabbt<\/span><\/p>\n<p><span style=\"font-weight: 400\">\ud83d\udcaa<b style=\"font-style: inherit\"> H\u00e5llbar konstruktion<\/b><span style=\"font-weight: 400\"> \u2013 Tillverkad av h\u00f6gkvalitativ ABS-plast f\u00f6r vardagsbruk<\/span><\/span><\/p>\n<p><img decoding=\"async\" class=\"alignnone size-full wp-image-19319 aligncenter\" src=\"https:\/\/keluvo.com\/template\/wp-content\/uploads\/sites\/5\/2025\/05\/787e19af-8fa3-4a5c-8615-188674206cd7.webp.webp\" alt=\"\" \/><\/p>\n<h2 style=\"text-align: center\">\ud83d\udee0\ufe0f Hur Man Anv\u00e4nder<\/h2>\n<ol>\n<li style=\"font-weight: 400\"><span style=\"font-weight: 400\">Placera pillerblisterf\u00f6rpackningen i justeringssp\u00e5ret.<\/span><span style=\"font-weight: 400\"><br \/>\n<\/span><\/li>\n<li style=\"font-weight: 400\"><span style=\"font-weight: 400\">Tryck f\u00f6rsiktigt f\u00f6r att dra ut pillret genom f\u00f6rpackningen.<\/span><span style=\"font-weight: 400\"><br \/>\n<\/span><\/li>\n<li style=\"font-weight: 400\"><span style=\"font-weight: 400\">F\u00f6rvara pillret i det inbyggda facket tills du \u00e4r redo att ta det.<\/span><span style=\"font-weight: 400\"><br \/>\n<\/span><\/li>\n<li style=\"font-weight: 400\"><span style=\"font-weight: 400\">H\u00e5ll locket st\u00e4ngt n\u00e4r det inte anv\u00e4nds f\u00f6r att f\u00f6rhindra spill.<\/span><\/li>\n<\/ol>\n<h2 style=\"text-align: center\">\ud83d\udccf Produktdetaljer<\/h2>\n<ul>\n<li style=\"font-weight: 400\"><span style=\"font-weight: 400\">Material: ABS-plast<\/span><span style=\"font-weight: 400\"><br \/>\n<\/span><\/li>\n<li style=\"font-weight: 400\"><span style=\"font-weight: 400\">Storlek: 3,8 cm \u00d7 8 cm<\/span><span style=\"font-weight: 400\"><br \/>\n<\/span><\/li>\n<li style=\"font-weight: 400\"><span style=\"font-weight: 400\">Anv\u00e4ndning: f\u00f6r utdragning, f\u00f6rvaring och organisering av piller<\/span><\/li>\n<\/ul>\n<h2 style=\"text-align: center\">\ud83d\udce6 Paketet Inneh\u00e5ller<\/h2>\n<ul>\n<li><span style=\"font-weight: 400\">1 \u00d7 b\u00e4rbar pillerburk.<\/span><\/li>\n<\/ul>\n","protected":false},"excerpt":{"rendered":"<p>\ud83d\udc8a Smidig Pillerf\u00f6rvaring Var Som Helst \u2013 Kompakt, Enkel Och P\u00e5litlig! Den b\u00e4rbara pillerburken \u00e4r den perfekta l\u00f6sningen f\u00f6r alla [&hellip;]<\/p>\n","protected":false},"featured_media":30717,"comment_status":"open","ping_status":"closed","template":"","meta":{"site-sidebar-layout":"default","site-content-layout":"","ast-site-content-layout":"default","site-content-style":"default","site-sidebar-style":"default","ast-global-header-display":"","ast-banner-title-visibility":"","ast-main-header-display":"","ast-hfb-above-header-display":"","ast-hfb-below-header-display":"","ast-hfb-mobile-header-display":"","site-post-title":"","ast-breadcrumbs-content":"","ast-featured-img":"","footer-sml-layout":"","theme-transparent-header-meta":"default","adv-header-id-meta":"","stick-header-meta":"","header-above-stick-meta":"","header-main-stick-meta":"","header-below-stick-meta":"","astra-migrate-meta-layouts":"set","ast-page-background-enabled":"default","ast-page-background-meta":{"desktop":{"background-color":"var(--ast-global-color-4)","background-image":"","background-repeat":"repeat","background-position":"center center","background-size":"auto","background-attachment":"scroll","background-type":"","background-media":"","overlay-type":"","overlay-color":"","overlay-opacity":"","overlay-gradient":""},"tablet":{"background-color":"","background-image":"","background-repeat":"repeat","background-position":"center center","background-size":"auto","background-attachment":"scroll","background-type":"","background-media":"","overlay-type":"","overlay-color":"","overlay-opacity":"","overlay-gradient":""},"mobile":{"background-color":"","background-image":"","background-repeat":"repeat","background-position":"center center","background-size":"auto","background-attachment":"scroll","background-type":"","background-media":"","overlay-type":"","overlay-color":"","overlay-opacity":"","overlay-gradient":""}},"ast-content-background-meta":{"desktop":{"background-color":"var(--ast-global-color-5)","background-image":"","background-repeat":"repeat","background-position":"center center","background-size":"auto","background-attachment":"scroll","background-type":"","background-media":"","overlay-type":"","overlay-color":"","overlay-opacity":"","overlay-gradient":""},"tablet":{"background-color":"var(--ast-global-color-5)","background-image":"","background-repeat":"repeat","background-position":"center center","background-size":"auto","background-attachment":"scroll","background-type":"","background-media":"","overlay-type":"","overlay-color":"","overlay-opacity":"","overlay-gradient":""},"mobile":{"background-color":"var(--ast-global-color-5)","background-image":"","background-repeat":"repeat","background-position":"center center","background-size":"auto","background-attachment":"scroll","background-type":"","background-media":"","overlay-type":"","overlay-color":"","overlay-opacity":"","overlay-gradient":""}}},"product_brand":[],"product_cat":[991],"product_tag":[],"class_list":{"0":"post-30721","1":"product","2":"type-product","3":"status-publish","4":"has-post-thumbnail","6":"product_cat-health-care-supplies","7":"pa_36526_u8i669u2-bla","8":"pa_36526_u8i669u2-transparent","9":"desktop-align-left","10":"tablet-align-left","11":"mobile-align-left","13":"first","14":"instock","15":"shipping-taxable","16":"purchasable","17":"product-type-variable"},"_links":{"self":[{"href":"https:\/\/keluvo.com\/se\/wp-json\/wp\/v2\/product\/30721","targetHints":{"allow":["GET"]}}],"collection":[{"href":"https:\/\/keluvo.com\/se\/wp-json\/wp\/v2\/product"}],"about":[{"href":"https:\/\/keluvo.com\/se\/wp-json\/wp\/v2\/types\/product"}],"replies":[{"embeddable":true,"href":"https:\/\/keluvo.com\/se\/wp-json\/wp\/v2\/comments?post=30721"}],"wp:featuredmedia":[{"embeddable":true,"href":"https:\/\/keluvo.com\/se\/wp-json\/wp\/v2\/media\/30717"}],"wp:attachment":[{"href":"https:\/\/keluvo.com\/se\/wp-json\/wp\/v2\/media?parent=30721"}],"wp:term":[{"taxonomy":"product_brand","embeddable":true,"href":"https:\/\/keluvo.com\/se\/wp-json\/wp\/v2\/product_brand?post=30721"},{"taxonomy":"product_cat","embeddable":true,"href":"https:\/\/keluvo.com\/se\/wp-json\/wp\/v2\/product_cat?post=30721"},{"taxonomy":"product_tag","embeddable":true,"href":"https:\/\/keluvo.com\/se\/wp-json\/wp\/v2\/product_tag?post=30721"}],"curies":[{"name":"wp","href":"https:\/\/api.w.org\/{rel}","templated":true}]}}