{"id":30619,"date":"2025-09-12T15:35:53","date_gmt":"2025-09-12T12:35:53","guid":{"rendered":"https:\/\/keluvo.com\/se\/product\/lazy-susan-skivbordsarrangor\/"},"modified":"2025-09-12T15:36:36","modified_gmt":"2025-09-12T12:36:36","slug":"lazy-susan-skivbordsarrangor","status":"publish","type":"product","link":"https:\/\/keluvo.com\/se\/product\/lazy-susan-skivbordsarrangor\/","title":{"rendered":"Lazy susan skivbordsarrang\u00f6r"},"content":{"rendered":"<p style=\"text-align: center\"><strong>Enkel \u00e5tkomst, Ingen Mer R\u00f6ra!<\/strong><\/p>\n<p style=\"text-align: center\"><span style=\"font-weight: 400\">Detta vridbord g\u00f6r det enkelt att n\u00e5 allt i kylsk\u00e5pet, sk\u00e5pet eller b\u00e4nken. Snurra bara p\u00e5 den s\u00e5 finns allt framf\u00f6r dig &#8211; inget mer gr\u00e4vande eller flyttande av saker!<\/span><\/p>\n<p><img fetchpriority=\"high\" decoding=\"async\" class=\"size-full wp-image-16838 aligncenter\" src=\"https:\/\/keluvo.com\/template\/wp-content\/uploads\/sites\/5\/2025\/04\/ecf51526-0a23-46a4-84e1-6a7b4c723e04-Trim-ezgif.com-video-to-webp-converter-1.webp\" alt=\"\" width=\"500\" height=\"500\" \/><\/p>\n<h2 style=\"text-align: center\">Huvudf\u00f6rdelar<\/h2>\n<p><b>\u2714 360\u00b0 Smidig Snurrning<\/b><span style=\"font-weight: 400\"> \u2013 Ta tag i det du beh\u00f6ver p\u00e5 n\u00e5gra sekunder<\/span><\/p>\n<p><b>\u2714 Passar Tr\u00e5nga Utrymmen<\/b><span style=\"font-weight: 400\"> \u2013 Perfekt f\u00f6r kylsk\u00e5p, hyllor och b\u00e4nkskivor<\/span><\/p>\n<p><b>\u2714 Magisk Multianv\u00e4ndning<\/b><span style=\"font-weight: 400\"> \u2013 Anv\u00e4nd den f\u00f6r kryddor, smink, drycker, snacks och mer<\/span><\/p>\n<p><b>\u2714 Verktygsfri Installation<\/b><span style=\"font-weight: 400\"> \u2013 Placera och tryck &#8211; inga skruvar eller verktyg beh\u00f6vs<\/span><\/p>\n<p><b>\u2714 Stark och Tydlig<\/b><span style=\"font-weight: 400\"> \u2013 Tillverkad av h\u00e5llbar akryl och PET, s\u00e5 att du kan se allt inuti<\/span><\/p>\n<p>&nbsp;<\/p>\n<h2 style=\"text-align: center\"><img decoding=\"async\" class=\"size-full wp-image-16174 aligncenter\" src=\"https:\/\/keluvo.com\/template\/wp-content\/uploads\/sites\/5\/2025\/04\/1386314c-cb00-482c-9657-1a3f0a592b50.webp.webp\" alt=\"\" \/><\/h2>\n<h2 style=\"text-align: center\">Huvuderbjudande<\/h2>\n<p style=\"text-align: center\"><span style=\"font-weight: 400\">Den h\u00e4r skivspelaren \u00e4r inte bara f\u00f6r k\u00f6ket. Den \u00e4r perfekt f\u00f6r att organisera ditt badrum, sovrum eller kontor ocks\u00e5. Oavsett om det \u00e4r flaskor, snacks eller smink h\u00e5ller detta genomskinliga, snurrande st\u00e4ll sakerna snygga, l\u00e4tta att n\u00e5 och ser bra ut.<\/span><\/p>\n<h2 style=\"text-align: center\"><img decoding=\"async\" class=\"size-full wp-image-16173 aligncenter\" src=\"https:\/\/keluvo.com\/template\/wp-content\/uploads\/sites\/5\/2025\/04\/38ab0ff7-4a5e-4ef8-855e-1bf885fb5110.webp.webp\" alt=\"\" \/>Hur Man Anv\u00e4nder<\/h2>\n<ol>\n<li style=\"font-weight: 400\"><span style=\"font-weight: 400\">Plocka upp din lazy susan.<\/span><span style=\"font-weight: 400\"><br \/>\n<\/span><\/li>\n<li style=\"font-weight: 400\"><span style=\"font-weight: 400\">Placera den p\u00e5 en ren, sl\u00e4t yta.<\/span><span style=\"font-weight: 400\"><br \/>\n<\/span><\/li>\n<li style=\"font-weight: 400\"><span style=\"font-weight: 400\">L\u00e4gg dina f\u00f6rem\u00e5l ovanp\u00e5.<\/span><span style=\"font-weight: 400\"><br \/>\n<\/span><\/li>\n<\/ol>\n<h2 style=\"text-align: center\"><img decoding=\"async\" class=\"size-full wp-image-16175 aligncenter\" src=\"https:\/\/keluvo.com\/template\/wp-content\/uploads\/sites\/5\/2025\/04\/b5d4f46f-41b8-4dfa-b56e-d98185d2546a.webp.webp\" alt=\"\" \/>Paketet Inneh\u00e5ller<\/h2>\n<ul>\n<li style=\"font-weight: 400\"><span style=\"font-weight: 400\">1x lazy susa (40cm x 30cm ).<\/span><\/li>\n<\/ul>\n","protected":false},"excerpt":{"rendered":"<p>Enkel \u00e5tkomst, Ingen Mer R\u00f6ra! Detta vridbord g\u00f6r det enkelt att n\u00e5 allt i kylsk\u00e5pet, sk\u00e5pet eller b\u00e4nken. Snurra bara [&hellip;]<\/p>\n","protected":false},"featured_media":30615,"comment_status":"open","ping_status":"closed","template":"","meta":{"site-sidebar-layout":"default","site-content-layout":"","ast-site-content-layout":"default","site-content-style":"default","site-sidebar-style":"default","ast-global-header-display":"","ast-banner-title-visibility":"","ast-main-header-display":"","ast-hfb-above-header-display":"","ast-hfb-below-header-display":"","ast-hfb-mobile-header-display":"","site-post-title":"","ast-breadcrumbs-content":"","ast-featured-img":"","footer-sml-layout":"","theme-transparent-header-meta":"default","adv-header-id-meta":"","stick-header-meta":"","header-above-stick-meta":"","header-main-stick-meta":"","header-below-stick-meta":"","astra-migrate-meta-layouts":"set","ast-page-background-enabled":"default","ast-page-background-meta":{"desktop":{"background-color":"var(--ast-global-color-4)","background-image":"","background-repeat":"repeat","background-position":"center center","background-size":"auto","background-attachment":"scroll","background-type":"","background-media":"","overlay-type":"","overlay-color":"","overlay-opacity":"","overlay-gradient":""},"tablet":{"background-color":"","background-image":"","background-repeat":"repeat","background-position":"center center","background-size":"auto","background-attachment":"scroll","background-type":"","background-media":"","overlay-type":"","overlay-color":"","overlay-opacity":"","overlay-gradient":""},"mobile":{"background-color":"","background-image":"","background-repeat":"repeat","background-position":"center center","background-size":"auto","background-attachment":"scroll","background-type":"","background-media":"","overlay-type":"","overlay-color":"","overlay-opacity":"","overlay-gradient":""}},"ast-content-background-meta":{"desktop":{"background-color":"var(--ast-global-color-5)","background-image":"","background-repeat":"repeat","background-position":"center center","background-size":"auto","background-attachment":"scroll","background-type":"","background-media":"","overlay-type":"","overlay-color":"","overlay-opacity":"","overlay-gradient":""},"tablet":{"background-color":"var(--ast-global-color-5)","background-image":"","background-repeat":"repeat","background-position":"center center","background-size":"auto","background-attachment":"scroll","background-type":"","background-media":"","overlay-type":"","overlay-color":"","overlay-opacity":"","overlay-gradient":""},"mobile":{"background-color":"var(--ast-global-color-5)","background-image":"","background-repeat":"repeat","background-position":"center center","background-size":"auto","background-attachment":"scroll","background-type":"","background-media":"","overlay-type":"","overlay-color":"","overlay-opacity":"","overlay-gradient":""}}},"product_brand":[],"product_cat":[1001],"product_tag":[],"class_list":{"0":"post-30619","1":"product","2":"type-product","3":"status-publish","4":"has-post-thumbnail","6":"product_cat-household-goods","7":"desktop-align-left","8":"tablet-align-left","9":"mobile-align-left","11":"first","12":"instock","13":"shipping-taxable","14":"purchasable","15":"product-type-simple"},"_links":{"self":[{"href":"https:\/\/keluvo.com\/se\/wp-json\/wp\/v2\/product\/30619","targetHints":{"allow":["GET"]}}],"collection":[{"href":"https:\/\/keluvo.com\/se\/wp-json\/wp\/v2\/product"}],"about":[{"href":"https:\/\/keluvo.com\/se\/wp-json\/wp\/v2\/types\/product"}],"replies":[{"embeddable":true,"href":"https:\/\/keluvo.com\/se\/wp-json\/wp\/v2\/comments?post=30619"}],"wp:featuredmedia":[{"embeddable":true,"href":"https:\/\/keluvo.com\/se\/wp-json\/wp\/v2\/media\/30615"}],"wp:attachment":[{"href":"https:\/\/keluvo.com\/se\/wp-json\/wp\/v2\/media?parent=30619"}],"wp:term":[{"taxonomy":"product_brand","embeddable":true,"href":"https:\/\/keluvo.com\/se\/wp-json\/wp\/v2\/product_brand?post=30619"},{"taxonomy":"product_cat","embeddable":true,"href":"https:\/\/keluvo.com\/se\/wp-json\/wp\/v2\/product_cat?post=30619"},{"taxonomy":"product_tag","embeddable":true,"href":"https:\/\/keluvo.com\/se\/wp-json\/wp\/v2\/product_tag?post=30619"}],"curies":[{"name":"wp","href":"https:\/\/api.w.org\/{rel}","templated":true}]}}