{"id":30499,"date":"2025-09-11T17:32:08","date_gmt":"2025-09-11T14:32:08","guid":{"rendered":"https:\/\/keluvo.com\/se\/product\/vindspel-for-fagel\/"},"modified":"2025-09-11T17:32:27","modified_gmt":"2025-09-11T14:32:27","slug":"vindspel-for-fagel","status":"publish","type":"product","link":"https:\/\/keluvo.com\/se\/product\/vindspel-for-fagel\/","title":{"rendered":"Vindspel f\u00f6r f\u00e5gel"},"content":{"rendered":"<h2 style=\"text-align: center\">\ud83d\udc26 L\u00e4gg till glada ljud i ditt utrymme!<\/h2>\n<p style=\"text-align: center\"><span style=\"font-weight: 400\">Ta med naturens ljuva ljud till ditt hem med v\u00e5rt f\u00e5gelvindspel. Det \u00e4r inte bara en dekoration, det \u00e4r en liten bit av lycka som sjunger med vinden.\u200b<\/span><\/p>\n<p><img decoding=\"async\" class=\"size-full wp-image-14432 aligncenter\" src=\"https:\/\/keluvo.com\/template\/wp-content\/uploads\/sites\/5\/2025\/01\/birdwindchimvideo-ezgif.com-gif-to-webp-converter.webp\" alt=\"\" \/><\/p>\n<h2 style=\"text-align: center\">\ud83c\udf1f Varf\u00f6r du kommer att \u00e4lska det<\/h2>\n<ul>\n<li style=\"font-weight: 400\"><b>Handgjord Sk\u00f6nhet<\/b><span style=\"font-weight: 400\">: Varje f\u00e5gel \u00e4r noggrant tillverkad f\u00f6r hand, vilket g\u00f6r varje klockspel speciellt.\u200b<\/span>&nbsp;<\/li>\n<li style=\"font-weight: 400\"><b>Ljus och F\u00e4rgstark<\/b><span style=\"font-weight: 400\">: Tillverkad av milj\u00f6v\u00e4nligt harts, f\u00e4rgerna f\u00f6rblir levande och glada.\u200b<\/span>&nbsp;<\/li>\n<li style=\"font-weight: 400\"><b>Lugnande Ljud<\/b><span style=\"font-weight: 400\">: N\u00e4r brisen bl\u00e5ser skapar den mjuka, lugnande toner som f\u00e5r dig att slappna av.\u200b<\/span>&nbsp;<\/li>\n<li style=\"font-weight: 400\"><b>Passar \u00d6verallt<\/b><span style=\"font-weight: 400\">: Perfekt f\u00f6r din balkong, f\u00f6nster, tr\u00e4dg\u00e5rd eller till och med ett barnrum.\u200b<\/span>&nbsp;<\/li>\n<li><b>Bra Presentid\u00e9<\/b><span style=\"font-weight: 400\">: En omt\u00e4nksam present till v\u00e4nner och familj f\u00f6r att visa k\u00e4rlek och f\u00e5 fram leenden.<\/span><\/li>\n<\/ul>\n<p><img decoding=\"async\" class=\"size-full wp-image-14435 aligncenter\" src=\"https:\/\/keluvo.com\/template\/wp-content\/uploads\/sites\/5\/2025\/01\/92a5ae56-3f93-4f72-9f64-1670384e0f9e-1.webp\" alt=\"\" \/><\/p>\n<h2 style=\"text-align: center\">\ud83d\udee0\ufe0f Produktdetaljer<\/h2>\n<ul>\n<li style=\"font-weight: 400\"><b>Material<\/b><span style=\"font-weight: 400\">: H\u00e5llbar, milj\u00f6v\u00e4nlig harts.\u200b<\/span>&nbsp;<\/li>\n<li style=\"font-weight: 400\"><b>Design<\/b><span style=\"font-weight: 400\">: F\u00e4rgglada f\u00e5glar med mjukt klingande klockor.\u200b<\/span>&nbsp;<\/li>\n<li><b>Anv\u00e4ndning<\/b><span style=\"font-weight: 400\">: Inomhus- eller utomhusdekoration f\u00f6r alla \u00e5rstider.<\/span><\/li>\n<\/ul>\n<p><img decoding=\"async\" class=\"size-full wp-image-14434 aligncenter\" src=\"https:\/\/keluvo.com\/template\/wp-content\/uploads\/sites\/5\/2025\/01\/194463a8-57e8-48c8-8ba4-5ef5bf2eaae9-1.webp\" alt=\"\" \/><\/p>\n<p style=\"text-align: center\"><span style=\"font-weight: 400\">L\u00e5t detta charmiga vindspel ge fred och gl\u00e4dje till din dag.\u200b<\/span><\/p>\n<p style=\"text-align: center\"><b>L\u00e4gg till i kundvagnen<\/b><span style=\"font-weight: 400\"> och njut av lyckans melodi!<\/span><\/p>\n","protected":false},"excerpt":{"rendered":"<p>\ud83d\udc26 L\u00e4gg till glada ljud i ditt utrymme! Ta med naturens ljuva ljud till ditt hem med v\u00e5rt f\u00e5gelvindspel. Det [&hellip;]<\/p>\n","protected":false},"featured_media":30495,"comment_status":"open","ping_status":"closed","template":"","meta":{"site-sidebar-layout":"default","site-content-layout":"","ast-site-content-layout":"default","site-content-style":"default","site-sidebar-style":"default","ast-global-header-display":"","ast-banner-title-visibility":"","ast-main-header-display":"","ast-hfb-above-header-display":"","ast-hfb-below-header-display":"","ast-hfb-mobile-header-display":"","site-post-title":"","ast-breadcrumbs-content":"","ast-featured-img":"","footer-sml-layout":"","theme-transparent-header-meta":"default","adv-header-id-meta":"","stick-header-meta":"","header-above-stick-meta":"","header-main-stick-meta":"","header-below-stick-meta":"","astra-migrate-meta-layouts":"set","ast-page-background-enabled":"default","ast-page-background-meta":{"desktop":{"background-color":"var(--ast-global-color-4)","background-image":"","background-repeat":"repeat","background-position":"center center","background-size":"auto","background-attachment":"scroll","background-type":"","background-media":"","overlay-type":"","overlay-color":"","overlay-opacity":"","overlay-gradient":""},"tablet":{"background-color":"","background-image":"","background-repeat":"repeat","background-position":"center center","background-size":"auto","background-attachment":"scroll","background-type":"","background-media":"","overlay-type":"","overlay-color":"","overlay-opacity":"","overlay-gradient":""},"mobile":{"background-color":"","background-image":"","background-repeat":"repeat","background-position":"center center","background-size":"auto","background-attachment":"scroll","background-type":"","background-media":"","overlay-type":"","overlay-color":"","overlay-opacity":"","overlay-gradient":""}},"ast-content-background-meta":{"desktop":{"background-color":"var(--ast-global-color-5)","background-image":"","background-repeat":"repeat","background-position":"center center","background-size":"auto","background-attachment":"scroll","background-type":"","background-media":"","overlay-type":"","overlay-color":"","overlay-opacity":"","overlay-gradient":""},"tablet":{"background-color":"var(--ast-global-color-5)","background-image":"","background-repeat":"repeat","background-position":"center center","background-size":"auto","background-attachment":"scroll","background-type":"","background-media":"","overlay-type":"","overlay-color":"","overlay-opacity":"","overlay-gradient":""},"mobile":{"background-color":"var(--ast-global-color-5)","background-image":"","background-repeat":"repeat","background-position":"center center","background-size":"auto","background-attachment":"scroll","background-type":"","background-media":"","overlay-type":"","overlay-color":"","overlay-opacity":"","overlay-gradient":""}}},"product_brand":[],"product_cat":[993],"product_tag":[],"class_list":{"0":"post-30499","1":"product","2":"type-product","3":"status-publish","4":"has-post-thumbnail","6":"product_cat-footwear-accessories","7":"pa_38151_msfbnigo-beige","8":"pa_38151_msfbnigo-bla","9":"pa_38151_msfbnigo-gron","10":"pa_38151_msfbnigo-gul","11":"pa_38151_msfbnigo-rod","12":"pa_38151_msfbnigo-vit","13":"desktop-align-left","14":"tablet-align-left","15":"mobile-align-left","17":"first","18":"instock","19":"shipping-taxable","20":"purchasable","21":"product-type-variable"},"_links":{"self":[{"href":"https:\/\/keluvo.com\/se\/wp-json\/wp\/v2\/product\/30499","targetHints":{"allow":["GET"]}}],"collection":[{"href":"https:\/\/keluvo.com\/se\/wp-json\/wp\/v2\/product"}],"about":[{"href":"https:\/\/keluvo.com\/se\/wp-json\/wp\/v2\/types\/product"}],"replies":[{"embeddable":true,"href":"https:\/\/keluvo.com\/se\/wp-json\/wp\/v2\/comments?post=30499"}],"wp:featuredmedia":[{"embeddable":true,"href":"https:\/\/keluvo.com\/se\/wp-json\/wp\/v2\/media\/30495"}],"wp:attachment":[{"href":"https:\/\/keluvo.com\/se\/wp-json\/wp\/v2\/media?parent=30499"}],"wp:term":[{"taxonomy":"product_brand","embeddable":true,"href":"https:\/\/keluvo.com\/se\/wp-json\/wp\/v2\/product_brand?post=30499"},{"taxonomy":"product_cat","embeddable":true,"href":"https:\/\/keluvo.com\/se\/wp-json\/wp\/v2\/product_cat?post=30499"},{"taxonomy":"product_tag","embeddable":true,"href":"https:\/\/keluvo.com\/se\/wp-json\/wp\/v2\/product_tag?post=30499"}],"curies":[{"name":"wp","href":"https:\/\/api.w.org\/{rel}","templated":true}]}}