{"id":30487,"date":"2025-09-11T17:31:06","date_gmt":"2025-09-11T14:31:06","guid":{"rendered":"https:\/\/keluvo.com\/se\/product\/naturlig-harmask\/"},"modified":"2025-09-16T01:25:38","modified_gmt":"2025-09-15T22:25:38","slug":"naturlig-harmask","status":"publish","type":"product","link":"https:\/\/keluvo.com\/se\/product\/naturlig-harmask\/","title":{"rendered":"Naturlig h\u00e5rmask"},"content":{"rendered":"<h2 style=\"text-align: center\" data-start=\"103\" data-end=\"300\">\ud83c\udf1f Superenkel h\u00e5rinpackning &#8211; g\u00f6r ditt h\u00e5r lyckligt! \ud83c\udf1f<\/h2>\n<p class=\"\" style=\"text-align: center\" data-start=\"56\" data-end=\"175\"><span class=\"relative -mx-px my-[-0.2rem] rounded px-px py-[0.2rem] transition-colors duration-100 ease-in-out\">S\u00e4g hej till mjukt, gl\u00e4nsande och starkt h\u00e5r med v\u00e5r naturliga h\u00e5rinpackning!<\/span> <span class=\"relative -mx-px my-[-0.2rem] rounded px-px py-[0.2rem] transition-colors duration-100 ease-in-out\">Det \u00e4r som en smaskig behandling f\u00f6r ditt h\u00e5r som g\u00f6r underverk p\u00e5 bara n\u00e5gra minuter.<\/span><\/p>\n<p class=\"\" style=\"text-align: center\" data-start=\"56\" data-end=\"175\"><img decoding=\"async\" class=\"alignnone size-full wp-image-14416\" src=\"https:\/\/keluvo.com\/template\/wp-content\/uploads\/sites\/5\/2025\/04\/98a18e06-b23c-4dc4-b46e-2c2b02b7afbb-ezgif.com-gif-to-webp-converter.webp\" alt=\"\" \/>\u200b<\/p>\n<h2 style=\"text-align: center\" data-start=\"182\" data-end=\"208\">\ud83d\udc96 Varf\u00f6r du kommer att \u00e4lska den:<\/h2>\n<ul data-start=\"210\" data-end=\"633\">\n<li class=\"\" data-start=\"210\" data-end=\"313\">\n<p class=\"\" data-start=\"212\" data-end=\"313\"><strong data-start=\"212\" data-end=\"230\">Fixar Torrt H\u00e5r<\/strong>: <span class=\"relative -mx-px my-[-0.2rem] rounded px-px py-[0.2rem] transition-colors duration-100 ease-in-out\">Keratin och andra naturliga oljeextrakt ger ditt h\u00e5r en stor dos fukt, vilket g\u00f6r det mjukt och lent.<\/span>\u200b<\/p>\n<\/li>\n<li class=\"\" data-start=\"314\" data-end=\"417\">\n<p class=\"\" data-start=\"316\" data-end=\"417\"><strong data-start=\"316\" data-end=\"334\">Stoppar Avbrott<\/strong>: Tack vare kollagenet h<span class=\"relative -mx-px my-[-0.2rem] rounded px-px py-[0.2rem] transition-colors duration-100 ease-in-out\">\u00e5ller sig h\u00e5ret starkt s\u00e5 att det inte bryts av s\u00e5 l\u00e4tt.<\/span>\u200b<\/p>\n<\/li>\n<li class=\"\" data-start=\"418\" data-end=\"523\">\n<p class=\"\" data-start=\"420\" data-end=\"523\"><strong data-start=\"420\" data-end=\"440\">Gl\u00e4nsande Och Str\u00e5lande<\/strong>: <span class=\"relative -mx-px my-[-0.2rem] rounded px-px py-[0.2rem] transition-colors duration-100 ease-in-out\">G\u00f6r att ditt h\u00e5r ser gl\u00e4nsande och fullt av liv ut.<\/span>\u200b<\/p>\n<\/li>\n<li class=\"\" data-start=\"524\" data-end=\"633\">\n<p class=\"\" data-start=\"526\" data-end=\"633\"><strong data-start=\"526\" data-end=\"548\">Fungerar F\u00f6r Alla<\/strong>: <span class=\"relative -mx-px my-[-0.2rem] rounded px-px py-[0.2rem] transition-colors duration-100 ease-in-out\">Perfekt f\u00f6r alla h\u00e5rtyper &#8211; torrt, oljigt, normalt eller skadat.<\/span><\/p>\n<\/li>\n<\/ul>\n<p><img decoding=\"async\" class=\"size-full wp-image-14492 aligncenter\" src=\"https:\/\/keluvo.com\/template\/wp-content\/uploads\/sites\/5\/2025\/04\/Sceede64ad56847bc8d6932bcd513e805D.avif\" alt=\"\" \/><\/p>\n<h2 style=\"text-align: center\" data-start=\"640\" data-end=\"662\">\ud83d\udee0\ufe0f Inneh\u00e5ll:<\/h2>\n<ul data-start=\"664\" data-end=\"966\">\n<li class=\"\" data-start=\"664\" data-end=\"761\">\n<p class=\"\" data-start=\"666\" data-end=\"761\"><strong data-start=\"666\" data-end=\"674\">Storlek<\/strong>: <span class=\"relative -mx-px my-[-0.2rem] rounded px-px py-[0.2rem] transition-colors duration-100 ease-in-out\">100 g h\u00e5r\u00e4lskande godsaker.<\/span><\/p>\n<\/li>\n<li class=\"\" data-start=\"664\" data-end=\"761\">\n<p class=\"\" data-start=\"666\" data-end=\"761\"><strong>Ingredienser<\/strong>:\u00a0Keratin, kollagen, glycerin, kokosn\u00f6tsolja, macaextrakt\u200b<\/p>\n<\/li>\n<li class=\"\" data-start=\"762\" data-end=\"865\">\n<p class=\"\" data-start=\"764\" data-end=\"865\"><strong data-start=\"764\" data-end=\"778\">H\u00e5llbarhet<\/strong>: <span class=\"relative -mx-px my-[-0.2rem] rounded px-px py-[0.2rem] transition-colors duration-100 ease-in-out\">H\u00e5ller i upp till 3 \u00e5r &#8211; gott om tid att njuta!<\/span><\/p>\n<\/li>\n<li class=\"\" data-start=\"866\" data-end=\"966\">\n<p class=\"\" data-start=\"868\" data-end=\"966\"><strong data-start=\"868\" data-end=\"879\">F\u00f6rvaring<\/strong>: <span class=\"relative -mx-px my-[-0.2rem] rounded px-px py-[0.2rem] transition-colors duration-100 ease-in-out\">F\u00f6rvara den p\u00e5 en sval, torr plats.<\/span><\/p>\n<p><img decoding=\"async\" class=\"size-full wp-image-14488 aligncenter\" src=\"https:\/\/keluvo.com\/template\/wp-content\/uploads\/sites\/5\/2025\/04\/main-image-3-3.jpeg\" alt=\"\" \/><\/li>\n<\/ul>\n<h2 style=\"text-align: center\" data-start=\"973\" data-end=\"991\">\ud83e\uddf4 Hur man anv\u00e4nder:<\/h2>\n<ol data-start=\"993\" data-end=\"1423\">\n<li class=\"\" data-start=\"993\" data-end=\"1101\">\n<p class=\"\" data-start=\"996\" data-end=\"1101\"><strong data-start=\"996\" data-end=\"1014\">Tv\u00e4tta H\u00e5ret<\/strong>: <span class=\"relative -mx-px my-[-0.2rem] rounded px-px py-[0.2rem] transition-colors duration-100 ease-in-out\">Reng\u00f6r h\u00e5ret med schampo och pressa f\u00f6rsiktigt ut det extra vattnet.<\/span>\u200b<\/p>\n<\/li>\n<li class=\"\" data-start=\"1102\" data-end=\"1210\">\n<p class=\"\" data-start=\"1105\" data-end=\"1210\"><strong data-start=\"1105\" data-end=\"1123\">Applicera Masken<\/strong>: <span class=\"relative -mx-px my-[-0.2rem] rounded px-px py-[0.2rem] transition-colors duration-100 ease-in-out\">Ta en liten bit av masken och l\u00e4gg den p\u00e5 ditt v\u00e5ta h\u00e5r, b\u00f6rja en bit bort fr\u00e5n h\u00e5rbotten och g\u00e5 ner till \u00e4ndarna.<\/span>\u200b<\/p>\n<\/li>\n<li class=\"\" data-start=\"1211\" data-end=\"1319\">\n<p class=\"\" data-start=\"1214\" data-end=\"1319\"><strong data-start=\"1214\" data-end=\"1232\">Massera F\u00f6rsiktigt<\/strong>: <span class=\"relative -mx-px my-[-0.2rem] rounded px-px py-[0.2rem] transition-colors duration-100 ease-in-out\">Gnugga in den mjukt i 3-5 minuter f\u00f6r att l\u00e5ta den verka magiskt.<\/span>\u200b<\/p>\n<\/li>\n<li class=\"\" data-start=\"1320\" data-end=\"1423\">\n<p class=\"\" data-start=\"1323\" data-end=\"1423\"><strong data-start=\"1323\" data-end=\"1336\">Sk\u00f6lj Av<\/strong>: <span class=\"relative -mx-px my-[-0.2rem] rounded px-px py-[0.2rem] transition-colors duration-100 ease-in-out\">Tv\u00e4tta ur med varmt vatten och k\u00e4nn mjukheten!<\/span><\/p>\n<\/li>\n<\/ol>\n<p class=\"\" data-start=\"868\" data-end=\"966\">\u200b<\/p>\n","protected":false},"excerpt":{"rendered":"<p>\ud83c\udf1f Superenkel h\u00e5rinpackning &#8211; g\u00f6r ditt h\u00e5r lyckligt! \ud83c\udf1f S\u00e4g hej till mjukt, gl\u00e4nsande och starkt h\u00e5r med v\u00e5r naturliga [&hellip;]<\/p>\n","protected":false},"featured_media":30483,"comment_status":"open","ping_status":"closed","template":"","meta":{"site-sidebar-layout":"default","site-content-layout":"","ast-site-content-layout":"default","site-content-style":"default","site-sidebar-style":"default","ast-global-header-display":"","ast-banner-title-visibility":"","ast-main-header-display":"","ast-hfb-above-header-display":"","ast-hfb-below-header-display":"","ast-hfb-mobile-header-display":"","site-post-title":"","ast-breadcrumbs-content":"","ast-featured-img":"","footer-sml-layout":"","theme-transparent-header-meta":"default","adv-header-id-meta":"","stick-header-meta":"","header-above-stick-meta":"","header-main-stick-meta":"","header-below-stick-meta":"","astra-migrate-meta-layouts":"set","ast-page-background-enabled":"default","ast-page-background-meta":{"desktop":{"background-color":"var(--ast-global-color-4)","background-image":"","background-repeat":"repeat","background-position":"center center","background-size":"auto","background-attachment":"scroll","background-type":"","background-media":"","overlay-type":"","overlay-color":"","overlay-opacity":"","overlay-gradient":""},"tablet":{"background-color":"","background-image":"","background-repeat":"repeat","background-position":"center center","background-size":"auto","background-attachment":"scroll","background-type":"","background-media":"","overlay-type":"","overlay-color":"","overlay-opacity":"","overlay-gradient":""},"mobile":{"background-color":"","background-image":"","background-repeat":"repeat","background-position":"center center","background-size":"auto","background-attachment":"scroll","background-type":"","background-media":"","overlay-type":"","overlay-color":"","overlay-opacity":"","overlay-gradient":""}},"ast-content-background-meta":{"desktop":{"background-color":"var(--ast-global-color-5)","background-image":"","background-repeat":"repeat","background-position":"center center","background-size":"auto","background-attachment":"scroll","background-type":"","background-media":"","overlay-type":"","overlay-color":"","overlay-opacity":"","overlay-gradient":""},"tablet":{"background-color":"var(--ast-global-color-5)","background-image":"","background-repeat":"repeat","background-position":"center center","background-size":"auto","background-attachment":"scroll","background-type":"","background-media":"","overlay-type":"","overlay-color":"","overlay-opacity":"","overlay-gradient":""},"mobile":{"background-color":"var(--ast-global-color-5)","background-image":"","background-repeat":"repeat","background-position":"center center","background-size":"auto","background-attachment":"scroll","background-type":"","background-media":"","overlay-type":"","overlay-color":"","overlay-opacity":"","overlay-gradient":""}}},"product_brand":[],"product_cat":[992],"product_tag":[],"class_list":{"0":"post-30487","1":"product","2":"type-product","3":"status-publish","4":"has-post-thumbnail","6":"product_cat-beauty-and-hygiene-products","7":"desktop-align-left","8":"tablet-align-left","9":"mobile-align-left","11":"first","12":"instock","13":"shipping-taxable","14":"purchasable","15":"product-type-simple"},"_links":{"self":[{"href":"https:\/\/keluvo.com\/se\/wp-json\/wp\/v2\/product\/30487","targetHints":{"allow":["GET"]}}],"collection":[{"href":"https:\/\/keluvo.com\/se\/wp-json\/wp\/v2\/product"}],"about":[{"href":"https:\/\/keluvo.com\/se\/wp-json\/wp\/v2\/types\/product"}],"replies":[{"embeddable":true,"href":"https:\/\/keluvo.com\/se\/wp-json\/wp\/v2\/comments?post=30487"}],"wp:featuredmedia":[{"embeddable":true,"href":"https:\/\/keluvo.com\/se\/wp-json\/wp\/v2\/media\/30483"}],"wp:attachment":[{"href":"https:\/\/keluvo.com\/se\/wp-json\/wp\/v2\/media?parent=30487"}],"wp:term":[{"taxonomy":"product_brand","embeddable":true,"href":"https:\/\/keluvo.com\/se\/wp-json\/wp\/v2\/product_brand?post=30487"},{"taxonomy":"product_cat","embeddable":true,"href":"https:\/\/keluvo.com\/se\/wp-json\/wp\/v2\/product_cat?post=30487"},{"taxonomy":"product_tag","embeddable":true,"href":"https:\/\/keluvo.com\/se\/wp-json\/wp\/v2\/product_tag?post=30487"}],"curies":[{"name":"wp","href":"https:\/\/api.w.org\/{rel}","templated":true}]}}