{"id":29849,"date":"2025-09-11T15:10:30","date_gmt":"2025-09-11T12:10:30","guid":{"rendered":"https:\/\/keluvo.com\/se\/product\/magnetiska-block-2\/"},"modified":"2025-09-11T15:11:18","modified_gmt":"2025-09-11T12:11:18","slug":"magnetiska-block-2","status":"publish","type":"product","link":"https:\/\/keluvo.com\/se\/product\/magnetiska-block-2\/","title":{"rendered":"Magnetiska block"},"content":{"rendered":"<p style=\"text-align: center\"><strong>Lindra Stress Och H\u00e5ll Fokus \u2013 N\u00e4r Som Helst, Var Som Helst!<\/strong><\/p>\n<p style=\"text-align: center\"><span style=\"font-weight: 400\">Dessa magnetiska block \u00e4r mer \u00e4n bara en leksak &#8211; de \u00e4r ett b\u00e4rbart, roligt och effektivt s\u00e4tt att lindra \u00e5ngest, h\u00e5lla fokus och bek\u00e4mpa tristess. Dessa mini-fidgetpinnar \u00e4r perfekta f\u00f6r personer med stress, ADHD eller vanor som nagelbitning eller r\u00f6kning och hj\u00e4lper till att lugna sinnet och h\u00e5lla h\u00e4nderna upptagna. De \u00e4r tillr\u00e4ckligt sm\u00e5 f\u00f6r att passa i fickan, vilket g\u00f6r dem perfekta f\u00f6r arbete, skola, resor eller bara avkoppling hemma.<\/span><\/p>\n<p><img decoding=\"async\" class=\"alignnone size-full wp-image-18723 aligncenter\" src=\"https:\/\/keluvo.com\/template\/wp-content\/uploads\/sites\/5\/2025\/05\/Magneticblocks-ezgif.com-video-to-webp-converter.webp\" alt=\"\" \/><\/p>\n<h2 style=\"text-align: center\">\ud83c\udf1f Huvudf\u00f6rdelar<\/h2>\n<p><span style=\"font-weight: 400\">\ud83d\ude0c <\/span><b>Minskar stress<\/b><span style=\"font-weight: 400\"> \u2013 Lugnar nerverna och fr\u00e4mjar avkoppling.<\/span><span style=\"font-weight: 400\"><br \/>\n<\/span><\/p>\n<p><span style=\"font-weight: 400\">\ud83e\udde0 <\/span><b>F\u00f6rb\u00e4ttrar fokus<\/b><span style=\"font-weight: 400\"> \u2013 Hj\u00e4lper till med koncentration under arbete eller studier.<\/span><span style=\"font-weight: 400\"><br \/>\n<\/span><\/p>\n<p><span style=\"font-weight: 400\">\ud83d\udc50 <\/span><b>Bryter d\u00e5liga vanor<\/b><span style=\"font-weight: 400\"> \u2013 H\u00e5ller h\u00e4nderna upptagna f\u00f6r att begr\u00e4nsa nagelbitning, r\u00f6kning och mer.<\/span><span style=\"font-weight: 400\"><br \/>\n<\/span><\/p>\n<p><span style=\"font-weight: 400\">\u2708\ufe0f <\/span><b>B\u00e4rbart kul<\/b><span style=\"font-weight: 400\"> \u2013 Fickstorlek och l\u00e4ttvikt, perfekt f\u00f6r resor.<\/span><\/p>\n<p>\ud83d\udd01 <b style=\"font-style: inherit\">\u00c5teranv\u00e4ndbar &amp; h\u00e5llbar<\/b><span style=\"font-weight: 400\"> \u2013 Byggd f\u00f6r att h\u00e5lla och anv\u00e4ndas om och om igen.<\/span><\/p>\n<p><img decoding=\"async\" class=\"alignnone size-full wp-image-18686 aligncenter\" src=\"https:\/\/keluvo.com\/template\/wp-content\/uploads\/sites\/5\/2025\/05\/933d8a90-556c-4caf-ba5a-ddebb7a50cf3.webp.webp\" alt=\"\" \/><\/p>\n<h2 style=\"text-align: center\">\ud83d\udee0\ufe0f Hur Man Anv\u00e4nder<\/h2>\n<ol>\n<li style=\"font-weight: 400\"><span style=\"font-weight: 400\">Ta en fidget stick i handen.<\/span><span style=\"font-weight: 400\"><br \/>\n<\/span><\/li>\n<li style=\"font-weight: 400\"><span style=\"font-weight: 400\">Vrid, v\u00e4nd eller stapla de magnetiska blocken som du vill.<\/span><span style=\"font-weight: 400\"><br \/>\n<\/span><\/li>\n<li style=\"font-weight: 400\"><span style=\"font-weight: 400\">Anv\u00e4nd under stressiga stunder eller n\u00e4r du beh\u00f6ver fokusera.<\/span><span style=\"font-weight: 400\"><br \/>\n<\/span><\/li>\n<li style=\"font-weight: 400\"><span style=\"font-weight: 400\">B\u00e4r den med dig f\u00f6r att anv\u00e4nda n\u00e4r det beh\u00f6vs.<\/span><\/li>\n<\/ol>\n<h2 style=\"text-align: center\">\ud83d\udccf Produktdetaljer<\/h2>\n<ul>\n<li style=\"font-weight: 400\"><span style=\"font-weight: 400\">Material: Starka, h\u00e5llbara magneter<\/span><span style=\"font-weight: 400\"><br \/>\n<\/span><\/li>\n<li style=\"font-weight: 400\"><span style=\"font-weight: 400\">Anv\u00e4ndning: Stressavlastning, vanebildning, fokusf\u00f6rb\u00e4ttring<\/span><span style=\"font-weight: 400\"><br \/>\n<\/span><\/li>\n<li style=\"font-weight: 400\"><span style=\"font-weight: 400\">Storlek: Fickstorlek &#8211; passar l\u00e4tt i handen eller v\u00e4skan<\/span><span style=\"font-weight: 400\"><br \/>\n<\/span><\/li>\n<li style=\"font-weight: 400\"><span style=\"font-weight: 400\">L\u00e4mplig f\u00f6r: Barn, ton\u00e5ringar och vuxna<\/span><\/li>\n<\/ul>\n<h2 style=\"text-align: center\">\ud83d\udce6 F\u00f6rpackningen Inneh\u00e5ller<\/h2>\n<ul>\n<li><span style=\"font-weight: 400\">1, 2, 4, 6x magnetblock.<\/span><\/li>\n<\/ul>\n","protected":false},"excerpt":{"rendered":"<p>Lindra Stress Och H\u00e5ll Fokus \u2013 N\u00e4r Som Helst, Var Som Helst! Dessa magnetiska block \u00e4r mer \u00e4n bara en [&hellip;]<\/p>\n","protected":false},"featured_media":29845,"comment_status":"open","ping_status":"closed","template":"","meta":{"site-sidebar-layout":"default","site-content-layout":"","ast-site-content-layout":"default","site-content-style":"default","site-sidebar-style":"default","ast-global-header-display":"","ast-banner-title-visibility":"","ast-main-header-display":"","ast-hfb-above-header-display":"","ast-hfb-below-header-display":"","ast-hfb-mobile-header-display":"","site-post-title":"","ast-breadcrumbs-content":"","ast-featured-img":"","footer-sml-layout":"","theme-transparent-header-meta":"default","adv-header-id-meta":"","stick-header-meta":"","header-above-stick-meta":"","header-main-stick-meta":"","header-below-stick-meta":"","astra-migrate-meta-layouts":"set","ast-page-background-enabled":"default","ast-page-background-meta":{"desktop":{"background-color":"var(--ast-global-color-4)","background-image":"","background-repeat":"repeat","background-position":"center center","background-size":"auto","background-attachment":"scroll","background-type":"","background-media":"","overlay-type":"","overlay-color":"","overlay-opacity":"","overlay-gradient":""},"tablet":{"background-color":"","background-image":"","background-repeat":"repeat","background-position":"center center","background-size":"auto","background-attachment":"scroll","background-type":"","background-media":"","overlay-type":"","overlay-color":"","overlay-opacity":"","overlay-gradient":""},"mobile":{"background-color":"","background-image":"","background-repeat":"repeat","background-position":"center center","background-size":"auto","background-attachment":"scroll","background-type":"","background-media":"","overlay-type":"","overlay-color":"","overlay-opacity":"","overlay-gradient":""}},"ast-content-background-meta":{"desktop":{"background-color":"var(--ast-global-color-5)","background-image":"","background-repeat":"repeat","background-position":"center center","background-size":"auto","background-attachment":"scroll","background-type":"","background-media":"","overlay-type":"","overlay-color":"","overlay-opacity":"","overlay-gradient":""},"tablet":{"background-color":"var(--ast-global-color-5)","background-image":"","background-repeat":"repeat","background-position":"center center","background-size":"auto","background-attachment":"scroll","background-type":"","background-media":"","overlay-type":"","overlay-color":"","overlay-opacity":"","overlay-gradient":""},"mobile":{"background-color":"var(--ast-global-color-5)","background-image":"","background-repeat":"repeat","background-position":"center center","background-size":"auto","background-attachment":"scroll","background-type":"","background-media":"","overlay-type":"","overlay-color":"","overlay-opacity":"","overlay-gradient":""}}},"product_brand":[],"product_cat":[990,993],"product_tag":[],"class_list":{"0":"post-29849","1":"product","2":"type-product","3":"status-publish","4":"has-post-thumbnail","6":"product_cat-toys-childrens-and-baby-products","7":"product_cat-footwear-accessories","8":"pa_21316_jt9u0ycw-gron","9":"pa_21316_jt9u0ycw-orange","10":"pa_21316_jt9u0ycw-svart","11":"pa_21316_jt9u0ycw-vit","12":"pa_21316_zv53kywz-1-st","13":"pa_21316_zv53kywz-2-st","14":"pa_21316_zv53kywz-4-st","15":"pa_21316_zv53kywz-6-st","16":"desktop-align-left","17":"tablet-align-left","18":"mobile-align-left","20":"first","21":"instock","22":"shipping-taxable","23":"purchasable","24":"product-type-variable","25":"has-default-attributes"},"_links":{"self":[{"href":"https:\/\/keluvo.com\/se\/wp-json\/wp\/v2\/product\/29849","targetHints":{"allow":["GET"]}}],"collection":[{"href":"https:\/\/keluvo.com\/se\/wp-json\/wp\/v2\/product"}],"about":[{"href":"https:\/\/keluvo.com\/se\/wp-json\/wp\/v2\/types\/product"}],"replies":[{"embeddable":true,"href":"https:\/\/keluvo.com\/se\/wp-json\/wp\/v2\/comments?post=29849"}],"wp:featuredmedia":[{"embeddable":true,"href":"https:\/\/keluvo.com\/se\/wp-json\/wp\/v2\/media\/29845"}],"wp:attachment":[{"href":"https:\/\/keluvo.com\/se\/wp-json\/wp\/v2\/media?parent=29849"}],"wp:term":[{"taxonomy":"product_brand","embeddable":true,"href":"https:\/\/keluvo.com\/se\/wp-json\/wp\/v2\/product_brand?post=29849"},{"taxonomy":"product_cat","embeddable":true,"href":"https:\/\/keluvo.com\/se\/wp-json\/wp\/v2\/product_cat?post=29849"},{"taxonomy":"product_tag","embeddable":true,"href":"https:\/\/keluvo.com\/se\/wp-json\/wp\/v2\/product_tag?post=29849"}],"curies":[{"name":"wp","href":"https:\/\/api.w.org\/{rel}","templated":true}]}}