{"id":29816,"date":"2025-09-11T15:07:51","date_gmt":"2025-09-11T12:07:51","guid":{"rendered":"https:\/\/keluvo.com\/se\/product\/led-skrivtavla\/"},"modified":"2025-12-01T15:19:48","modified_gmt":"2025-12-01T13:19:48","slug":"led-skrivtavla","status":"publish","type":"product","link":"https:\/\/keluvo.com\/se\/product\/led-skrivtavla\/","title":{"rendered":"LED skrivtavla"},"content":{"rendered":"<p style=\"text-align: center\"><strong>Skriv, Lys Upp, Och Inspirera \u2013 Allt P\u00e5 En Enda Lysande Tavla!<\/strong><\/p>\n<p style=\"text-align: center\"><span style=\"font-weight: 400\">G\u00f6r anteckningar, dela meddelanden eller klottra med en ljus twist med den h\u00e4r LED-skrivtavlan &#8211; perfekt f\u00f6r barn, planerare, kreat\u00f6rer och stilfulla inrednings\u00e4lskare. Med en lysande akrylyta och 7 f\u00e4rgglada mark\u00f6rer \u00f6kar den h\u00e4r \u00e5teranv\u00e4ndbara, upplysta anslagstavlan fokus, kreativitet och produktivitet. Oavsett om du skriver p\u00e5minnelser, uppmuntrar dina barn eller f\u00f6rb\u00e4ttrar din inredning, g\u00f6r den h\u00e4r tavlan det hela dagen eller natten.<\/span><\/p>\n<p><img decoding=\"async\" class=\"alignnone size-full wp-image-18669 aligncenter\" src=\"https:\/\/keluvo.com\/template\/wp-content\/uploads\/sites\/5\/2025\/05\/LEDwritingboard-ezgif.com-video-to-webp-converter.webp\" alt=\"\" \/><\/p>\n<h2 style=\"text-align: center\">\ud83c\udf1f Huvudsakliga f\u00f6rdelar<\/h2>\n<p><span style=\"font-weight: 400\">\u270f\ufe0f <\/span><b>Funktion f\u00f6r flera anv\u00e4ndningsomr\u00e5den<\/b><span style=\"font-weight: 400\"> &#8211; Perfekt f\u00f6r anteckningar, klotter, planer eller dagliga p\u00e5minnelser.<\/span><span style=\"font-weight: 400\"><br \/>\n<\/span><\/p>\n<p><span style=\"font-weight: 400\">\ud83c\udf08 <\/span><b>7 Fluorescerande Mark\u00f6rer<\/b><span style=\"font-weight: 400\"> &#8211; L\u00e4gg till f\u00e4rg och kreativitet med varje meddelande.<\/span><span style=\"font-weight: 400\"><br \/>\n<\/span><\/p>\n<p><span style=\"font-weight: 400\">\ud83d\udca1 <\/span><b>LED-Ljussken<\/b><span style=\"font-weight: 400\"> &#8211; H\u00e5ller dina anteckningar synliga och i\u00f6gonfallande.<\/span><\/p>\n<p><span style=\"font-weight: 400\">\ud83c\udfaf <\/span><b>F\u00f6rb\u00e4ttrar Fokus<\/b><span style=\"font-weight: 400\"> &#8211; Hj\u00e4lper barn och vuxna att h\u00e5lla sig organiserade och engagerade.<\/span><span style=\"font-weight: 400\"><br \/>\n<\/span><\/p>\n<p><span style=\"font-weight: 400\">\ud83e\uddfd <\/span><b>L\u00e4tt Att Reng\u00f6ra<\/b><span style=\"font-weight: 400\"> &#8211; torka av med en trasa och b\u00f6rja om n\u00e4r som helst.<\/span><\/p>\n<p>\ud83d\uddbc\ufe0f <b style=\"font-style: inherit\">Snygg Inredning<\/b><span style=\"font-weight: 400\"> &#8211; ger charm till rum, kaf\u00e9er, butiker eller kontor.<\/span><\/p>\n<p><img decoding=\"async\" class=\"alignnone size-full wp-image-18661 aligncenter\" src=\"https:\/\/keluvo.com\/template\/wp-content\/uploads\/sites\/5\/2025\/05\/8e7ac347-8af8-4a60-9406-b7edeb90c42a.webp.webp\" alt=\"\" \/><\/p>\n<h2 style=\"text-align: center\">\ud83d\udee0\ufe0f Hur Man Anv\u00e4nder<\/h2>\n<ol>\n<li style=\"font-weight: 400\"><span style=\"font-weight: 400\">Plugg in tavlan med USB-kabeln.<\/span><span style=\"font-weight: 400\"><br \/>\n<\/span><\/li>\n<li style=\"font-weight: 400\"><span style=\"font-weight: 400\">Anv\u00e4nd de medf\u00f6ljande pennorna f\u00f6r att skriva, rita eller planera.<\/span><span style=\"font-weight: 400\"><br \/>\n<\/span><\/li>\n<li style=\"font-weight: 400\"><span style=\"font-weight: 400\">Sl\u00e5 p\u00e5 LED-lamporna f\u00f6r att f\u00e5 dina anteckningar att lysa.<\/span><span style=\"font-weight: 400\"><br \/>\n<\/span><\/li>\n<li style=\"font-weight: 400\"><span style=\"font-weight: 400\">Torka av med en mikrofiberduk eller fuktig trasa n\u00e4r du \u00e4r klar.<\/span><\/li>\n<\/ol>\n<h2 style=\"text-align: center\">\ud83d\udccf Produktdetaljer<\/h2>\n<ul>\n<li style=\"font-weight: 400\"><span style=\"font-weight: 400\">Material: Akryltavla med LED-belysning<\/span><span style=\"font-weight: 400\"><br \/>\n<\/span><\/li>\n<li style=\"font-weight: 400\"><span style=\"font-weight: 400\">Tillg\u00e4ngliga storlekar:<\/span><span style=\"font-weight: 400\"><br \/>\n<\/span><\/p>\n<ul>\n<li style=\"font-weight: 400\"><span style=\"font-weight: 400\">Liten:\u00a015 x 15 cm<\/span><span style=\"font-weight: 400\"><br \/>\n<\/span><\/li>\n<li style=\"font-weight: 400\"><span style=\"font-weight: 400\">Medium: 20 x 20 cm<\/span><span style=\"font-weight: 400\"><br \/>\n<\/span><\/li>\n<li style=\"font-weight: 400\"><span style=\"font-weight: 400\">Stor: 30 x 20 cm<\/span><span style=\"font-weight: 400\"><br \/>\n<\/span><\/li>\n<\/ul>\n<\/li>\n<li style=\"font-weight: 400\"><span style=\"font-weight: 400\">Kraft: USB-anslutning<\/span><span style=\"font-weight: 400\"><br \/>\n<\/span><\/li>\n<li style=\"font-weight: 400\"><span style=\"font-weight: 400\">Oberyta: Sl\u00e4t, \u00e5teranv\u00e4ndbar och l\u00e4tt att reng\u00f6ra<\/span><\/li>\n<\/ul>\n<h2 style=\"text-align: center\">\ud83d\udce6 Paketet Inneh\u00e5ller<\/h2>\n<ul>\n<li style=\"font-weight: 400\"><span style=\"font-weight: 400\">1 x LED-skrivtavla<\/span><span style=\"font-weight: 400\"><br \/>\n<\/span><\/li>\n<li style=\"font-weight: 400\"><span style=\"font-weight: 400\">7 x fluorescerande mark\u00f6rer<\/span><span style=\"font-weight: 400\"><br \/>\n<\/span><\/li>\n<li style=\"font-weight: 400\"><span style=\"font-weight: 400\">1 x USB-kabel.<\/span><\/li>\n<\/ul>\n","protected":false},"excerpt":{"rendered":"<p>Skriv, Lys Upp, Och Inspirera \u2013 Allt P\u00e5 En Enda Lysande Tavla! G\u00f6r anteckningar, dela meddelanden eller klottra med en [&hellip;]<\/p>\n","protected":false},"featured_media":29812,"comment_status":"open","ping_status":"closed","template":"","meta":{"site-sidebar-layout":"default","site-content-layout":"","ast-site-content-layout":"default","site-content-style":"default","site-sidebar-style":"default","ast-global-header-display":"","ast-banner-title-visibility":"","ast-main-header-display":"","ast-hfb-above-header-display":"","ast-hfb-below-header-display":"","ast-hfb-mobile-header-display":"","site-post-title":"","ast-breadcrumbs-content":"","ast-featured-img":"","footer-sml-layout":"","theme-transparent-header-meta":"default","adv-header-id-meta":"","stick-header-meta":"","header-above-stick-meta":"","header-main-stick-meta":"","header-below-stick-meta":"","astra-migrate-meta-layouts":"set","ast-page-background-enabled":"default","ast-page-background-meta":{"desktop":{"background-color":"var(--ast-global-color-4)","background-image":"","background-repeat":"repeat","background-position":"center center","background-size":"auto","background-attachment":"scroll","background-type":"","background-media":"","overlay-type":"","overlay-color":"","overlay-opacity":"","overlay-gradient":""},"tablet":{"background-color":"","background-image":"","background-repeat":"repeat","background-position":"center center","background-size":"auto","background-attachment":"scroll","background-type":"","background-media":"","overlay-type":"","overlay-color":"","overlay-opacity":"","overlay-gradient":""},"mobile":{"background-color":"","background-image":"","background-repeat":"repeat","background-position":"center center","background-size":"auto","background-attachment":"scroll","background-type":"","background-media":"","overlay-type":"","overlay-color":"","overlay-opacity":"","overlay-gradient":""}},"ast-content-background-meta":{"desktop":{"background-color":"var(--ast-global-color-5)","background-image":"","background-repeat":"repeat","background-position":"center center","background-size":"auto","background-attachment":"scroll","background-type":"","background-media":"","overlay-type":"","overlay-color":"","overlay-opacity":"","overlay-gradient":""},"tablet":{"background-color":"var(--ast-global-color-5)","background-image":"","background-repeat":"repeat","background-position":"center center","background-size":"auto","background-attachment":"scroll","background-type":"","background-media":"","overlay-type":"","overlay-color":"","overlay-opacity":"","overlay-gradient":""},"mobile":{"background-color":"var(--ast-global-color-5)","background-image":"","background-repeat":"repeat","background-position":"center center","background-size":"auto","background-attachment":"scroll","background-type":"","background-media":"","overlay-type":"","overlay-color":"","overlay-opacity":"","overlay-gradient":""}}},"product_brand":[],"product_cat":[990],"product_tag":[],"class_list":{"0":"post-29816","1":"product","2":"type-product","3":"status-publish","4":"has-post-thumbnail","6":"product_cat-toys-childrens-and-baby-products","7":"pa_42029_f6tvk0w6-15x15cm","8":"pa_42029_f6tvk0w6-20x20cm","9":"pa_42029_f6tvk0w6-30x20-cm","10":"desktop-align-left","11":"tablet-align-left","12":"mobile-align-left","14":"first","15":"instock","16":"shipping-taxable","17":"purchasable","18":"product-type-variable"},"_links":{"self":[{"href":"https:\/\/keluvo.com\/se\/wp-json\/wp\/v2\/product\/29816","targetHints":{"allow":["GET"]}}],"collection":[{"href":"https:\/\/keluvo.com\/se\/wp-json\/wp\/v2\/product"}],"about":[{"href":"https:\/\/keluvo.com\/se\/wp-json\/wp\/v2\/types\/product"}],"replies":[{"embeddable":true,"href":"https:\/\/keluvo.com\/se\/wp-json\/wp\/v2\/comments?post=29816"}],"wp:featuredmedia":[{"embeddable":true,"href":"https:\/\/keluvo.com\/se\/wp-json\/wp\/v2\/media\/29812"}],"wp:attachment":[{"href":"https:\/\/keluvo.com\/se\/wp-json\/wp\/v2\/media?parent=29816"}],"wp:term":[{"taxonomy":"product_brand","embeddable":true,"href":"https:\/\/keluvo.com\/se\/wp-json\/wp\/v2\/product_brand?post=29816"},{"taxonomy":"product_cat","embeddable":true,"href":"https:\/\/keluvo.com\/se\/wp-json\/wp\/v2\/product_cat?post=29816"},{"taxonomy":"product_tag","embeddable":true,"href":"https:\/\/keluvo.com\/se\/wp-json\/wp\/v2\/product_tag?post=29816"}],"curies":[{"name":"wp","href":"https:\/\/api.w.org\/{rel}","templated":true}]}}