{"id":29763,"date":"2025-09-11T15:04:10","date_gmt":"2025-09-11T12:04:10","guid":{"rendered":"https:\/\/keluvo.com\/se\/product\/laserleksak\/"},"modified":"2025-09-16T23:54:25","modified_gmt":"2025-09-16T20:54:25","slug":"laserleksak","status":"publish","type":"product","link":"https:\/\/keluvo.com\/se\/product\/laserleksak\/","title":{"rendered":"Laserleksak"},"content":{"rendered":"<p style=\"text-align: center\"><strong><b>\ud83d\udc3e<\/b>H\u00e5ll din katt aktiv, glad och underh\u00e5llen &#8211; automatiskt!\ud83d\udc08<\/strong><\/p>\n<p style=\"text-align: center\"><span style=\"font-weight: 400\">Kattens laserleksak g\u00f6r lekstunden rolig, handsfree och sp\u00e4nnande f\u00f6r din lurviga v\u00e4n. Med 360 \u00b0 rotation, justerbara hastighetsinst\u00e4llningar och slumpm\u00e4ssiga m\u00f6nster h\u00e5ller den din katt engagerad samtidigt som den uppmuntrar till h\u00e4lsosam aktivitet.<\/span><\/p>\n<p><img decoding=\"async\" class=\"size-full wp-image-18616 aligncenter\" src=\"https:\/\/keluvo.com\/template\/wp-content\/uploads\/sites\/5\/2025\/05\/cat-ezgif.com-video-to-webp-converter.webp\" alt=\"\" \/><\/p>\n<h2 style=\"text-align: center\">\ud83d\udc3e Huvudf\u00f6rdelar<\/h2>\n<p><span style=\"font-weight: 400\">\ud83d\udd01 <\/span><b>360\u00b0 slumpm\u00e4ssig rotation<\/b><span style=\"font-weight: 400\"> &#8211; H\u00e5ller din katt gissande och jagande non-stop<\/span><span style=\"font-weight: 400\"><br \/>\n<\/span><\/p>\n<p><span style=\"font-weight: 400\">\u26a1 <\/span><b>3 hastighetsl\u00e4gen<\/b><span style=\"font-weight: 400\"> &#8211; L\u00e5ngsam, medium och snabb inst\u00e4llning f\u00f6r alla energiniv\u00e5er<\/span><span style=\"font-weight: 400\"><br \/>\n<\/span><\/p>\n<p><span style=\"font-weight: 400\">\ud83d\udd07 <\/span><b>Super tyst drift<\/b><span style=\"font-weight: 400\"> &#8211; Skr\u00e4mmer inte ditt husdjur eller st\u00f6r ditt lugn<\/span><span style=\"font-weight: 400\"><br \/>\n<\/span><\/p>\n<p><span style=\"font-weight: 400\">\ud83d\udd0b <\/span><b>Uppladdningsbar design<\/b><span style=\"font-weight: 400\"> &#8211; Inga batterier beh\u00f6vs, bara koppla in och ladda<\/span><\/p>\n<p><span style=\"font-weight: 400\">\ud83d\udd52 <b style=\"font-style: inherit\">Automatisk avst\u00e4ngning<\/b><span style=\"font-weight: 400\"> &#8211; st\u00e4ngs av efter 15 minuter f\u00f6r att f\u00f6rhindra \u00f6verstimulering<\/span><\/span><\/p>\n<p><img decoding=\"async\" class=\"size-full wp-image-18620 aligncenter\" src=\"https:\/\/keluvo.com\/template\/wp-content\/uploads\/sites\/5\/2025\/05\/8b06a662-09ba-4bc1-8de7-18246a586f94.webp\" alt=\"\" \/><\/p>\n<h2 style=\"text-align: center\">\u2705 Hur Man Anv\u00e4nder<\/h2>\n<ol>\n<li style=\"font-weight: 400\"><span style=\"font-weight: 400\">Ladda leksaken med den medf\u00f6ljande USB-kabeln.<\/span><span style=\"font-weight: 400\"><br \/>\n<\/span><\/li>\n<li style=\"font-weight: 400\"><span style=\"font-weight: 400\">Tryck p\u00e5 str\u00f6mknappen f\u00f6r att starta och v\u00e4lj \u00f6nskad hastighet.<\/span><span style=\"font-weight: 400\"><br \/>\n<\/span><\/li>\n<li style=\"font-weight: 400\"><span style=\"font-weight: 400\">Placera leksaken p\u00e5 en plan yta &#8211; se ditt husdjur jaga laserpunkten.<\/span><\/li>\n<li style=\"font-weight: 400\"><span style=\"font-weight: 400\">Leksaken st\u00e4ngs av efter 15 minuter f\u00f6r att ge ditt husdjur en paus.<\/span><\/li>\n<\/ol>\n<h2 style=\"text-align: center\">\ud83d\udcd0 Produktdetaljer<\/h2>\n<ul>\n<li style=\"font-weight: 400\"><b>Material<\/b><span style=\"font-weight: 400\">: Slitstark ABS-plast<\/span><span style=\"font-weight: 400\"><br \/>\n<\/span><\/li>\n<li style=\"font-weight: 400\"><b>Moder<\/b><span style=\"font-weight: 400\">: 3 hastighetsniv\u00e5er<\/span><span style=\"font-weight: 400\"><br \/>\n<\/span><\/li>\n<li style=\"font-weight: 400\"><b>Rotation<\/b><span style=\"font-weight: 400\">: 360\u00b0 slumpm\u00e4ssig r\u00f6relse<\/span><span style=\"font-weight: 400\"><br \/>\n<\/span><\/li>\n<li style=\"font-weight: 400\"><b>Power<\/b><span style=\"font-weight: 400\">: USB-laddningsbar<\/span><\/li>\n<li style=\"font-weight: 400\"><span style=\"font-weight: 400\"><b style=\"font-style: inherit\">Kompatibilitet<\/b><span style=\"font-weight: 400\">: Perfekt f\u00f6r katter och sm\u00e5 hundar<\/span><\/span><\/li>\n<\/ul>\n<h2 style=\"text-align: center\">\ud83d\udce6 Paketet Inneh\u00e5ller<\/h2>\n<ul>\n<li style=\"font-weight: 400\"><span style=\"font-weight: 400\">1 \u00d7 kattlaserleksak<\/span><span style=\"font-weight: 400\"><br \/>\n<\/span><\/li>\n<li style=\"font-weight: 400\"><span style=\"font-weight: 400\">1 \u00d7 USB-laddningskabel.<\/span><\/li>\n<\/ul>\n","protected":false},"excerpt":{"rendered":"<p>\ud83d\udc3eH\u00e5ll din katt aktiv, glad och underh\u00e5llen &#8211; automatiskt!\ud83d\udc08 Kattens laserleksak g\u00f6r lekstunden rolig, handsfree och sp\u00e4nnande f\u00f6r din lurviga [&hellip;]<\/p>\n","protected":false},"featured_media":29759,"comment_status":"open","ping_status":"closed","template":"","meta":{"site-sidebar-layout":"default","site-content-layout":"","ast-site-content-layout":"default","site-content-style":"default","site-sidebar-style":"default","ast-global-header-display":"","ast-banner-title-visibility":"","ast-main-header-display":"","ast-hfb-above-header-display":"","ast-hfb-below-header-display":"","ast-hfb-mobile-header-display":"","site-post-title":"","ast-breadcrumbs-content":"","ast-featured-img":"","footer-sml-layout":"","theme-transparent-header-meta":"default","adv-header-id-meta":"","stick-header-meta":"","header-above-stick-meta":"","header-main-stick-meta":"","header-below-stick-meta":"","astra-migrate-meta-layouts":"set","ast-page-background-enabled":"default","ast-page-background-meta":{"desktop":{"background-color":"var(--ast-global-color-4)","background-image":"","background-repeat":"repeat","background-position":"center center","background-size":"auto","background-attachment":"scroll","background-type":"","background-media":"","overlay-type":"","overlay-color":"","overlay-opacity":"","overlay-gradient":""},"tablet":{"background-color":"","background-image":"","background-repeat":"repeat","background-position":"center center","background-size":"auto","background-attachment":"scroll","background-type":"","background-media":"","overlay-type":"","overlay-color":"","overlay-opacity":"","overlay-gradient":""},"mobile":{"background-color":"","background-image":"","background-repeat":"repeat","background-position":"center center","background-size":"auto","background-attachment":"scroll","background-type":"","background-media":"","overlay-type":"","overlay-color":"","overlay-opacity":"","overlay-gradient":""}},"ast-content-background-meta":{"desktop":{"background-color":"var(--ast-global-color-5)","background-image":"","background-repeat":"repeat","background-position":"center center","background-size":"auto","background-attachment":"scroll","background-type":"","background-media":"","overlay-type":"","overlay-color":"","overlay-opacity":"","overlay-gradient":""},"tablet":{"background-color":"var(--ast-global-color-5)","background-image":"","background-repeat":"repeat","background-position":"center center","background-size":"auto","background-attachment":"scroll","background-type":"","background-media":"","overlay-type":"","overlay-color":"","overlay-opacity":"","overlay-gradient":""},"mobile":{"background-color":"var(--ast-global-color-5)","background-image":"","background-repeat":"repeat","background-position":"center center","background-size":"auto","background-attachment":"scroll","background-type":"","background-media":"","overlay-type":"","overlay-color":"","overlay-opacity":"","overlay-gradient":""}}},"product_brand":[],"product_cat":[1001],"product_tag":[],"class_list":{"0":"post-29763","1":"product","2":"type-product","3":"status-publish","4":"has-post-thumbnail","6":"product_cat-household-goods","7":"desktop-align-left","8":"tablet-align-left","9":"mobile-align-left","11":"first","12":"instock","13":"shipping-taxable","14":"purchasable","15":"product-type-simple"},"_links":{"self":[{"href":"https:\/\/keluvo.com\/se\/wp-json\/wp\/v2\/product\/29763","targetHints":{"allow":["GET"]}}],"collection":[{"href":"https:\/\/keluvo.com\/se\/wp-json\/wp\/v2\/product"}],"about":[{"href":"https:\/\/keluvo.com\/se\/wp-json\/wp\/v2\/types\/product"}],"replies":[{"embeddable":true,"href":"https:\/\/keluvo.com\/se\/wp-json\/wp\/v2\/comments?post=29763"}],"wp:featuredmedia":[{"embeddable":true,"href":"https:\/\/keluvo.com\/se\/wp-json\/wp\/v2\/media\/29759"}],"wp:attachment":[{"href":"https:\/\/keluvo.com\/se\/wp-json\/wp\/v2\/media?parent=29763"}],"wp:term":[{"taxonomy":"product_brand","embeddable":true,"href":"https:\/\/keluvo.com\/se\/wp-json\/wp\/v2\/product_brand?post=29763"},{"taxonomy":"product_cat","embeddable":true,"href":"https:\/\/keluvo.com\/se\/wp-json\/wp\/v2\/product_cat?post=29763"},{"taxonomy":"product_tag","embeddable":true,"href":"https:\/\/keluvo.com\/se\/wp-json\/wp\/v2\/product_tag?post=29763"}],"curies":[{"name":"wp","href":"https:\/\/api.w.org\/{rel}","templated":true}]}}