{"id":29729,"date":"2025-09-11T15:01:48","date_gmt":"2025-09-11T12:01:48","guid":{"rendered":"https:\/\/keluvo.com\/se\/product\/vattensprutpistol\/"},"modified":"2025-09-30T11:18:43","modified_gmt":"2025-09-30T08:18:43","slug":"vattensprutpistol","status":"publish","type":"product","link":"https:\/\/keluvo.com\/se\/product\/vattensprutpistol\/","title":{"rendered":"Vattensprutpistol"},"content":{"rendered":"<p style=\"text-align: center\"><strong><span style=\"font-weight: 400\">\ud83d\udca7<\/span>Smidig bevattning f\u00f6r varje v\u00e4xt &#8211; med en knapptryckning!<span style=\"font-weight: 400\">\ud83c\udf31<\/span><\/strong><\/p>\n<p style=\"text-align: center\"><span style=\"font-weight: 400\">Vattensprutan \u00e4r en smart, handh\u00e5llen vattenspridare som \u00e4r utformad f\u00f6r att g\u00f6ra v\u00e4xtv\u00e5rd enkel, kladdfri och effektiv. Med en f\u00f6rl\u00e4ngd sprutstav, USB-laddning och ett bekv\u00e4mt grepp n\u00e5r denna spruta dolda blad och levererar exakt hydrering &#8211; inomhus eller utomhus. S\u00e4g adj\u00f6 till \u00f6vervattning och hej till gladare och friskare v\u00e4xter.<\/span><\/p>\n<p><img decoding=\"async\" class=\"size-full wp-image-19178 aligncenter\" src=\"https:\/\/keluvo.com\/template\/wp-content\/uploads\/sites\/5\/2025\/05\/gun-ezgif.com-video-to-webp-converter.webp\" alt=\"\" \/><\/p>\n<h2 style=\"text-align: center\">\ud83c\udf3f Huvudf\u00f6rdelar<\/h2>\n<p><span style=\"font-weight: 400\">\ud83d\udca7 <\/span><b>Minskar vattenavfallet<\/b><span style=\"font-weight: 400\"> \u2013 Passar de flesta 28 mm flaskmynningar f\u00f6r \u00e5teranv\u00e4ndning<\/span><\/p>\n<p><span style=\"font-weight: 400\">\ud83c\udf31 <\/span><b>F\u00f6rl\u00e4ngd stav<\/b><span style=\"font-weight: 400\"> \u2013 Sprayar enkelt sv\u00e5r\u00e5tkomliga blad<\/span><\/p>\n<p><span style=\"font-weight: 400\">\ud83d\udd0b <\/span><b>USB-laddningsbar<\/b><span style=\"font-weight: 400\"> \u2013 Inbyggt batteri f\u00f6r sladdl\u00f6s anv\u00e4ndning<\/span><\/p>\n<p><span style=\"font-weight: 400\">\ud83c\udfaf <\/span><b>Precisionsspray med en knapp<\/b><span style=\"font-weight: 400\"> \u2013 Ingen pumpning eller l\u00e4ckage<\/span><\/p>\n<p><span style=\"font-weight: 400\">\ud83e\udeb4 <\/span><b>Multi-anv\u00e4ndning<\/b><span style=\"font-weight: 400\"> \u2013 Perfekt f\u00f6r v\u00e4xter, reng\u00f6ring, biltv\u00e4tt och mycket mer<\/span><\/p>\n<p><span style=\"font-weight: 400\">\ud83d\udc5c <\/span><b>L\u00e4tt och b\u00e4rbar<\/b><span style=\"font-weight: 400\"> \u2013 enkel att b\u00e4ra med sig i hemmet eller tr\u00e4dg\u00e5rden<\/span><span style=\"font-weight: 400\"><br \/>\n<\/span><\/p>\n<p><img decoding=\"async\" class=\"size-full wp-image-19179 aligncenter\" src=\"https:\/\/keluvo.com\/template\/wp-content\/uploads\/sites\/5\/2025\/05\/35122735-85ab-45a3-925c-99f768e437ae.webp\" alt=\"\" \/><\/p>\n<h2 style=\"text-align: center\">\ud83e\uddfc Hur man anv\u00e4nder<\/h2>\n<ol>\n<li style=\"font-weight: 400\"><span style=\"font-weight: 400\">F\u00e4st spruthuvudet p\u00e5 en flaska med 28 mm \u00f6ppning.<\/span><\/li>\n<li style=\"font-weight: 400\"><span style=\"font-weight: 400\">Ladda med USB-kabeln.<\/span><span style=\"font-weight: 400\"><br \/>\n<\/span><\/li>\n<li style=\"font-weight: 400\"><span style=\"font-weight: 400\">Tryck p\u00e5 str\u00f6mbrytaren en g\u00e5ng f\u00f6r att b\u00f6rja spruta, en g\u00e5ng till f\u00f6r att stoppa.<\/span><\/li>\n<li style=\"font-weight: 400\"><span style=\"font-weight: 400\">Anv\u00e4nd den f\u00f6rl\u00e4ngda skaftet f\u00f6r att n\u00e5 djupt in i bladverk eller tr\u00e5nga utrymmen.<\/span><\/li>\n<\/ol>\n<h2 style=\"text-align: center\">\ud83d\udcd0 Produktdetaljer<\/h2>\n<ul>\n<li style=\"font-weight: 400\"><b>Material<\/b><span style=\"font-weight: 400\">: Slitstark ABS<\/span><span style=\"font-weight: 400\"><br \/>\n<\/span><\/li>\n<li style=\"font-weight: 400\"><b>Claddning<\/b><span style=\"font-weight: 400\">: USB-snabbladdning<\/span><span style=\"font-weight: 400\"><br \/>\n<\/span><\/li>\n<li style=\"font-weight: 400\"><b>Passform f\u00f6r spruta<\/b><span style=\"font-weight: 400\">: Passar flaskhalsar med 28 mm diameter<\/span><span style=\"font-weight: 400\"><br \/>\n<\/span><\/li>\n<li style=\"font-weight: 400\"><b>Power<\/b><span style=\"font-weight: 400\">: Inbyggt uppladdningsbart batteri<\/span><\/li>\n<li style=\"font-weight: 400\"><span style=\"font-weight: 400\"><b style=\"font-style: inherit\">Use<\/b><span style=\"font-weight: 400\">: Bevattning av v\u00e4xter, reng\u00f6ring av k\u00f6k, biltv\u00e4tt<\/span><\/span><\/li>\n<\/ul>\n<h2 style=\"text-align: center\">\ud83d\udce6 Paketet inneh\u00e5ller<\/h2>\n<ul>\n<li style=\"font-weight: 400\"><span style=\"font-weight: 400\">1 \u00d7 vattensprutpistolhuvud<\/span><span style=\"font-weight: 400\"><br \/>\n<\/span><\/li>\n<li style=\"font-weight: 400\"><span style=\"font-weight: 400\">1 \u00d7 USB-laddningskabel.<\/span><\/li>\n<\/ul>\n","protected":false},"excerpt":{"rendered":"<p>\ud83d\udca7Smidig bevattning f\u00f6r varje v\u00e4xt &#8211; med en knapptryckning!\ud83c\udf31 Vattensprutan \u00e4r en smart, handh\u00e5llen vattenspridare som \u00e4r utformad f\u00f6r att [&hellip;]<\/p>\n","protected":false},"featured_media":29725,"comment_status":"open","ping_status":"closed","template":"","meta":{"site-sidebar-layout":"default","site-content-layout":"","ast-site-content-layout":"default","site-content-style":"default","site-sidebar-style":"default","ast-global-header-display":"","ast-banner-title-visibility":"","ast-main-header-display":"","ast-hfb-above-header-display":"","ast-hfb-below-header-display":"","ast-hfb-mobile-header-display":"","site-post-title":"","ast-breadcrumbs-content":"","ast-featured-img":"","footer-sml-layout":"","theme-transparent-header-meta":"default","adv-header-id-meta":"","stick-header-meta":"","header-above-stick-meta":"","header-main-stick-meta":"","header-below-stick-meta":"","astra-migrate-meta-layouts":"set","ast-page-background-enabled":"default","ast-page-background-meta":{"desktop":{"background-color":"var(--ast-global-color-4)","background-image":"","background-repeat":"repeat","background-position":"center center","background-size":"auto","background-attachment":"scroll","background-type":"","background-media":"","overlay-type":"","overlay-color":"","overlay-opacity":"","overlay-gradient":""},"tablet":{"background-color":"","background-image":"","background-repeat":"repeat","background-position":"center center","background-size":"auto","background-attachment":"scroll","background-type":"","background-media":"","overlay-type":"","overlay-color":"","overlay-opacity":"","overlay-gradient":""},"mobile":{"background-color":"","background-image":"","background-repeat":"repeat","background-position":"center center","background-size":"auto","background-attachment":"scroll","background-type":"","background-media":"","overlay-type":"","overlay-color":"","overlay-opacity":"","overlay-gradient":""}},"ast-content-background-meta":{"desktop":{"background-color":"var(--ast-global-color-5)","background-image":"","background-repeat":"repeat","background-position":"center center","background-size":"auto","background-attachment":"scroll","background-type":"","background-media":"","overlay-type":"","overlay-color":"","overlay-opacity":"","overlay-gradient":""},"tablet":{"background-color":"var(--ast-global-color-5)","background-image":"","background-repeat":"repeat","background-position":"center center","background-size":"auto","background-attachment":"scroll","background-type":"","background-media":"","overlay-type":"","overlay-color":"","overlay-opacity":"","overlay-gradient":""},"mobile":{"background-color":"var(--ast-global-color-5)","background-image":"","background-repeat":"repeat","background-position":"center center","background-size":"auto","background-attachment":"scroll","background-type":"","background-media":"","overlay-type":"","overlay-color":"","overlay-opacity":"","overlay-gradient":""}}},"product_brand":[],"product_cat":[1001],"product_tag":[],"class_list":{"0":"post-29729","1":"product","2":"type-product","3":"status-publish","4":"has-post-thumbnail","6":"product_cat-household-goods","7":"pa_21984_t2o39l8z-kort-munstycke","8":"pa_21984_t2o39l8z-langt-munstycke","9":"desktop-align-left","10":"tablet-align-left","11":"mobile-align-left","13":"first","14":"instock","15":"shipping-taxable","16":"purchasable","17":"product-type-variable"},"_links":{"self":[{"href":"https:\/\/keluvo.com\/se\/wp-json\/wp\/v2\/product\/29729","targetHints":{"allow":["GET"]}}],"collection":[{"href":"https:\/\/keluvo.com\/se\/wp-json\/wp\/v2\/product"}],"about":[{"href":"https:\/\/keluvo.com\/se\/wp-json\/wp\/v2\/types\/product"}],"replies":[{"embeddable":true,"href":"https:\/\/keluvo.com\/se\/wp-json\/wp\/v2\/comments?post=29729"}],"wp:featuredmedia":[{"embeddable":true,"href":"https:\/\/keluvo.com\/se\/wp-json\/wp\/v2\/media\/29725"}],"wp:attachment":[{"href":"https:\/\/keluvo.com\/se\/wp-json\/wp\/v2\/media?parent=29729"}],"wp:term":[{"taxonomy":"product_brand","embeddable":true,"href":"https:\/\/keluvo.com\/se\/wp-json\/wp\/v2\/product_brand?post=29729"},{"taxonomy":"product_cat","embeddable":true,"href":"https:\/\/keluvo.com\/se\/wp-json\/wp\/v2\/product_cat?post=29729"},{"taxonomy":"product_tag","embeddable":true,"href":"https:\/\/keluvo.com\/se\/wp-json\/wp\/v2\/product_tag?post=29729"}],"curies":[{"name":"wp","href":"https:\/\/api.w.org\/{rel}","templated":true}]}}