{"id":29659,"date":"2025-09-11T10:49:27","date_gmt":"2025-09-11T07:49:27","guid":{"rendered":"https:\/\/keluvo.com\/se\/product\/bilhorn\/"},"modified":"2025-09-11T10:49:32","modified_gmt":"2025-09-11T07:49:32","slug":"bilhorn","status":"publish","type":"product","link":"https:\/\/keluvo.com\/se\/product\/bilhorn\/","title":{"rendered":"Bilhorn"},"content":{"rendered":"<p style=\"text-align: center\"><strong><span style=\"font-weight: 400\">\ud83d\udd0a <\/span>Bl\u00e5s igenom bullret med en kraftfull 300DB biltuta f\u00f6r maximal trafiks\u00e4kerhet.<span style=\"font-weight: 400\">\ud83d\ude97<\/span><\/strong><\/p>\n<p style=\"text-align: center\"><span style=\"font-weight: 400\">Uppgradera ditt fordons varningssystem med denna biltuta &#8211; den mest h\u00f6gljudda och kompakta tutan p\u00e5 marknaden. Den \u00e4r utformad f\u00f6r lastbilar, SUV:ar, bilar, motorcyklar och till och med b\u00e5tar och ger en dundrande dubbeltonbl\u00e5sning som f\u00e5r omedelbar uppm\u00e4rksamhet. Den \u00e4r byggd f\u00f6r att klara alla v\u00e4derf\u00f6rh\u00e5llanden och \u00e4r ditt f\u00f6rstahandsval f\u00f6r b\u00e5de s\u00e4kerhet och stil.<\/span><\/p>\n<p><img decoding=\"async\" class=\"size-full wp-image-18101 aligncenter\" src=\"https:\/\/keluvo.com\/template\/wp-content\/uploads\/sites\/5\/2025\/05\/0horn-ezgif.com-video-to-webp-converter.webp\" alt=\"\" \/><\/p>\n<h2 style=\"text-align: center\">\u2705 Huvudf\u00f6rdelar<\/h2>\n<p><span style=\"font-weight: 400\">\ud83d\udd0a Extremt h\u00f6gt 300DB-ljud &#8211; s\u00e4kerst\u00e4ller att du h\u00f6rs i alla situationer<\/span><span style=\"font-weight: 400\"><br \/>\n<\/span><\/p>\n<p><span style=\"font-weight: 400\">\ud83d\ude97 Universell passform &#8211; perfekt f\u00f6r bilar, lastbilar, b\u00e5tar, motorcyklar och mycket mer<\/span><span style=\"font-weight: 400\"><br \/>\n<\/span><\/p>\n<p><span style=\"font-weight: 400\">\ud83d\udca7 Vattent\u00e4t och v\u00e4derbest\u00e4ndig &#8211; fungerar felfritt i regn eller rusk<\/span><span style=\"font-weight: 400\"><br \/>\n<\/span><\/p>\n<p><span style=\"font-weight: 400\">\u2699\ufe0f L\u00e4tt att installera &#8211; enkel installation med medf\u00f6ljande monteringsh\u00e5rdvara<\/span><\/p>\n<p><span style=\"font-weight: 400\">\ud83c\udfba Dubbeltonsdesign &#8211; klart, djupt, t\u00e5gliknande hornljud<\/span><\/p>\n<p><img decoding=\"async\" class=\"size-full wp-image-18103 aligncenter\" src=\"https:\/\/keluvo.com\/template\/wp-content\/uploads\/sites\/5\/2025\/05\/21783-1.jpg\" alt=\"\" \/><\/p>\n<h2 style=\"text-align: center\">\ud83d\udd04 Hur man anv\u00e4nder<\/h2>\n<ol>\n<li style=\"font-weight: 400\"><span style=\"font-weight: 400\">Koppla hornet till fordonets 12V str\u00f6mf\u00f6rs\u00f6rjning.<\/span><span style=\"font-weight: 400\"><br \/>\n<\/span><\/li>\n<li style=\"font-weight: 400\"><span style=\"font-weight: 400\">Anv\u00e4nd medf\u00f6ljande pl\u00e5t och skruvhattar f\u00f6r att montera den s\u00e4kert.<\/span><span style=\"font-weight: 400\"><br \/>\n<\/span><\/li>\n<li style=\"font-weight: 400\"><span style=\"font-weight: 400\">Testa hornet efter installationen f\u00f6r att s\u00e4kerst\u00e4lla att det fungerar korrekt.<\/span><\/li>\n<li style=\"font-weight: 400\"><span style=\"font-weight: 400\">Du \u00e4r redo att rulla med 300DB s\u00e4kerhet och stil.<\/span><\/li>\n<\/ol>\n<h2 style=\"text-align: center\">\ud83d\udcd0 Produktdetaljer<\/h2>\n<ul>\n<li style=\"font-weight: 400\"><span style=\"font-weight: 400\">Sp\u00e4nning: 12V<\/span><span style=\"font-weight: 400\"><br \/>\n<\/span><\/li>\n<li style=\"font-weight: 400\"><span style=\"font-weight: 400\">Frekvens: l\u00e5g 410Hz, h\u00f6g 510Hz<\/span><span style=\"font-weight: 400\"><br \/>\n<\/span><\/li>\n<li style=\"font-weight: 400\"><span style=\"font-weight: 400\">Ljudniv\u00e5: 300DB (2x 150DB toner)<\/span><span style=\"font-weight: 400\"><br \/>\n<\/span><\/li>\n<li style=\"font-weight: 400\"><span style=\"font-weight: 400\">Effekt: ca. 48W<\/span><span style=\"font-weight: 400\"><br \/>\n<\/span><\/li>\n<li style=\"font-weight: 400\"><span style=\"font-weight: 400\">Material: ABS-polymer + metall (korrosionsbest\u00e4ndig och vattent\u00e4t)<\/span><\/li>\n<\/ul>\n<h2 style=\"text-align: center\">\ud83d\udce6 Paketet inneh\u00e5ller<\/h2>\n<ul>\n<li style=\"font-weight: 400\"><span style=\"font-weight: 400\">1x 300DB super t\u00e5ghorn<\/span><span style=\"font-weight: 400\"><br \/>\n<\/span><\/li>\n<li style=\"font-weight: 400\"><span style=\"font-weight: 400\">1x pl\u00e5tj\u00e4rnf\u00e4sten<\/span><span style=\"font-weight: 400\"><br \/>\n<\/span><\/li>\n<li style=\"font-weight: 400\"><span style=\"font-weight: 400\">1x skruvhattar.<\/span><\/li>\n<\/ul>\n","protected":false},"excerpt":{"rendered":"<p>\ud83d\udd0a Bl\u00e5s igenom bullret med en kraftfull 300DB biltuta f\u00f6r maximal trafiks\u00e4kerhet.\ud83d\ude97 Uppgradera ditt fordons varningssystem med denna biltuta &#8211; [&hellip;]<\/p>\n","protected":false},"featured_media":29655,"comment_status":"open","ping_status":"closed","template":"","meta":{"site-sidebar-layout":"default","site-content-layout":"","ast-site-content-layout":"default","site-content-style":"default","site-sidebar-style":"default","ast-global-header-display":"","ast-banner-title-visibility":"","ast-main-header-display":"","ast-hfb-above-header-display":"","ast-hfb-below-header-display":"","ast-hfb-mobile-header-display":"","site-post-title":"","ast-breadcrumbs-content":"","ast-featured-img":"","footer-sml-layout":"","theme-transparent-header-meta":"default","adv-header-id-meta":"","stick-header-meta":"","header-above-stick-meta":"","header-main-stick-meta":"","header-below-stick-meta":"","astra-migrate-meta-layouts":"set","ast-page-background-enabled":"default","ast-page-background-meta":{"desktop":{"background-color":"var(--ast-global-color-4)","background-image":"","background-repeat":"repeat","background-position":"center center","background-size":"auto","background-attachment":"scroll","background-type":"","background-media":"","overlay-type":"","overlay-color":"","overlay-opacity":"","overlay-gradient":""},"tablet":{"background-color":"","background-image":"","background-repeat":"repeat","background-position":"center center","background-size":"auto","background-attachment":"scroll","background-type":"","background-media":"","overlay-type":"","overlay-color":"","overlay-opacity":"","overlay-gradient":""},"mobile":{"background-color":"","background-image":"","background-repeat":"repeat","background-position":"center center","background-size":"auto","background-attachment":"scroll","background-type":"","background-media":"","overlay-type":"","overlay-color":"","overlay-opacity":"","overlay-gradient":""}},"ast-content-background-meta":{"desktop":{"background-color":"var(--ast-global-color-5)","background-image":"","background-repeat":"repeat","background-position":"center center","background-size":"auto","background-attachment":"scroll","background-type":"","background-media":"","overlay-type":"","overlay-color":"","overlay-opacity":"","overlay-gradient":""},"tablet":{"background-color":"var(--ast-global-color-5)","background-image":"","background-repeat":"repeat","background-position":"center center","background-size":"auto","background-attachment":"scroll","background-type":"","background-media":"","overlay-type":"","overlay-color":"","overlay-opacity":"","overlay-gradient":""},"mobile":{"background-color":"var(--ast-global-color-5)","background-image":"","background-repeat":"repeat","background-position":"center center","background-size":"auto","background-attachment":"scroll","background-type":"","background-media":"","overlay-type":"","overlay-color":"","overlay-opacity":"","overlay-gradient":""}}},"product_brand":[],"product_cat":[998],"product_tag":[],"class_list":{"0":"post-29659","1":"product","2":"type-product","3":"status-publish","4":"has-post-thumbnail","6":"product_cat-automotive-products","7":"pa_29001_zh1o1c30-1-st","8":"pa_29001_zh1o1c30-2st","9":"desktop-align-left","10":"tablet-align-left","11":"mobile-align-left","13":"first","14":"instock","15":"shipping-taxable","16":"purchasable","17":"product-type-variable"},"_links":{"self":[{"href":"https:\/\/keluvo.com\/se\/wp-json\/wp\/v2\/product\/29659","targetHints":{"allow":["GET"]}}],"collection":[{"href":"https:\/\/keluvo.com\/se\/wp-json\/wp\/v2\/product"}],"about":[{"href":"https:\/\/keluvo.com\/se\/wp-json\/wp\/v2\/types\/product"}],"replies":[{"embeddable":true,"href":"https:\/\/keluvo.com\/se\/wp-json\/wp\/v2\/comments?post=29659"}],"wp:featuredmedia":[{"embeddable":true,"href":"https:\/\/keluvo.com\/se\/wp-json\/wp\/v2\/media\/29655"}],"wp:attachment":[{"href":"https:\/\/keluvo.com\/se\/wp-json\/wp\/v2\/media?parent=29659"}],"wp:term":[{"taxonomy":"product_brand","embeddable":true,"href":"https:\/\/keluvo.com\/se\/wp-json\/wp\/v2\/product_brand?post=29659"},{"taxonomy":"product_cat","embeddable":true,"href":"https:\/\/keluvo.com\/se\/wp-json\/wp\/v2\/product_cat?post=29659"},{"taxonomy":"product_tag","embeddable":true,"href":"https:\/\/keluvo.com\/se\/wp-json\/wp\/v2\/product_tag?post=29659"}],"curies":[{"name":"wp","href":"https:\/\/api.w.org\/{rel}","templated":true}]}}