{"id":29646,"date":"2025-09-11T10:48:32","date_gmt":"2025-09-11T07:48:32","guid":{"rendered":"https:\/\/keluvo.com\/se\/product\/papperskorg\/"},"modified":"2025-09-30T11:18:04","modified_gmt":"2025-09-30T08:18:04","slug":"papperskorg","status":"publish","type":"product","link":"https:\/\/keluvo.com\/se\/product\/papperskorg\/","title":{"rendered":"Papperskorg"},"content":{"rendered":"<p style=\"text-align: center\"><strong><span style=\"font-weight: 400\">\ud83e\uddfa<\/span>Spara utrymme och h\u00e5ll k\u00f6ket rent med den h\u00e4r hopf\u00e4llbara h\u00e4ngande papperskorgen.<span style=\"font-weight: 400\">\ud83c\udfe0<\/span><\/strong><\/p>\n<p style=\"text-align: center\"><span style=\"font-weight: 400\">Den h\u00e4r kompakta hopf\u00e4llbara h\u00e4ngande papperskorgen \u00e4r den perfekta l\u00f6sningen f\u00f6r att hantera avfall n\u00e4r du lagar mat eller st\u00e4dar. Den h\u00e4nger enkelt p\u00e5 sk\u00e5pd\u00f6rrar eller l\u00e5dor, viks undan n\u00e4r den inte anv\u00e4nds och kan till och med st\u00e5 p\u00e5 golvet tack vare det inbyggda basst\u00f6det. Oavsett om du skivar gr\u00f6nsaker eller st\u00e4dar, \u00e4r det ett bekv\u00e4mt s\u00e4tt att h\u00e5lla dig fri fr\u00e5n r\u00f6ra.<\/span><\/p>\n<p><img decoding=\"async\" class=\"size-full wp-image-18230 aligncenter\" src=\"https:\/\/keluvo.com\/template\/wp-content\/uploads\/sites\/5\/2025\/05\/bin-ezgif.com-video-to-webp-converter.webp\" alt=\"\" \/><\/p>\n<h2 style=\"text-align: center\">\u2705 Huvudf\u00f6rdelar<\/h2>\n<p><span style=\"font-weight: 400\">\ud83e\uddfa Utrymmesbesparande design &#8211; viks platt n\u00e4r den inte anv\u00e4nds<\/span><span style=\"font-weight: 400\"><br \/>\n<\/span><\/p>\n<p><span style=\"font-weight: 400\">\ud83d\udd27 Enkel att installera &#8211; h\u00e4ng den bara p\u00e5 en sk\u00e5pd\u00f6rr eller l\u00e5da<\/span><span style=\"font-weight: 400\"><br \/>\n<\/span><\/p>\n<p><span style=\"font-weight: 400\">\ud83d\udeaa Handsfree &#8211; du beh\u00f6ver inte \u00f6ppna locken med kladdiga h\u00e4nder<\/span><span style=\"font-weight: 400\"><br \/>\n<\/span><\/p>\n<p><span style=\"font-weight: 400\">\ud83e\uddfd L\u00e4tt att reng\u00f6ra &#8211; tillverkad av livsmedelsklassad, luktfri PP + TPE<\/span><\/p>\n<p><span style=\"font-weight: 400\">\ud83c\udfe0 Anv\u00e4nd den var som helst &#8211; perfekt f\u00f6r k\u00f6k, badrum, kontor och bilar<\/span><\/p>\n<p><img decoding=\"async\" class=\"size-full wp-image-18233 aligncenter\" src=\"https:\/\/keluvo.com\/template\/wp-content\/uploads\/sites\/5\/2025\/05\/2f250a73-287d-4131-a9ec-540f6fa32d3f.webp\" alt=\"\" \/><\/p>\n<h2 style=\"text-align: center\">\ud83d\udd04 Hur man anv\u00e4nder<\/h2>\n<ol>\n<li style=\"font-weight: 400\"><span style=\"font-weight: 400\">Veckla upp papperskorgen och dra ut basen.<\/span><span style=\"font-weight: 400\"><br \/>\n<\/span><\/li>\n<li style=\"font-weight: 400\"><span style=\"font-weight: 400\">H\u00e4ng den \u00f6ver en sk\u00e5pd\u00f6rr eller l\u00e5da.<\/span><span style=\"font-weight: 400\"><br \/>\n<\/span><\/li>\n<li style=\"font-weight: 400\"><span style=\"font-weight: 400\">Sl\u00e4pp avfallet direkt i papperskorgen medan du f\u00f6rbereder eller st\u00e4dar.<\/span><\/li>\n<li style=\"font-weight: 400\"><span style=\"font-weight: 400\">F\u00e4ll ihop och f\u00f6rvara n\u00e4r den inte anv\u00e4nds.<\/span><\/li>\n<\/ol>\n<h2 style=\"text-align: center\">\ud83d\udcd0 Produktdetaljer<\/h2>\n<ul>\n<li style=\"font-weight: 400\"><span style=\"font-weight: 400\">Material: PP + TPE av livsmedelskvalitet (h\u00e5llbar, giftfri silikon)<\/span><span style=\"font-weight: 400\"><br \/>\n<\/span><\/li>\n<li style=\"font-weight: 400\"><span style=\"font-weight: 400\">Design: hopf\u00e4llbar med st\u00f6df\u00e4ste i botten<\/span><span style=\"font-weight: 400\"><br \/>\n<\/span><\/li>\n<li style=\"font-weight: 400\"><span style=\"font-weight: 400\">Placering: h\u00e4ngande eller frist\u00e5ende<\/span><span style=\"font-weight: 400\"><br \/>\n<\/span><\/li>\n<li style=\"font-weight: 400\"><span style=\"font-weight: 400\">Anv\u00e4ndningsomr\u00e5den: k\u00f6k, bil, kontor, badrum, sovrum<\/span><\/li>\n<\/ul>\n<h2 style=\"text-align: center\">\ud83d\udce6 Paketet inneh\u00e5ller<\/h2>\n<ul>\n<li style=\"font-weight: 400\"><span style=\"font-weight: 400\">1x hopf\u00e4llbar h\u00e4ngande papperskorg (9L).<\/span><\/li>\n<\/ul>\n","protected":false},"excerpt":{"rendered":"<p>\ud83e\uddfaSpara utrymme och h\u00e5ll k\u00f6ket rent med den h\u00e4r hopf\u00e4llbara h\u00e4ngande papperskorgen.\ud83c\udfe0 Den h\u00e4r kompakta hopf\u00e4llbara h\u00e4ngande papperskorgen \u00e4r den [&hellip;]<\/p>\n","protected":false},"featured_media":29642,"comment_status":"open","ping_status":"closed","template":"","meta":{"site-sidebar-layout":"default","site-content-layout":"","ast-site-content-layout":"default","site-content-style":"default","site-sidebar-style":"default","ast-global-header-display":"","ast-banner-title-visibility":"","ast-main-header-display":"","ast-hfb-above-header-display":"","ast-hfb-below-header-display":"","ast-hfb-mobile-header-display":"","site-post-title":"","ast-breadcrumbs-content":"","ast-featured-img":"","footer-sml-layout":"","theme-transparent-header-meta":"default","adv-header-id-meta":"","stick-header-meta":"","header-above-stick-meta":"","header-main-stick-meta":"","header-below-stick-meta":"","astra-migrate-meta-layouts":"set","ast-page-background-enabled":"default","ast-page-background-meta":{"desktop":{"background-color":"var(--ast-global-color-4)","background-image":"","background-repeat":"repeat","background-position":"center center","background-size":"auto","background-attachment":"scroll","background-type":"","background-media":"","overlay-type":"","overlay-color":"","overlay-opacity":"","overlay-gradient":""},"tablet":{"background-color":"","background-image":"","background-repeat":"repeat","background-position":"center center","background-size":"auto","background-attachment":"scroll","background-type":"","background-media":"","overlay-type":"","overlay-color":"","overlay-opacity":"","overlay-gradient":""},"mobile":{"background-color":"","background-image":"","background-repeat":"repeat","background-position":"center center","background-size":"auto","background-attachment":"scroll","background-type":"","background-media":"","overlay-type":"","overlay-color":"","overlay-opacity":"","overlay-gradient":""}},"ast-content-background-meta":{"desktop":{"background-color":"var(--ast-global-color-5)","background-image":"","background-repeat":"repeat","background-position":"center center","background-size":"auto","background-attachment":"scroll","background-type":"","background-media":"","overlay-type":"","overlay-color":"","overlay-opacity":"","overlay-gradient":""},"tablet":{"background-color":"var(--ast-global-color-5)","background-image":"","background-repeat":"repeat","background-position":"center center","background-size":"auto","background-attachment":"scroll","background-type":"","background-media":"","overlay-type":"","overlay-color":"","overlay-opacity":"","overlay-gradient":""},"mobile":{"background-color":"var(--ast-global-color-5)","background-image":"","background-repeat":"repeat","background-position":"center center","background-size":"auto","background-attachment":"scroll","background-type":"","background-media":"","overlay-type":"","overlay-color":"","overlay-opacity":"","overlay-gradient":""}}},"product_brand":[],"product_cat":[1001],"product_tag":[],"class_list":{"0":"post-29646","1":"product","2":"type-product","3":"status-publish","4":"has-post-thumbnail","6":"product_cat-household-goods","7":"pa_47015_cbb8phfy-beige","8":"pa_47015_cbb8phfy-vit","9":"desktop-align-left","10":"tablet-align-left","11":"mobile-align-left","13":"first","14":"instock","15":"shipping-taxable","16":"purchasable","17":"product-type-variable"},"_links":{"self":[{"href":"https:\/\/keluvo.com\/se\/wp-json\/wp\/v2\/product\/29646","targetHints":{"allow":["GET"]}}],"collection":[{"href":"https:\/\/keluvo.com\/se\/wp-json\/wp\/v2\/product"}],"about":[{"href":"https:\/\/keluvo.com\/se\/wp-json\/wp\/v2\/types\/product"}],"replies":[{"embeddable":true,"href":"https:\/\/keluvo.com\/se\/wp-json\/wp\/v2\/comments?post=29646"}],"wp:featuredmedia":[{"embeddable":true,"href":"https:\/\/keluvo.com\/se\/wp-json\/wp\/v2\/media\/29642"}],"wp:attachment":[{"href":"https:\/\/keluvo.com\/se\/wp-json\/wp\/v2\/media?parent=29646"}],"wp:term":[{"taxonomy":"product_brand","embeddable":true,"href":"https:\/\/keluvo.com\/se\/wp-json\/wp\/v2\/product_brand?post=29646"},{"taxonomy":"product_cat","embeddable":true,"href":"https:\/\/keluvo.com\/se\/wp-json\/wp\/v2\/product_cat?post=29646"},{"taxonomy":"product_tag","embeddable":true,"href":"https:\/\/keluvo.com\/se\/wp-json\/wp\/v2\/product_tag?post=29646"}],"curies":[{"name":"wp","href":"https:\/\/api.w.org\/{rel}","templated":true}]}}