{"id":29629,"date":"2025-09-11T10:47:36","date_gmt":"2025-09-11T07:47:36","guid":{"rendered":"https:\/\/keluvo.com\/se\/product\/planbok-2\/"},"modified":"2025-09-11T10:47:47","modified_gmt":"2025-09-11T07:47:47","slug":"planbok-2","status":"publish","type":"product","link":"https:\/\/keluvo.com\/se\/product\/planbok-2\/","title":{"rendered":"Pl\u00e5nbok"},"content":{"rendered":"<p style=\"text-align: center\"><strong><span style=\"font-weight: 400\">\ud83d\udcb3<\/span>H\u00e5ll alla dina v\u00e4sentligheter i en s\u00f6t, kompakt pl\u00e5nbok.<span style=\"font-weight: 400\">\ud83c\udf81<\/span><\/strong><\/p>\n<p style=\"text-align: center\"><span style=\"font-weight: 400\">Den h\u00e4r minikreditkortspl\u00e5nboken \u00e4r utformad f\u00f6r att h\u00e5lla dina kort, mynt och kontanter samtidigt som allt \u00e4r s\u00e4kert och organiserat. Dess roliga design, rymliga interi\u00f6r och l\u00e4ttburna storlek g\u00f6r den perfekt f\u00f6r daglig anv\u00e4ndning, resor eller g\u00e5vor.<\/span><\/p>\n<p><img decoding=\"async\" class=\"size-full wp-image-18121 aligncenter\" src=\"https:\/\/keluvo.com\/template\/wp-content\/uploads\/sites\/5\/2025\/05\/wallet-ezgif.com-video-to-webp-converter-1.webp\" alt=\"\" \/><\/p>\n<h2 style=\"text-align: center\">\u2705 Huvudf\u00f6rdelar<\/h2>\n<p><span style=\"font-weight: 400\">\ud83e\uddf5 Slitstarkt material \u2013 tillverkad av h\u00e5llbar PU som motst\u00e5r slitage<\/span><span style=\"font-weight: 400\"><br \/>\n<\/span><\/p>\n<p><span style=\"font-weight: 400\">\ud83d\udcb3 Rymmer upp till 11 kort \u2013 h\u00e5ll alla dina viktiga kort p\u00e5 ett st\u00e4lle<\/span><span style=\"font-weight: 400\"><br \/>\n<\/span><\/p>\n<p><span style=\"font-weight: 400\">\ud83d\udc5c Kompakt &amp; b\u00e4rbar \u2013 passar l\u00e4tt i fickan eller en liten v\u00e4ska<\/span><span style=\"font-weight: 400\"><br \/>\n<\/span><\/p>\n<p><span style=\"font-weight: 400\">\ud83d\udd10 Dragkedjedesign \u2013 h\u00e5ller dina kort och mynt s\u00e4kra<\/span><span style=\"font-weight: 400\"><br \/>\n<\/span><\/p>\n<p><span style=\"font-weight: 400\">\ud83c\udf81 Perfekt present \u2013 perfekt f\u00f6r f\u00f6delsedagar, helgdagar eller speciella tillf\u00e4llen<\/span><\/p>\n<p><img decoding=\"async\" class=\"size-full wp-image-18127 aligncenter\" src=\"https:\/\/keluvo.com\/template\/wp-content\/uploads\/sites\/5\/2025\/05\/21170ee4-ac84-43c6-b4d8-bb47ab25a998.webp\" alt=\"\" \/><\/p>\n<h2 style=\"text-align: center\">\ud83d\udd04 Hur man anv\u00e4nder<\/h2>\n<ol>\n<li style=\"font-weight: 400\"><span style=\"font-weight: 400\">\u00d6ppna pl\u00e5nboken med dragkedja.<\/span><span style=\"font-weight: 400\"><br \/>\n<\/span><\/li>\n<li style=\"font-weight: 400\"><span style=\"font-weight: 400\">S\u00e4tt in dina kort i de dragspelsliknande facken.<\/span><span style=\"font-weight: 400\"><br \/>\n<\/span><\/li>\n<li style=\"font-weight: 400\"><span style=\"font-weight: 400\">Anv\u00e4nd det inre facket f\u00f6r mynt, kontanter eller sm\u00e5saker.<\/span><\/li>\n<li style=\"font-weight: 400\"><span style=\"font-weight: 400\">St\u00e4ng den med dragkedja f\u00f6r att h\u00e5lla allt s\u00e4kert och l\u00e4tt att b\u00e4ra.<\/span><\/li>\n<\/ol>\n<h2 style=\"text-align: center\">\ud83d\udcd0 Produktdetaljer<\/h2>\n<ul>\n<li style=\"font-weight: 400\"><span style=\"font-weight: 400\">Material: PU-l\u00e4der<\/span><span style=\"font-weight: 400\"><br \/>\n<\/span><\/li>\n<li style=\"font-weight: 400\"><span style=\"font-weight: 400\">Storlek: 12,4 x 8,2 x 3 cm<\/span><span style=\"font-weight: 400\"><br \/>\n<\/span><\/li>\n<li style=\"font-weight: 400\"><span style=\"font-weight: 400\">Stil: dragspelsfack med blixtl\u00e5s<\/span><\/li>\n<li style=\"font-weight: 400\"><span style=\"font-weight: 400\">Kapacitet: rymmer upp till 11 kort + mynt<\/span><\/li>\n<\/ul>\n<h2 style=\"text-align: center\">\ud83d\udce6 F\u00f6rpackningen inneh\u00e5ller<\/h2>\n<ul>\n<li style=\"font-weight: 400\"><span style=\"font-weight: 400\">1x kreditkortspl\u00e5nbok.<\/span><\/li>\n<\/ul>\n","protected":false},"excerpt":{"rendered":"<p>\ud83d\udcb3H\u00e5ll alla dina v\u00e4sentligheter i en s\u00f6t, kompakt pl\u00e5nbok.\ud83c\udf81 Den h\u00e4r minikreditkortspl\u00e5nboken \u00e4r utformad f\u00f6r att h\u00e5lla dina kort, mynt [&hellip;]<\/p>\n","protected":false},"featured_media":29625,"comment_status":"open","ping_status":"closed","template":"","meta":{"site-sidebar-layout":"default","site-content-layout":"","ast-site-content-layout":"default","site-content-style":"default","site-sidebar-style":"default","ast-global-header-display":"","ast-banner-title-visibility":"","ast-main-header-display":"","ast-hfb-above-header-display":"","ast-hfb-below-header-display":"","ast-hfb-mobile-header-display":"","site-post-title":"","ast-breadcrumbs-content":"","ast-featured-img":"","footer-sml-layout":"","theme-transparent-header-meta":"default","adv-header-id-meta":"","stick-header-meta":"","header-above-stick-meta":"","header-main-stick-meta":"","header-below-stick-meta":"","astra-migrate-meta-layouts":"set","ast-page-background-enabled":"default","ast-page-background-meta":{"desktop":{"background-color":"var(--ast-global-color-4)","background-image":"","background-repeat":"repeat","background-position":"center center","background-size":"auto","background-attachment":"scroll","background-type":"","background-media":"","overlay-type":"","overlay-color":"","overlay-opacity":"","overlay-gradient":""},"tablet":{"background-color":"","background-image":"","background-repeat":"repeat","background-position":"center center","background-size":"auto","background-attachment":"scroll","background-type":"","background-media":"","overlay-type":"","overlay-color":"","overlay-opacity":"","overlay-gradient":""},"mobile":{"background-color":"","background-image":"","background-repeat":"repeat","background-position":"center center","background-size":"auto","background-attachment":"scroll","background-type":"","background-media":"","overlay-type":"","overlay-color":"","overlay-opacity":"","overlay-gradient":""}},"ast-content-background-meta":{"desktop":{"background-color":"var(--ast-global-color-5)","background-image":"","background-repeat":"repeat","background-position":"center center","background-size":"auto","background-attachment":"scroll","background-type":"","background-media":"","overlay-type":"","overlay-color":"","overlay-opacity":"","overlay-gradient":""},"tablet":{"background-color":"var(--ast-global-color-5)","background-image":"","background-repeat":"repeat","background-position":"center center","background-size":"auto","background-attachment":"scroll","background-type":"","background-media":"","overlay-type":"","overlay-color":"","overlay-opacity":"","overlay-gradient":""},"mobile":{"background-color":"var(--ast-global-color-5)","background-image":"","background-repeat":"repeat","background-position":"center center","background-size":"auto","background-attachment":"scroll","background-type":"","background-media":"","overlay-type":"","overlay-color":"","overlay-opacity":"","overlay-gradient":""}}},"product_brand":[],"product_cat":[1001],"product_tag":[],"class_list":{"0":"post-29629","1":"product","2":"type-product","3":"status-publish","4":"has-post-thumbnail","6":"product_cat-household-goods","7":"pa_18475_v2ethq0u-gra","8":"pa_18475_v2ethq0u-rod","9":"pa_18475_v2ethq0u-rosa","10":"pa_18475_v2ethq0u-svart","11":"desktop-align-left","12":"tablet-align-left","13":"mobile-align-left","15":"first","16":"instock","17":"shipping-taxable","18":"purchasable","19":"product-type-variable"},"_links":{"self":[{"href":"https:\/\/keluvo.com\/se\/wp-json\/wp\/v2\/product\/29629","targetHints":{"allow":["GET"]}}],"collection":[{"href":"https:\/\/keluvo.com\/se\/wp-json\/wp\/v2\/product"}],"about":[{"href":"https:\/\/keluvo.com\/se\/wp-json\/wp\/v2\/types\/product"}],"replies":[{"embeddable":true,"href":"https:\/\/keluvo.com\/se\/wp-json\/wp\/v2\/comments?post=29629"}],"wp:featuredmedia":[{"embeddable":true,"href":"https:\/\/keluvo.com\/se\/wp-json\/wp\/v2\/media\/29625"}],"wp:attachment":[{"href":"https:\/\/keluvo.com\/se\/wp-json\/wp\/v2\/media?parent=29629"}],"wp:term":[{"taxonomy":"product_brand","embeddable":true,"href":"https:\/\/keluvo.com\/se\/wp-json\/wp\/v2\/product_brand?post=29629"},{"taxonomy":"product_cat","embeddable":true,"href":"https:\/\/keluvo.com\/se\/wp-json\/wp\/v2\/product_cat?post=29629"},{"taxonomy":"product_tag","embeddable":true,"href":"https:\/\/keluvo.com\/se\/wp-json\/wp\/v2\/product_tag?post=29629"}],"curies":[{"name":"wp","href":"https:\/\/api.w.org\/{rel}","templated":true}]}}