{"id":29614,"date":"2025-09-11T10:46:23","date_gmt":"2025-09-11T07:46:23","guid":{"rendered":"https:\/\/keluvo.com\/se\/product\/multifunktionell-penna\/"},"modified":"2025-09-22T20:03:12","modified_gmt":"2025-09-22T17:03:12","slug":"multifunktionell-penna","status":"publish","type":"product","link":"https:\/\/keluvo.com\/se\/product\/multifunktionell-penna\/","title":{"rendered":"Multifunktionell penna"},"content":{"rendered":"<p style=\"text-align: center\"><strong><span style=\"font-weight: 400\">\ud83d\udd8a\ufe0f<\/span>All-i-ett-pennan som skriver, fixar, h\u00e5ller och sveper!<span style=\"font-weight: 400\">\ud83d\udd27<\/span><\/strong><\/p>\n<p style=\"text-align: center\"><span style=\"font-weight: 400\">Den multifunktionella pennan \u00e4r mer \u00e4n bara en penna &#8211; det \u00e4r din mini-verktygsl\u00e5da n\u00e4r du \u00e4r p\u00e5 spr\u00e5ng. Med 7 inbyggda skruvmejselbitar, en telefonh\u00e5llare, en stylus och en smidig kulspetspenna i ett \u00e4r den perfekt f\u00f6r vardagligt skrivande, snabba l\u00f6sningar och handsfree videotittande. Tillr\u00e4ckligt liten f\u00f6r att kunna tas med \u00f6verallt, tillr\u00e4ckligt kraftfull f\u00f6r att klara mer \u00e4n bara anteckningar.<\/span><\/p>\n<p><img decoding=\"async\" class=\"size-full wp-image-18163 aligncenter\" src=\"https:\/\/keluvo.com\/template\/wp-content\/uploads\/sites\/5\/2025\/05\/pen-ezgif.com-video-to-webp-converter.webp\" alt=\"\" \/><\/p>\n<h2 style=\"text-align: center\">\u2705 De viktigaste f\u00f6rdelarna<\/h2>\n<p><span style=\"font-weight: 400\">\ud83d\udd8a\ufe0f Skriver lika smidigt som en vanlig kulspetspenna<\/span><span style=\"font-weight: 400\"><br \/>\n<\/span><\/p>\n<p><span style=\"font-weight: 400\">\ud83d\udd27 Inbyggd skruvmejselsats (7 bits) f\u00f6r sm\u00e5reparationer<\/span><span style=\"font-weight: 400\"><br \/>\n<\/span><\/p>\n<p><span style=\"font-weight: 400\">\ud83d\udcf1 Telefonh\u00e5llarlock f\u00f6r handsfree video eller samtal<\/span><span style=\"font-weight: 400\"><br \/>\n<\/span><\/p>\n<p><span style=\"font-weight: 400\">\ud83e\udde4 Peksk\u00e4rmspenna fungerar med telefoner och surfplattor<\/span><\/p>\n<p><span style=\"font-weight: 400\">\ud83d\udc5c Kompakt och b\u00e4rbar &#8211; passar i fickan eller bag<\/span><\/p>\n<p><img decoding=\"async\" class=\"size-full wp-image-18167 aligncenter\" src=\"https:\/\/keluvo.com\/template\/wp-content\/uploads\/sites\/5\/2025\/05\/ba41e8c1-3e53-4e91-8c52-a5c95deead74.webp\" alt=\"\" \/><\/p>\n<h2 style=\"text-align: center\">\ud83d\udee0\ufe0f Anv\u00e4ndning<\/h2>\n<ol>\n<li style=\"font-weight: 400\"><span style=\"font-weight: 400\">Anv\u00e4nd som penna genom att ta bort locket.<\/span><span style=\"font-weight: 400\"><br \/>\n<\/span><\/li>\n<li style=\"font-weight: 400\"><span style=\"font-weight: 400\">V\u00e4nd p\u00e5 locket f\u00f6r att anv\u00e4nda det som telefonh\u00e5llare.<\/span><span style=\"font-weight: 400\"><br \/>\n<\/span><\/li>\n<li style=\"font-weight: 400\"><span style=\"font-weight: 400\">Tryck eller svep p\u00e5 sk\u00e4rmen med pennspetsen.<\/span><span style=\"font-weight: 400\"><br \/>\n<\/span><\/li>\n<li style=\"font-weight: 400\"><span style=\"font-weight: 400\">Skruva loss pennans hylsa f\u00f6r att komma \u00e5t de 7 skruvmejselbitarna.<\/span><\/li>\n<li style=\"font-weight: 400\"><span style=\"font-weight: 400\">F\u00f6r in \u00f6nskad bit i pennans magnetiska spets f\u00f6r att dra \u00e5t eller lossa skruvar.<\/span><\/li>\n<\/ol>\n<h2 style=\"text-align: center\">\ud83d\udcd0 Produktdetaljer<\/h2>\n<ul>\n<li style=\"font-weight: 400\"><span style=\"font-weight: 400\">L\u00e4ngd: 15 cm<\/span><span style=\"font-weight: 400\"><br \/>\n<\/span><\/li>\n<li style=\"font-weight: 400\"><span style=\"font-weight: 400\">F\u00e4rg: gl\u00e4nsande metallic<\/span><span style=\"font-weight: 400\"><br \/>\n<\/span><\/li>\n<li style=\"font-weight: 400\"><span style=\"font-weight: 400\">Funktioner: kulspetspenna, telefonh\u00e5llare, pennpenna, skruvmejsel<\/span><span style=\"font-weight: 400\"><br \/>\n<\/span><\/li>\n<li style=\"font-weight: 400\"><span style=\"font-weight: 400\">Ing\u00e5r: 7 utbytbara skruvmejselbitar (inuti pennan)<\/span><span style=\"font-weight: 400\"><br \/>\n<\/span><\/li>\n<li style=\"font-weight: 400\"><span style=\"font-weight: 400\">Anv\u00e4nd f\u00f6r: hem, kontor, skola, resor eller n\u00f6dl\u00f6sningar<\/span><\/li>\n<\/ul>\n<h2 style=\"text-align: center\">\ud83d\udce6 Paketet Inneh\u00e5ller<\/h2>\n<ul>\n<li style=\"font-weight: 400\"><span style=\"font-weight: 400\">1x multifunktionell penna med:<\/span><span style=\"font-weight: 400\"><br \/>\n<\/span><\/p>\n<ul>\n<li style=\"font-weight: 400\"><span style=\"font-weight: 400\">1x kulspetspenna<\/span><span style=\"font-weight: 400\"><br \/>\n<\/span><\/li>\n<li style=\"font-weight: 400\"><span style=\"font-weight: 400\">1x stylusspets<\/span><span style=\"font-weight: 400\"><br \/>\n<\/span><\/li>\n<li style=\"font-weight: 400\"><span style=\"font-weight: 400\">1x telefonh\u00e5llarlock<\/span><span style=\"font-weight: 400\"><br \/>\n<\/span><\/li>\n<li style=\"font-weight: 400\"><span style=\"font-weight: 400\">7x skruvmejselbitar (inuti cylindern)<\/span><\/li>\n<\/ul>\n<\/li>\n<\/ul>\n","protected":false},"excerpt":{"rendered":"<p>\ud83d\udd8a\ufe0fAll-i-ett-pennan som skriver, fixar, h\u00e5ller och sveper!\ud83d\udd27 Den multifunktionella pennan \u00e4r mer \u00e4n bara en penna &#8211; det \u00e4r din [&hellip;]<\/p>\n","protected":false},"featured_media":29610,"comment_status":"open","ping_status":"closed","template":"","meta":{"site-sidebar-layout":"default","site-content-layout":"","ast-site-content-layout":"default","site-content-style":"default","site-sidebar-style":"default","ast-global-header-display":"","ast-banner-title-visibility":"","ast-main-header-display":"","ast-hfb-above-header-display":"","ast-hfb-below-header-display":"","ast-hfb-mobile-header-display":"","site-post-title":"","ast-breadcrumbs-content":"","ast-featured-img":"","footer-sml-layout":"","theme-transparent-header-meta":"default","adv-header-id-meta":"","stick-header-meta":"","header-above-stick-meta":"","header-main-stick-meta":"","header-below-stick-meta":"","astra-migrate-meta-layouts":"set","ast-page-background-enabled":"default","ast-page-background-meta":{"desktop":{"background-color":"var(--ast-global-color-4)","background-image":"","background-repeat":"repeat","background-position":"center center","background-size":"auto","background-attachment":"scroll","background-type":"","background-media":"","overlay-type":"","overlay-color":"","overlay-opacity":"","overlay-gradient":""},"tablet":{"background-color":"","background-image":"","background-repeat":"repeat","background-position":"center center","background-size":"auto","background-attachment":"scroll","background-type":"","background-media":"","overlay-type":"","overlay-color":"","overlay-opacity":"","overlay-gradient":""},"mobile":{"background-color":"","background-image":"","background-repeat":"repeat","background-position":"center center","background-size":"auto","background-attachment":"scroll","background-type":"","background-media":"","overlay-type":"","overlay-color":"","overlay-opacity":"","overlay-gradient":""}},"ast-content-background-meta":{"desktop":{"background-color":"var(--ast-global-color-5)","background-image":"","background-repeat":"repeat","background-position":"center center","background-size":"auto","background-attachment":"scroll","background-type":"","background-media":"","overlay-type":"","overlay-color":"","overlay-opacity":"","overlay-gradient":""},"tablet":{"background-color":"var(--ast-global-color-5)","background-image":"","background-repeat":"repeat","background-position":"center center","background-size":"auto","background-attachment":"scroll","background-type":"","background-media":"","overlay-type":"","overlay-color":"","overlay-opacity":"","overlay-gradient":""},"mobile":{"background-color":"var(--ast-global-color-5)","background-image":"","background-repeat":"repeat","background-position":"center center","background-size":"auto","background-attachment":"scroll","background-type":"","background-media":"","overlay-type":"","overlay-color":"","overlay-opacity":"","overlay-gradient":""}}},"product_brand":[],"product_cat":[1001],"product_tag":[],"class_list":{"0":"post-29614","1":"product","2":"type-product","3":"status-publish","4":"has-post-thumbnail","6":"product_cat-household-goods","7":"pa_23601_pgiprqbb-bla","8":"pa_23601_pgiprqbb-rod","9":"pa_23601_pgiprqbb-svart","10":"desktop-align-left","11":"tablet-align-left","12":"mobile-align-left","14":"first","15":"instock","16":"shipping-taxable","17":"purchasable","18":"product-type-variable"},"_links":{"self":[{"href":"https:\/\/keluvo.com\/se\/wp-json\/wp\/v2\/product\/29614","targetHints":{"allow":["GET"]}}],"collection":[{"href":"https:\/\/keluvo.com\/se\/wp-json\/wp\/v2\/product"}],"about":[{"href":"https:\/\/keluvo.com\/se\/wp-json\/wp\/v2\/types\/product"}],"replies":[{"embeddable":true,"href":"https:\/\/keluvo.com\/se\/wp-json\/wp\/v2\/comments?post=29614"}],"wp:featuredmedia":[{"embeddable":true,"href":"https:\/\/keluvo.com\/se\/wp-json\/wp\/v2\/media\/29610"}],"wp:attachment":[{"href":"https:\/\/keluvo.com\/se\/wp-json\/wp\/v2\/media?parent=29614"}],"wp:term":[{"taxonomy":"product_brand","embeddable":true,"href":"https:\/\/keluvo.com\/se\/wp-json\/wp\/v2\/product_brand?post=29614"},{"taxonomy":"product_cat","embeddable":true,"href":"https:\/\/keluvo.com\/se\/wp-json\/wp\/v2\/product_cat?post=29614"},{"taxonomy":"product_tag","embeddable":true,"href":"https:\/\/keluvo.com\/se\/wp-json\/wp\/v2\/product_tag?post=29614"}],"curies":[{"name":"wp","href":"https:\/\/api.w.org\/{rel}","templated":true}]}}