{"id":29560,"date":"2025-09-11T10:42:55","date_gmt":"2025-09-11T07:42:55","guid":{"rendered":"https:\/\/keluvo.com\/se\/product\/rengoringspinnar\/"},"modified":"2025-09-22T20:05:34","modified_gmt":"2025-09-22T17:05:34","slug":"rengoringspinnar","status":"publish","type":"product","link":"https:\/\/keluvo.com\/se\/product\/rengoringspinnar\/","title":{"rendered":"Reng\u00f6ringspinnar"},"content":{"rendered":"<p style=\"text-align: center\"><strong><span style=\"font-weight: 400\">\ud83d\udca7<\/span>F\u00f6rhindra igensatta avlopp och d\u00e5lig lukt med bara en pinne i m\u00e5naden.<span style=\"font-weight: 400\">\ud83e\uddfc <\/span><\/strong><\/p>\n<p style=\"text-align: center\"><span style=\"font-weight: 400\">Dessa reng\u00f6ringspinnar \u00e4r ett enkelt och effektivt s\u00e4tt att h\u00e5lla avloppet fritt. Sl\u00e4pp bara en pinne i avloppet i handfatet, badkaret eller duschen, s\u00e5 bryter den ner fett, mat och smuts samtidigt som den stoppar lukt innan den uppst\u00e5r. Dessa enzymdrivna pinnar \u00e4r s\u00e4kra f\u00f6r alla typer av r\u00f6rsystem och septiska system och sparar dig tid, pengar och r\u00f6riga reng\u00f6ringar.<\/span><\/p>\n<p><img decoding=\"async\" class=\"size-full wp-image-18214 aligncenter\" src=\"https:\/\/keluvo.com\/template\/wp-content\/uploads\/sites\/5\/2025\/05\/pJgON11Pje9fKcGqdQkN-ezgif.com-video-to-webp-converter-1.webp\" alt=\"\" \/><\/p>\n<h2 style=\"text-align: center\">\u2705 Huvudf\u00f6rdelar<\/h2>\n<p><span style=\"font-weight: 400\">\ud83d\udca7 Rensar och reng\u00f6r avlopp genom att bryta ner fett, mat och smuts<\/span><span style=\"font-weight: 400\"><br \/>\n<\/span><\/p>\n<p><span style=\"font-weight: 400\">\ud83c\udf31 Milj\u00f6v\u00e4nliga enzymer som \u00e4r s\u00e4kra f\u00f6r alla r\u00f6r och septiktankar<\/span><span style=\"font-weight: 400\"><br \/>\n<\/span><\/p>\n<p><span style=\"font-weight: 400\">\ud83e\uddfc Tar bort lukter f\u00f6r att h\u00e5lla ditt k\u00f6k och badrum fresh<\/span><span style=\"font-weight: 400\"><br \/>\n<\/span><\/p>\n<p><span style=\"font-weight: 400\">\ud83d\uddd3\ufe0f L\u00e5ngvarig &#8211; bara en pinne per avlopp per m\u00e5nad<\/span><\/p>\n<p><span style=\"font-weight: 400\">\ud83d\udd12 Kompakt och l\u00e4tt att anv\u00e4nda &#8211; inga verktyg eller kemikalier beh\u00f6vs<\/span><\/p>\n<p><img decoding=\"async\" class=\"size-full wp-image-18215 aligncenter\" src=\"https:\/\/keluvo.com\/template\/wp-content\/uploads\/sites\/5\/2025\/05\/0826545f-17e5-456e-bb62-90839c7eb7a4.webp\" alt=\"\" \/><\/p>\n<h2 style=\"text-align: center\">\ud83e\udded Hur man anv\u00e4nder<\/h2>\n<ol>\n<li style=\"font-weight: 400\"><span style=\"font-weight: 400\">Ta ut en pinne ur f\u00f6rpackningen.<\/span><span style=\"font-weight: 400\"><br \/>\n<\/span><\/li>\n<li style=\"font-weight: 400\"><span style=\"font-weight: 400\">L\u00e5t den sitta och verka &#8211; du beh\u00f6ver inte r\u00f6ra eller ta bort den.<\/span><span style=\"font-weight: 400\"><br \/>\n<\/span><\/li>\n<li style=\"font-weight: 400\"><span style=\"font-weight: 400\">Upprepa varje m\u00e5nad f\u00f6r b\u00e4sta resultat.<\/span><\/li>\n<\/ol>\n<h2 style=\"text-align: center\">\ud83d\udcd0 Produktdetaljer<\/h2>\n<ul>\n<li style=\"font-weight: 400\"><span style=\"font-weight: 400\">Form: tunn och cylindrisk f\u00f6r enkel passform<\/span><span style=\"font-weight: 400\"><br \/>\n<\/span><\/li>\n<li style=\"font-weight: 400\"><span style=\"font-weight: 400\">Ingredienser: naturlig enzymblandning<\/span><\/li>\n<li style=\"font-weight: 400\"><span style=\"font-weight: 400\">S\u00e4ker f\u00f6r: alla r\u00f6r, handfat, badkar och septiksystem<\/span><\/li>\n<\/ul>\n<h2 style=\"text-align: center\">\ud83d\udce6 F\u00f6rpackningen inneh\u00e5ller<\/h2>\n<ul>\n<li style=\"font-weight: 400\"><span style=\"font-weight: 400\">12x reng\u00f6ringspinnar.<\/span><\/li>\n<\/ul>\n<p>&nbsp;<\/p>\n","protected":false},"excerpt":{"rendered":"<p>\ud83d\udca7F\u00f6rhindra igensatta avlopp och d\u00e5lig lukt med bara en pinne i m\u00e5naden.\ud83e\uddfc Dessa reng\u00f6ringspinnar \u00e4r ett enkelt och effektivt s\u00e4tt [&hellip;]<\/p>\n","protected":false},"featured_media":29556,"comment_status":"open","ping_status":"closed","template":"","meta":{"site-sidebar-layout":"default","site-content-layout":"","ast-site-content-layout":"default","site-content-style":"default","site-sidebar-style":"default","ast-global-header-display":"","ast-banner-title-visibility":"","ast-main-header-display":"","ast-hfb-above-header-display":"","ast-hfb-below-header-display":"","ast-hfb-mobile-header-display":"","site-post-title":"","ast-breadcrumbs-content":"","ast-featured-img":"","footer-sml-layout":"","theme-transparent-header-meta":"default","adv-header-id-meta":"","stick-header-meta":"","header-above-stick-meta":"","header-main-stick-meta":"","header-below-stick-meta":"","astra-migrate-meta-layouts":"set","ast-page-background-enabled":"default","ast-page-background-meta":{"desktop":{"background-color":"var(--ast-global-color-4)","background-image":"","background-repeat":"repeat","background-position":"center center","background-size":"auto","background-attachment":"scroll","background-type":"","background-media":"","overlay-type":"","overlay-color":"","overlay-opacity":"","overlay-gradient":""},"tablet":{"background-color":"","background-image":"","background-repeat":"repeat","background-position":"center center","background-size":"auto","background-attachment":"scroll","background-type":"","background-media":"","overlay-type":"","overlay-color":"","overlay-opacity":"","overlay-gradient":""},"mobile":{"background-color":"","background-image":"","background-repeat":"repeat","background-position":"center center","background-size":"auto","background-attachment":"scroll","background-type":"","background-media":"","overlay-type":"","overlay-color":"","overlay-opacity":"","overlay-gradient":""}},"ast-content-background-meta":{"desktop":{"background-color":"var(--ast-global-color-5)","background-image":"","background-repeat":"repeat","background-position":"center center","background-size":"auto","background-attachment":"scroll","background-type":"","background-media":"","overlay-type":"","overlay-color":"","overlay-opacity":"","overlay-gradient":""},"tablet":{"background-color":"var(--ast-global-color-5)","background-image":"","background-repeat":"repeat","background-position":"center center","background-size":"auto","background-attachment":"scroll","background-type":"","background-media":"","overlay-type":"","overlay-color":"","overlay-opacity":"","overlay-gradient":""},"mobile":{"background-color":"var(--ast-global-color-5)","background-image":"","background-repeat":"repeat","background-position":"center center","background-size":"auto","background-attachment":"scroll","background-type":"","background-media":"","overlay-type":"","overlay-color":"","overlay-opacity":"","overlay-gradient":""}}},"product_brand":[],"product_cat":[1001],"product_tag":[],"class_list":{"0":"post-29560","1":"product","2":"type-product","3":"status-publish","4":"has-post-thumbnail","6":"product_cat-household-goods","7":"pa_21644_ae0top4s-citron","8":"pa_21644_ae0top4s-jasmin","9":"pa_21644_ae0top4s-lavendel","10":"pa_21644_ae0top4s-ocean","11":"desktop-align-left","12":"tablet-align-left","13":"mobile-align-left","15":"first","16":"instock","17":"shipping-taxable","18":"purchasable","19":"product-type-variable"},"_links":{"self":[{"href":"https:\/\/keluvo.com\/se\/wp-json\/wp\/v2\/product\/29560","targetHints":{"allow":["GET"]}}],"collection":[{"href":"https:\/\/keluvo.com\/se\/wp-json\/wp\/v2\/product"}],"about":[{"href":"https:\/\/keluvo.com\/se\/wp-json\/wp\/v2\/types\/product"}],"replies":[{"embeddable":true,"href":"https:\/\/keluvo.com\/se\/wp-json\/wp\/v2\/comments?post=29560"}],"wp:featuredmedia":[{"embeddable":true,"href":"https:\/\/keluvo.com\/se\/wp-json\/wp\/v2\/media\/29556"}],"wp:attachment":[{"href":"https:\/\/keluvo.com\/se\/wp-json\/wp\/v2\/media?parent=29560"}],"wp:term":[{"taxonomy":"product_brand","embeddable":true,"href":"https:\/\/keluvo.com\/se\/wp-json\/wp\/v2\/product_brand?post=29560"},{"taxonomy":"product_cat","embeddable":true,"href":"https:\/\/keluvo.com\/se\/wp-json\/wp\/v2\/product_cat?post=29560"},{"taxonomy":"product_tag","embeddable":true,"href":"https:\/\/keluvo.com\/se\/wp-json\/wp\/v2\/product_tag?post=29560"}],"curies":[{"name":"wp","href":"https:\/\/api.w.org\/{rel}","templated":true}]}}