{"id":29463,"date":"2025-09-11T10:37:46","date_gmt":"2025-09-11T07:37:46","guid":{"rendered":"https:\/\/keluvo.com\/se\/product\/boka-sakert\/"},"modified":"2025-09-30T11:18:11","modified_gmt":"2025-09-30T08:18:11","slug":"boka-sakert","status":"publish","type":"product","link":"https:\/\/keluvo.com\/se\/product\/boka-sakert\/","title":{"rendered":"Boka s\u00e4kert"},"content":{"rendered":"<p style=\"text-align: center\"><strong>H\u00e5ll dina v\u00e4rdesaker s\u00e4kra och dolda i vanlig syn.<\/strong><\/p>\n<p style=\"text-align: center\"><span style=\"font-weight: 400\">detta smarta boksk\u00e5p ser ut som en vanlig ordbok men skyddar i hemlighet dina kontanter, nycklar, smycken och mycket mer.<\/span><\/p>\n<h2 style=\"text-align: center\">\ud83d\udcda Ett Smart S\u00e4tt Att F\u00f6rvara Det Som \u00c4r Viktigt<\/h2>\n<p style=\"text-align: center\"><span style=\"font-weight: 400\">Boksk\u00e5pet \u00e4r en perfekt blandning av s\u00e4kerhet och stil. Det \u00e4r utformat f\u00f6r att se ut precis som en inbunden engelsk ordbok och sm\u00e4lter naturligt in bland andra b\u00f6cker p\u00e5 din hylla, vilket g\u00f6r det till det perfekta g\u00f6mst\u00e4llet f\u00f6r pengar, dokument och v\u00e4rdesaker hemma eller p\u00e5 kontoret.<\/span><\/p>\n<p><img decoding=\"async\" class=\"alignnone size-full wp-image-18070 aligncenter\" src=\"https:\/\/keluvo.com\/template\/wp-content\/uploads\/sites\/5\/2025\/05\/Booksafe-ezgif.com-video-to-webp-converter.webp\" alt=\"\" \/><\/p>\n<h2 style=\"text-align: center\">\u2705 Huvudf\u00f6rdelar<\/h2>\n<p><span style=\"font-weight: 400\">\ud83d\udd12 Dolt skydd &#8211; ser ut som en riktig bok f\u00f6r att g\u00f6mma dina f\u00f6rem\u00e5l i det tysta sight<\/span><span style=\"font-weight: 400\"><br \/>\n<\/span><\/p>\n<p><span style=\"font-weight: 400\">\ud83d\udee1\ufe0f Stark st\u00e5linredning &#8211; skyddar mot manipulering och skador<\/span> <span style=\"font-weight: 400\">\u2013 protects against tampering and damage<\/span><span style=\"font-weight: 400\"><br \/>\n<\/span><\/p>\n<p><span style=\"font-weight: 400\">\ud83d\udd11 Levereras med ett l\u00e5s &amp; nycklar &#8211; h\u00e5ller dina f\u00f6rem\u00e5l s\u00e4kra fr\u00e5n andra<\/span><span style=\"font-weight: 400\"><br \/>\n<\/span><\/p>\n<p><span style=\"font-weight: 400\">\ud83c\udf81 Perfekt presentid\u00e9 &#8211; praktisk, smart och snygg<\/span><span style=\"font-weight: 400\"><br \/>\n<\/span><\/p>\n<p><span style=\"font-weight: 400\">\ud83c\udfe0 Perfekt f\u00f6r hemmet eller kontoret &#8211; sm\u00e4lter l\u00e4tt in med b\u00f6cker p\u00e5 alla hyllor<\/span><\/p>\n<p><img decoding=\"async\" class=\"alignnone size-full wp-image-18062 aligncenter\" src=\"https:\/\/keluvo.com\/template\/wp-content\/uploads\/sites\/5\/2025\/05\/S262db9552f0e4d5a967dad9368ced848W.jpg_960x960q75.jpg_.jpeg\" alt=\"\" \/><\/p>\n<h2 style=\"text-align: center\">\ud83d\udcd8 Hur Man Anv\u00e4nder<\/h2>\n<ol>\n<li style=\"font-weight: 400\"><span style=\"font-weight: 400\">Placera dina v\u00e4rdesaker i st\u00e5lfacket.<\/span><span style=\"font-weight: 400\"><br \/>\n<\/span><\/li>\n<li style=\"font-weight: 400\"><span style=\"font-weight: 400\">St\u00e4ng locket och l\u00e5s det med en av de medf\u00f6ljande nycklarna.<\/span><span style=\"font-weight: 400\"><br \/>\n<\/span><\/li>\n<li style=\"font-weight: 400\"><span style=\"font-weight: 400\">F\u00f6rvara det bland dina b\u00f6cker eller p\u00e5 en hylla f\u00f6r diskret f\u00f6rvaring.<\/span><\/li>\n<\/ol>\n<h2 style=\"text-align: center\">\ud83d\udcd0 Produktdetaljer<\/h2>\n<ul>\n<li style=\"font-weight: 400\"><span style=\"font-weight: 400\">Utseende: engelskt ordboksliknande omslag<\/span><span style=\"font-weight: 400\"><br \/>\n<\/span><\/li>\n<li style=\"font-weight: 400\"><span style=\"font-weight: 400\">Material: metallinredning, ABS + h\u00f6gkvalitativt texturerat papper<\/span><span style=\"font-weight: 400\"><br \/>\n<\/span><\/li>\n<li style=\"font-weight: 400\"><span style=\"font-weight: 400\">Storlek: 240 x 155 x 55 mm<\/span><span style=\"font-weight: 400\"><br \/>\n<\/span><\/li>\n<li style=\"font-weight: 400\"><span style=\"font-weight: 400\">Vikt: 710 g<\/span><span style=\"font-weight: 400\"><br \/>\n<\/span><\/li>\n<li style=\"font-weight: 400\"><span style=\"font-weight: 400\">F\u00e4rg: matt finish f\u00f6r ett realistiskt bokutseende<\/span><\/li>\n<\/ul>\n<h2 style=\"text-align: center\">\ud83d\udce6 Paketet Inneh\u00e5ller<\/h2>\n<ul>\n<li style=\"font-weight: 400\"><span style=\"font-weight: 400\">1x boksk\u00e5p<\/span><span style=\"font-weight: 400\"><br \/>\n<\/span><\/li>\n<li style=\"font-weight: 400\"><span style=\"font-weight: 400\">2x nycklar.<\/span><\/li>\n<\/ul>\n","protected":false},"excerpt":{"rendered":"<p>H\u00e5ll dina v\u00e4rdesaker s\u00e4kra och dolda i vanlig syn. detta smarta boksk\u00e5p ser ut som en vanlig ordbok men skyddar [&hellip;]<\/p>\n","protected":false},"featured_media":29459,"comment_status":"open","ping_status":"closed","template":"","meta":{"site-sidebar-layout":"default","site-content-layout":"","ast-site-content-layout":"default","site-content-style":"default","site-sidebar-style":"default","ast-global-header-display":"","ast-banner-title-visibility":"","ast-main-header-display":"","ast-hfb-above-header-display":"","ast-hfb-below-header-display":"","ast-hfb-mobile-header-display":"","site-post-title":"","ast-breadcrumbs-content":"","ast-featured-img":"","footer-sml-layout":"","theme-transparent-header-meta":"default","adv-header-id-meta":"","stick-header-meta":"","header-above-stick-meta":"","header-main-stick-meta":"","header-below-stick-meta":"","astra-migrate-meta-layouts":"set","ast-page-background-enabled":"default","ast-page-background-meta":{"desktop":{"background-color":"var(--ast-global-color-4)","background-image":"","background-repeat":"repeat","background-position":"center center","background-size":"auto","background-attachment":"scroll","background-type":"","background-media":"","overlay-type":"","overlay-color":"","overlay-opacity":"","overlay-gradient":""},"tablet":{"background-color":"","background-image":"","background-repeat":"repeat","background-position":"center center","background-size":"auto","background-attachment":"scroll","background-type":"","background-media":"","overlay-type":"","overlay-color":"","overlay-opacity":"","overlay-gradient":""},"mobile":{"background-color":"","background-image":"","background-repeat":"repeat","background-position":"center center","background-size":"auto","background-attachment":"scroll","background-type":"","background-media":"","overlay-type":"","overlay-color":"","overlay-opacity":"","overlay-gradient":""}},"ast-content-background-meta":{"desktop":{"background-color":"var(--ast-global-color-5)","background-image":"","background-repeat":"repeat","background-position":"center center","background-size":"auto","background-attachment":"scroll","background-type":"","background-media":"","overlay-type":"","overlay-color":"","overlay-opacity":"","overlay-gradient":""},"tablet":{"background-color":"var(--ast-global-color-5)","background-image":"","background-repeat":"repeat","background-position":"center center","background-size":"auto","background-attachment":"scroll","background-type":"","background-media":"","overlay-type":"","overlay-color":"","overlay-opacity":"","overlay-gradient":""},"mobile":{"background-color":"var(--ast-global-color-5)","background-image":"","background-repeat":"repeat","background-position":"center center","background-size":"auto","background-attachment":"scroll","background-type":"","background-media":"","overlay-type":"","overlay-color":"","overlay-opacity":"","overlay-gradient":""}}},"product_brand":[],"product_cat":[1001],"product_tag":[],"class_list":{"0":"post-29463","1":"product","2":"type-product","3":"status-publish","4":"has-post-thumbnail","6":"product_cat-household-goods","7":"pa_41553_3o8dwcwl-bla","8":"pa_41553_3o8dwcwl-brun","9":"pa_41553_3o8dwcwl-rod","10":"pa_41553_3o8dwcwl-svart","11":"desktop-align-left","12":"tablet-align-left","13":"mobile-align-left","15":"first","16":"instock","17":"shipping-taxable","18":"purchasable","19":"product-type-variable"},"_links":{"self":[{"href":"https:\/\/keluvo.com\/se\/wp-json\/wp\/v2\/product\/29463","targetHints":{"allow":["GET"]}}],"collection":[{"href":"https:\/\/keluvo.com\/se\/wp-json\/wp\/v2\/product"}],"about":[{"href":"https:\/\/keluvo.com\/se\/wp-json\/wp\/v2\/types\/product"}],"replies":[{"embeddable":true,"href":"https:\/\/keluvo.com\/se\/wp-json\/wp\/v2\/comments?post=29463"}],"wp:featuredmedia":[{"embeddable":true,"href":"https:\/\/keluvo.com\/se\/wp-json\/wp\/v2\/media\/29459"}],"wp:attachment":[{"href":"https:\/\/keluvo.com\/se\/wp-json\/wp\/v2\/media?parent=29463"}],"wp:term":[{"taxonomy":"product_brand","embeddable":true,"href":"https:\/\/keluvo.com\/se\/wp-json\/wp\/v2\/product_brand?post=29463"},{"taxonomy":"product_cat","embeddable":true,"href":"https:\/\/keluvo.com\/se\/wp-json\/wp\/v2\/product_cat?post=29463"},{"taxonomy":"product_tag","embeddable":true,"href":"https:\/\/keluvo.com\/se\/wp-json\/wp\/v2\/product_tag?post=29463"}],"curies":[{"name":"wp","href":"https:\/\/api.w.org\/{rel}","templated":true}]}}