{"id":29407,"date":"2025-09-11T10:35:38","date_gmt":"2025-09-11T07:35:38","guid":{"rendered":"https:\/\/keluvo.com\/se\/product\/harklamma\/"},"modified":"2025-09-16T19:54:14","modified_gmt":"2025-09-16T16:54:14","slug":"harklamma","status":"publish","type":"product","link":"https:\/\/keluvo.com\/se\/product\/harklamma\/","title":{"rendered":"H\u00e5rkl\u00e4mma"},"content":{"rendered":"<p style=\"text-align: center\"><strong>Flexibel och snygg h\u00e5rkontroll som \u00e4r skonsam mot h\u00e5rbotten.<\/strong><\/p>\n<p style=\"text-align: center\"><span style=\"font-weight: 400\">Detta expanderbara h\u00e5rsp\u00e4nne i sammet ger ett starkt grepp med mjuk komfort, perfekt f\u00f6r vardagsbruk eller speciella tillf\u00e4llen.<\/span><\/p>\n<h2 style=\"text-align: center\">\ud83d\udca1 Vad Det G\u00f6r<\/h2>\n<p style=\"text-align: center\"><span style=\"font-weight: 400\">H\u00e5ll h\u00e5ret p\u00e5 plats utan att det stramar eller drar. Detta klosskl\u00e4mmor s\u00e4krar f\u00f6rsiktigt din h\u00e4stsvans eller knut med en unik expanderande design som passar de flesta h\u00e5rtyper och ger din h\u00e5rbotten utrymme att andas.<\/span><\/p>\n<p><img decoding=\"async\" class=\"alignnone size-full wp-image-18029 aligncenter\" src=\"https:\/\/keluvo.com\/template\/wp-content\/uploads\/sites\/5\/2025\/05\/bb54cbb7-6ef4-4518-9f23-ff41affdafd5.webp.webp\" alt=\"\" \/><\/p>\n<h2 style=\"text-align: center\">\u2705 Huvudf\u00f6rdelar<\/h2>\n<p><span style=\"font-weight: 400\">\ud83d\udcaa Stark och flexibel \u2013 g\u00e5r inte s\u00f6nder l\u00e4tt, h\u00e5ller h\u00e5ret stadigt<\/span><span style=\"font-weight: 400\"><br \/>\n<\/span><\/p>\n<p><span style=\"font-weight: 400\">\ud83c\udf80 Mjuk sammetsfinish \u2013 bekv\u00e4m och skonsam mot h\u00e5ret<\/span><span style=\"font-weight: 400\"><br \/>\n<\/span><\/p>\n<p><span style=\"font-weight: 400\">\ud83d\udd04 Expanderande design \u2013 innerstorleken str\u00e4cker sig fr\u00e5n 2.5cm till 9cm<\/span><span style=\"font-weight: 400\"><br \/>\n<\/span><\/p>\n<p><span style=\"font-weight: 400\">\ud83e\uddd8 Multi-use \u2013 perfekt f\u00f6r sport, yoga, smink eller fest<\/span><span style=\"font-weight: 400\"><br \/>\n<\/span><\/p>\n<p><span style=\"font-weight: 400\">\ud83c\udf81 Bra present \u2013 perfekt f\u00f6r f\u00f6delsedagar, Alla hj\u00e4rtans dag eller mors dag<\/span><\/p>\n<p><img decoding=\"async\" class=\"alignnone size-full wp-image-18026 aligncenter\" src=\"https:\/\/keluvo.com\/template\/wp-content\/uploads\/sites\/5\/2025\/05\/4f84fdd0-4c24-4308-a828-980ec962d38b.webp.webp\" alt=\"\" \/><\/p>\n<h2 style=\"text-align: center\">\ud83e\uddd1\u200d\ud83e\uddb1 Hur Man Anv\u00e4nder<\/h2>\n<ol>\n<li style=\"font-weight: 400\"><span style=\"font-weight: 400\">Expanderar kl\u00e4mman till \u00f6nskad storlek.<\/span><span style=\"font-weight: 400\"><br \/>\n<\/span><\/li>\n<li style=\"font-weight: 400\"><span style=\"font-weight: 400\">Samla h\u00e5ret i en h\u00e4stsvans eller knut.<\/span><span style=\"font-weight: 400\"><br \/>\n<\/span><\/li>\n<li style=\"font-weight: 400\"><span style=\"font-weight: 400\">Placera kl\u00e4mman runt h\u00e5ret och l\u00e5t den sn\u00e4ppa igen f\u00f6r att s\u00e4kra.<\/span><span style=\"font-weight: 400\"><br \/>\n<\/span><\/li>\n<li style=\"font-weight: 400\"><span style=\"font-weight: 400\">Justera vinkeln f\u00f6r den mest bekv\u00e4ma passformen.<\/span><\/li>\n<\/ol>\n<h2 style=\"text-align: center\">\ud83d\udcd0 Produktdetaljer<\/h2>\n<ul>\n<li style=\"font-weight: 400\"><span style=\"font-weight: 400\">Material: plast + sammetstyg<\/span><span style=\"font-weight: 400\"><br \/>\n<\/span><\/li>\n<li style=\"font-weight: 400\"><span style=\"font-weight: 400\">Stil: justerbar och l\u00e4tt<\/span><\/li>\n<\/ul>\n<h2 style=\"text-align: center\">\ud83d\udce6 Paketet Inneh\u00e5ller<\/h2>\n<ul>\n<li><span style=\"font-weight: 400\">1x klo h\u00e5rkl\u00e4mma.<\/span><\/li>\n<\/ul>\n","protected":false},"excerpt":{"rendered":"<p>Flexibel och snygg h\u00e5rkontroll som \u00e4r skonsam mot h\u00e5rbotten. Detta expanderbara h\u00e5rsp\u00e4nne i sammet ger ett starkt grepp med mjuk [&hellip;]<\/p>\n","protected":false},"featured_media":29403,"comment_status":"open","ping_status":"closed","template":"","meta":{"site-sidebar-layout":"default","site-content-layout":"","ast-site-content-layout":"default","site-content-style":"default","site-sidebar-style":"default","ast-global-header-display":"","ast-banner-title-visibility":"","ast-main-header-display":"","ast-hfb-above-header-display":"","ast-hfb-below-header-display":"","ast-hfb-mobile-header-display":"","site-post-title":"","ast-breadcrumbs-content":"","ast-featured-img":"","footer-sml-layout":"","theme-transparent-header-meta":"default","adv-header-id-meta":"","stick-header-meta":"","header-above-stick-meta":"","header-main-stick-meta":"","header-below-stick-meta":"","astra-migrate-meta-layouts":"set","ast-page-background-enabled":"default","ast-page-background-meta":{"desktop":{"background-color":"var(--ast-global-color-4)","background-image":"","background-repeat":"repeat","background-position":"center center","background-size":"auto","background-attachment":"scroll","background-type":"","background-media":"","overlay-type":"","overlay-color":"","overlay-opacity":"","overlay-gradient":""},"tablet":{"background-color":"","background-image":"","background-repeat":"repeat","background-position":"center center","background-size":"auto","background-attachment":"scroll","background-type":"","background-media":"","overlay-type":"","overlay-color":"","overlay-opacity":"","overlay-gradient":""},"mobile":{"background-color":"","background-image":"","background-repeat":"repeat","background-position":"center center","background-size":"auto","background-attachment":"scroll","background-type":"","background-media":"","overlay-type":"","overlay-color":"","overlay-opacity":"","overlay-gradient":""}},"ast-content-background-meta":{"desktop":{"background-color":"var(--ast-global-color-5)","background-image":"","background-repeat":"repeat","background-position":"center center","background-size":"auto","background-attachment":"scroll","background-type":"","background-media":"","overlay-type":"","overlay-color":"","overlay-opacity":"","overlay-gradient":""},"tablet":{"background-color":"var(--ast-global-color-5)","background-image":"","background-repeat":"repeat","background-position":"center center","background-size":"auto","background-attachment":"scroll","background-type":"","background-media":"","overlay-type":"","overlay-color":"","overlay-opacity":"","overlay-gradient":""},"mobile":{"background-color":"var(--ast-global-color-5)","background-image":"","background-repeat":"repeat","background-position":"center center","background-size":"auto","background-attachment":"scroll","background-type":"","background-media":"","overlay-type":"","overlay-color":"","overlay-opacity":"","overlay-gradient":""}}},"product_brand":[],"product_cat":[994],"product_tag":[],"class_list":{"0":"post-29407","1":"product","2":"type-product","3":"status-publish","4":"has-post-thumbnail","6":"product_cat-clothing-for-women","7":"pa_21397_2d9oih52-1-st","8":"pa_21397_2d9oih52-2-st","9":"pa_21397_lv4cpbb5-bla","10":"pa_21397_lv4cpbb5-gra","11":"pa_21397_lv4cpbb5-kaffe","12":"pa_21397_lv4cpbb5-orange","13":"pa_21397_lv4cpbb5-rod","14":"pa_21397_lv4cpbb5-svart","15":"desktop-align-left","16":"tablet-align-left","17":"mobile-align-left","19":"first","20":"instock","21":"shipping-taxable","22":"purchasable","23":"product-type-variable","24":"has-default-attributes"},"_links":{"self":[{"href":"https:\/\/keluvo.com\/se\/wp-json\/wp\/v2\/product\/29407","targetHints":{"allow":["GET"]}}],"collection":[{"href":"https:\/\/keluvo.com\/se\/wp-json\/wp\/v2\/product"}],"about":[{"href":"https:\/\/keluvo.com\/se\/wp-json\/wp\/v2\/types\/product"}],"replies":[{"embeddable":true,"href":"https:\/\/keluvo.com\/se\/wp-json\/wp\/v2\/comments?post=29407"}],"wp:featuredmedia":[{"embeddable":true,"href":"https:\/\/keluvo.com\/se\/wp-json\/wp\/v2\/media\/29403"}],"wp:attachment":[{"href":"https:\/\/keluvo.com\/se\/wp-json\/wp\/v2\/media?parent=29407"}],"wp:term":[{"taxonomy":"product_brand","embeddable":true,"href":"https:\/\/keluvo.com\/se\/wp-json\/wp\/v2\/product_brand?post=29407"},{"taxonomy":"product_cat","embeddable":true,"href":"https:\/\/keluvo.com\/se\/wp-json\/wp\/v2\/product_cat?post=29407"},{"taxonomy":"product_tag","embeddable":true,"href":"https:\/\/keluvo.com\/se\/wp-json\/wp\/v2\/product_tag?post=29407"}],"curies":[{"name":"wp","href":"https:\/\/api.w.org\/{rel}","templated":true}]}}