{"id":29315,"date":"2025-09-11T10:31:31","date_gmt":"2025-09-11T07:31:31","guid":{"rendered":"https:\/\/keluvo.com\/se\/product\/planteringskarl-for-lokar\/"},"modified":"2025-09-16T19:44:02","modified_gmt":"2025-09-16T16:44:02","slug":"planteringskarl-for-lokar","status":"publish","type":"product","link":"https:\/\/keluvo.com\/se\/product\/planteringskarl-for-lokar\/","title":{"rendered":"Planteringsk\u00e4rl f\u00f6r l\u00f6kar"},"content":{"rendered":"<p style=\"text-align: center\"><strong>Plantera l\u00f6kar snabbare och enklare med den h\u00e4r h\u00e5llbara l\u00f6kplanteringen.<\/strong><\/p>\n<p style=\"text-align: center\"><span style=\"font-weight: 400\">Verktyget \u00e4r utformat f\u00f6r att spara tid och anstr\u00e4ngning och hj\u00e4lper dig att gr\u00e4va perfekta h\u00e5l f\u00f6r l\u00f6kar eller plantor p\u00e5 n\u00e5gra sekunder &#8211; ingen r\u00f6ra, inget kr\u00e5ngel.<\/span><\/p>\n<p><img decoding=\"async\" class=\"alignnone size-full wp-image-17961 aligncenter\" src=\"https:\/\/keluvo.com\/template\/wp-content\/uploads\/sites\/5\/2025\/05\/Bulbplanter-ezgif.com-video-to-webp-converter.webp\" alt=\"\" \/><\/p>\n<h2 style=\"text-align: center\">De viktigaste f\u00f6rdelarna<\/h2>\n<p><span style=\"font-weight: 400\">\ud83d\udee0\ufe0f Stark och rostbest\u00e4ndig kolst\u00e5lskonstruktion<\/span><span style=\"font-weight: 400\"><br \/>\n<\/span><\/p>\n<p><span style=\"font-weight: 400\">\ud83d\udcaa Bekv\u00e4mt handtag f\u00f6r enkel och halkfri anv\u00e4ndning grip<\/span><span style=\"font-weight: 400\"><br \/>\n<\/span><\/p>\n<p><span style=\"font-weight: 400\">\u23f1\ufe0f Snabb plantering med en tryck- och lyftr\u00f6relse<\/span><\/p>\n<p><span style=\"font-weight: 400\">\ud83c\udf37 Perfekta h\u00e5l varje g\u00e5ng f\u00f6r l\u00f6kar eller plantor<\/span><span style=\"font-weight: 400\"><br \/>\n<\/span><\/p>\n<p><span style=\"font-weight: 400\">\ud83e\uddf9 Enkel reng\u00f6ring efter anv\u00e4ndning<\/span><\/p>\n<p style=\"text-align: center\"><img decoding=\"async\" class=\"alignnone size-full wp-image-17956\" src=\"https:\/\/keluvo.com\/template\/wp-content\/uploads\/sites\/5\/2025\/05\/S14581d2c5f404cf3b83e52be9a988c21r.jpeg\" alt=\"\" \/><\/p>\n<h2 style=\"text-align: center\">Hur man anv\u00e4nder<\/h2>\n<ol>\n<li style=\"font-weight: 400\"><span style=\"font-weight: 400\">Tryck ner planteringsverktyget i jorden d\u00e4r du vill plantera.<\/span><span style=\"font-weight: 400\"><br \/>\n<\/span><\/li>\n<li style=\"font-weight: 400\"><span style=\"font-weight: 400\">Krama handtaget f\u00f6r att dra \u00e5t och f\u00e5nga jorden.<\/span><span style=\"font-weight: 400\"><br \/>\n<\/span><\/li>\n<li style=\"font-weight: 400\"><span style=\"font-weight: 400\">Dra ut planteringsr\u00f6ret och sl\u00e4pp jorden.<\/span><span style=\"font-weight: 400\"><br \/>\n<\/span><\/li>\n<li style=\"font-weight: 400\"><span style=\"font-weight: 400\">Sl\u00e4pp ner din l\u00f6k eller planta i h\u00e5let.<\/span><\/li>\n<\/ol>\n<h2 style=\"text-align: center\">Detaljer om produkten<\/h2>\n<ul>\n<li style=\"font-weight: 400\"><span style=\"font-weight: 400\">Material: kolst\u00e5l<\/span><span style=\"font-weight: 400\"><br \/>\n<\/span><\/li>\n<li style=\"font-weight: 400\"><span style=\"font-weight: 400\">Finish: rostskyddspl\u00e4tering<\/span><span style=\"font-weight: 400\"><br \/>\n<\/span><\/li>\n<li style=\"font-weight: 400\"><span style=\"font-weight: 400\">Design: manuellt tryck- och sl\u00e4pphandtag<\/span><\/li>\n<\/ul>\n<h2 style=\"text-align: center\">Paketet inneh\u00e5ller<\/h2>\n<ul>\n<li><span style=\"font-weight: 400\">1x l\u00f6kplantering.<\/span><\/li>\n<\/ul>\n","protected":false},"excerpt":{"rendered":"<p>Plantera l\u00f6kar snabbare och enklare med den h\u00e4r h\u00e5llbara l\u00f6kplanteringen. Verktyget \u00e4r utformat f\u00f6r att spara tid och anstr\u00e4ngning och [&hellip;]<\/p>\n","protected":false},"featured_media":29311,"comment_status":"open","ping_status":"closed","template":"","meta":{"site-sidebar-layout":"default","site-content-layout":"","ast-site-content-layout":"default","site-content-style":"default","site-sidebar-style":"default","ast-global-header-display":"","ast-banner-title-visibility":"","ast-main-header-display":"","ast-hfb-above-header-display":"","ast-hfb-below-header-display":"","ast-hfb-mobile-header-display":"","site-post-title":"","ast-breadcrumbs-content":"","ast-featured-img":"","footer-sml-layout":"","theme-transparent-header-meta":"default","adv-header-id-meta":"","stick-header-meta":"","header-above-stick-meta":"","header-main-stick-meta":"","header-below-stick-meta":"","astra-migrate-meta-layouts":"set","ast-page-background-enabled":"default","ast-page-background-meta":{"desktop":{"background-color":"var(--ast-global-color-4)","background-image":"","background-repeat":"repeat","background-position":"center center","background-size":"auto","background-attachment":"scroll","background-type":"","background-media":"","overlay-type":"","overlay-color":"","overlay-opacity":"","overlay-gradient":""},"tablet":{"background-color":"","background-image":"","background-repeat":"repeat","background-position":"center center","background-size":"auto","background-attachment":"scroll","background-type":"","background-media":"","overlay-type":"","overlay-color":"","overlay-opacity":"","overlay-gradient":""},"mobile":{"background-color":"","background-image":"","background-repeat":"repeat","background-position":"center center","background-size":"auto","background-attachment":"scroll","background-type":"","background-media":"","overlay-type":"","overlay-color":"","overlay-opacity":"","overlay-gradient":""}},"ast-content-background-meta":{"desktop":{"background-color":"var(--ast-global-color-5)","background-image":"","background-repeat":"repeat","background-position":"center center","background-size":"auto","background-attachment":"scroll","background-type":"","background-media":"","overlay-type":"","overlay-color":"","overlay-opacity":"","overlay-gradient":""},"tablet":{"background-color":"var(--ast-global-color-5)","background-image":"","background-repeat":"repeat","background-position":"center center","background-size":"auto","background-attachment":"scroll","background-type":"","background-media":"","overlay-type":"","overlay-color":"","overlay-opacity":"","overlay-gradient":""},"mobile":{"background-color":"var(--ast-global-color-5)","background-image":"","background-repeat":"repeat","background-position":"center center","background-size":"auto","background-attachment":"scroll","background-type":"","background-media":"","overlay-type":"","overlay-color":"","overlay-opacity":"","overlay-gradient":""}}},"product_brand":[],"product_cat":[1001],"product_tag":[],"class_list":{"0":"post-29315","1":"product","2":"type-product","3":"status-publish","4":"has-post-thumbnail","6":"product_cat-household-goods","7":"pa_42956_gutd4w06-gron","8":"pa_42956_gutd4w06-morkgron","9":"pa_42956_gutd4w06-rod","10":"desktop-align-left","11":"tablet-align-left","12":"mobile-align-left","14":"first","15":"instock","16":"shipping-taxable","17":"purchasable","18":"product-type-variable"},"_links":{"self":[{"href":"https:\/\/keluvo.com\/se\/wp-json\/wp\/v2\/product\/29315","targetHints":{"allow":["GET"]}}],"collection":[{"href":"https:\/\/keluvo.com\/se\/wp-json\/wp\/v2\/product"}],"about":[{"href":"https:\/\/keluvo.com\/se\/wp-json\/wp\/v2\/types\/product"}],"replies":[{"embeddable":true,"href":"https:\/\/keluvo.com\/se\/wp-json\/wp\/v2\/comments?post=29315"}],"wp:featuredmedia":[{"embeddable":true,"href":"https:\/\/keluvo.com\/se\/wp-json\/wp\/v2\/media\/29311"}],"wp:attachment":[{"href":"https:\/\/keluvo.com\/se\/wp-json\/wp\/v2\/media?parent=29315"}],"wp:term":[{"taxonomy":"product_brand","embeddable":true,"href":"https:\/\/keluvo.com\/se\/wp-json\/wp\/v2\/product_brand?post=29315"},{"taxonomy":"product_cat","embeddable":true,"href":"https:\/\/keluvo.com\/se\/wp-json\/wp\/v2\/product_cat?post=29315"},{"taxonomy":"product_tag","embeddable":true,"href":"https:\/\/keluvo.com\/se\/wp-json\/wp\/v2\/product_tag?post=29315"}],"curies":[{"name":"wp","href":"https:\/\/api.w.org\/{rel}","templated":true}]}}