{"id":28993,"date":"2025-09-11T09:40:19","date_gmt":"2025-09-11T06:40:19","guid":{"rendered":"https:\/\/keluvo.com\/se\/product\/forvaringsbehallare\/"},"modified":"2025-09-12T23:12:24","modified_gmt":"2025-09-12T20:12:24","slug":"forvaringsbehallare","status":"publish","type":"product","link":"https:\/\/keluvo.com\/se\/product\/forvaringsbehallare\/","title":{"rendered":"F\u00f6rvaringsbeh\u00e5llare"},"content":{"rendered":"<p style=\"text-align: center\"><strong>F\u00f6rvara och kom \u00e5t din plastfolie enkelt &#8211; ingen borrning, ingen r\u00f6ra.<\/strong><\/p>\n<p style=\"text-align: center\"><span style=\"font-weight: 400\">Denna v\u00e4ggmonterade f\u00f6rvaringsbeh\u00e5llare h\u00e5ller din plastfolie, folie eller pergamentpapper prydligt och l\u00e4tt att f\u00e5 tag p\u00e5. Den borrfria designen sparar utrymme i k\u00f6ket samtidigt som den hj\u00e4lper dig att h\u00e5lla ordning och reda.<\/span><\/p>\n<p><img decoding=\"async\" class=\"alignnone size-full wp-image-17625 aligncenter\" src=\"https:\/\/keluvo.com\/template\/wp-content\/uploads\/sites\/5\/2025\/05\/Storagecontainer-ezgif.com-video-to-webp-converter.webp\" alt=\"\" \/><\/p>\n<h2 style=\"text-align: center\">Huvudf\u00f6rdelar<\/h2>\n<p><span style=\"font-weight: 400\">\ud83d\udce6 F\u00f6rvaring av plastfolie, folie eller pergamentpapper<\/span><span style=\"font-weight: 400\"><br \/>\n<\/span><\/p>\n<p><span style=\"font-weight: 400\">\ud83e\uddf2 Enkel v\u00e4ggmontering utan borrning<\/span><span style=\"font-weight: 400\"><br \/>\n<\/span><\/p>\n<p><span style=\"font-weight: 400\">\ud83e\ude9f Tydlig front f\u00f6r snabb visning och \u00e5tkomst<\/span><span style=\"font-weight: 400\"><br \/>\n<\/span><\/p>\n<p><span style=\"font-weight: 400\">\ud83e\uddfb Utdragbar design f\u00f6r smidig, problemfri rivning<\/span><span style=\"font-weight: 400\"><br \/>\n<\/span><\/p>\n<p><span style=\"font-weight: 400\">\ud83e\uddfd H\u00e5ller ditt k\u00f6k rent och organiserat<\/span><span style=\"font-weight: 400\"><br \/>\n<\/span><\/p>\n<p><span style=\"font-weight: 400\">\ud83c\udfe0 Perfekt f\u00f6r hem med begr\u00e4nsade l\u00e5dor eller sk\u00e5p space<\/span><\/p>\n<p><img decoding=\"async\" class=\"alignnone size-full wp-image-17604 aligncenter\" src=\"https:\/\/keluvo.com\/template\/wp-content\/uploads\/sites\/5\/2025\/05\/77969abe-ec43-44e0-817b-173cb9bc9cda.webp.webp\" alt=\"\" \/><\/p>\n<h2 style=\"text-align: center\">Hur man anv\u00e4nder<\/h2>\n<ol>\n<li style=\"font-weight: 400\"><span style=\"font-weight: 400\">Pela och klistra fast baksidan p\u00e5 v\u00e4ggen eller sk\u00e5pet.<\/span><span style=\"font-weight: 400\"><br \/>\n<\/span><\/li>\n<li style=\"font-weight: 400\"><span style=\"font-weight: 400\">Placera plastfolie eller omslag inuti genom den stora \u00f6ppningen.<\/span><span style=\"font-weight: 400\"><br \/>\n<\/span><\/li>\n<li style=\"font-weight: 400\"><span style=\"font-weight: 400\">Dra och riv av omslaget efter behov med hj\u00e4lp av den fr\u00e4mre luckan.<\/span><span style=\"font-weight: 400\"><br \/>\n<\/span><\/li>\n<li style=\"font-weight: 400\"><span style=\"font-weight: 400\">Fyll p\u00e5 n\u00e4r som helst genom att helt enkelt \u00f6ppna den \u00f6vre delen.<\/span><\/li>\n<\/ol>\n<h2 style=\"text-align: center\">Produktdetaljer<\/h2>\n<ul>\n<li style=\"font-weight: 400\"><span style=\"font-weight: 400\">Material: Tjock, h\u00e5llbar PP-plast<\/span><span style=\"font-weight: 400\"><br \/>\n<\/span><\/li>\n<li style=\"font-weight: 400\"><span style=\"font-weight: 400\">F\u00e4rger: gr\u00f6n, orange och gr\u00e5<\/span><span style=\"font-weight: 400\"><br \/>\n<\/span><\/li>\n<li style=\"font-weight: 400\"><span style=\"font-weight: 400\">Storlek: kompakt och l\u00e4tt (92 g)<\/span><span style=\"font-weight: 400\"><br \/>\n<\/span><\/li>\n<li style=\"font-weight: 400\"><span style=\"font-weight: 400\">Montering: sj\u00e4lvh\u00e4ftande v\u00e4ggmontering (inga verktyg beh\u00f6vs)<\/span><span style=\"font-weight: 400\"><br \/>\n<\/span><\/li>\n<li style=\"font-weight: 400\"><span style=\"font-weight: 400\">Anv\u00e4ndning: plastfolie, folie, pergamentpapper eller k\u00f6ksp\u00e5sar<\/span><\/li>\n<\/ul>\n<h2 style=\"text-align: center\">Paketet inneh\u00e5ller<\/h2>\n<ul>\n<li><span style=\"font-weight: 400\">1x f\u00f6rvaringsl\u00e5da f\u00f6r plastfolie.<\/span><\/li>\n<\/ul>\n","protected":false},"excerpt":{"rendered":"<p>F\u00f6rvara och kom \u00e5t din plastfolie enkelt &#8211; ingen borrning, ingen r\u00f6ra. Denna v\u00e4ggmonterade f\u00f6rvaringsbeh\u00e5llare h\u00e5ller din plastfolie, folie eller [&hellip;]<\/p>\n","protected":false},"featured_media":28989,"comment_status":"open","ping_status":"closed","template":"","meta":{"site-sidebar-layout":"default","site-content-layout":"","ast-site-content-layout":"default","site-content-style":"default","site-sidebar-style":"default","ast-global-header-display":"","ast-banner-title-visibility":"","ast-main-header-display":"","ast-hfb-above-header-display":"","ast-hfb-below-header-display":"","ast-hfb-mobile-header-display":"","site-post-title":"","ast-breadcrumbs-content":"","ast-featured-img":"","footer-sml-layout":"","theme-transparent-header-meta":"default","adv-header-id-meta":"","stick-header-meta":"","header-above-stick-meta":"","header-main-stick-meta":"","header-below-stick-meta":"","astra-migrate-meta-layouts":"set","ast-page-background-enabled":"default","ast-page-background-meta":{"desktop":{"background-color":"var(--ast-global-color-4)","background-image":"","background-repeat":"repeat","background-position":"center center","background-size":"auto","background-attachment":"scroll","background-type":"","background-media":"","overlay-type":"","overlay-color":"","overlay-opacity":"","overlay-gradient":""},"tablet":{"background-color":"","background-image":"","background-repeat":"repeat","background-position":"center center","background-size":"auto","background-attachment":"scroll","background-type":"","background-media":"","overlay-type":"","overlay-color":"","overlay-opacity":"","overlay-gradient":""},"mobile":{"background-color":"","background-image":"","background-repeat":"repeat","background-position":"center center","background-size":"auto","background-attachment":"scroll","background-type":"","background-media":"","overlay-type":"","overlay-color":"","overlay-opacity":"","overlay-gradient":""}},"ast-content-background-meta":{"desktop":{"background-color":"var(--ast-global-color-5)","background-image":"","background-repeat":"repeat","background-position":"center center","background-size":"auto","background-attachment":"scroll","background-type":"","background-media":"","overlay-type":"","overlay-color":"","overlay-opacity":"","overlay-gradient":""},"tablet":{"background-color":"var(--ast-global-color-5)","background-image":"","background-repeat":"repeat","background-position":"center center","background-size":"auto","background-attachment":"scroll","background-type":"","background-media":"","overlay-type":"","overlay-color":"","overlay-opacity":"","overlay-gradient":""},"mobile":{"background-color":"var(--ast-global-color-5)","background-image":"","background-repeat":"repeat","background-position":"center center","background-size":"auto","background-attachment":"scroll","background-type":"","background-media":"","overlay-type":"","overlay-color":"","overlay-opacity":"","overlay-gradient":""}}},"product_brand":[],"product_cat":[1001],"product_tag":[],"class_list":{"0":"post-28993","1":"product","2":"type-product","3":"status-publish","4":"has-post-thumbnail","6":"product_cat-household-goods","7":"pa_18383_ni36rwtc-gra","8":"pa_18383_ni36rwtc-gron","9":"pa_18383_ni36rwtc-orange","10":"desktop-align-left","11":"tablet-align-left","12":"mobile-align-left","14":"first","15":"instock","16":"shipping-taxable","17":"purchasable","18":"product-type-variable"},"_links":{"self":[{"href":"https:\/\/keluvo.com\/se\/wp-json\/wp\/v2\/product\/28993","targetHints":{"allow":["GET"]}}],"collection":[{"href":"https:\/\/keluvo.com\/se\/wp-json\/wp\/v2\/product"}],"about":[{"href":"https:\/\/keluvo.com\/se\/wp-json\/wp\/v2\/types\/product"}],"replies":[{"embeddable":true,"href":"https:\/\/keluvo.com\/se\/wp-json\/wp\/v2\/comments?post=28993"}],"wp:featuredmedia":[{"embeddable":true,"href":"https:\/\/keluvo.com\/se\/wp-json\/wp\/v2\/media\/28989"}],"wp:attachment":[{"href":"https:\/\/keluvo.com\/se\/wp-json\/wp\/v2\/media?parent=28993"}],"wp:term":[{"taxonomy":"product_brand","embeddable":true,"href":"https:\/\/keluvo.com\/se\/wp-json\/wp\/v2\/product_brand?post=28993"},{"taxonomy":"product_cat","embeddable":true,"href":"https:\/\/keluvo.com\/se\/wp-json\/wp\/v2\/product_cat?post=28993"},{"taxonomy":"product_tag","embeddable":true,"href":"https:\/\/keluvo.com\/se\/wp-json\/wp\/v2\/product_tag?post=28993"}],"curies":[{"name":"wp","href":"https:\/\/api.w.org\/{rel}","templated":true}]}}