{"id":28845,"date":"2025-09-11T09:34:01","date_gmt":"2025-09-11T06:34:01","guid":{"rendered":"https:\/\/keluvo.com\/se\/product\/gardiner-for-bilar\/"},"modified":"2025-09-11T09:34:09","modified_gmt":"2025-09-11T06:34:09","slug":"gardiner-for-bilar","status":"publish","type":"product","link":"https:\/\/keluvo.com\/se\/product\/gardiner-for-bilar\/","title":{"rendered":"Gardiner f\u00f6r bilar"},"content":{"rendered":"<p style=\"text-align: center\"><strong>Vi Presenterar Bilgardinerna \u2013 Ditt Smarta Skydd Mot Sol Och Nyfikna \u00d6gon.<\/strong><\/p>\n<p style=\"text-align: center\"><span style=\"font-weight: 400\">H\u00e5ll dig sval och privat, l\u00e4tt att skjuta, blockerar v\u00e4rme och bl\u00e4ndning p\u00e5 n\u00e5gra sekunder.<\/span><\/p>\n<p><img decoding=\"async\" class=\"alignnone size-full wp-image-17377 aligncenter\" src=\"https:\/\/keluvo.com\/template\/wp-content\/uploads\/sites\/5\/2025\/05\/Carcurtains-ezgif.com-video-to-webp-converter.webp\" alt=\"\" \/><\/p>\n<h2 style=\"text-align: center\">Huvudf\u00f6rdelar<\/h2>\n<ul>\n<li style=\"font-weight: 400\"><span style=\"font-weight: 400\">L\u00e5ter dig skjuta gardinen \u00f6ppen eller st\u00e4ngd n\u00e4r som helst<\/span><\/li>\n<li style=\"font-weight: 400\"><span style=\"font-weight: 400\">Blockerar varm sol och h\u00e5ller din bil sval<\/span><\/li>\n<li style=\"font-weight: 400\"><span style=\"font-weight: 400\">Ger dig integritet utan att blockera backspegeln<\/span><\/li>\n<li style=\"font-weight: 400\"><span style=\"font-weight: 400\">S\u00e4ker &#8211; p\u00e5verkar inte hur dina f\u00f6nster fungerar<\/span><\/li>\n<li style=\"font-weight: 400\"><span style=\"font-weight: 400\">Hj\u00e4lper till att skydda bilens s\u00e4ten och interi\u00f6r fr\u00e5n blekning<\/span><\/li>\n<\/ul>\n<p><img decoding=\"async\" class=\"alignnone size-full wp-image-17379 aligncenter\" src=\"https:\/\/keluvo.com\/template\/wp-content\/uploads\/sites\/5\/2025\/05\/S9e170ad8180d4906a470eaef663fce6ag.jpg_960x960q75.jpg_.jpeg\" alt=\"\" \/><\/p>\n<h2 style=\"text-align: center\">Huvuderbjudande<\/h2>\n<p style=\"text-align: center\"><span style=\"font-weight: 400\">Dessa bilgardiner \u00e4r perfekta f\u00f6r alla som vill ha komfort, skugga och integritet. De \u00e4r l\u00e4tta att flytta n\u00e4r du beh\u00f6ver ljus och enkla att st\u00e4nga n\u00e4r du vill ha skugga. Du h\u00e5ller dig svalare, skyddar din bil och f\u00e5r mer privatliv &#8211; allt medan du k\u00f6r s\u00e4kert. Perfekt f\u00f6r familjer, roadtrips eller vardagsbruk!<\/span><\/p>\n<h2 style=\"text-align: center\">Anv\u00e4ndning<\/h2>\n<ol>\n<li style=\"font-weight: 400\"><span style=\"font-weight: 400\">F\u00e4st gardinerna p\u00e5 bilens f\u00f6nsterram.<\/span><span style=\"font-weight: 400\"><br \/>\n<\/span><\/li>\n<li style=\"font-weight: 400\"><span style=\"font-weight: 400\">Skjut upp eller st\u00e4ng dem n\u00e4r du vill.<\/span><span style=\"font-weight: 400\"><br \/>\n<\/span><\/li>\n<li style=\"font-weight: 400\"><span style=\"font-weight: 400\">L\u00e5t dem sitta kvar &#8211; de blockerar inte spegeln eller hindrar f\u00f6nstret fr\u00e5n att g\u00e5 upp och ner.<\/span><\/li>\n<\/ol>\n<h2 style=\"text-align: center\">Paketet Inneh\u00e5ller<\/h2>\n<ul>\n<li><span style=\"font-weight: 400\">4x bilgardiner (2x fram och 2x bak).<\/span><\/li>\n<\/ul>\n","protected":false},"excerpt":{"rendered":"<p>Vi Presenterar Bilgardinerna \u2013 Ditt Smarta Skydd Mot Sol Och Nyfikna \u00d6gon. H\u00e5ll dig sval och privat, l\u00e4tt att skjuta, [&hellip;]<\/p>\n","protected":false},"featured_media":28841,"comment_status":"open","ping_status":"closed","template":"","meta":{"site-sidebar-layout":"default","site-content-layout":"","ast-site-content-layout":"default","site-content-style":"default","site-sidebar-style":"default","ast-global-header-display":"","ast-banner-title-visibility":"","ast-main-header-display":"","ast-hfb-above-header-display":"","ast-hfb-below-header-display":"","ast-hfb-mobile-header-display":"","site-post-title":"","ast-breadcrumbs-content":"","ast-featured-img":"","footer-sml-layout":"","theme-transparent-header-meta":"default","adv-header-id-meta":"","stick-header-meta":"","header-above-stick-meta":"","header-main-stick-meta":"","header-below-stick-meta":"","astra-migrate-meta-layouts":"set","ast-page-background-enabled":"default","ast-page-background-meta":{"desktop":{"background-color":"var(--ast-global-color-4)","background-image":"","background-repeat":"repeat","background-position":"center center","background-size":"auto","background-attachment":"scroll","background-type":"","background-media":"","overlay-type":"","overlay-color":"","overlay-opacity":"","overlay-gradient":""},"tablet":{"background-color":"","background-image":"","background-repeat":"repeat","background-position":"center center","background-size":"auto","background-attachment":"scroll","background-type":"","background-media":"","overlay-type":"","overlay-color":"","overlay-opacity":"","overlay-gradient":""},"mobile":{"background-color":"","background-image":"","background-repeat":"repeat","background-position":"center center","background-size":"auto","background-attachment":"scroll","background-type":"","background-media":"","overlay-type":"","overlay-color":"","overlay-opacity":"","overlay-gradient":""}},"ast-content-background-meta":{"desktop":{"background-color":"var(--ast-global-color-5)","background-image":"","background-repeat":"repeat","background-position":"center center","background-size":"auto","background-attachment":"scroll","background-type":"","background-media":"","overlay-type":"","overlay-color":"","overlay-opacity":"","overlay-gradient":""},"tablet":{"background-color":"var(--ast-global-color-5)","background-image":"","background-repeat":"repeat","background-position":"center center","background-size":"auto","background-attachment":"scroll","background-type":"","background-media":"","overlay-type":"","overlay-color":"","overlay-opacity":"","overlay-gradient":""},"mobile":{"background-color":"var(--ast-global-color-5)","background-image":"","background-repeat":"repeat","background-position":"center center","background-size":"auto","background-attachment":"scroll","background-type":"","background-media":"","overlay-type":"","overlay-color":"","overlay-opacity":"","overlay-gradient":""}}},"product_brand":[],"product_cat":[998],"product_tag":[],"class_list":{"0":"post-28845","1":"product","2":"type-product","3":"status-publish","4":"has-post-thumbnail","6":"product_cat-automotive-products","7":"pa_41634_29oa6rmp-guld","8":"pa_41634_29oa6rmp-silver","9":"pa_41634_29oa6rmp-svart","10":"desktop-align-left","11":"tablet-align-left","12":"mobile-align-left","14":"first","15":"instock","16":"shipping-taxable","17":"purchasable","18":"product-type-variable","19":"has-default-attributes"},"_links":{"self":[{"href":"https:\/\/keluvo.com\/se\/wp-json\/wp\/v2\/product\/28845","targetHints":{"allow":["GET"]}}],"collection":[{"href":"https:\/\/keluvo.com\/se\/wp-json\/wp\/v2\/product"}],"about":[{"href":"https:\/\/keluvo.com\/se\/wp-json\/wp\/v2\/types\/product"}],"replies":[{"embeddable":true,"href":"https:\/\/keluvo.com\/se\/wp-json\/wp\/v2\/comments?post=28845"}],"wp:featuredmedia":[{"embeddable":true,"href":"https:\/\/keluvo.com\/se\/wp-json\/wp\/v2\/media\/28841"}],"wp:attachment":[{"href":"https:\/\/keluvo.com\/se\/wp-json\/wp\/v2\/media?parent=28845"}],"wp:term":[{"taxonomy":"product_brand","embeddable":true,"href":"https:\/\/keluvo.com\/se\/wp-json\/wp\/v2\/product_brand?post=28845"},{"taxonomy":"product_cat","embeddable":true,"href":"https:\/\/keluvo.com\/se\/wp-json\/wp\/v2\/product_cat?post=28845"},{"taxonomy":"product_tag","embeddable":true,"href":"https:\/\/keluvo.com\/se\/wp-json\/wp\/v2\/product_tag?post=28845"}],"curies":[{"name":"wp","href":"https:\/\/api.w.org\/{rel}","templated":true}]}}