{"id":28803,"date":"2025-09-11T09:32:37","date_gmt":"2025-09-11T06:32:37","guid":{"rendered":"https:\/\/keluvo.com\/se\/product\/locktang-for-har\/"},"modified":"2025-09-11T09:32:46","modified_gmt":"2025-09-11T06:32:46","slug":"locktang-for-har","status":"publish","type":"product","link":"https:\/\/keluvo.com\/se\/product\/locktang-for-har\/","title":{"rendered":"Lockt\u00e5ng f\u00f6r h\u00e5r"},"content":{"rendered":"<p style=\"text-align: center\"><strong>Vi Presenterar Lockt\u00e5ngen Utan V\u00e4rme \u2013 Ditt Skonsamma S\u00e4tt Att F\u00e5 Mjuka, Studsiga Lockar Utan Skador.<\/strong><\/p>\n<p style=\"text-align: center\"><span style=\"font-weight: 400\">Locka ditt h\u00e5r utan v\u00e4rme, enkelt, bekv\u00e4mt och s\u00e4kert f\u00f6r alla h\u00e5rtyper.<\/span><\/p>\n<p><img decoding=\"async\" class=\"alignnone size-full wp-image-17342 aligncenter\" src=\"https:\/\/keluvo.com\/template\/wp-content\/uploads\/sites\/5\/2025\/05\/CurlingIron-ezgif.com-video-to-webp-converter.webp\" alt=\"\" \/><\/p>\n<h2 style=\"text-align: center\">Huvudf\u00f6rdelar<\/h2>\n<p><span style=\"font-weight: 400\">Lockar h\u00e5ret utan v\u00e4rme &#8211; inga skador eller torrhet<\/span><\/p>\n<p><span style=\"font-weight: 400\">Mjuk och bekv\u00e4m att ha p\u00e5 sig medan du sover<\/span><\/p>\n<p><span style=\"font-weight: 400\">L\u00e4tt att anv\u00e4nda &#8211; bara linda och kl\u00e4mma fast innan s\u00e4ngen<\/span><\/p>\n<p><span style=\"font-weight: 400\">Sparar tid &#8211; vakna med f\u00e4rdiga lockar<\/span><\/p>\n<p><span style=\"font-weight: 400\">Gott f\u00f6r hemmet, resan eller daglig anv\u00e4ndning<\/span><\/p>\n<p><img decoding=\"async\" class=\"alignnone size-full wp-image-17336 aligncenter\" src=\"https:\/\/keluvo.com\/template\/wp-content\/uploads\/sites\/5\/2025\/05\/S303d837f111a413280dffe494723fcefX.jpg_960x960q75.jpg_.jpeg\" alt=\"\" \/><\/p>\n<h2 style=\"text-align: center\">Menerbjudande<\/h2>\n<p style=\"text-align: center\"><span style=\"font-weight: 400\">Detta lockset \u00e4r perfekt f\u00f6r alla som vill ha vackra lockar utan v\u00e4rme. Vira bara h\u00e5ret runt den mjuka pinnen p\u00e5 natten, och p\u00e5 morgonen har du vackra lockar. Det \u00e4r s\u00e4kert, \u00e5teranv\u00e4ndbart och s\u00e5 enkelt &#8211; inga pluggar, ingen v\u00e4rme, inget kr\u00e5ngel. Perfekt f\u00f6r daglig styling eller speciella evenemang. Ocks\u00e5 en bra present till v\u00e4nner eller familj!<\/span><\/p>\n<h2 style=\"text-align: center\">Hur Man Anv\u00e4nder<\/h2>\n<ol>\n<li style=\"font-weight: 400\"><span style=\"font-weight: 400\">Anv\u00e4nd en kam f\u00f6r att dela ditt l\u00e4tt fuktiga h\u00e5r.<\/span><span style=\"font-weight: 400\"><br \/>\n<\/span><\/li>\n<li style=\"font-weight: 400\"><span style=\"font-weight: 400\">Linda sm\u00e5 sektioner runt den mjuka pinnen.<\/span><span style=\"font-weight: 400\"><br \/>\n<\/span><\/li>\n<li style=\"font-weight: 400\"><span style=\"font-weight: 400\">S\u00e4kra varje sida med de medf\u00f6ljande h\u00e5rbanden.<\/span><span style=\"font-weight: 400\"><br \/>\n<\/span><\/li>\n<li style=\"font-weight: 400\"><span style=\"font-weight: 400\">Anv\u00e4nd kl\u00e4mman f\u00f6r att h\u00e5lla den p\u00e5 plats \u00f6ver natten.<\/span><span style=\"font-weight: 400\"><br \/>\n<\/span><\/li>\n<li style=\"font-weight: 400\"><span style=\"font-weight: 400\">P\u00e5 morgonen, ta bort och njut av dina lockar!<\/span><\/li>\n<\/ol>\n<h2 style=\"text-align: center\">Paketet Inneh\u00e5ller<\/h2>\n<ul>\n<li style=\"font-weight: 400\"><span style=\"font-weight: 400\">1x curling h\u00e5rverktyg<\/span><\/li>\n<li style=\"font-weight: 400\"><span style=\"font-weight: 400\">2x h\u00e5rringar<\/span><\/li>\n<li style=\"font-weight: 400\"><span style=\"font-weight: 400\">1x h\u00e5rkl\u00e4mma.<\/span><\/li>\n<\/ul>\n","protected":false},"excerpt":{"rendered":"<p>Vi Presenterar Lockt\u00e5ngen Utan V\u00e4rme \u2013 Ditt Skonsamma S\u00e4tt Att F\u00e5 Mjuka, Studsiga Lockar Utan Skador. Locka ditt h\u00e5r utan [&hellip;]<\/p>\n","protected":false},"featured_media":28799,"comment_status":"open","ping_status":"closed","template":"","meta":{"site-sidebar-layout":"default","site-content-layout":"","ast-site-content-layout":"default","site-content-style":"default","site-sidebar-style":"default","ast-global-header-display":"","ast-banner-title-visibility":"","ast-main-header-display":"","ast-hfb-above-header-display":"","ast-hfb-below-header-display":"","ast-hfb-mobile-header-display":"","site-post-title":"","ast-breadcrumbs-content":"","ast-featured-img":"","footer-sml-layout":"","theme-transparent-header-meta":"default","adv-header-id-meta":"","stick-header-meta":"","header-above-stick-meta":"","header-main-stick-meta":"","header-below-stick-meta":"","astra-migrate-meta-layouts":"set","ast-page-background-enabled":"default","ast-page-background-meta":{"desktop":{"background-color":"var(--ast-global-color-4)","background-image":"","background-repeat":"repeat","background-position":"center center","background-size":"auto","background-attachment":"scroll","background-type":"","background-media":"","overlay-type":"","overlay-color":"","overlay-opacity":"","overlay-gradient":""},"tablet":{"background-color":"","background-image":"","background-repeat":"repeat","background-position":"center center","background-size":"auto","background-attachment":"scroll","background-type":"","background-media":"","overlay-type":"","overlay-color":"","overlay-opacity":"","overlay-gradient":""},"mobile":{"background-color":"","background-image":"","background-repeat":"repeat","background-position":"center center","background-size":"auto","background-attachment":"scroll","background-type":"","background-media":"","overlay-type":"","overlay-color":"","overlay-opacity":"","overlay-gradient":""}},"ast-content-background-meta":{"desktop":{"background-color":"var(--ast-global-color-5)","background-image":"","background-repeat":"repeat","background-position":"center center","background-size":"auto","background-attachment":"scroll","background-type":"","background-media":"","overlay-type":"","overlay-color":"","overlay-opacity":"","overlay-gradient":""},"tablet":{"background-color":"var(--ast-global-color-5)","background-image":"","background-repeat":"repeat","background-position":"center center","background-size":"auto","background-attachment":"scroll","background-type":"","background-media":"","overlay-type":"","overlay-color":"","overlay-opacity":"","overlay-gradient":""},"mobile":{"background-color":"var(--ast-global-color-5)","background-image":"","background-repeat":"repeat","background-position":"center center","background-size":"auto","background-attachment":"scroll","background-type":"","background-media":"","overlay-type":"","overlay-color":"","overlay-opacity":"","overlay-gradient":""}}},"product_brand":[],"product_cat":[992],"product_tag":[],"class_list":{"0":"post-28803","1":"product","2":"type-product","3":"status-publish","4":"has-post-thumbnail","6":"product_cat-beauty-and-hygiene-products","7":"pa_44367_j1ebbkq9-champagne","8":"pa_44367_j1ebbkq9-leopard","9":"pa_44367_j1ebbkq9-rosa","10":"pa_44367_j1ebbkq9-svart","11":"desktop-align-left","12":"tablet-align-left","13":"mobile-align-left","15":"first","16":"instock","17":"shipping-taxable","18":"purchasable","19":"product-type-variable"},"_links":{"self":[{"href":"https:\/\/keluvo.com\/se\/wp-json\/wp\/v2\/product\/28803","targetHints":{"allow":["GET"]}}],"collection":[{"href":"https:\/\/keluvo.com\/se\/wp-json\/wp\/v2\/product"}],"about":[{"href":"https:\/\/keluvo.com\/se\/wp-json\/wp\/v2\/types\/product"}],"replies":[{"embeddable":true,"href":"https:\/\/keluvo.com\/se\/wp-json\/wp\/v2\/comments?post=28803"}],"wp:featuredmedia":[{"embeddable":true,"href":"https:\/\/keluvo.com\/se\/wp-json\/wp\/v2\/media\/28799"}],"wp:attachment":[{"href":"https:\/\/keluvo.com\/se\/wp-json\/wp\/v2\/media?parent=28803"}],"wp:term":[{"taxonomy":"product_brand","embeddable":true,"href":"https:\/\/keluvo.com\/se\/wp-json\/wp\/v2\/product_brand?post=28803"},{"taxonomy":"product_cat","embeddable":true,"href":"https:\/\/keluvo.com\/se\/wp-json\/wp\/v2\/product_cat?post=28803"},{"taxonomy":"product_tag","embeddable":true,"href":"https:\/\/keluvo.com\/se\/wp-json\/wp\/v2\/product_tag?post=28803"}],"curies":[{"name":"wp","href":"https:\/\/api.w.org\/{rel}","templated":true}]}}