{"id":28726,"date":"2025-09-11T09:29:26","date_gmt":"2025-09-11T06:29:26","guid":{"rendered":"https:\/\/keluvo.com\/se\/product\/sminkspegel\/"},"modified":"2025-09-11T09:29:33","modified_gmt":"2025-09-11T06:29:33","slug":"sminkspegel","status":"publish","type":"product","link":"https:\/\/keluvo.com\/se\/product\/sminkspegel\/","title":{"rendered":"Sminkspegel"},"content":{"rendered":"<p style=\"text-align: center\"><b>Vi presenterar sminkspegeln &#8211; din ljusa och vackra hj\u00e4lpreda f\u00f6r perfekt sminkning var som helst.<\/b><\/p>\n<p style=\"text-align: center\"><span style=\"font-weight: 400\">Se tydligt varje g\u00e5ng, med 21 LED-lampor och 3 zoomniv\u00e5er kommer du aldrig att missa en fl\u00e4ck igen.<\/span><\/p>\n<p><img decoding=\"async\" class=\"alignnone size-full wp-image-17307 aligncenter\" src=\"https:\/\/keluvo.com\/template\/wp-content\/uploads\/sites\/5\/2025\/05\/MakeupMirror-ezgif.com-video-to-webp-converter.webp\" alt=\"\" \/><\/p>\n<h2 style=\"text-align: center\">Huvudf\u00f6rdelar<\/h2>\n<p><span style=\"font-weight: 400\">Ljusa lampor visar ditt ansikte tydligt, \u00e4ven i m\u00f6rkret<\/span><\/p>\n<p><span style=\"font-weight: 400\">3 spegelvyer &#8211; zooma in n\u00e4ra eller se hela ansiktet<\/span><\/p>\n<p><span style=\"font-weight: 400\">L\u00e4tt att flytta och justera med 180\u00b0 rotation<\/span><\/p>\n<p><span style=\"font-weight: 400\">F\u00e4lls ihop som en bok &#8211; perfekt f\u00f6r resor och f\u00f6r att h\u00e5lla den ren<\/span><\/p>\n<p><span style=\"font-weight: 400\">Fungerar med USB eller batterier, s\u00e5 att du kan anv\u00e4nda den var som helst<\/span><\/p>\n<p><img decoding=\"async\" class=\"alignnone size-full wp-image-17301 aligncenter\" src=\"https:\/\/keluvo.com\/template\/wp-content\/uploads\/sites\/5\/2025\/05\/771bd710-ac30-431a-9808-23ac59af836e.webp.webp\" alt=\"\" \/><\/p>\n<h2 style=\"text-align: center\">Menerbjudande<\/h2>\n<p style=\"text-align: center\"><span style=\"font-weight: 400\">Den h\u00e4r spegeln \u00e4r perfekt f\u00f6r alla som \u00e4lskar smink. Du kan se ditt ansikte fr\u00e5n alla vinklar med 3 typer av f\u00f6rstoring. Starka LED-lampor hj\u00e4lper dig att l\u00e4gga r\u00e4tt makeup &#8211; dag som natt. Anv\u00e4nd den hemma, p\u00e5 resan eller till och med i bilen. Det \u00e4r ocks\u00e5 en bra present till f\u00f6delsedagar, h\u00f6gtider och speciella dagar.<\/span><\/p>\n<h2 style=\"text-align: center\">Anv\u00e4ndning<\/h2>\n<ol>\n<li style=\"font-weight: 400\"><span style=\"font-weight: 400\">L\u00e4gg i 4 AA-batterier (ing\u00e5r ej) eller anslut USB-kabeln.<\/span><span style=\"font-weight: 400\"><br \/>\n<\/span><\/li>\n<li style=\"font-weight: 400\"><span style=\"font-weight: 400\">Sl\u00e5 p\u00e5 den svarta str\u00f6mbrytaren p\u00e5 baksidan.<\/span><span style=\"font-weight: 400\"><br \/>\n<\/span><\/li>\n<li style=\"font-weight: 400\"><span style=\"font-weight: 400\">Tryck p\u00e5 den cirkelformade touchknappen f\u00f6r att t\u00e4nda ljuset.<\/span><span style=\"font-weight: 400\"><br \/>\n<\/span><\/li>\n<li style=\"font-weight: 400\"><span style=\"font-weight: 400\">H\u00e5ll in knappen f\u00f6r att g\u00f6ra ljuset starkare eller mjukare.<\/span><span style=\"font-weight: 400\"><br \/>\n<\/span><\/li>\n<li style=\"font-weight: 400\"><span style=\"font-weight: 400\">Justera spegeln till den vinkel du vill.<\/span><\/li>\n<\/ol>\n<h2 style=\"text-align: center\">Paketet inneh\u00e5ller<\/h2>\n<ul>\n<li style=\"font-weight: 400\"><span style=\"font-weight: 400\">1x upplyst sminkspegel<\/span><\/li>\n<li style=\"font-weight: 400\"><span style=\"font-weight: 400\">1x basstativ<\/span><\/li>\n<li style=\"font-weight: 400\"><span style=\"font-weight: 400\">1x USB-kabel.<\/span><\/li>\n<\/ul>\n","protected":false},"excerpt":{"rendered":"<p>Vi presenterar sminkspegeln &#8211; din ljusa och vackra hj\u00e4lpreda f\u00f6r perfekt sminkning var som helst. Se tydligt varje g\u00e5ng, med [&hellip;]<\/p>\n","protected":false},"featured_media":28722,"comment_status":"open","ping_status":"closed","template":"","meta":{"site-sidebar-layout":"default","site-content-layout":"","ast-site-content-layout":"default","site-content-style":"default","site-sidebar-style":"default","ast-global-header-display":"","ast-banner-title-visibility":"","ast-main-header-display":"","ast-hfb-above-header-display":"","ast-hfb-below-header-display":"","ast-hfb-mobile-header-display":"","site-post-title":"","ast-breadcrumbs-content":"","ast-featured-img":"","footer-sml-layout":"","theme-transparent-header-meta":"default","adv-header-id-meta":"","stick-header-meta":"","header-above-stick-meta":"","header-main-stick-meta":"","header-below-stick-meta":"","astra-migrate-meta-layouts":"set","ast-page-background-enabled":"default","ast-page-background-meta":{"desktop":{"background-color":"var(--ast-global-color-4)","background-image":"","background-repeat":"repeat","background-position":"center center","background-size":"auto","background-attachment":"scroll","background-type":"","background-media":"","overlay-type":"","overlay-color":"","overlay-opacity":"","overlay-gradient":""},"tablet":{"background-color":"","background-image":"","background-repeat":"repeat","background-position":"center center","background-size":"auto","background-attachment":"scroll","background-type":"","background-media":"","overlay-type":"","overlay-color":"","overlay-opacity":"","overlay-gradient":""},"mobile":{"background-color":"","background-image":"","background-repeat":"repeat","background-position":"center center","background-size":"auto","background-attachment":"scroll","background-type":"","background-media":"","overlay-type":"","overlay-color":"","overlay-opacity":"","overlay-gradient":""}},"ast-content-background-meta":{"desktop":{"background-color":"var(--ast-global-color-5)","background-image":"","background-repeat":"repeat","background-position":"center center","background-size":"auto","background-attachment":"scroll","background-type":"","background-media":"","overlay-type":"","overlay-color":"","overlay-opacity":"","overlay-gradient":""},"tablet":{"background-color":"var(--ast-global-color-5)","background-image":"","background-repeat":"repeat","background-position":"center center","background-size":"auto","background-attachment":"scroll","background-type":"","background-media":"","overlay-type":"","overlay-color":"","overlay-opacity":"","overlay-gradient":""},"mobile":{"background-color":"var(--ast-global-color-5)","background-image":"","background-repeat":"repeat","background-position":"center center","background-size":"auto","background-attachment":"scroll","background-type":"","background-media":"","overlay-type":"","overlay-color":"","overlay-opacity":"","overlay-gradient":""}}},"product_brand":[],"product_cat":[992],"product_tag":[],"class_list":{"0":"post-28726","1":"product","2":"type-product","3":"status-publish","4":"has-post-thumbnail","6":"product_cat-beauty-and-hygiene-products","7":"pa_28175_62yufwa7-rosa","8":"pa_28175_62yufwa7-svart","9":"pa_28175_62yufwa7-vit","10":"desktop-align-left","11":"tablet-align-left","12":"mobile-align-left","14":"first","15":"instock","16":"shipping-taxable","17":"purchasable","18":"product-type-variable"},"_links":{"self":[{"href":"https:\/\/keluvo.com\/se\/wp-json\/wp\/v2\/product\/28726","targetHints":{"allow":["GET"]}}],"collection":[{"href":"https:\/\/keluvo.com\/se\/wp-json\/wp\/v2\/product"}],"about":[{"href":"https:\/\/keluvo.com\/se\/wp-json\/wp\/v2\/types\/product"}],"replies":[{"embeddable":true,"href":"https:\/\/keluvo.com\/se\/wp-json\/wp\/v2\/comments?post=28726"}],"wp:featuredmedia":[{"embeddable":true,"href":"https:\/\/keluvo.com\/se\/wp-json\/wp\/v2\/media\/28722"}],"wp:attachment":[{"href":"https:\/\/keluvo.com\/se\/wp-json\/wp\/v2\/media?parent=28726"}],"wp:term":[{"taxonomy":"product_brand","embeddable":true,"href":"https:\/\/keluvo.com\/se\/wp-json\/wp\/v2\/product_brand?post=28726"},{"taxonomy":"product_cat","embeddable":true,"href":"https:\/\/keluvo.com\/se\/wp-json\/wp\/v2\/product_cat?post=28726"},{"taxonomy":"product_tag","embeddable":true,"href":"https:\/\/keluvo.com\/se\/wp-json\/wp\/v2\/product_tag?post=28726"}],"curies":[{"name":"wp","href":"https:\/\/api.w.org\/{rel}","templated":true}]}}